{"id":9776,"date":"2015-07-03T20:06:49","date_gmt":"2015-07-03T20:06:49","guid":{"rendered":"http:\/\/www.cluny.com.br\/?page_id=9776"},"modified":"2020-03-04T12:33:05","modified_gmt":"2020-03-04T15:33:05","slug":"as-sete-maravilhas-do-mundo-antigo","status":"publish","type":"page","link":"https:\/\/cluny.com.br\/?page_id=9776","title":{"rendered":"As Sete Maravilhas do Mundo Antigo"},"content":{"rendered":"\n<table id=\"tablepress-633\" class=\"tablepress tablepress-id-633\">\n<thead>\n<tr class=\"row-1\">\n\t<th class=\"column-1\"><strong>\u00c9poca prov\u00e1vel de constru\u00e7\u00e3o <\/strong><\/th><td class=\"column-2\"><\/td><th class=\"column-3\"><strong>Localiza\u00e7\u00e3o<\/strong><\/th><th class=\"column-4\"><strong>Estado atual \/ \u00e9poca desaparecimento<\/strong><\/th>\n<\/tr>\n<\/thead>\n<tbody class=\"row-striping row-hover\">\n<tr class=\"row-2\">\n\t<td class=\"column-1\"><\/td><td class=\"column-2\"><\/td><td class=\"column-3\"><\/td><td class=\"column-4\"><\/td>\n<\/tr>\n<tr class=\"row-3\">\n\t<td class=\"column-1\">c. 2500 a.C. <\/td><td class=\"column-2\"><strong>Pir\u00e2mide de Qu\u00e9ops <\/strong><\/td><td class=\"column-3\">Egito<\/td><td class=\"column-4\">ainda existente<\/td>\n<\/tr>\n<tr class=\"row-4\">\n\t<td class=\"column-1\">c. 600 a.C.<\/td><td class=\"column-2\"><strong>Jardins Suspensos da Babil\u00f4nia <\/strong><\/td><td class=\"column-3\">Margens do Rio Eufrates na Mesopot\u00e2mia (atual Iraque)<\/td><td class=\"column-4\">n\u00e3o existem evid\u00eancias arqueol\u00f3gicas de sua exist\u00eancia<\/td>\n<\/tr>\n<tr class=\"row-5\">\n\t<td class=\"column-1\">c. 550 a.C.<\/td><td class=\"column-2\"><strong>Templo de \u00c1rtemis <\/strong><\/td><td class=\"column-3\">\u00c9feso na Asia Menor (perto da cidade de Sel\u00e7uk, atual Turquia)<\/td><td class=\"column-4\">destru\u00eddo por um inc\u00eandio criminoso em 356 a.C. , foi reconstru\u00eddo e sucumbiu novamente a partir de um ataque dos godos em 262 d.C.<\/td>\n<\/tr>\n<tr class=\"row-6\">\n\t<td class=\"column-1\">c. 430 a.C.<\/td><td class=\"column-2\"><strong>Est\u00e1tua de Zeus<\/strong><\/td><td class=\"column-3\">Ol\u00edmpia - Gr\u00e9cia<\/td><td class=\"column-4\">levada para um pal\u00e1cio de Constantinopla, a est\u00e1tua foi destru\u00edda em um inc\u00eandio em  475 d.C. <\/td>\n<\/tr>\n<tr class=\"row-7\">\n\t<td class=\"column-1\">c. 350 a.C.<\/td><td class=\"column-2\"><strong>Mausol\u00e9u de Halicarnasso<\/strong><\/td><td class=\"column-3\">Halicarnasso (atual Bodrum, Turquia)<\/td><td class=\"column-4\">come\u00e7ou a desabar em um terremoto no s\u00e9culo XIII d.C. ; no final do s\u00e9culo XV d.C. j\u00e1 estava quase totalmente destru\u00eddo (obs.: em torno de 1490, os Cavaleiros Hospital\u00e1rios de S\u00e3o Jo\u00e3o  utilizaram os restos das pedras do Mausol\u00e9u para refor\u00e7ar seu Castelo de Bodrum)<\/td>\n<\/tr>\n<tr class=\"row-8\">\n\t<td class=\"column-1\">c. 280 a.C.<\/td><td class=\"column-2\"><strong>Colosso de Rodes<\/strong><\/td><td class=\"column-3\">Ilha de Rodes - Gr\u00e9cia<\/td><td class=\"column-4\">destru\u00eddo por um terremoto em 226 a.C.<\/td>\n<\/tr>\n<tr class=\"row-9\">\n\t<td class=\"column-1\">c. 280 a.C.<\/td><td class=\"column-2\"><strong>Farol de Alexandria<\/strong><\/td><td class=\"column-3\">Ilha de Faros - Alexandria - Egito<\/td><td class=\"column-4\">destru\u00eddo por um terremoto em 1323 d.C.<\/td>\n<\/tr>\n<\/tbody>\n<\/table>\n<!-- #tablepress-633 from cache -->\n","protected":false},"excerpt":{"rendered":"","protected":false},"author":1,"featured_media":21585,"parent":45,"menu_order":0,"comment_status":"closed","ping_status":"closed","template":"full-width.php","meta":{"footnotes":""},"class_list":["post-9776","page","type-page","status-publish","has-post-thumbnail","hentry"],"_links":{"self":[{"href":"https:\/\/cluny.com.br\/index.php?rest_route=\/wp\/v2\/pages\/9776","targetHints":{"allow":["GET"]}}],"collection":[{"href":"https:\/\/cluny.com.br\/index.php?rest_route=\/wp\/v2\/pages"}],"about":[{"href":"https:\/\/cluny.com.br\/index.php?rest_route=\/wp\/v2\/types\/page"}],"author":[{"embeddable":true,"href":"https:\/\/cluny.com.br\/index.php?rest_route=\/wp\/v2\/users\/1"}],"replies":[{"embeddable":true,"href":"https:\/\/cluny.com.br\/index.php?rest_route=%2Fwp%2Fv2%2Fcomments&post=9776"}],"version-history":[{"count":2,"href":"https:\/\/cluny.com.br\/index.php?rest_route=\/wp\/v2\/pages\/9776\/revisions"}],"predecessor-version":[{"id":9778,"href":"https:\/\/cluny.com.br\/index.php?rest_route=\/wp\/v2\/pages\/9776\/revisions\/9778"}],"up":[{"embeddable":true,"href":"https:\/\/cluny.com.br\/index.php?rest_route=\/wp\/v2\/pages\/45"}],"wp:featuredmedia":[{"embeddable":true,"href":"https:\/\/cluny.com.br\/index.php?rest_route=\/wp\/v2\/media\/21585"}],"wp:attachment":[{"href":"https:\/\/cluny.com.br\/index.php?rest_route=%2Fwp%2Fv2%2Fmedia&parent=9776"}],"curies":[{"name":"wp","href":"https:\/\/api.w.org\/{rel}","templated":true}]}}