{"id":6770,"date":"2014-12-10T14:29:22","date_gmt":"2014-12-10T14:29:22","guid":{"rendered":"http:\/\/www.cluny.com.br\/?page_id=6770"},"modified":"2014-12-10T14:31:24","modified_gmt":"2014-12-10T14:31:24","slug":"musica-erudita-brasileira-compositores-e-interpretes","status":"publish","type":"page","link":"https:\/\/cluny.com.br\/?page_id=6770","title":{"rendered":"M\u00fasica Erudita Brasileira (compositores)"},"content":{"rendered":"\n<table id=\"tablepress-461\" class=\"tablepress tablepress-id-461\">\n<thead>\n<tr class=\"row-1\">\n\t<th class=\"column-1\">Nome<\/th><th class=\"column-2\">Nasc<\/th><th class=\"column-3\">Falec<\/th><th class=\"column-4\">Algumas Obras Importantes<\/th>\n<\/tr>\n<\/thead>\n<tbody class=\"row-striping row-hover\">\n<tr class=\"row-2\">\n\t<td class=\"column-1\">Alberto Nepomuceno<\/td><td class=\"column-2\">1864<\/td><td class=\"column-3\">1920<\/td><td class=\"column-4\">S\u00e9rie brasileira: Alvorada na Serra; Sesta na Rede; Batuque \/ Quarteto de Cordas \/ Sinfonia em sol menor<\/td>\n<\/tr>\n<tr class=\"row-3\">\n\t<td class=\"column-1\">Camargo Guarnieri, Mozart<\/td><td class=\"column-2\">1907<\/td><td class=\"column-3\">1993<\/td><td class=\"column-4\">sinfonias, concertos, cantatas, m\u00fasica de c\u00e2mara, pe\u00e7as para piano, can\u00e7\u00f5es<\/td>\n<\/tr>\n<tr class=\"row-4\">\n\t<td class=\"column-1\">Carlos Gomes, Ant\u00f4nio<\/td><td class=\"column-2\">1836<\/td><td class=\"column-3\">1896<\/td><td class=\"column-4\">\u00d3peras (8): O Guarany; Fosca; Lo Schiavo<\/td>\n<\/tr>\n<tr class=\"row-5\">\n\t<td class=\"column-1\">Ernesto Nazareth<\/td><td class=\"column-2\">1863<\/td><td class=\"column-3\">1934<\/td><td class=\"column-4\">Pe\u00e7as para piano<\/td>\n<\/tr>\n<tr class=\"row-6\">\n\t<td class=\"column-1\">Francisco Mignone<\/td><td class=\"column-2\">1897<\/td><td class=\"column-3\">1986<\/td><td class=\"column-4\">Festa das Igrejas \/ Valsas de Esquina<\/td>\n<\/tr>\n<tr class=\"row-7\">\n\t<td class=\"column-1\">Guerra Peixe, C\u00e9sar<\/td><td class=\"column-2\">1914<\/td><td class=\"column-3\">1993<\/td><td class=\"column-4\">Concertino para violino e orquestra de cordas \/ Su\u00edte orquestral Roda de Amigos \/ Retirada da Laguna \/ Sumidouro (cantata)<\/td>\n<\/tr>\n<tr class=\"row-8\">\n\t<td class=\"column-1\">Jos\u00e9 Maur\u00edcio Nunes Garcia, Padre<\/td><td class=\"column-2\">1767<\/td><td class=\"column-3\">1830<\/td><td class=\"column-4\">R\u00e9quiem \/ Missa de Santa Cec\u00edlia \/ Missa de N. S. do Carmo \/ Matinas do Natal<\/td>\n<\/tr>\n<tr class=\"row-9\">\n\t<td class=\"column-1\">Lorenzo Fernandes, Oscar<\/td><td class=\"column-2\">1897<\/td><td class=\"column-3\">1948<\/td><td class=\"column-4\">Trio Brasileiro \/ Reisado do Pastoreio (Batuque)<\/td>\n<\/tr>\n<tr class=\"row-10\">\n\t<td class=\"column-1\">Radam\u00e9s Gnatalli<\/td><td class=\"column-2\">1906<\/td><td class=\"column-3\">1988<\/td><td class=\"column-4\">Obras para piano<\/td>\n<\/tr>\n<tr class=\"row-11\">\n\t<td class=\"column-1\">Villa-Lobos, Heitor<\/td><td class=\"column-2\">1887<\/td><td class=\"column-3\">1959<\/td><td class=\"column-4\">Bachianas Brasileiras (9): Bachianas Brasileiras # 5 (\u00c1ria) \/ Quartetos de cordas (17)<\/td>\n<\/tr>\n<\/tbody>\n<\/table>\n<!-- #tablepress-461 from cache -->\n","protected":false},"excerpt":{"rendered":"","protected":false},"author":1,"featured_media":0,"parent":156,"menu_order":89,"comment_status":"closed","ping_status":"closed","template":"full-width.php","meta":{"footnotes":""},"class_list":["post-6770","page","type-page","status-publish","hentry"],"_links":{"self":[{"href":"https:\/\/cluny.com.br\/index.php?rest_route=\/wp\/v2\/pages\/6770","targetHints":{"allow":["GET"]}}],"collection":[{"href":"https:\/\/cluny.com.br\/index.php?rest_route=\/wp\/v2\/pages"}],"about":[{"href":"https:\/\/cluny.com.br\/index.php?rest_route=\/wp\/v2\/types\/page"}],"author":[{"embeddable":true,"href":"https:\/\/cluny.com.br\/index.php?rest_route=\/wp\/v2\/users\/1"}],"replies":[{"embeddable":true,"href":"https:\/\/cluny.com.br\/index.php?rest_route=%2Fwp%2Fv2%2Fcomments&post=6770"}],"version-history":[{"count":2,"href":"https:\/\/cluny.com.br\/index.php?rest_route=\/wp\/v2\/pages\/6770\/revisions"}],"predecessor-version":[{"id":6773,"href":"https:\/\/cluny.com.br\/index.php?rest_route=\/wp\/v2\/pages\/6770\/revisions\/6773"}],"up":[{"embeddable":true,"href":"https:\/\/cluny.com.br\/index.php?rest_route=\/wp\/v2\/pages\/156"}],"wp:attachment":[{"href":"https:\/\/cluny.com.br\/index.php?rest_route=%2Fwp%2Fv2%2Fmedia&parent=6770"}],"curies":[{"name":"wp","href":"https:\/\/api.w.org\/{rel}","templated":true}]}}