{"id":6632,"date":"2014-11-25T18:38:26","date_gmt":"2014-11-25T18:38:26","guid":{"rendered":"http:\/\/www.cluny.com.br\/?page_id=6632"},"modified":"2020-06-10T17:01:48","modified_gmt":"2020-06-10T20:01:48","slug":"linguas-mortas-ou-extintas","status":"publish","type":"page","link":"https:\/\/cluny.com.br\/?page_id=6632","title":{"rendered":"L\u00ednguas Desaparecidas &#8211; \u00c1frica &#038; \u00c1sia (ordem cronol\u00f3gica aproximada de extin\u00e7\u00e3o)"},"content":{"rendered":"\n<p><\/p>\n\n\n\n\n<table id=\"tablepress-893\" class=\"tablepress tablepress-id-893\">\n<tbody class=\"row-striping row-hover\">\n<tr class=\"row-1\">\n\t<td class=\"column-1\"><\/td><td class=\"column-2\"><strong>Idioma<\/strong><\/td><td class=\"column-3\"><strong>Fam\u00edlia \/ Ramo<\/strong><\/td><td class=\"column-4\"><strong>Regi\u00e3o onde foi falada<\/strong><\/td><td class=\"column-5\"><strong>Observa\u00e7\u00f5es<\/strong><\/td>\n<\/tr>\n<tr class=\"row-2\">\n\t<td class=\"column-1\"><\/td><td class=\"column-2\"><\/td><td class=\"column-3\"><\/td><td class=\"column-4\"><\/td><td class=\"column-5\"><\/td>\n<\/tr>\n<tr class=\"row-3\">\n\t<td class=\"column-1\">1800 a.C.<\/td><td class=\"column-2\">sumeriano<\/td><td class=\"column-3\">l\u00edngua isolada<\/td><td class=\"column-4\">Mesopot\u00e2mia (atual Iraque)<\/td><td class=\"column-5\">o sumeriano \u00e9 a mais antiga l\u00edngua escrita conhecida \/ utilizava os caracteres cuneiformes \/ extinta cerca de 1800 a.C, \u00e9poca em que foi totalmente substitu\u00edda pela l\u00edngua acadiana<\/td>\n<\/tr>\n<tr class=\"row-4\">\n\t<td class=\"column-1\">1180 a.C.<\/td><td class=\"column-2\">ugar\u00edtico<\/td><td class=\"column-3\">familia Afro-Asi\u00e1tica \/ ramo Sem\u00edtico<\/td><td class=\"column-4\">Regi\u00e3o da cidade de Ugarit (atualmente, norte da S\u00edria)<\/td><td class=\"column-5\">extinta c. de 1180 a.C. quando a cidade de Ugarit foi destruida<\/td>\n<\/tr>\n<tr class=\"row-5\">\n\t<td class=\"column-1\">1100 a.C.<\/td><td class=\"column-2\">hitita<\/td><td class=\"column-3\">fam\u00edlia Indo-Europ\u00e9ia \/ ramo Anat\u00f3lio<\/td><td class=\"column-4\">L\u00edngua falada no Imp\u00e9rio Hitita (regi\u00e3o da Anat\u00f3lia, atual Turquia)<\/td><td class=\"column-5\">mais antiga lingua indo-europeia j\u00e1 comprovada \/ extinta c. de 1100 a.C.<\/td>\n<\/tr>\n<tr class=\"row-6\">\n\t<td class=\"column-1\">600 a.C.<\/td><td class=\"column-2\">luviano (luvita)<\/td><td class=\"column-3\">fam\u00edlia Indo-Europ\u00e9ia \/ ramo Anat\u00f3lio<\/td><td class=\"column-4\">Anat\u00f3lia (regi\u00e3o da atual Turquia)<\/td><td class=\"column-5\">extinta c. de 600 a.C.<\/td>\n<\/tr>\n<tr class=\"row-7\">\n\t<td class=\"column-1\">600 a.C.<\/td><td class=\"column-2\">s\u00e2nscrito<\/td><td class=\"column-3\">fam\u00edlia Indo-Europ\u00e9ia \/ ramo Indo-Ariano<\/td><td class=\"column-4\">L\u00edngua falada na \u00cdndia at\u00e9 cerca de 600 a.C. tornando-se depois l\u00edngua liter\u00e1ria e lit\u00fargica<\/td><td class=\"column-5\">l\u00edngua na qual foram escritos os principais textos de tr\u00eas religi\u00f5es:  hinduismo, budismo e jainismo \/   uma das 22 l\u00ednguas oficiais da \u00cdndia \/  estima-se que  c. de 50 mil pessoas sejam fluentes em s\u00e2nscrito, atualmente<\/td>\n<\/tr>\n<tr class=\"row-8\">\n\t<td class=\"column-1\">200 a.C.<\/td><td class=\"column-2\">l\u00eddio<\/td><td class=\"column-3\">fam\u00edlia Indo-Europ\u00e9ia \/ ramo Anat\u00f3lio<\/td><td class=\"column-4\">L\u00edngua falada na L\u00eddia (regi\u00e3o da atual Anat\u00f3lia na Turquia)<\/td><td class=\"column-5\">extinta c. de 200 a.C.<\/td>\n<\/tr>\n<tr class=\"row-9\">\n\t<td class=\"column-1\">100 - 1 a.C.<\/td><td class=\"column-2\">p\u00e1li<\/td><td class=\"column-3\">fam\u00edlia Indo-Europ\u00e9ia \/ ramo Indo-Ariano<\/td><td class=\"column-4\">nordeste da \u00cdndia (reino de Magadha) (?)<\/td><td class=\"column-5\">alguns budistas acreditam que tenha sido a l\u00edngua falada por Buda, embora  estudiosos afirmem que o p\u00e1li nunca chegou a ser falado, tendo sido apenas uma l\u00edngua liter\u00e1ria \/ os textos do Budismo Theravada (c\u00e2non p\u00e1li) no s\u00e9c. I a.C. foram escritos em p\u00e1li<\/td>\n<\/tr>\n<tr class=\"row-10\">\n\t<td class=\"column-1\">100 d.C.<\/td><td class=\"column-2\">acadiano (ass\u00edrio-babil\u00f4nico)<\/td><td class=\"column-3\">familia Afro-Asi\u00e1tica \/ ramo Sem\u00edtico<\/td><td class=\"column-4\">Mesopot\u00e2mia (atual regi\u00e3o do Iraque)<\/td><td class=\"column-5\">os acadianos eram semitas que, em torno de 2350 a.C., conquistaram a antiga civiliza\u00e7\u00e3o sumeriana na Mesopot\u00e2mia \/ l\u00edngua acadiana utilizava a escrita cuneiforme desenvolvida pelos sumerianos \/  diversos dialetos do acadiano ao longo do tempo: babil\u00f4nio, ass\u00edrio, etc \/ C\u00f3digo de Hamurabi foi escrito em acadiano \/ acadiano come\u00e7ou a ser suplantado pelo aramaico em torno do s\u00e9c. 8 a.C. durante o Imp\u00e9rio Assirio (934 a 608 a.c.) \/ \u00faltimo documento acadiano conhecido data do s\u00e9culo I d.C.<\/td>\n<\/tr>\n<tr class=\"row-11\">\n\t<td class=\"column-1\">100 d.C.<\/td><td class=\"column-2\">medo<\/td><td class=\"column-3\">fam\u00edlia Indo-Europ\u00e9ia \/ ramo Ir\u00e2nico<\/td><td class=\"column-4\">L\u00edngua falada pelos medos, povo que habitava a regi\u00e3o da M\u00e9dia (partes do atual Ir\u00e3)<\/td><td class=\"column-5\">extinta c. de 100 d.C.<\/td>\n<\/tr>\n<tr class=\"row-12\">\n\t<td class=\"column-1\">200 d.C.<\/td><td class=\"column-2\">aramaico arcaico<\/td><td class=\"column-3\">familia Afro-Asi\u00e1tica \/ ramo Sem\u00edtico<\/td><td class=\"column-4\">L\u00edngua falada  no Oriente M\u00e9dio<\/td><td class=\"column-5\">durante muitos s\u00e9culos, o aramaico arcaico teve muito prest\u00edgio, sendo a segunda l\u00edngua (l\u00edngua franca) de diversos povos do Oriente M\u00e9dio  para efeitos administrativos e comerciais \/ era a l\u00edngua falada por Jesus Cristo \/ alguns trechos dos livros de Daniel e Esdras no  Velho Testamento foram escritos em aramaico \/  este aramaico arcaico se extinguiu por volta de 200 d.C.,  \u00e9poca em que se  desenvolve uma nova vers\u00e3o da l\u00edngua que veio a ser chamada de \"aramaico m\u00e9dio\", cujo principal representante era o dialeto \"sir\u00edaco\" (vide) que se estendeu at\u00e9 1200 d.C. aproximadamente) \/ ao longo dos s\u00e9culos seguintes, os falantes das diversas vers\u00f5es do aramaico foram o substituindo, aos poucos, pelo hebraico (a partir de 1950 com o Estado de Israel) ou pelo \u00e1rabe (nas regi\u00f5es de Iraque, S\u00edria, Jord\u00e2nia, etc) \/ atualmente ainda existe um descendente moderno do aramaico (neo-aramaico) falado por c. de 15 mil pessoas em algumas aldeias ao norte de Damasco, na  S\u00edria  (Maaloula, Bakha, Jubbadin) <\/td>\n<\/tr>\n<tr class=\"row-13\">\n\t<td class=\"column-1\">200 d.C.<\/td><td class=\"column-2\">fen\u00edcio<\/td><td class=\"column-3\">familia Afro-Asi\u00e1tica \/ ramo Sem\u00edtico<\/td><td class=\"column-4\">Fen\u00edcia (regi\u00e3o do L\u00edbano atual)<\/td><td class=\"column-5\">atestada na Fen\u00edcia at\u00e9 o segundo s\u00e9culo  d.C. \/ alfabeto fen\u00edcio foi adotado pelos gregos cerca de 800 a.C.  \/ l\u00edngua fen\u00edcia evoluiu para o p\u00fanico<\/td>\n<\/tr>\n<tr class=\"row-14\">\n\t<td class=\"column-1\">300 - 400 d.C.<\/td><td class=\"column-2\">g\u00e1lata<\/td><td class=\"column-3\">fam\u00edlia Indo-Europ\u00e9ia \/ ramo C\u00e9ltico<\/td><td class=\"column-4\">Gal\u00e1cia, antiga prov\u00edncia romana na  \u00c1sia Menor (regi\u00e3o da atual Turquia)<\/td><td class=\"column-5\">existem 120 palavras conhecidas do g\u00e1lata \/ extinta em torno do s\u00e9culo IV d.C.<\/td>\n<\/tr>\n<tr class=\"row-15\">\n\t<td class=\"column-1\">300 - 400 d.C.<\/td><td class=\"column-2\">parto<\/td><td class=\"column-3\">fam\u00edlia Indo-Europ\u00e9ia \/ ramo Ir\u00e2nico<\/td><td class=\"column-4\">L\u00edngua falada pelos partos, na Antiga P\u00e9rsia (atual Ir\u00e3)<\/td><td class=\"column-5\">l\u00edngua oficial do Imp\u00e9rio Parta (247 a.C. at\u00e9 224 d.C.) \/ deixou de ser falada em torno do s\u00e9culo IV d.C.<\/td>\n<\/tr>\n<tr class=\"row-16\">\n\t<td class=\"column-1\">400 d.C.<\/td><td class=\"column-2\">antigo eg\u00edpcio<\/td><td class=\"column-3\">familia Afro-Asi\u00e1tica \/ ramo Eg\u00edpcio<\/td><td class=\"column-4\">Antigo Egito<\/td><td class=\"column-5\">as inscri\u00e7\u00f5es mais antigas remontam a cerca de 4000 a.C; o \u00faltimo documento conhecido  data de 394 d.C.  \/ teve como descendente a l\u00edngua copta \/ a escrita original do antigo eg\u00edpcio eram os hier\u00f3glifos; posteriormente, ocorreram dois processos de simplifica\u00e7\u00e3o da escrita, originando a forma hier\u00e1tica e depois a dem\u00f3tica \/ os hier\u00f3glifos foram decifrados pelo s\u00e1bio franc\u00eas Champollion em  1822<\/td>\n<\/tr>\n<tr class=\"row-17\">\n\t<td class=\"column-1\">400 d.C.<\/td><td class=\"column-2\">canaanita<\/td><td class=\"column-3\">fam\u00edlia Afro-Asi\u00e1tica \/ ramo Semita<\/td><td class=\"column-4\">Regi\u00e3o da antiga Cana\u00e3 (atuais territ\u00f3rios de Israel, Palestina, L\u00edbano, Jord\u00e2nia e S\u00edria).<\/td><td class=\"column-5\">o canaanita \u00e9 um grupo de v\u00e1rias l\u00ednguas muito pr\u00f3ximas, incluindo o hebraico, o fen\u00edcio, o amonita, o edomita e o moabita; com exce\u00e7\u00e3o do hebraico, todas as outras l\u00ednguas est\u00e3o extintas<\/td>\n<\/tr>\n<tr class=\"row-18\">\n\t<td class=\"column-1\">400 - 500 d.C.<\/td><td class=\"column-2\">fr\u00edgio<\/td><td class=\"column-3\">fam\u00edlia Indo-Europ\u00e9ia \/ relacionamento incerto<\/td><td class=\"column-4\">Fr\u00edgia, regi\u00e3o da Anat\u00f3lia (atual Turquia)<\/td><td class=\"column-5\">extinta s\u00e9culo V d.C.<\/td>\n<\/tr>\n<tr class=\"row-19\">\n\t<td class=\"column-1\">500 - 600 d.C.<\/td><td class=\"column-2\">p\u00fanico  (cartagin\u00eas)<\/td><td class=\"column-3\">familia Afro-Asi\u00e1tica \/ ramo Sem\u00edtico<\/td><td class=\"column-4\">Cartago (col\u00f4nia fen\u00edcia  no norte da \u00c1frica, na regi\u00e3o da atual Tunisia)<\/td><td class=\"column-5\">l\u00edngua derivada do fen\u00edcio \/ extinta em torno do s\u00e9culo VI d.C.<\/td>\n<\/tr>\n<tr class=\"row-20\">\n\t<td class=\"column-1\">700 d.C.<\/td><td class=\"column-2\">av\u00e9stico (persa antigo)<\/td><td class=\"column-3\">fam\u00edlia Indo-Europ\u00e9ia \/ ramo Ir\u00e2nico<\/td><td class=\"column-4\">Antiga P\u00e9rsia (atual Ir\u00e3)<\/td><td class=\"column-5\">as inscri\u00e7\u00f5es dos famosos reis persas Ciro, Dario e Xerxes  foram escritas em av\u00e9stico \/ l\u00edngua  falada por Zoroastro  \/ as primeiras escrituras do zoroastrismo (Zend Avesta) foram escritas nesta l\u00edngua<\/td>\n<\/tr>\n<tr class=\"row-21\">\n\t<td class=\"column-1\">800 - 900 d.C.<\/td><td class=\"column-2\">pahlavi (m\u00e9dio persa)<\/td><td class=\"column-3\">fam\u00edlia Indo-Europ\u00e9ia \/ ramo Ir\u00e2nico<\/td><td class=\"column-4\">L\u00edngua falada na Antiga P\u00e9rsia (atual Ir\u00e3)  durante o Imp\u00e9rio Sass\u00e2nida (224 a 651 d.C.)<\/td><td class=\"column-5\">o pahlavi  deu origem ao persa moderno \/ utilizado como l\u00edngua lit\u00fargica  pelos zoroastristas no Ir\u00e3 e na \u00cdndia \/ extinta cerca de IX d.C.<\/td>\n<\/tr>\n<tr class=\"row-22\">\n\t<td class=\"column-1\">800 - 900 d.C.<\/td><td class=\"column-2\">toc\u00e1rio (tocariano)<\/td><td class=\"column-3\">fam\u00edlia Indo-Europ\u00e9ia \/ relacionamento incerto<\/td><td class=\"column-4\">\u00c1sia Central (Turquest\u00e3o Chin\u00eas, hoje Rep\u00fablica Aut\u00f4noma Uighur  Xinjiang - China)<\/td><td class=\"column-5\">s\u00e3o conhecidos dois dialetos do toc\u00e1rio: o toc\u00e1rio A e o toc\u00e1rio B \/ extinta no s\u00e9culo IX d.C.<\/td>\n<\/tr>\n<tr class=\"row-23\">\n\t<td class=\"column-1\">1000 d.C.<\/td><td class=\"column-2\">sogdiano<\/td><td class=\"column-3\">fam\u00edlia Indo-Europ\u00e9ia \/ ramo Ir\u00e2nico<\/td><td class=\"column-4\">L\u00edngua  falada na regi\u00e3o de Sogdiana, atuais Uzbequist\u00e3o e Tadjiquist\u00e3o<\/td><td class=\"column-5\">o sogdiano foi importante l\u00edngua comercial na \u00c1sia Central utilizada por mercadores persas e chineses (a principal cidade desta regi\u00e3o era a famosa Samarcanda, hoje no Uzbequist\u00e3o) \/ extinta em torno do ano 1000 d.C.<\/td>\n<\/tr>\n<tr class=\"row-24\">\n\t<td class=\"column-1\">1100 d.C.<\/td><td class=\"column-2\">pechenegue<\/td><td class=\"column-3\">fam\u00edlia Altaica \/ ramo Turcomano<\/td><td class=\"column-4\">\u00c1sia Central e Europa Oriental<\/td><td class=\"column-5\">os pechenegues eram oriundos da \u00c1sia Central \/ entre os s\u00e9culos IX e XI participaram de diversas guerras na Europa Oriental, sendo definitivamente derrotados em 1091 pelo ex\u00e9rcito bizantino do imperador Aleixo I Comneno<\/td>\n<\/tr>\n<tr class=\"row-25\">\n\t<td class=\"column-1\">1200 d.C.<\/td><td class=\"column-2\">geez (ge'ez)<\/td><td class=\"column-3\">familia Afro-Asi\u00e1tica  \/ ramo Sem\u00edtico<\/td><td class=\"column-4\">Eti\u00f3pia <\/td><td class=\"column-5\">o geez foi falado at\u00e9 o s\u00e9culo XIII sendo substitu\u00eddo como l\u00edngua corrente pelo am\u00e1rico e pelo tigr\u00e9 \/ atualmente, o geez \u00e9 l\u00edngua lit\u00fargica da igreja ortodoxa et\u00edope \/ seu sistema de escrita (abugida) foi adotado  pelo am\u00e1rico, tigr\u00e9 e tigrinia<\/td>\n<\/tr>\n<tr class=\"row-26\">\n\t<td class=\"column-1\">1200 d.C.<\/td><td class=\"column-2\">sir\u00edaco<\/td><td class=\"column-3\">familia Afro-Asi\u00e1tica \/ ramo Sem\u00edtico<\/td><td class=\"column-4\">L\u00edngua falada outrora no Oriente M\u00e9dio (S\u00edria, Iraque e Turquia)<\/td><td class=\"column-5\">inicialmente,  o sir\u00edaco era considerado um dialeto do aramaico arcaico  \/  chegou a ser uma l\u00edngua importante entre os crist\u00e3os do Oriente M\u00e9dio \/ extinta como l\u00edngua corrente entre os s\u00e9culos X e XII d.C.  \/ atualmente \u00e9 l\u00edngua lit\u00fargica das seguintes igrejas crist\u00e3s: ass\u00edria do oriente (nestoriana);  ortodoxa siria (jacobita); cat\u00f3lica s\u00edria (maronita) <\/td>\n<\/tr>\n<tr class=\"row-27\">\n\t<td class=\"column-1\">1400 - 1500 d.C.<\/td><td class=\"column-2\">n\u00fabio arcaico (velho n\u00fabio)<\/td><td class=\"column-3\">fam\u00edlia Nilo-Saariana<\/td><td class=\"column-4\">regi\u00e3o da N\u00fabia (sul do Egito e norte do Sud\u00e3o)<\/td><td class=\"column-5\">extinta no s\u00e9culo XV d.C.<\/td>\n<\/tr>\n<tr class=\"row-28\">\n\t<td class=\"column-1\">1500 d.C.<\/td><td class=\"column-2\">guanco (guanche)<\/td><td class=\"column-3\">familia Afro-Asi\u00e1tica \/ ramo Berbere<\/td><td class=\"column-4\">Ilhas Can\u00e1rias (arquip\u00e9lago espanhol no Atl\u00e2ntico, pr\u00f3ximo ao Marrocos)<\/td><td class=\"column-5\">extinta no s\u00e9culo XVI<\/td>\n<\/tr>\n<tr class=\"row-29\">\n\t<td class=\"column-1\">1600 d.C.<\/td><td class=\"column-2\">copta (neo-eg\u00edpcio)<\/td><td class=\"column-3\">familia Afro-Asi\u00e1tica \/ ramo Eg\u00edpcio<\/td><td class=\"column-4\">Egito<\/td><td class=\"column-5\">o copta era descendente do antigo eg\u00edpcio; foi falado at\u00e9 o s\u00e9culo XVII, \u00e9poca em que foi substitu\u00eddo pelo \u00e1rabe como l\u00edngua corrente \/ sobrevive  como l\u00edngua lit\u00fargica da igreja crist\u00e3 copta at\u00e9 os dias de hoje \/ o alfabeto copta \u00e9 baseado no alfabeto grego, acrescido de sete letras provenientes da escrita dem\u00f3tica do antigo eg\u00edpcio<\/td>\n<\/tr>\n<tr class=\"row-30\">\n\t<td class=\"column-1\">1992 d.C.<\/td><td class=\"column-2\">ubykh<\/td><td class=\"column-3\">fam\u00edlia Norte-Caucasiana \/  l\u00ednguas caucasianas do noroeste (abc\u00e1zio-adigu\u00e9)<\/td><td class=\"column-4\">Regi\u00e3o do mar Negro, na Turquia<\/td><td class=\"column-5\">extinguiu-se em outubro de 1992, quando o \u00faltimo falante, Tevfik Esen, faleceu.<\/td>\n<\/tr>\n<\/tbody>\n<\/table>\n<!-- #tablepress-893 from cache -->\n\n\n","protected":false},"excerpt":{"rendered":"","protected":false},"author":1,"featured_media":0,"parent":110,"menu_order":43,"comment_status":"closed","ping_status":"closed","template":"full-width.php","meta":{"footnotes":""},"class_list":["post-6632","page","type-page","status-publish","hentry"],"_links":{"self":[{"href":"https:\/\/cluny.com.br\/index.php?rest_route=\/wp\/v2\/pages\/6632","targetHints":{"allow":["GET"]}}],"collection":[{"href":"https:\/\/cluny.com.br\/index.php?rest_route=\/wp\/v2\/pages"}],"about":[{"href":"https:\/\/cluny.com.br\/index.php?rest_route=\/wp\/v2\/types\/page"}],"author":[{"embeddable":true,"href":"https:\/\/cluny.com.br\/index.php?rest_route=\/wp\/v2\/users\/1"}],"replies":[{"embeddable":true,"href":"https:\/\/cluny.com.br\/index.php?rest_route=%2Fwp%2Fv2%2Fcomments&post=6632"}],"version-history":[{"count":16,"href":"https:\/\/cluny.com.br\/index.php?rest_route=\/wp\/v2\/pages\/6632\/revisions"}],"predecessor-version":[{"id":22020,"href":"https:\/\/cluny.com.br\/index.php?rest_route=\/wp\/v2\/pages\/6632\/revisions\/22020"}],"up":[{"embeddable":true,"href":"https:\/\/cluny.com.br\/index.php?rest_route=\/wp\/v2\/pages\/110"}],"wp:attachment":[{"href":"https:\/\/cluny.com.br\/index.php?rest_route=%2Fwp%2Fv2%2Fmedia&parent=6632"}],"curies":[{"name":"wp","href":"https:\/\/api.w.org\/{rel}","templated":true}]}}