{"id":5855,"date":"2014-09-23T14:37:17","date_gmt":"2014-09-23T14:37:17","guid":{"rendered":"http:\/\/www.cluny.com.br\/?page_id=5855"},"modified":"2014-09-23T14:37:17","modified_gmt":"2014-09-23T14:37:17","slug":"glossario-de-astronomia","status":"publish","type":"page","link":"https:\/\/cluny.com.br\/?page_id=5855","title":{"rendered":"Gloss\u00e1rio de Astronomia"},"content":{"rendered":"\n<table id=\"tablepress-342\" class=\"tablepress tablepress-id-342\">\n<tbody class=\"row-striping row-hover\">\n<tr class=\"row-1\">\n\t<td class=\"column-1\">Af\u00e9lio<\/td><td class=\"column-2\">Ponto na \u00f3rbita de um planeta ou outro corpo do Sistema Solar  em que ele est\u00e1 mais longe do Sol (oposto a peri\u00e9lio)<\/td>\n<\/tr>\n<tr class=\"row-2\">\n\t<td class=\"column-1\">An\u00e3-Branca<\/td><td class=\"column-2\">S\u00e3o estrelas compactas: pequenas e  muito densas (exemplo: massa similar \u00e0 do Sol mas com di\u00e2metro compar\u00e1vel ao da Terra). Na verdade, s\u00e3o os restos de uma estrela que est\u00e1 se  extinguindo.<\/td>\n<\/tr>\n<tr class=\"row-3\">\n\t<td class=\"column-1\">Ano-Luz<\/td><td class=\"column-2\">Dist\u00e2ncia que  a luz percorre em um ano: 9,5 trilh\u00f5es km<\/td>\n<\/tr>\n<tr class=\"row-4\">\n\t<td class=\"column-1\">Ascens\u00e3o Reta<\/td><td class=\"column-2\">Coordenada na esfera celeste  que corresponde \u00e0 longitude na Terra (obs.: a coordenada equivalente \u00e0 latitude \u00e9 a declina\u00e7\u00e3o)<\/td>\n<\/tr>\n<tr class=\"row-5\">\n\t<td class=\"column-1\">Asterismo<\/td><td class=\"column-2\">Padr\u00e3o de estrelas que podem fazer parte de uma \u00fanica constela\u00e7\u00e3o ou de mais de uma. Ex.: Tr\u00eas Marias que fazem parte da Constela\u00e7\u00e3o de Orion<\/td>\n<\/tr>\n<tr class=\"row-6\">\n\t<td class=\"column-1\">Asteroide<\/td><td class=\"column-2\">Pequeno corpo celeste com dimens\u00e3o inferior a um planeta-an\u00e3o<\/td>\n<\/tr>\n<tr class=\"row-7\">\n\t<td class=\"column-1\">Aurora<\/td><td class=\"column-2\">Fen\u00f4meno \u00f3tico que ocorre no c\u00e9u noturno em regi\u00f5es polares causado pelo impacto de part\u00edculas do espa\u00e7o (ex.: vento solar) com a atmosfera superior da Terra, estimulando o oxig\u00eanio e outros gases a brilhar e produzir um fulgor de luzes coloridas em diversos formatos. Quando ocorre no hemisf\u00e9rio norte \u00e9 chamada de aurora boreal; no hemisf\u00e9rio sul \u00e9 aurora austral.<\/td>\n<\/tr>\n<tr class=\"row-8\">\n\t<td class=\"column-1\">Azimute<\/td><td class=\"column-2\">\u00c2ngulo de um objeto sobre o horizonte medido em graus a partir do norte via leste (sentido hor\u00e1rio). Varia de 0 a 360 graus.<\/td>\n<\/tr>\n<tr class=\"row-9\">\n\t<td class=\"column-1\">Big Bang<\/td><td class=\"column-2\">Teoria cosmol\u00f3gica que explica a origem do Universo (espa\u00e7o, tempo, massa e energia) a partir de uma violenta explos\u00e3o c\u00f3smica h\u00e1 13,6 bilh\u00f5es de anos.<\/td>\n<\/tr>\n<tr class=\"row-10\">\n\t<td class=\"column-1\">Buraco Negro<\/td><td class=\"column-2\">Objetos astron\u00f4micos extremamente densos e compactos cuja  gravidade  \u00e9 t\u00e3o forte que nem mesmo a luz consegue escapar de dentro dele.<\/td>\n<\/tr>\n<tr class=\"row-11\">\n\t<td class=\"column-1\">Cat\u00e1logo Messier<\/td><td class=\"column-2\">Lista de 110 objetos astron\u00f4micos compilada pelo astron\u00f4mo franc\u00eas Charles Messier no final do s\u00e9culo XVIII<\/td>\n<\/tr>\n<tr class=\"row-12\">\n\t<td class=\"column-1\">Cintur\u00e3o de Kuiper<\/td><td class=\"column-2\">Regi\u00e3o repleta de asteroides al\u00e9m da \u00f3rbita de Netuno<\/td>\n<\/tr>\n<tr class=\"row-13\">\n\t<td class=\"column-1\">Cometa<\/td><td class=\"column-2\">Corpos celestes pequenos e irregulares contitu\u00eddos por rochas, poeira e gelo, com \u00f3rbitas altamente elipticas se estendendo do Sol at\u00e9 muito al\u00e9m de Plut\u00e3o<\/td>\n<\/tr>\n<tr class=\"row-14\">\n\t<td class=\"column-1\">Conjun\u00e7\u00e3o<\/td><td class=\"column-2\">Alinhamento de dois corpos celestes como vistos da Terra<\/td>\n<\/tr>\n<tr class=\"row-15\">\n\t<td class=\"column-1\">Constante de Hubble<\/td><td class=\"column-2\">Medida da taxa em que o Universo est\u00e1 se expandindo<\/td>\n<\/tr>\n<tr class=\"row-16\">\n\t<td class=\"column-1\">Constela\u00e7\u00e3o<\/td><td class=\"column-2\">Na Astronomia moderna, as constela\u00e7\u00f5es se caracterizam por serem \u00e1reas da esfera celeste rigorosamente  definidas pela Uni\u00e3o Astron\u00f4mica Internacional (International Astronomical Union - IAU). Ao todo, s\u00e3o 88 constela\u00e7\u00f5es mapeadas pela IAU e que cobrem toda a ab\u00f3bada celeste  facilitando, assim, a localiza\u00e7\u00e3o dos objetos astron\u00f4micos.<\/td>\n<\/tr>\n<tr class=\"row-17\">\n\t<td class=\"column-1\">Coroa Solar<\/td><td class=\"column-2\">Camada mais externa do Sol<\/td>\n<\/tr>\n<tr class=\"row-18\">\n\t<td class=\"column-1\">Cosmologia<\/td><td class=\"column-2\">Ramo da Astronomia que estuda a origem, estrutura e evolu\u00e7\u00e3o do Universo<\/td>\n<\/tr>\n<tr class=\"row-19\">\n\t<td class=\"column-1\">Declina\u00e7\u00e3o<\/td><td class=\"column-2\">Coordenada  na esfera celeste que corresponde \u00e0 latitude na Terra e \u00e9 medida em graus ao norte e ao sul do equador celeste (obs.: a coordenada equivalente \u00e0 longitude \u00e9 a ascens\u00e3o reta)<\/td>\n<\/tr>\n<tr class=\"row-20\">\n\t<td class=\"column-1\">Eclipse<\/td><td class=\"column-2\">Evento astron\u00f4mico que acontece quando um corpo celeste passa na frente de outro ou quando ele se move \u00e0 sombra de outro objeto. Os eclipses podem ser parciais ou totais<\/td>\n<\/tr>\n<tr class=\"row-21\">\n\t<td class=\"column-1\">Ecl\u00edptica<\/td><td class=\"column-2\">Linha imagin\u00e1ria da trajet\u00f3ria aparente do Sol na esfera celeste durante o ano<\/td>\n<\/tr>\n<tr class=\"row-22\">\n\t<td class=\"column-1\">Eixo<\/td><td class=\"column-2\">Linha imagin\u00e1ria que une os polos de um corpo celeste<\/td>\n<\/tr>\n<tr class=\"row-23\">\n\t<td class=\"column-1\">Equador Celeste<\/td><td class=\"column-2\">C\u00edrculo imagin\u00e1rio que divide a esfera celeste em duas metades iguais<\/td>\n<\/tr>\n<tr class=\"row-24\">\n\t<td class=\"column-1\">Equin\u00f3cio<\/td><td class=\"column-2\">Ocasi\u00e3o em que o Sol, em sua \u00f3rbita aparente, cruza o equador celeste (ponto em que a ecl\u00edptica corta o equador celeste). Ocorre duas vezes ao ano: 20 ou 21 de mar\u00e7o (equin\u00f3cio da primavera no hemisf\u00e9rio norte e equin\u00f3cio do outono no hemisf\u00e9rio sul) e 22 ou 23 de setembro (equin\u00f3cio do outono no hemisf\u00e9rio norte e equin\u00f3cio da primavera no hemisf\u00e9rio sul)<\/td>\n<\/tr>\n<tr class=\"row-25\">\n\t<td class=\"column-1\">Esfera Celeste<\/td><td class=\"column-2\">Esfera imagin\u00e1ria que circunda a Terra onde aparentemente  est\u00e3o os objetos celestes; c\u00e9u vis\u00edvel; ab\u00f3bada celeste; firmamento<\/td>\n<\/tr>\n<tr class=\"row-26\">\n\t<td class=\"column-1\">Estrela<\/td><td class=\"column-2\">Corpos celestes que se caracterizam por ser uma grande massa de g\u00e1s quente produzindo energia atrav\u00e9s da fus\u00e3o nuclear (transforma\u00e7\u00e3o de hidrog\u00eanio em h\u00e9lio). Elas se distinguem dos planetas pelo fato de possuirem luz pr\u00f3pria.<\/td>\n<\/tr>\n<tr class=\"row-27\">\n\t<td class=\"column-1\">Estrela Bin\u00e1ria<\/td><td class=\"column-2\">Duas estrelas que ficam em \u00f3rbita de um centro de massa comum<\/td>\n<\/tr>\n<tr class=\"row-28\">\n\t<td class=\"column-1\">Estrela Dupla<\/td><td class=\"column-2\">Duas estrelas que parecem estar muito pr\u00f3ximas uma da outra e que podem estar fisicamente associadas (estrela bin\u00e1ria) ou n\u00e3o<\/td>\n<\/tr>\n<tr class=\"row-29\">\n\t<td class=\"column-1\">Estrela de N\u00eautrons<\/td><td class=\"column-2\">Estrelas pequenas e intensamente brilhantes constitu\u00edda de part\u00edculas subat\u00f4micas denominadas n\u00eautrons.  Acredita-se que estes objetos s\u00e3o criados quando uma estrela gigante se extingue numa supernova.<\/td>\n<\/tr>\n<tr class=\"row-30\">\n\t<td class=\"column-1\">Estrela Vari\u00e1vel<\/td><td class=\"column-2\">Estrela cuja luminosidade varia em uma escala de tempo menor que 100 anos<\/td>\n<\/tr>\n<tr class=\"row-31\">\n\t<td class=\"column-1\">Exoplaneta<\/td><td class=\"column-2\">O mesmo que planeta extrassolar<\/td>\n<\/tr>\n<tr class=\"row-32\">\n\t<td class=\"column-1\">fotosfera<\/td><td class=\"column-2\">Superf\u00edcie vis\u00edvel do Sol ou de outra estrela<\/td>\n<\/tr>\n<tr class=\"row-33\">\n\t<td class=\"column-1\">Gal\u00e1xia<\/td><td class=\"column-2\">Aglomerados de bilh\u00f5es de estrelas e outros objetos astron\u00f4micos unidos por for\u00e7as gravitacionais e girando em torno de um centro de massa comum. N\u00e3o se sabe quantas gal\u00e1xias existem no Universo; as estimativas s\u00e3o de cerca de 2 trilh\u00f5es!  Os principais tipos s\u00e3o:  <strong> espirais<\/strong> (com bra\u00e7os) e <strong>el\u00edpticas<\/strong> (sem bra\u00e7os) \t\t\t<br \/>\n<\/td>\n<\/tr>\n<tr class=\"row-34\">\n\t<td class=\"column-1\">Gigante Vermelha<\/td><td class=\"column-2\">Estrela que se torna maior e mais brilhante \u00e0 medida que se aproxima do fim de sua vida<\/td>\n<\/tr>\n<tr class=\"row-35\">\n\t<td class=\"column-1\">Grupo Local<\/td><td class=\"column-2\">Aglomerado de cerca de 36 gal\u00e1xias , incluindo a Via L\u00e1ctea, Andr\u00f4meda (M31), Triangulum (M33), Grande Nuvem de Magalh\u00e3es e a Pequena Nuvem de Magalh\u00e3es (NGC 292)<\/td>\n<\/tr>\n<tr class=\"row-36\">\n\t<td class=\"column-1\">Lua<\/td><td class=\"column-2\">Sat\u00e9lite natural de um planeta<\/td>\n<\/tr>\n<tr class=\"row-37\">\n\t<td class=\"column-1\">Magnitude<\/td><td class=\"column-2\">Brilho dos objetos celestes. A magnitude pode ser aparente (brilho conforme visto da Terra; depende da luminosidade do objeto e da dist\u00e2ncia da Terra) ou absoluta (verdadeira luminosidade de uma estrela)<\/td>\n<\/tr>\n<tr class=\"row-38\">\n\t<td class=\"column-1\">Mancha Solar<\/td><td class=\"column-2\">Trecho na superf\u00edcie solar mais escuro que os arredores<\/td>\n<\/tr>\n<tr class=\"row-39\">\n\t<td class=\"column-1\">Meridiano<\/td><td class=\"column-2\">Linha imagin\u00e1ria no c\u00e9u que vai do norte ao sulatrav\u00e9s dos polos celestes e do z\u00eanite do observador<\/td>\n<\/tr>\n<tr class=\"row-40\">\n\t<td class=\"column-1\">Meteorito<\/td><td class=\"column-2\">Meteoroides que caem na superf\u00edcie da Terra ou de outro planeta<\/td>\n<\/tr>\n<tr class=\"row-41\">\n\t<td class=\"column-1\">Meteoro<\/td><td class=\"column-2\">Meteoroides que entram na atmosfera da Terra e produzem um rastro de luz  (estrelas cadentes)<\/td>\n<\/tr>\n<tr class=\"row-42\">\n\t<td class=\"column-1\">Meteoroide<\/td><td class=\"column-2\">Rochas no espa\u00e7o que podem ser fragmentos de asteroides ou de cometas<\/td>\n<\/tr>\n<tr class=\"row-43\">\n\t<td class=\"column-1\">Nadir<\/td><td class=\"column-2\">Ponto do ce\u00fa diametralmente oposto ao z\u00eanite (ponto acima do observador)<\/td>\n<\/tr>\n<tr class=\"row-44\">\n\t<td class=\"column-1\">Nebulosa<\/td><td class=\"column-2\">Nuvens  de g\u00e1s e poeira c\u00f3smica que, muitas vezes, s\u00e3o regi\u00f5es de forma\u00e7\u00e3o estelar. Existem v\u00e1rios tipos: nebulosas de emiss\u00e3o, de reflex\u00e3o, escuras, planet\u00e1rias<\/td>\n<\/tr>\n<tr class=\"row-45\">\n\t<td class=\"column-1\">New General Catalogue (NGC)<\/td><td class=\"column-2\">Lista de 7840 objetos astron\u00f4micos compilada pelo astron\u00f4mo dinamarqu\u00eas John L. E. . Dreyer na d\u00e9cada de 1880<\/td>\n<\/tr>\n<tr class=\"row-46\">\n\t<td class=\"column-1\">Nuvem de Oort<\/td><td class=\"column-2\">Regi\u00e3o de cometas e asteroides localizada nos limites do Sistema Solar (1 ano-luz do Sol e  cerca de 1 quarto da dist\u00e2ncia \u00e0 estrela mais pr\u00f3xima: Pr\u00f3xima de Centauro). Seu nome se deve ao astr\u00f4nomo holand\u00eas Jan Oort (1900-1992)<\/td>\n<\/tr>\n<tr class=\"row-47\">\n\t<td class=\"column-1\">Objetos do C\u00e9u Profundo<\/td><td class=\"column-2\">Qualquer corpo celeste que n\u00e3o seja uma estrela e esteja muito al\u00e9m do Sistema Solar. S\u00e3o t\u00eanues e necessitam de telesc\u00f3pios para serem identificados. Os principais DSO s\u00e3o: gal\u00e1xias, nebulosas, quasares, estrelas de n\u00eautrons, pulsares e buracos negros.<\/td>\n<\/tr>\n<tr class=\"row-48\">\n\t<td class=\"column-1\">Objeto Rasante (Near Earth Object)<\/td><td class=\"column-2\">Asteroide ou cometa cuja \u00f3rbita o traz para perto da \u00f3rbita da Terra<\/td>\n<\/tr>\n<tr class=\"row-49\">\n\t<td class=\"column-1\">\u00d3rbita<\/td><td class=\"column-2\">Trajet\u00f3ria seguida por um corpo celeste<\/td>\n<\/tr>\n<tr class=\"row-50\">\n\t<td class=\"column-1\">Paralaxe<\/td><td class=\"column-2\">Mudan\u00e7a aparente de posi\u00e7\u00e3o de um corpo celeste quando visto de duas localiza\u00e7\u00f5es diferentes<\/td>\n<\/tr>\n<tr class=\"row-51\">\n\t<td class=\"column-1\">Parsec<\/td><td class=\"column-2\">Unidade de dist\u00e2ncia astron\u00f4mica equivalente a 3,26 anos-luz<\/td>\n<\/tr>\n<tr class=\"row-52\">\n\t<td class=\"column-1\">Peri\u00e9lio<\/td><td class=\"column-2\">Ponto na \u00f3rbita de um planeta ou outro corpo do Sistema Solar  em que ele est\u00e1 mais perto do Sol (oposto a af\u00e9lio)<\/td>\n<\/tr>\n<tr class=\"row-53\">\n\t<td class=\"column-1\">PGC (Catalogue of Principal Galaxies)<\/td><td class=\"column-2\">Cat\u00e1logo astron\u00f4mico que cont\u00e9m informa\u00e7\u00f5es sobre mais de 73 mil gal\u00e1xias<\/td>\n<\/tr>\n<tr class=\"row-54\">\n\t<td class=\"column-1\">Planeta<\/td><td class=\"column-2\">Corpos celestes que orbitam as estrelas. Os planetas n\u00e3o possuem luz pr\u00f3pria, apenas refletem a luz da estrela a qual orbitam; esta \u00e9 a principal caracter\u00edstica  que os distingue das estrelas <\/td>\n<\/tr>\n<tr class=\"row-55\">\n\t<td class=\"column-1\">Planeta An\u00e3o<\/td><td class=\"column-2\">Corpo celeste muito semelhante a um planeta por\u00e9m bem menor. Plut\u00e3o agora \u00e9 considerado um planeta-an\u00e3o.<\/td>\n<\/tr>\n<tr class=\"row-56\">\n\t<td class=\"column-1\">Planeta Extrassolar<\/td><td class=\"column-2\">Planetas que orbitam outras estrelas que n\u00e3o o Sol.  Tamb\u00e9m chamados de exo-planetas.<\/td>\n<\/tr>\n<tr class=\"row-57\">\n\t<td class=\"column-1\">Precess\u00e3o<\/td><td class=\"column-2\">Mudan\u00e7a no eixo de rota\u00e7\u00e3o de um objeto.  A Terra oscila muito lentamente em torno de seu eixo levando cerca de 25.800 anos  em um movimento semelhante ao giro de um pi\u00e3o.<\/td>\n<\/tr>\n<tr class=\"row-58\">\n\t<td class=\"column-1\">Pulsar<\/td><td class=\"column-2\">Estrela de n\u00eautrons  muito pequena e densa que emite pulsos de ondas de r\u00e1dio e outras radia\u00e7\u00f5es enquanto gira  muito r\u00e1pidamente em torno de seu eixo.  A enegia emitida por um pulsar  se espalha no espa\u00e7o como um feixe de luz de um farol maritimo.<\/td>\n<\/tr>\n<tr class=\"row-59\">\n\t<td class=\"column-1\">Quasar (Quasi-Stellar Radio Source - fonte de r\u00e1dio quase-estelar)<\/td><td class=\"column-2\">Objetos astron\u00f4micos muito distantes e intensamente energ\u00e9ticos e luminosos.  S\u00e3o os maiores emissores de energia do Universo.<\/td>\n<\/tr>\n<tr class=\"row-60\">\n\t<td class=\"column-1\">Rota\u00e7\u00e3o<\/td><td class=\"column-2\">Movimento de um corpo celeste em torno de seu pr\u00f3prio eixo. A Terra realiza uma rota\u00e7\u00e3o em volta de seu eixo, no sentido oeste-leste (anti-hor\u00e1rio), em um dia.<\/td>\n<\/tr>\n<tr class=\"row-61\">\n\t<td class=\"column-1\">Sat\u00e9lite<\/td><td class=\"column-2\">Corpos celetestes que orbitam os planetas; tamb\u00e9m chamados de luas<\/td>\n<\/tr>\n<tr class=\"row-62\">\n\t<td class=\"column-1\">Seeing<\/td><td class=\"column-2\">Estabilidade da atmosfera que afeta a imagem vista atrav\u00e9s de um telesc\u00f3pio<\/td>\n<\/tr>\n<tr class=\"row-63\">\n\t<td class=\"column-1\">Sequ\u00eancia Principal<\/td><td class=\"column-2\">Fase mais extensa e importante das estrelas caracterizada pela fus\u00e3o nuclear do hidrog\u00eanio transformando-o em h\u00e9lio<\/td>\n<\/tr>\n<tr class=\"row-64\">\n\t<td class=\"column-1\">SETI (Search for Extra-Terrestrial Intelligence)<\/td><td class=\"column-2\">Projeto de observa\u00e7\u00e3o radioastron\u00f4mica que objetiva detectar mensagens de civiliza\u00e7\u00f5es inteligentes em outro lugar do espa\u00e7o<\/td>\n<\/tr>\n<tr class=\"row-65\">\n\t<td class=\"column-1\">Sistema Solar<\/td><td class=\"column-2\">Conjunto dos corpos celestes que sofrem influ\u00eancia da for\u00e7a gravitacional do Sol e giram ao seu redor. \u00c9 constitu\u00eddo pelo Sol, a estrela central,  e uma familia de  oito planetas, seus sat\u00e9lites e in\u00fameros outros objetos menores como asteroides, cometas e meteoroides<\/td>\n<\/tr>\n<tr class=\"row-66\">\n\t<td class=\"column-1\">Solst\u00edcio<\/td><td class=\"column-2\">Ocasi\u00e3o em que o Sol, em sua \u00f3rbita aparente, chega ao ponto mais ao norte ou mais ao sul do equador celeste (maior declina\u00e7\u00e3o em rela\u00e7\u00e3o \u00e0 linha do equador). Ocorre duas vezes ao ano:  20 ou 21 de junho (solst\u00edcio de inverno no hemisf\u00e9rio sul e solst\u00edcio de ver\u00e3o no hemisf\u00e9rio norte) e 21 ou 22 de dezembro (solsticio de ver\u00e3o no hemisf\u00e9rio sul e solsticio de inverno no hemisf\u00e9rio norte)<\/td>\n<\/tr>\n<tr class=\"row-67\">\n\t<td class=\"column-1\">Supernova<\/td><td class=\"column-2\">Explos\u00e3o enorme que destroi uma estrela inteira e expulsa para o espa\u00e7o at\u00e9 90% de sua mat\u00e9ria. A estrela se torna, ent\u00e3o,  milh\u00f5es de vezes mais brilhante por pouquissimo tempo (semanas ou meses)  e o n\u00facleo remanescente se transforma numa estrela de n\u00eautrons ou  mesmo num buraco negro.<\/td>\n<\/tr>\n<tr class=\"row-68\">\n\t<td class=\"column-1\">Tempo Universal<\/td><td class=\"column-2\">Escala de tempo baseada no movimento di\u00e1rio aparente do Sol tal como visto do Meridiano de Greenwich. \u00c9 conhecido como GMT (Greenwich Mean Time)<\/td>\n<\/tr>\n<tr class=\"row-69\">\n\t<td class=\"column-1\">Tipo Espectral<\/td><td class=\"column-2\">Classifica\u00e7\u00e3o de uma estrela baseada na apar\u00eancia do espectro (cor), o que est\u00e1 relacionado com a temperatura da superf\u00edcie<\/td>\n<\/tr>\n<tr class=\"row-70\">\n\t<td class=\"column-1\">Transla\u00e7\u00e3o (ou Revolu\u00e7\u00e3o)<\/td><td class=\"column-2\">Movimento de um corpo celeste em sua \u00f3rbita, normalmente ao redor de um outro que o atrai.  No caso da Terra, \u00e9 o movimento que ela faz em torno do Sol e que dura 365 dias e 6 horas (obs.: estas 6 horas adicionais fazem que ao final de 4 anos, haja necessidade de uma compensa\u00e7\u00e3o de 1 dia:  o ano bissexto)<\/td>\n<\/tr>\n<tr class=\"row-71\">\n\t<td class=\"column-1\">Unidade Astron\u00f4mica (UA)<\/td><td class=\"column-2\">Unidade de medida astron\u00f4mica correspondente a 149 milh\u00f5es km, ou seja, a dist\u00e2ncia m\u00e9dia da Terra ao Sol<\/td>\n<\/tr>\n<tr class=\"row-72\">\n\t<td class=\"column-1\">Universo<\/td><td class=\"column-2\">\u00c9 tudo que existe fisicamente: o espa\u00e7o, o tempo e todas as formas de  mat\u00e9ria e energia<\/td>\n<\/tr>\n<tr class=\"row-73\">\n\t<td class=\"column-1\">Vento Solar<\/td><td class=\"column-2\">Fluxo de part\u00edculas at\u00f4micas (pr\u00f3tons e el\u00e9trons) provenientes do Sol e que atravessam o Sistema Solar<\/td>\n<\/tr>\n<tr class=\"row-74\">\n\t<td class=\"column-1\">Via L\u00e1ctea<\/td><td class=\"column-2\">Gal\u00e1xia de tipo espiral  que cont\u00e9m o nosso Sistema Solar e a maior parte das estrelas vis\u00edveis no c\u00e9u. Estima-se que contenha cerca de 200 bilh\u00f5es de estrelas; seu di\u00e2metro \u00e9 de 100 mil anos-luz. A Via L\u00e1ctea, por sua vez, faz parte de um aglomerado de gal\u00e1xias chamado de Grupo Local<\/td>\n<\/tr>\n<tr class=\"row-75\">\n\t<td class=\"column-1\">Z\u00eanite<\/td><td class=\"column-2\">Ponto no c\u00e9u exatamente acima do observador<\/td>\n<\/tr>\n<tr class=\"row-76\">\n\t<td class=\"column-1\">Zod\u00edaco<\/td><td class=\"column-2\">Faixa imagin\u00e1ria da esfera celeste de ambos os lados da ecliptica (8 graus ao norte at\u00e9 8 graus ao sul) atrav\u00e9s da qual o Sol e seus planetas se movem<\/td>\n<\/tr>\n<\/tbody>\n<\/table>\n<!-- #tablepress-342 from cache -->\n","protected":false},"excerpt":{"rendered":"","protected":false},"author":1,"featured_media":0,"parent":162,"menu_order":80,"comment_status":"closed","ping_status":"closed","template":"full-width.php","meta":{"footnotes":""},"class_list":["post-5855","page","type-page","status-publish","hentry"],"_links":{"self":[{"href":"https:\/\/cluny.com.br\/index.php?rest_route=\/wp\/v2\/pages\/5855","targetHints":{"allow":["GET"]}}],"collection":[{"href":"https:\/\/cluny.com.br\/index.php?rest_route=\/wp\/v2\/pages"}],"about":[{"href":"https:\/\/cluny.com.br\/index.php?rest_route=\/wp\/v2\/types\/page"}],"author":[{"embeddable":true,"href":"https:\/\/cluny.com.br\/index.php?rest_route=\/wp\/v2\/users\/1"}],"replies":[{"embeddable":true,"href":"https:\/\/cluny.com.br\/index.php?rest_route=%2Fwp%2Fv2%2Fcomments&post=5855"}],"version-history":[{"count":1,"href":"https:\/\/cluny.com.br\/index.php?rest_route=\/wp\/v2\/pages\/5855\/revisions"}],"predecessor-version":[{"id":5856,"href":"https:\/\/cluny.com.br\/index.php?rest_route=\/wp\/v2\/pages\/5855\/revisions\/5856"}],"up":[{"embeddable":true,"href":"https:\/\/cluny.com.br\/index.php?rest_route=\/wp\/v2\/pages\/162"}],"wp:attachment":[{"href":"https:\/\/cluny.com.br\/index.php?rest_route=%2Fwp%2Fv2%2Fmedia&parent=5855"}],"curies":[{"name":"wp","href":"https:\/\/api.w.org\/{rel}","templated":true}]}}