{"id":5832,"date":"2014-09-23T13:08:25","date_gmt":"2014-09-23T13:08:25","guid":{"rendered":"http:\/\/www.cluny.com.br\/?page_id=5832"},"modified":"2021-04-09T10:41:03","modified_gmt":"2021-04-09T13:41:03","slug":"constelacoes-que-mapeiam-o-ceu","status":"publish","type":"page","link":"https:\/\/cluny.com.br\/?page_id=5832","title":{"rendered":"Constela\u00e7\u00f5es que Mapeiam o C\u00e9u"},"content":{"rendered":"<ul>\n<li>Na Astronomia moderna, as constela\u00e7\u00f5es se caracterizam por serem \u00e1reas da esfera celeste rigorosamente\u00a0 definidas pela Uni\u00e3o Astron\u00f4mica Internacional (UAI). Ao todo, s\u00e3o 88 constela\u00e7\u00f5es que cobrem toda a ab\u00f3bada celeste\u00a0 facilitando, assim, a localiza\u00e7\u00e3o dos objetos astron\u00f4micos.<\/li>\n<li><strong>Constela\u00e7\u00f5es zodiacais<\/strong>: s\u00e3o aquelas percorridas pelo Sol em seu movimento aparente anual pelo Zod\u00edaco (faixa imagin\u00e1ria da esfera celeste compreendida entre 8 graus ao norte da ecl\u00edptica e 8 graus ao sul da mesma).<\/li>\n<\/ul>\n<p style=\"padding-left: 60px;\"><span style=\"text-decoration: underline;\">observa\u00e7\u00f5es:<\/span><\/p>\n<p style=\"padding-left: 60px;\">a) <span style=\"text-decoration: underline;\"><strong>ecl\u00edptica<\/strong><\/span><strong>:\u00a0<\/strong> linha imagin\u00e1ria da trajet\u00f3ria aparente do Sol na esfera celeste durante o ano;<\/p>\n<p style=\"padding-left: 60px;\">b) <strong><span style=\"text-decoration: underline;\">movimento aparente do Sol<\/span><\/strong>: decorre do movimento de transla\u00e7\u00e3o da Terra ao redor do Sol;<\/p>\n<p style=\"padding-left: 60px;\">c) <strong><span style=\"text-decoration: underline;\">quantas s\u00e3o<\/span><\/strong>: em 1930, a UAI redefiniu os limites de algumas constela\u00e7\u00f5es e, em decorr\u00eancia disso, a trajet\u00f3ria do Sol no c\u00e9u (ecl\u00edptica) passou a atravessar\u00a0 13 constela\u00e7\u00f5es: as 12 tradicionais (que correspondem aos <strong>signos zodiacais<\/strong>) mais a constela\u00e7\u00e3o de <strong>Ofi\u00faco<\/strong> (Ophiuchus)\u00a0 localizada entre as constela\u00e7\u00f5es de Escorpi\u00e3o e Sagit\u00e1rio.<\/p>\n<ul>\n<li><strong>as 88 Constela\u00e7\u00f5es do C\u00e9u <\/strong>(ordem alfab\u00e9tica):<\/li>\n<\/ul>\n<p style=\"padding-left: 30px;\">\n<table id=\"tablepress-341\" class=\"tablepress tablepress-id-341\">\n<thead>\n<tr class=\"row-1\">\n\t<th class=\"column-1\">Constela\u00e7\u00e3o<\/th><th class=\"column-2\">Nome latino<\/th><th class=\"column-3\">Nome em ingl\u00eas<\/th><th class=\"column-4\">Principal (is)   estrela (s)<\/th><th class=\"column-5\">Obs.:<\/th>\n<\/tr>\n<\/thead>\n<tbody class=\"row-striping row-hover\">\n<tr class=\"row-2\">\n\t<td class=\"column-1\">\u00c1guia<\/td><td class=\"column-2\">Aquila<\/td><td class=\"column-3\">Eagle<\/td><td class=\"column-4\">Altair (alpha Aquilae)<\/td><td class=\"column-5\"><\/td>\n<\/tr>\n<tr class=\"row-3\">\n\t<td class=\"column-1\">Altar<\/td><td class=\"column-2\">Ara<\/td><td class=\"column-3\">Altar<\/td><td class=\"column-4\">beta Arae<\/td><td class=\"column-5\"><\/td>\n<\/tr>\n<tr class=\"row-4\">\n\t<td class=\"column-1\">Andr\u00f4meda<\/td><td class=\"column-2\">Andromeda<\/td><td class=\"column-3\">Andromeda<\/td><td class=\"column-4\">Alpheratz (alpha Andromedae)<\/td><td class=\"column-5\"><\/td>\n<\/tr>\n<tr class=\"row-5\">\n\t<td class=\"column-1\">Aqu\u00e1rio<\/td><td class=\"column-2\">Aquarius<\/td><td class=\"column-3\">Water-bearer<\/td><td class=\"column-4\">Sadalsuud (beta Aquarii)<\/td><td class=\"column-5\">const. zodiacal<\/td>\n<\/tr>\n<tr class=\"row-6\">\n\t<td class=\"column-1\">Ave do Para\u00edso<\/td><td class=\"column-2\">Apus, Apodis<\/td><td class=\"column-3\">Bird-of-Paradise<\/td><td class=\"column-4\">alpha Apodis<\/td><td class=\"column-5\"><\/td>\n<\/tr>\n<tr class=\"row-7\">\n\t<td class=\"column-1\">Balan\u00e7a<\/td><td class=\"column-2\">Libra<\/td><td class=\"column-3\">Balance<\/td><td class=\"column-4\">Zubeneschemali (beta Librae)<\/td><td class=\"column-5\">const. zodiacal<\/td>\n<\/tr>\n<tr class=\"row-8\">\n\t<td class=\"column-1\">Baleia<\/td><td class=\"column-2\">Cetus<\/td><td class=\"column-3\">Whale<\/td><td class=\"column-4\">Deneb Kaitos (beta Ceti) \/ Mira (omicron Ceti)<\/td><td class=\"column-5\"><\/td>\n<\/tr>\n<tr class=\"row-9\">\n\t<td class=\"column-1\">Boieiro<\/td><td class=\"column-2\">Bo\u00f6tes<\/td><td class=\"column-3\">Herdsman<\/td><td class=\"column-4\">Arcturus (alpha Bo\u00f6tis)<\/td><td class=\"column-5\"><\/td>\n<\/tr>\n<tr class=\"row-10\">\n\t<td class=\"column-1\">Buril (ou Cinzel)<\/td><td class=\"column-2\">Caelum<\/td><td class=\"column-3\">Chisel<\/td><td class=\"column-4\">alpha Caeli<\/td><td class=\"column-5\"><\/td>\n<\/tr>\n<tr class=\"row-11\">\n\t<td class=\"column-1\">B\u00fassola<\/td><td class=\"column-2\">Pyxis<\/td><td class=\"column-3\">Mariner\u00b4s Compass<\/td><td class=\"column-4\">alpha Pyxidis<\/td><td class=\"column-5\"><\/td>\n<\/tr>\n<tr class=\"row-12\">\n\t<td class=\"column-1\">Cabeleira de Berenice<\/td><td class=\"column-2\">Coma Berenices<\/td><td class=\"column-3\">Berenice's Hair<\/td><td class=\"column-4\">beta Comae Berenices<\/td><td class=\"column-5\"><\/td>\n<\/tr>\n<tr class=\"row-13\">\n\t<td class=\"column-1\">C\u00e3es de Ca\u00e7a<\/td><td class=\"column-2\">Canes Venatici<\/td><td class=\"column-3\">Hunting Dog<\/td><td class=\"column-4\">Cor Caroli (alpha Canum Venaticorum)<\/td><td class=\"column-5\"><\/td>\n<\/tr>\n<tr class=\"row-14\">\n\t<td class=\"column-1\">Camale\u00e3o<\/td><td class=\"column-2\">Chamaeleon<\/td><td class=\"column-3\">Chameleon<\/td><td class=\"column-4\">alpha Chamaeleontis<\/td><td class=\"column-5\"><\/td>\n<\/tr>\n<tr class=\"row-15\">\n\t<td class=\"column-1\">C\u00e3o Maior<\/td><td class=\"column-2\">Canis Major<\/td><td class=\"column-3\">Greater Dog<\/td><td class=\"column-4\">Sirius (alpha Canis Majoris)<\/td><td class=\"column-5\"><\/td>\n<\/tr>\n<tr class=\"row-16\">\n\t<td class=\"column-1\">C\u00e3o Menor<\/td><td class=\"column-2\">Canis Minor<\/td><td class=\"column-3\">Lesser Dog<\/td><td class=\"column-4\">Procyon (alpha Canis Minoris)<\/td><td class=\"column-5\"><\/td>\n<\/tr>\n<tr class=\"row-17\">\n\t<td class=\"column-1\">Capric\u00f3rnio<\/td><td class=\"column-2\">Capricornus<\/td><td class=\"column-3\">Sea-Goat<\/td><td class=\"column-4\">Deneb Algiedi (delta Capricorni)<\/td><td class=\"column-5\">const. zodiacal<\/td>\n<\/tr>\n<tr class=\"row-18\">\n\t<td class=\"column-1\">Caranguejo<\/td><td class=\"column-2\">Cancer<\/td><td class=\"column-3\">Crab<\/td><td class=\"column-4\">Tarf (beta Cancri)<\/td><td class=\"column-5\">const. zodiacal<\/td>\n<\/tr>\n<tr class=\"row-19\">\n\t<td class=\"column-1\">Carneiro<\/td><td class=\"column-2\">Aries<\/td><td class=\"column-3\">Ram<\/td><td class=\"column-4\">Hamal (alpha Arietis)<\/td><td class=\"column-5\">const. zodiacal<\/td>\n<\/tr>\n<tr class=\"row-20\">\n\t<td class=\"column-1\">Cassiopeia<\/td><td class=\"column-2\">Cassiopeia<\/td><td class=\"column-3\">Cassiopeia<\/td><td class=\"column-4\">Schedar (alpha Cassiopeiae)<\/td><td class=\"column-5\"><\/td>\n<\/tr>\n<tr class=\"row-21\">\n\t<td class=\"column-1\">Cavalo Menor<\/td><td class=\"column-2\">Equuleus<\/td><td class=\"column-3\">Poney<\/td><td class=\"column-4\">Kitalpha (alpha Equulei)<\/td><td class=\"column-5\"><\/td>\n<\/tr>\n<tr class=\"row-22\">\n\t<td class=\"column-1\">Cefeu<\/td><td class=\"column-2\">Cepheus<\/td><td class=\"column-3\">Cepheus<\/td><td class=\"column-4\">Alderamin (alpha Cephei)<\/td><td class=\"column-5\"><\/td>\n<\/tr>\n<tr class=\"row-23\">\n\t<td class=\"column-1\">Centauro<\/td><td class=\"column-2\">Centaurus<\/td><td class=\"column-3\">Centaur<\/td><td class=\"column-4\">Rigel Kent (alpha Centauri) \/ Hadar (beta Centauri)<\/td><td class=\"column-5\"><\/td>\n<\/tr>\n<tr class=\"row-24\">\n\t<td class=\"column-1\">Cisne<\/td><td class=\"column-2\">Cygnus<\/td><td class=\"column-3\">Swan<\/td><td class=\"column-4\">Deneb (alpha Cygni)<\/td><td class=\"column-5\"><\/td>\n<\/tr>\n<tr class=\"row-25\">\n\t<td class=\"column-1\">Cocheiro<\/td><td class=\"column-2\">Auriga<\/td><td class=\"column-3\">Charioteer<\/td><td class=\"column-4\">Capella (alpha Aurigae)<\/td><td class=\"column-5\"><\/td>\n<\/tr>\n<tr class=\"row-26\">\n\t<td class=\"column-1\">Compasso<\/td><td class=\"column-2\">Circinus<\/td><td class=\"column-3\">Compass (drawing tool)<\/td><td class=\"column-4\">alpha Circini<\/td><td class=\"column-5\"><\/td>\n<\/tr>\n<tr class=\"row-27\">\n\t<td class=\"column-1\">Coroa Austral<\/td><td class=\"column-2\">Corona Australis<\/td><td class=\"column-3\">Southern Crown<\/td><td class=\"column-4\">Alphekka Meridiana (alpha Coronae Australis)<\/td><td class=\"column-5\"><\/td>\n<\/tr>\n<tr class=\"row-28\">\n\t<td class=\"column-1\">Coroa Boreal<\/td><td class=\"column-2\">Corona Borealis<\/td><td class=\"column-3\">Northern Crown<\/td><td class=\"column-4\">Alphecca (alpha Coronae Borealis)<\/td><td class=\"column-5\"><\/td>\n<\/tr>\n<tr class=\"row-29\">\n\t<td class=\"column-1\">Corvo<\/td><td class=\"column-2\">Corvus<\/td><td class=\"column-3\">Crow<\/td><td class=\"column-4\">Gienah (gamma Corvi)<\/td><td class=\"column-5\"><\/td>\n<\/tr>\n<tr class=\"row-30\">\n\t<td class=\"column-1\">Cruzeiro do Sul<\/td><td class=\"column-2\">Crux<\/td><td class=\"column-3\">Southern Cross<\/td><td class=\"column-4\">Acrux (alpha Crucis) \/ Mimosa (beta Crucis)<\/td><td class=\"column-5\"><\/td>\n<\/tr>\n<tr class=\"row-31\">\n\t<td class=\"column-1\">Delfim<\/td><td class=\"column-2\">Delphinus<\/td><td class=\"column-3\">Dolphin<\/td><td class=\"column-4\">Rotanev (beta Delphini)<\/td><td class=\"column-5\"><\/td>\n<\/tr>\n<tr class=\"row-32\">\n\t<td class=\"column-1\">Dourado<\/td><td class=\"column-2\">Dorado<\/td><td class=\"column-3\">Gold Fish<\/td><td class=\"column-4\">alpha Doradus<\/td><td class=\"column-5\"><\/td>\n<\/tr>\n<tr class=\"row-33\">\n\t<td class=\"column-1\">Drag\u00e3o<\/td><td class=\"column-2\">Draco<\/td><td class=\"column-3\">Dragon<\/td><td class=\"column-4\">Etamin (gama Dragonis)<\/td><td class=\"column-5\"><\/td>\n<\/tr>\n<tr class=\"row-34\">\n\t<td class=\"column-1\">Eridano<\/td><td class=\"column-2\">Eridanus<\/td><td class=\"column-3\">River Eridanus<\/td><td class=\"column-4\">Achernar (alpha Eridani)<\/td><td class=\"column-5\"><\/td>\n<\/tr>\n<tr class=\"row-35\">\n\t<td class=\"column-1\">Escorpi\u00e3o<\/td><td class=\"column-2\">Scorpius<\/td><td class=\"column-3\">Scorpion<\/td><td class=\"column-4\">Antares (alpha Scorpii)<\/td><td class=\"column-5\">const. zodiacal<\/td>\n<\/tr>\n<tr class=\"row-36\">\n\t<td class=\"column-1\">Escudo<\/td><td class=\"column-2\">Scutum<\/td><td class=\"column-3\">Shield<\/td><td class=\"column-4\">alpha Scuti<\/td><td class=\"column-5\"><\/td>\n<\/tr>\n<tr class=\"row-37\">\n\t<td class=\"column-1\">Escultor<\/td><td class=\"column-2\">Sculptor<\/td><td class=\"column-3\">Sculptor<\/td><td class=\"column-4\">alpha Sculptoris<\/td><td class=\"column-5\"><\/td>\n<\/tr>\n<tr class=\"row-38\">\n\t<td class=\"column-1\">Esquadro<\/td><td class=\"column-2\">Norma<\/td><td class=\"column-3\">Carpenter's Level<\/td><td class=\"column-4\">gamma Normae<\/td><td class=\"column-5\"><\/td>\n<\/tr>\n<tr class=\"row-39\">\n\t<td class=\"column-1\">F\u00eanix<\/td><td class=\"column-2\">Phoenix<\/td><td class=\"column-3\">Phoenix<\/td><td class=\"column-4\">Ankaa (alpha Phoenicis)<\/td><td class=\"column-5\"><\/td>\n<\/tr>\n<tr class=\"row-40\">\n\t<td class=\"column-1\">Flecha<\/td><td class=\"column-2\">Sagitta<\/td><td class=\"column-3\">Arrow<\/td><td class=\"column-4\">gama Sagittae<\/td><td class=\"column-5\"><\/td>\n<\/tr>\n<tr class=\"row-41\">\n\t<td class=\"column-1\">Forno<\/td><td class=\"column-2\">Fornax<\/td><td class=\"column-3\">Brazier<\/td><td class=\"column-4\">alpha Fornacis<\/td><td class=\"column-5\"><\/td>\n<\/tr>\n<tr class=\"row-42\">\n\t<td class=\"column-1\">G\u00eameos<\/td><td class=\"column-2\">Gemini<\/td><td class=\"column-3\">Twins<\/td><td class=\"column-4\">Pollux (beta Geminorum) \/                  Castor (alpha Geminorum)<\/td><td class=\"column-5\">const. zodiacal<\/td>\n<\/tr>\n<tr class=\"row-43\">\n\t<td class=\"column-1\">Girafa<\/td><td class=\"column-2\">Camelopardalis<\/td><td class=\"column-3\">Giraffe<\/td><td class=\"column-4\">beta Camelopardalis<\/td><td class=\"column-5\"><\/td>\n<\/tr>\n<tr class=\"row-44\">\n\t<td class=\"column-1\">Grou<\/td><td class=\"column-2\">Grus<\/td><td class=\"column-3\">Crane<\/td><td class=\"column-4\">Alnair (alpha Gruis)<\/td><td class=\"column-5\"><\/td>\n<\/tr>\n<tr class=\"row-45\">\n\t<td class=\"column-1\">H\u00e9rcules<\/td><td class=\"column-2\">Hercules<\/td><td class=\"column-3\">Hercules<\/td><td class=\"column-4\">Kornephoros (beta Herculis)<\/td><td class=\"column-5\"><\/td>\n<\/tr>\n<tr class=\"row-46\">\n\t<td class=\"column-1\">Hidra<\/td><td class=\"column-2\">Hydra<\/td><td class=\"column-3\">Hydra<\/td><td class=\"column-4\">Alphard (alpha Hydrae)<\/td><td class=\"column-5\"><\/td>\n<\/tr>\n<tr class=\"row-47\">\n\t<td class=\"column-1\">\u00cdndio<\/td><td class=\"column-2\">Indus<\/td><td class=\"column-3\">Indian<\/td><td class=\"column-4\">alpha Indi<\/td><td class=\"column-5\"><\/td>\n<\/tr>\n<tr class=\"row-48\">\n\t<td class=\"column-1\">Lagarto<\/td><td class=\"column-2\">Lacerta<\/td><td class=\"column-3\">Lizard<\/td><td class=\"column-4\">alpha Lacertae<\/td><td class=\"column-5\"><\/td>\n<\/tr>\n<tr class=\"row-49\">\n\t<td class=\"column-1\">Le\u00e3o<\/td><td class=\"column-2\">Leo<\/td><td class=\"column-3\">Lion<\/td><td class=\"column-4\">Regulus (alpha Leonis)<\/td><td class=\"column-5\">const. zodiacal<\/td>\n<\/tr>\n<tr class=\"row-50\">\n\t<td class=\"column-1\">Le\u00e3o Menor<\/td><td class=\"column-2\">Leo Minor<\/td><td class=\"column-3\">Lesser Lion<\/td><td class=\"column-4\">Praecipua (46 Leonis Minoris)<\/td><td class=\"column-5\"><\/td>\n<\/tr>\n<tr class=\"row-51\">\n\t<td class=\"column-1\">Lebre<\/td><td class=\"column-2\">Lepus<\/td><td class=\"column-3\">Hare<\/td><td class=\"column-4\">Arneb (alpha Leporis)<\/td><td class=\"column-5\"><\/td>\n<\/tr>\n<tr class=\"row-52\">\n\t<td class=\"column-1\">Lince<\/td><td class=\"column-2\">Lynx<\/td><td class=\"column-3\">Lynx<\/td><td class=\"column-4\">Elvashak (alpha Lyncis)<\/td><td class=\"column-5\"><\/td>\n<\/tr>\n<tr class=\"row-53\">\n\t<td class=\"column-1\">Lira<\/td><td class=\"column-2\">Lyra<\/td><td class=\"column-3\">Lire<\/td><td class=\"column-4\">Vega (alpha Lyrae)<\/td><td class=\"column-5\"><\/td>\n<\/tr>\n<tr class=\"row-54\">\n\t<td class=\"column-1\">Lobo<\/td><td class=\"column-2\">Lupus<\/td><td class=\"column-3\">Wolf<\/td><td class=\"column-4\">alpha Lupi<\/td><td class=\"column-5\"><\/td>\n<\/tr>\n<tr class=\"row-55\">\n\t<td class=\"column-1\">M\u00e1quina Pneum\u00e1tica<\/td><td class=\"column-2\">Antlia<\/td><td class=\"column-3\">Air Pump<\/td><td class=\"column-4\">alpha Antliae<\/td><td class=\"column-5\"><\/td>\n<\/tr>\n<tr class=\"row-56\">\n\t<td class=\"column-1\">Mesa<\/td><td class=\"column-2\">Mensa<\/td><td class=\"column-3\">Table<\/td><td class=\"column-4\">alpha Mensae<\/td><td class=\"column-5\">homenagem \u00e0 Table Mountain em Capetown, \u00c1frica do Sul<\/td>\n<\/tr>\n<tr class=\"row-57\">\n\t<td class=\"column-1\">Microsc\u00f3pio<\/td><td class=\"column-2\">Microscopium<\/td><td class=\"column-3\">Microscope<\/td><td class=\"column-4\">gamma Microscopii<\/td><td class=\"column-5\"><\/td>\n<\/tr>\n<tr class=\"row-58\">\n\t<td class=\"column-1\">Mosca<\/td><td class=\"column-2\">Musca<\/td><td class=\"column-3\">Fly<\/td><td class=\"column-4\">alpha Muscae<\/td><td class=\"column-5\"><\/td>\n<\/tr>\n<tr class=\"row-59\">\n\t<td class=\"column-1\">Ofi\u00faco<\/td><td class=\"column-2\">Ophiucus<\/td><td class=\"column-3\">Serpent-bearer<\/td><td class=\"column-4\">Rasalhague (alpha Ophiuchi)<\/td><td class=\"column-5\">embora se encontre na trajet\u00f3ria do Sol (ecl\u00edptica), n\u00e3o \u00e9 considerada zodiacal<\/td>\n<\/tr>\n<tr class=\"row-60\">\n\t<td class=\"column-1\">Oitante<\/td><td class=\"column-2\">Octans<\/td><td class=\"column-3\">Octant<\/td><td class=\"column-4\"><\/td><td class=\"column-5\">oitante era um aparelho predecessor do sextante<\/td>\n<\/tr>\n<tr class=\"row-61\">\n\t<td class=\"column-1\">\u00d3rion<\/td><td class=\"column-2\">Orion<\/td><td class=\"column-3\">Orion<\/td><td class=\"column-4\">Rigel (beta Orionis) \/ Betelgeuse (alpha Orionis) \/ Bellatrix (gama Orionis)<\/td><td class=\"column-5\">nesta constela\u00e7\u00e3o se encontram tamb\u00e9m as Tr\u00eas Marias (Orion's Belt): Mintaka, Alnilam, Alnitak<\/td>\n<\/tr>\n<tr class=\"row-62\">\n\t<td class=\"column-1\">Pav\u00e3o<\/td><td class=\"column-2\">Pavo<\/td><td class=\"column-3\">Peacock<\/td><td class=\"column-4\">Peacock (alpha Pavonis)<\/td><td class=\"column-5\"><\/td>\n<\/tr>\n<tr class=\"row-63\">\n\t<td class=\"column-1\">P\u00e9gaso<\/td><td class=\"column-2\">Pegasus<\/td><td class=\"column-3\">Pegasus<\/td><td class=\"column-4\">Enif (epsilon Pegasi)<\/td><td class=\"column-5\"><\/td>\n<\/tr>\n<tr class=\"row-64\">\n\t<td class=\"column-1\">Peixe Austral<\/td><td class=\"column-2\">Piscis Austrinus<\/td><td class=\"column-3\">Southern Fish<\/td><td class=\"column-4\">Fomalhaut (alpha Piscis Austrini)<\/td><td class=\"column-5\"><\/td>\n<\/tr>\n<tr class=\"row-65\">\n\t<td class=\"column-1\">Peixe Voador<\/td><td class=\"column-2\">Volans<\/td><td class=\"column-3\">Flying Fish<\/td><td class=\"column-4\">beta Volantis<\/td><td class=\"column-5\"><\/td>\n<\/tr>\n<tr class=\"row-66\">\n\t<td class=\"column-1\">Peixes<\/td><td class=\"column-2\">Pisces<\/td><td class=\"column-3\">Fishes<\/td><td class=\"column-4\">Alpherg (eta Piscium)<\/td><td class=\"column-5\">const. zodiacal<\/td>\n<\/tr>\n<tr class=\"row-67\">\n\t<td class=\"column-1\">Perseu<\/td><td class=\"column-2\">Perseus<\/td><td class=\"column-3\">Perseus<\/td><td class=\"column-4\">Mirfak (alpha Persei)<\/td><td class=\"column-5\"><\/td>\n<\/tr>\n<tr class=\"row-68\">\n\t<td class=\"column-1\">Pintor<\/td><td class=\"column-2\">Pictor<\/td><td class=\"column-3\">Easel<\/td><td class=\"column-4\">alpha Pictoris<\/td><td class=\"column-5\"><\/td>\n<\/tr>\n<tr class=\"row-69\">\n\t<td class=\"column-1\">Pomba<\/td><td class=\"column-2\">Columba<\/td><td class=\"column-3\">Dove<\/td><td class=\"column-4\">Phact (alpha Columbae)<\/td><td class=\"column-5\"><\/td>\n<\/tr>\n<tr class=\"row-70\">\n\t<td class=\"column-1\">Popa<\/td><td class=\"column-2\">Puppis<\/td><td class=\"column-3\">Stern<\/td><td class=\"column-4\">Naos (zeta Puppis)<\/td><td class=\"column-5\"><\/td>\n<\/tr>\n<tr class=\"row-71\">\n\t<td class=\"column-1\">Quilha<\/td><td class=\"column-2\">Carina<\/td><td class=\"column-3\">Keel<\/td><td class=\"column-4\">Canopus (alpha Carinae)<\/td><td class=\"column-5\"><\/td>\n<\/tr>\n<tr class=\"row-72\">\n\t<td class=\"column-1\">Raposa<\/td><td class=\"column-2\">Vulpecula<\/td><td class=\"column-3\">Fox<\/td><td class=\"column-4\">Anser (alpha Vulpeculae)<\/td><td class=\"column-5\"><\/td>\n<\/tr>\n<tr class=\"row-73\">\n\t<td class=\"column-1\">Rel\u00f3gio<\/td><td class=\"column-2\">Horologium<\/td><td class=\"column-3\">Pendulum Clock<\/td><td class=\"column-4\">alpha Horologii<\/td><td class=\"column-5\"><\/td>\n<\/tr>\n<tr class=\"row-74\">\n\t<td class=\"column-1\">Ret\u00edculo<\/td><td class=\"column-2\">Reticulum<\/td><td class=\"column-3\"><\/td><td class=\"column-4\">alpha Reticuli<\/td><td class=\"column-5\">ret\u00edculo \u00e9 um antigo aparelho para medir a posi\u00e7\u00e3o das estrelas<\/td>\n<\/tr>\n<tr class=\"row-75\">\n\t<td class=\"column-1\">Sagit\u00e1rio<\/td><td class=\"column-2\">Sagittarius<\/td><td class=\"column-3\">Archer<\/td><td class=\"column-4\">Kaus Australis (epsilon Sagittarii)<\/td><td class=\"column-5\">const. zodiacal<\/td>\n<\/tr>\n<tr class=\"row-76\">\n\t<td class=\"column-1\">Serpente<\/td><td class=\"column-2\">Serpens<\/td><td class=\"column-3\">Snake<\/td><td class=\"column-4\">Unukalhai (alpha Serpentis)<\/td><td class=\"column-5\"><\/td>\n<\/tr>\n<tr class=\"row-77\">\n\t<td class=\"column-1\">Serpente Marinha<\/td><td class=\"column-2\">Hydrus<\/td><td class=\"column-3\">Water Snake<\/td><td class=\"column-4\">beta Hydri<\/td><td class=\"column-5\"><\/td>\n<\/tr>\n<tr class=\"row-78\">\n\t<td class=\"column-1\">Sextante<\/td><td class=\"column-2\">Sextans<\/td><td class=\"column-3\">Sextant<\/td><td class=\"column-4\">alpha Sextantis<\/td><td class=\"column-5\"><\/td>\n<\/tr>\n<tr class=\"row-79\">\n\t<td class=\"column-1\">Ta\u00e7a<\/td><td class=\"column-2\">Crater<\/td><td class=\"column-3\">Cup<\/td><td class=\"column-4\">delta Crateris<\/td><td class=\"column-5\"><\/td>\n<\/tr>\n<tr class=\"row-80\">\n\t<td class=\"column-1\">Telesc\u00f3pio<\/td><td class=\"column-2\">Telescopium<\/td><td class=\"column-3\">Telescope<\/td><td class=\"column-4\">alpha Telescopii<\/td><td class=\"column-5\"><\/td>\n<\/tr>\n<tr class=\"row-81\">\n\t<td class=\"column-1\">Touro<\/td><td class=\"column-2\">Taurus<\/td><td class=\"column-3\">Bull<\/td><td class=\"column-4\">Aldebaran (alpha Tauri)<\/td><td class=\"column-5\">const. zodiacal<\/td>\n<\/tr>\n<tr class=\"row-82\">\n\t<td class=\"column-1\">Tri\u00e2ngulo<\/td><td class=\"column-2\">Triangulum<\/td><td class=\"column-3\">Triangle<\/td><td class=\"column-4\">beta Trianguli<\/td><td class=\"column-5\"><\/td>\n<\/tr>\n<tr class=\"row-83\">\n\t<td class=\"column-1\">Tri\u00e2ngulo Austral<\/td><td class=\"column-2\">Triangulum Australe<\/td><td class=\"column-3\">Southern Triangle<\/td><td class=\"column-4\">Atria (alpha Tianguli Australis)<\/td><td class=\"column-5\"><\/td>\n<\/tr>\n<tr class=\"row-84\">\n\t<td class=\"column-1\">Tucano<\/td><td class=\"column-2\">Tucana<\/td><td class=\"column-3\">Toucan<\/td><td class=\"column-4\">alpha Tucanae<\/td><td class=\"column-5\"><\/td>\n<\/tr>\n<tr class=\"row-85\">\n\t<td class=\"column-1\">Unic\u00f3rnio<\/td><td class=\"column-2\">Monoceros<\/td><td class=\"column-3\">Unicorn<\/td><td class=\"column-4\">beta Monocerotis<\/td><td class=\"column-5\"><\/td>\n<\/tr>\n<tr class=\"row-86\">\n\t<td class=\"column-1\">Ursa Maior<\/td><td class=\"column-2\">Ursa Major<\/td><td class=\"column-3\">Great Bear<\/td><td class=\"column-4\">Alioth (epsilon Ursae Majoris)<\/td><td class=\"column-5\"><\/td>\n<\/tr>\n<tr class=\"row-87\">\n\t<td class=\"column-1\">Ursa Menor<\/td><td class=\"column-2\">Ursa Minor<\/td><td class=\"column-3\">Lesses Bear<\/td><td class=\"column-4\">Polaris (North Star, Northern Star, Pole Star, Estrela Polar)<\/td><td class=\"column-5\">estrela que indica o Polo Norte; usada para navega\u00e7\u00e3o desde a Antiguidade<\/td>\n<\/tr>\n<tr class=\"row-88\">\n\t<td class=\"column-1\">Vela<\/td><td class=\"column-2\">Vela<\/td><td class=\"column-3\">Sails<\/td><td class=\"column-4\">Regor (gamma Velorum)<\/td><td class=\"column-5\"><\/td>\n<\/tr>\n<tr class=\"row-89\">\n\t<td class=\"column-1\">Virgem<\/td><td class=\"column-2\">Virgo<\/td><td class=\"column-3\">Virgin<\/td><td class=\"column-4\">Spica (alpha Viriginis)<\/td><td class=\"column-5\">const. zodiacal<\/td>\n<\/tr>\n<\/tbody>\n<\/table>\n<!-- #tablepress-341 from cache --><\/p>\n","protected":false},"excerpt":{"rendered":"<p>Na Astronomia moderna, as constela\u00e7\u00f5es se caracterizam por serem \u00e1reas da esfera celeste rigorosamente\u00a0 definidas pela Uni\u00e3o Astron\u00f4mica Internacional (UAI).&hellip;<\/p>\n","protected":false},"author":1,"featured_media":0,"parent":162,"menu_order":60,"comment_status":"closed","ping_status":"closed","template":"full-width.php","meta":{"footnotes":""},"class_list":["post-5832","page","type-page","status-publish","hentry"],"_links":{"self":[{"href":"https:\/\/cluny.com.br\/index.php?rest_route=\/wp\/v2\/pages\/5832","targetHints":{"allow":["GET"]}}],"collection":[{"href":"https:\/\/cluny.com.br\/index.php?rest_route=\/wp\/v2\/pages"}],"about":[{"href":"https:\/\/cluny.com.br\/index.php?rest_route=\/wp\/v2\/types\/page"}],"author":[{"embeddable":true,"href":"https:\/\/cluny.com.br\/index.php?rest_route=\/wp\/v2\/users\/1"}],"replies":[{"embeddable":true,"href":"https:\/\/cluny.com.br\/index.php?rest_route=%2Fwp%2Fv2%2Fcomments&post=5832"}],"version-history":[{"count":4,"href":"https:\/\/cluny.com.br\/index.php?rest_route=\/wp\/v2\/pages\/5832\/revisions"}],"predecessor-version":[{"id":24139,"href":"https:\/\/cluny.com.br\/index.php?rest_route=\/wp\/v2\/pages\/5832\/revisions\/24139"}],"up":[{"embeddable":true,"href":"https:\/\/cluny.com.br\/index.php?rest_route=\/wp\/v2\/pages\/162"}],"wp:attachment":[{"href":"https:\/\/cluny.com.br\/index.php?rest_route=%2Fwp%2Fv2%2Fmedia&parent=5832"}],"curies":[{"name":"wp","href":"https:\/\/api.w.org\/{rel}","templated":true}]}}