{"id":5797,"date":"2014-09-22T15:37:09","date_gmt":"2014-09-22T15:37:09","guid":{"rendered":"http:\/\/www.cluny.com.br\/?page_id=5797"},"modified":"2022-06-20T12:36:56","modified_gmt":"2022-06-20T15:36:56","slug":"objetos-de-ceu-profundo-deep-sky-objects","status":"publish","type":"page","link":"https:\/\/cluny.com.br\/?page_id=5797","title":{"rendered":"Objetos de C\u00e9u Profundo (deep-sky objects &#8211; DSO)"},"content":{"rendered":"\n<ul class=\"wp-block-list\"><li><strong>O que s\u00e3o<\/strong>:&nbsp; s\u00e3o corpos celestes localizados muito al\u00e9m do Sistema Solar e que tamb\u00e9m n\u00e3o se constituem em estrelas; s\u00e3o muito t\u00eanues e necessitam de telesc\u00f3pios para serem identificados; os principais s\u00e3o:<strong> aglomerados estelares, gal\u00e1xias<\/strong>, <strong>nebulosas<\/strong>, <strong>quasares<\/strong>, <strong>estrelas de n\u00eautrons<\/strong>, <strong>pulsares<\/strong> e <strong>buracos negros<\/strong>.<\/li><\/ul>\n\n\n\n<p>_________________________________________________________________________________________<\/p>\n\n\n\n<p class=\"has-text-align-left\">\u00a0 \u00a0 <strong><mark style=\"background-color:rgba(0, 0, 0, 0)\" class=\"has-inline-color has-vivid-red-color\">1) A<\/mark><\/strong><mark style=\"background-color:rgba(0, 0, 0, 0)\" class=\"has-inline-color has-vivid-red-color\"><strong>glomerados Estelares<\/strong> <\/mark>ou <strong><mark style=\"background-color:rgba(0, 0, 0, 0)\" class=\"has-inline-color has-vivid-red-color\">Nuvens de Estrelas<\/mark><\/strong>: grupos de centenas ou mesmo milhares de estrelas\u00a0 \u00a0   gravitacionalmente ligadas.<\/p>\n\n\n\n<p class=\"has-text-align-left\">\u00a0 <mark style=\"background-color:rgba(0, 0, 0, 0)\" class=\"has-inline-color has-vivid-red-color\">\u00a0 <strong>2) Gal\u00e1xias<\/strong><\/mark><strong>: <\/strong>aglomerados de bilh\u00f5es de estrelas e outros objetos astron\u00f4micos unidos por\u00a0for\u00e7as\u00a0 \u00a0               gravitacionais e girando em torno de um centro de massa comum. Estima-se que existam no Universo  cerca de  2 trilh\u00f5es de gal\u00e1xias que podem ser <em>espirais<\/em> (com bra\u00e7os) ou <em>el\u00edpticas<\/em> (sem bra\u00e7os).<\/p>\n\n\n\n<p class=\"has-text-align-left\"><em>Exemplos de gal\u00e1xias<\/em>:<\/p>\n\n\n\n<ul class=\"wp-block-list\"><li><strong>Via L\u00e1ctea<\/strong>: gal\u00e1xia de tipo espiral&nbsp; que cont\u00e9m o nosso Sistema Solar e a maior parte das estrelas vis\u00edveis no c\u00e9u; estima-se que contenha cerca de 200 bilh\u00f5es de estrelas sendo seu di\u00e2metro&nbsp; de 100 mil anos-luz.&nbsp; A Via L\u00e1ctea, por sua vez, faz parte de um aglomerado de gal\u00e1xias chamado de Grupo Local.<\/li><li><strong>Grupo Local<\/strong>: engloba cerca de 36 gal\u00e1xias incluindo a Via L\u00e1ctea, Andr\u00f4meda (M31), Triangulum (M33), Grande Nuvem de Magalh\u00e3es, Pequena Nuvem de Magalh\u00e3es (NGC 292).<br><span style=\"text-decoration: underline;\">obs.<\/span>: a dist\u00e2ncia do Sistema Solar \u00e0 Gal\u00e1xia de Andr\u00f4meda \u00e9 de cerca de 2,9 milh\u00f5es de ano-luz.<\/li><li><strong>Gal\u00e1xia de Bode<\/strong> (M 81): descoberta pelo astr\u00f4nomo alem\u00e3o Johann Bode em 1774; localizada na constela\u00e7\u00e3o de <strong>Ursa Maior<\/strong>;<\/li><li><strong>Gal\u00e1xia do Charuto<\/strong> (M 82): localizada na constela\u00e7\u00e3o de <strong>Ursa Maior<\/strong>;<\/li><li><strong>Gal\u00e1xia do Escultor<\/strong> (NGC 253): localizada na constela\u00e7\u00e3o de <strong>Escultor<\/strong>;<\/li><li><strong>Gal\u00e1xia do Olho Negro<\/strong> (Black Eye &#8211; M 64): localizada na constela\u00e7\u00e3o <strong>Cabeleira de Berenice<\/strong>;<\/li><li><strong>Gal\u00e1xia do Redemoinho<\/strong> (Whirlpool &#8211; M 51a): localizada na constela\u00e7\u00e3o de <strong>C\u00e3es de Ca\u00e7a;<\/strong><\/li><li><strong>Gal\u00e1xia do Sombrero<\/strong> (M 104): localizada na constela\u00e7\u00e3o de <strong>Virgem<\/strong>;<\/li><li><strong>Gal\u00e1xias das Antenas<\/strong> (NGC 4038 e NGC 4039): par de gal\u00e1xias em colis\u00e3o localizadas na constela\u00e7\u00e3o do <strong>Corvo;<\/strong><\/li><li><strong>Grande Gal\u00e1xia Espiral<\/strong> (NGC 123): localizada na constela\u00e7\u00e3o da <strong>Baleia<\/strong>;<\/li><li><strong>Objeto de Hoag<\/strong> (Hoag&#8217;s Object): localiza\u00e7\u00e3o na constela\u00e7\u00e3o da <strong>Serpente<\/strong>.<\/li><\/ul>\n\n\n\n<p><strong><mark style=\"background-color:rgba(0, 0, 0, 0)\" class=\"has-inline-color has-vivid-red-color\">3) Nebulosas:<\/mark> <\/strong>nuvens\u00a0 de g\u00e1s e poeira c\u00f3smica que, muitas vezes, s\u00e3o regi\u00f5es de forma\u00e7\u00e3o estelar.<\/p>\n\n\n\n<p><em>Exemplos de nebulosas:<\/em><\/p>\n\n\n\n<ul class=\"wp-block-list\"><li><strong>Nebulosa da \u00c1guia<\/strong> (M 16): localizada na constela\u00e7\u00e3o de <strong>Serpente<\/strong>; no interior desta nebulosa, existe uma regi\u00e3o de forma\u00e7\u00e3o estelar conhecida como &#8220;<em>Pilares da Cria\u00e7\u00e3o<\/em>&#8220;;<\/li><li><strong>Nebulosas da Alma<\/strong> (IC 1848) e do <strong>Cora\u00e7\u00e3o<\/strong>&nbsp; (IC 1805): localizadas na constela\u00e7\u00e3o de <strong>Perseu<\/strong>;<\/li><li><strong>Nebulosa do Anel<\/strong> (M 57); localizada na constela\u00e7\u00e3o de <strong>Lira<\/strong>;<\/li><li><strong>Nebulosa do Bumerangue<\/strong>; localizada na constela\u00e7\u00e3o de <strong>Centauro<\/strong>;<\/li><li><strong>Nebulosa de Cabe\u00e7a do Cavalo<\/strong> (Barnard 33); localizada na constela\u00e7\u00e3o de <strong>Orion<\/strong>;<\/li><li><strong>Nebulosa do Caranguejo<\/strong> (M 1); localizada na constela\u00e7\u00e3o do <strong>Touro<\/strong>;<\/li><li><strong>Nebulosa de Esquim\u00f3<\/strong>&nbsp; (Cara de Palha\u00e7o) (NGC 2392); localizada na constela\u00e7\u00e3o de <strong>G\u00eameos<\/strong>;<\/li><li><strong>Nebulosa de H\u00e9lix&nbsp;<\/strong> (NGC 7293); localizada na constela\u00e7\u00e3o <strong>Aqu\u00e1rio<\/strong>; \u00e0s vezes esta nebulosa \u00e9 chamada de &#8220;<em>Olho de Deus&#8221;;<\/em><\/li><li><strong>Nebulosa de Olho de Gato<\/strong> (NGC 6543); localizada na constela\u00e7\u00e3o do <strong>Drag\u00e3o<\/strong>;<\/li><li><strong>Nebulosa de Orion<\/strong> (M 42); localizada na constela\u00e7\u00e3o de <strong>Orion<\/strong>;<\/li><li><strong>Nebulosa da Tar\u00e2ntula<\/strong> (NGC 2070); localizada na constela\u00e7\u00e3o de <strong>Dourado <\/strong>e faz parte da <strong>Gal\u00e1xia da Grande Nuvem de Magalh\u00e3es<\/strong>.<\/li><\/ul>\n\n\n\n<p>\u00a0<strong><mark style=\"background-color:rgba(0, 0, 0, 0)\" class=\"has-inline-color has-vivid-red-color\">4) Quasares<\/mark>: <\/strong>objetos astron\u00f4micos muito distantes e intensamente energ\u00e9ticos e luminosos; s\u00e3o os\u00a0 \u00a0 maiores emissores de energia do Universo (<em>calcula-se que emitam cerca de mil vezes mais luz que uma gal\u00e1xia com bilh\u00f5es de estrelas<\/em>). <span style=\"text-decoration: underline;\">obs<\/span>.: <em>a palavra <strong>Quasar<\/strong> \u00e9 uma abreviatura de <strong>Quasi-Stellar Radio Source<\/strong> (fonte de r\u00e1dio quase-estelar).<\/em><\/p>\n\n\n\n<p><strong><mark style=\"background-color:rgba(0, 0, 0, 0)\" class=\"has-inline-color has-vivid-red-color\">5) Estrelas de N\u00eautrons<\/mark>: <\/strong>estrelas pequenas e intensamente brilhantes constitu\u00edda de part\u00edculas\u00a0 subat\u00f4micas denominadas n\u00eautrons;\u00a0 acredita-se que estes objetos sejam criados quando uma estrela gigante se extingue numa supernova.<em><br><span style=\"text-decoration: underline;\">obs<\/span>.: os pulsares s\u00e3o um tipo de estrela de n\u00eautron.<\/em><\/p>\n\n\n\n<p><strong><mark style=\"background-color:rgba(0, 0, 0, 0)\" class=\"has-inline-color has-vivid-red-color\">6) Pulsares<\/mark><\/strong>: estrelas de n\u00eautrons\u00a0 muito pequenas e densas que emitem pulsos de ondas de r\u00e1dio e outras radia\u00e7\u00f5es enquanto giram\u00a0 muito rapidamente em torno de seu eixo; a\u00a0 energia emitida por um pulsar\u00a0 se espalha no espa\u00e7o como um feixe de luz de um farol mar\u00edtimo;\u00a0 quando este feixe incide sobre a Terra, o pulsar pode ser detectado atrav\u00e9s de radiotelesc\u00f3pios.<\/p>\n\n\n\n<p class=\"has-text-align-left\"><strong><mark style=\"background-color:rgba(0, 0, 0, 0)\" class=\"has-inline-color has-vivid-red-color\">7) Buracos Negros<\/mark><\/strong>:  regi\u00e3o do espa\u00e7o em que o campo gravitacional \u00e9 t\u00e3o intenso que nada \u2014 nenhuma part\u00edcula ou radia\u00e7\u00e3o eletromagn\u00e9tica como a luz \u2014 pode escapar.<\/p>\n\n\n\n<p><\/p>\n","protected":false},"excerpt":{"rendered":"<p>O que s\u00e3o:&nbsp; s\u00e3o corpos celestes localizados muito al\u00e9m do Sistema Solar e que tamb\u00e9m n\u00e3o se constituem em estrelas;&hellip;<\/p>\n","protected":false},"author":1,"featured_media":25785,"parent":5697,"menu_order":25,"comment_status":"closed","ping_status":"closed","template":"full-width.php","meta":{"footnotes":""},"class_list":["post-5797","page","type-page","status-publish","has-post-thumbnail","hentry"],"_links":{"self":[{"href":"https:\/\/cluny.com.br\/index.php?rest_route=\/wp\/v2\/pages\/5797","targetHints":{"allow":["GET"]}}],"collection":[{"href":"https:\/\/cluny.com.br\/index.php?rest_route=\/wp\/v2\/pages"}],"about":[{"href":"https:\/\/cluny.com.br\/index.php?rest_route=\/wp\/v2\/types\/page"}],"author":[{"embeddable":true,"href":"https:\/\/cluny.com.br\/index.php?rest_route=\/wp\/v2\/users\/1"}],"replies":[{"embeddable":true,"href":"https:\/\/cluny.com.br\/index.php?rest_route=%2Fwp%2Fv2%2Fcomments&post=5797"}],"version-history":[{"count":30,"href":"https:\/\/cluny.com.br\/index.php?rest_route=\/wp\/v2\/pages\/5797\/revisions"}],"predecessor-version":[{"id":25800,"href":"https:\/\/cluny.com.br\/index.php?rest_route=\/wp\/v2\/pages\/5797\/revisions\/25800"}],"up":[{"embeddable":true,"href":"https:\/\/cluny.com.br\/index.php?rest_route=\/wp\/v2\/pages\/5697"}],"wp:featuredmedia":[{"embeddable":true,"href":"https:\/\/cluny.com.br\/index.php?rest_route=\/wp\/v2\/media\/25785"}],"wp:attachment":[{"href":"https:\/\/cluny.com.br\/index.php?rest_route=%2Fwp%2Fv2%2Fmedia&parent=5797"}],"curies":[{"name":"wp","href":"https:\/\/api.w.org\/{rel}","templated":true}]}}