{"id":5782,"date":"2014-09-22T12:14:09","date_gmt":"2014-09-22T12:14:09","guid":{"rendered":"http:\/\/www.cluny.com.br\/?page_id=5782"},"modified":"2024-07-16T17:45:08","modified_gmt":"2024-07-16T20:45:08","slug":"planetas","status":"publish","type":"page","link":"https:\/\/cluny.com.br\/?page_id=5782","title":{"rendered":"Planetas"},"content":{"rendered":"<ul>\n<li>\u00a0<strong>O que s\u00e3o<\/strong>: planetas s\u00e3o corpos celestes que orbitam as estrelas;\u00a0 n\u00e3o possuem luz pr\u00f3pria, apenas refletindo a luz da estrela \u00e0 qual orbitam, sendo essa a principal caracter\u00edstica\u00a0 que os distingue das estrelas.<\/li>\n<\/ul>\n<ul>\n<li><strong>Planetas solares<\/strong>:\u00a0 s\u00e3o oito os planetas\u00a0 que orbitam ao redor do Sol: <strong>Merc\u00fario<\/strong>, <strong>V\u00eanus<\/strong>, <strong>Terra<\/strong>, <strong>Marte<\/strong>, <strong>J\u00fapiter,<\/strong> <strong>Saturno<\/strong>, <strong>Urano<\/strong>, <strong>Netuno<\/strong>.<\/li>\n<\/ul>\n<p style=\"text-align: left; padding-left: 30px;\"><em><span style=\"text-decoration: underline;\">obs<\/span><strong>.: Plut\u00e3o<\/strong>, anteriormente considerado o nono planeta, foi reclassificado pela Uni\u00e3o Astron\u00f4mica Internacional (UAI) em 2006 como <strong>planeta-an\u00e3o; <\/strong>al\u00e9m de Plut\u00e3o, encontram-se\u00a0 nessa categoria: <strong>Ceres<\/strong>, <strong>Haumea<\/strong>, <strong>Makemake<\/strong> e <strong>\u00c9ris<\/strong>.<\/em><\/p>\n<ul>\n<li><strong>Exoplanetas ou planetas extra-solares<\/strong>: s\u00e3o planetas que orbitam outras estrelas; como n\u00e3o possuem luz pr\u00f3pria, s\u00e3o muito dif\u00edceis de serem descobertos; o m\u00e9todo mais empregado para localiz\u00e1-los \u00e9 atrav\u00e9s da observa\u00e7\u00e3o do deslocamento da estrela em torno do centro de gravidade do sistema estelar.<\/li>\n<\/ul>\n<p style=\"padding-left: 30px;\"><span style=\"text-decoration: underline;\">obs<\/span>.: at\u00e9 abril de 2024, j\u00e1 tinham sido confirmados 5660 exoplanetas!<\/p>\n<ul>\n<li>\u00a0<strong>Planetas circumbin\u00e1rios:<\/strong> s\u00e3o planetas que giram ao redor de duas estrelas (estrelas bin\u00e1rias)<\/li>\n<\/ul>\n<p style=\"padding-left: 30px;\">\n","protected":false},"excerpt":{"rendered":"<p>\u00a0O que s\u00e3o: planetas s\u00e3o corpos celestes que orbitam as estrelas;\u00a0 n\u00e3o possuem luz pr\u00f3pria, apenas refletindo a luz da&hellip;<\/p>\n","protected":false},"author":1,"featured_media":25769,"parent":5697,"menu_order":20,"comment_status":"closed","ping_status":"closed","template":"full-width.php","meta":{"footnotes":""},"class_list":["post-5782","page","type-page","status-publish","has-post-thumbnail","hentry"],"_links":{"self":[{"href":"https:\/\/cluny.com.br\/index.php?rest_route=\/wp\/v2\/pages\/5782","targetHints":{"allow":["GET"]}}],"collection":[{"href":"https:\/\/cluny.com.br\/index.php?rest_route=\/wp\/v2\/pages"}],"about":[{"href":"https:\/\/cluny.com.br\/index.php?rest_route=\/wp\/v2\/types\/page"}],"author":[{"embeddable":true,"href":"https:\/\/cluny.com.br\/index.php?rest_route=\/wp\/v2\/users\/1"}],"replies":[{"embeddable":true,"href":"https:\/\/cluny.com.br\/index.php?rest_route=%2Fwp%2Fv2%2Fcomments&post=5782"}],"version-history":[{"count":16,"href":"https:\/\/cluny.com.br\/index.php?rest_route=\/wp\/v2\/pages\/5782\/revisions"}],"predecessor-version":[{"id":27354,"href":"https:\/\/cluny.com.br\/index.php?rest_route=\/wp\/v2\/pages\/5782\/revisions\/27354"}],"up":[{"embeddable":true,"href":"https:\/\/cluny.com.br\/index.php?rest_route=\/wp\/v2\/pages\/5697"}],"wp:featuredmedia":[{"embeddable":true,"href":"https:\/\/cluny.com.br\/index.php?rest_route=\/wp\/v2\/media\/25769"}],"wp:attachment":[{"href":"https:\/\/cluny.com.br\/index.php?rest_route=%2Fwp%2Fv2%2Fmedia&parent=5782"}],"curies":[{"name":"wp","href":"https:\/\/api.w.org\/{rel}","templated":true}]}}