{"id":5762,"date":"2014-09-21T22:46:22","date_gmt":"2014-09-21T22:46:22","guid":{"rendered":"http:\/\/www.cluny.com.br\/?page_id=5762"},"modified":"2016-12-04T11:38:09","modified_gmt":"2016-12-04T11:38:09","slug":"maiores-estrelas","status":"publish","type":"page","link":"https:\/\/cluny.com.br\/?page_id=5762","title":{"rendered":"Maiores estrelas  (unid. compara\u00e7\u00e3o = raio solar)"},"content":{"rendered":"\n<table id=\"tablepress-339\" class=\"tablepress tablepress-id-339\">\n<thead>\n<tr class=\"row-1\">\n\t<td class=\"column-1\"><\/td><td class=\"column-2\"><\/td><td class=\"column-3\"><\/td>\n<\/tr>\n<\/thead>\n<tbody class=\"row-striping row-hover\">\n<tr class=\"row-2\">\n\t<td class=\"column-1\"><\/td><td class=\"column-2\"><\/td><td class=\"column-3\"><\/td>\n<\/tr>\n<tr class=\"row-3\">\n\t<td class=\"column-1\"><\/td><td class=\"column-2\"><\/td><td class=\"column-3\"><\/td>\n<\/tr>\n<tr class=\"row-4\">\n\t<td class=\"column-1\"><strong>Maiores estrelas identificadas<\/strong><\/td><td class=\"column-2\"><strong>quantas vezes > o Sol<\/strong><\/td><td class=\"column-3\"><strong>Localiza\u00e7\u00e3o (constela\u00e7\u00e3o)<\/strong><\/td>\n<\/tr>\n<tr class=\"row-5\">\n\t<td class=\"column-1\">Sol <em>(raio solar = 1)<\/em><\/td><td class=\"column-2\"><\/td><td class=\"column-3\"><\/td>\n<\/tr>\n<tr class=\"row-6\">\n\t<td class=\"column-1\">1-STEPHENSON 2-18<br \/>\n<\/td><td class=\"column-2\">2150<br \/>\n<\/td><td class=\"column-3\">Escudo<\/td>\n<\/tr>\n<tr class=\"row-7\">\n\t<td class=\"column-1\">2-UY Scuti<br \/>\n<\/td><td class=\"column-2\">1708<br \/>\n<\/td><td class=\"column-3\">Escudo<br \/>\n<\/td>\n<\/tr>\n<tr class=\"row-8\">\n\t<td class=\"column-1\">3-NML Cygni<\/td><td class=\"column-2\">1650<\/td><td class=\"column-3\">Cisne<\/td>\n<\/tr>\n<tr class=\"row-9\">\n\t<td class=\"column-1\">4-WOH G64<\/td><td class=\"column-2\">1540<\/td><td class=\"column-3\">Grande Nuvem de Magalh\u00e3es<br \/>\n<\/td>\n<\/tr>\n<tr class=\"row-10\">\n\t<td class=\"column-1\">5-VY Canis Majoris<\/td><td class=\"column-2\">1420<\/td><td class=\"column-3\">C\u00e3o Maior<\/td>\n<\/tr>\n<tr class=\"row-11\">\n\t<td class=\"column-1\">6-AH Scorpii<br \/>\n<\/td><td class=\"column-2\">1411<\/td><td class=\"column-3\">Escorpi\u00e3o<\/td>\n<\/tr>\n<tr class=\"row-12\">\n\t<td class=\"column-1\">7-VG Sagittarii<\/td><td class=\"column-2\">1356<\/td><td class=\"column-3\">Sagit\u00e1rio<\/td>\n<\/tr>\n<tr class=\"row-13\">\n\t<td class=\"column-1\">8-Mu Cephei<br \/>\n<\/td><td class=\"column-2\">1260<\/td><td class=\"column-3\">Cefeu<\/td>\n<\/tr>\n<tr class=\"row-14\">\n\t<td class=\"column-1\">9-KY Cygni<\/td><td class=\"column-2\">1033<\/td><td class=\"column-3\">Cisne<\/td>\n<\/tr>\n<tr class=\"row-15\">\n\t<td class=\"column-1\">10-RW Cephei<\/td><td class=\"column-2\">940<\/td><td class=\"column-3\">Cefeu<\/td>\n<\/tr>\n<tr class=\"row-16\">\n\t<td class=\"column-1\"><strong>Entre as estrelas mais conhecidas, as duas maiores s\u00e3o:<\/strong><em><\/td><td class=\"column-2\"><\/td><td class=\"column-3\"><\/td>\n<\/tr>\n<tr class=\"row-17\">\n\t<td class=\"column-1\">Betelgeuse (alpha Orionis)<\/td><td class=\"column-2\">764<\/td><td class=\"column-3\">\u00d3rion<\/td>\n<\/tr>\n<tr class=\"row-18\">\n\t<td class=\"column-1\">Antares  (alpha Scorpii)<\/td><td class=\"column-2\">680<\/td><td class=\"column-3\">Escorpi\u00e3o<\/td>\n<\/tr>\n<\/tbody>\n<\/table>\n<!-- #tablepress-339 from cache -->\n","protected":false},"excerpt":{"rendered":"","protected":false},"author":1,"featured_media":0,"parent":5713,"menu_order":12,"comment_status":"closed","ping_status":"closed","template":"full-width.php","meta":{"footnotes":""},"class_list":["post-5762","page","type-page","status-publish","hentry"],"_links":{"self":[{"href":"https:\/\/cluny.com.br\/index.php?rest_route=\/wp\/v2\/pages\/5762","targetHints":{"allow":["GET"]}}],"collection":[{"href":"https:\/\/cluny.com.br\/index.php?rest_route=\/wp\/v2\/pages"}],"about":[{"href":"https:\/\/cluny.com.br\/index.php?rest_route=\/wp\/v2\/types\/page"}],"author":[{"embeddable":true,"href":"https:\/\/cluny.com.br\/index.php?rest_route=\/wp\/v2\/users\/1"}],"replies":[{"embeddable":true,"href":"https:\/\/cluny.com.br\/index.php?rest_route=%2Fwp%2Fv2%2Fcomments&post=5762"}],"version-history":[{"count":2,"href":"https:\/\/cluny.com.br\/index.php?rest_route=\/wp\/v2\/pages\/5762\/revisions"}],"predecessor-version":[{"id":13632,"href":"https:\/\/cluny.com.br\/index.php?rest_route=\/wp\/v2\/pages\/5762\/revisions\/13632"}],"up":[{"embeddable":true,"href":"https:\/\/cluny.com.br\/index.php?rest_route=\/wp\/v2\/pages\/5713"}],"wp:attachment":[{"href":"https:\/\/cluny.com.br\/index.php?rest_route=%2Fwp%2Fv2%2Fmedia&parent=5762"}],"curies":[{"name":"wp","href":"https:\/\/api.w.org\/{rel}","templated":true}]}}