{"id":5748,"date":"2014-09-21T22:30:17","date_gmt":"2014-09-21T22:30:17","guid":{"rendered":"http:\/\/www.cluny.com.br\/?page_id=5748"},"modified":"2014-09-21T22:39:29","modified_gmt":"2014-09-21T22:39:29","slug":"estrelas-mais-brilhantes","status":"publish","type":"page","link":"https:\/\/cluny.com.br\/?page_id=5748","title":{"rendered":"Estrelas mais brilhantes"},"content":{"rendered":"<address>O brilho de uma estrela \u00e9 medido pela sua <span style=\"text-decoration: underline;\"><strong>magnitude visual aparente<\/strong><\/span>; quanto menor for o n\u00famero, mais brilhante \u00e9.<\/address>\n<p>&nbsp;<\/p>\n\n<table id=\"tablepress-338\" class=\"tablepress tablepress-id-338\">\n<thead>\n<tr class=\"row-1\">\n\t<th class=\"column-1\">Estrela<\/th><th class=\"column-2\">Magnitude  <\/th><th class=\"column-3\">Localiza\u00e7\u00e3o (constela\u00e7\u00e3o)<\/th>\n<\/tr>\n<\/thead>\n<tbody class=\"row-striping row-hover\">\n<tr class=\"row-2\">\n\t<td class=\"column-1\">Sol<em> (magnitude visual = <strong>-26<\/strong>)<\/em><\/td><td class=\"column-2\"><\/td><td class=\"column-3\"><\/td>\n<\/tr>\n<tr class=\"row-3\">\n\t<td class=\"column-1\">1- Sirius<\/td><td class=\"column-2\">-1,46<\/td><td class=\"column-3\">C\u00e3o Maior<\/td>\n<\/tr>\n<tr class=\"row-4\">\n\t<td class=\"column-1\">2- Canopus<\/td><td class=\"column-2\">-0,72<\/td><td class=\"column-3\">Quilha (Carina)<\/td>\n<\/tr>\n<tr class=\"row-5\">\n\t<td class=\"column-1\">3- Rigel Kent (alpha Centauri)<\/td><td class=\"column-2\">-0,27<\/td><td class=\"column-3\">Centauro<\/td>\n<\/tr>\n<tr class=\"row-6\">\n\t<td class=\"column-1\">4- Arcturus<\/td><td class=\"column-2\">-0,04<\/td><td class=\"column-3\">Boieiro (Bo\u00f6tes)<\/td>\n<\/tr>\n<tr class=\"row-7\">\n\t<td class=\"column-1\">5- Vega<\/td><td class=\"column-2\">0,03<\/td><td class=\"column-3\">Lira<\/td>\n<\/tr>\n<tr class=\"row-8\">\n\t<td class=\"column-1\">6- Capella<\/td><td class=\"column-2\">0,08<\/td><td class=\"column-3\">Cocheiro (Auriga)<\/td>\n<\/tr>\n<tr class=\"row-9\">\n\t<td class=\"column-1\">7- Rigel<\/td><td class=\"column-2\">0,12<\/td><td class=\"column-3\">Orion<\/td>\n<\/tr>\n<tr class=\"row-10\">\n\t<td class=\"column-1\">8- Pr\u00f3cion<\/td><td class=\"column-2\">0,38<\/td><td class=\"column-3\">C\u00e3o Menor<\/td>\n<\/tr>\n<tr class=\"row-11\">\n\t<td class=\"column-1\">9- Achernar<\/td><td class=\"column-2\">0,46<\/td><td class=\"column-3\">Eridano<\/td>\n<\/tr>\n<tr class=\"row-12\">\n\t<td class=\"column-1\">10- Betelgeuse<\/td><td class=\"column-2\">0,5<\/td><td class=\"column-3\">Orion<\/td>\n<\/tr>\n<tr class=\"row-13\">\n\t<td class=\"column-1\">11- Hadar (beta Centauri)<\/td><td class=\"column-2\">0,61<\/td><td class=\"column-3\">Centauro<\/td>\n<\/tr>\n<tr class=\"row-14\">\n\t<td class=\"column-1\">12- Acrux (Estrela de Magalh\u00e3es)<\/td><td class=\"column-2\">0,75<\/td><td class=\"column-3\">Cruzeiro doSul<\/td>\n<\/tr>\n<tr class=\"row-15\">\n\t<td class=\"column-1\">13- Altair<\/td><td class=\"column-2\">0,93<\/td><td class=\"column-3\">\u00c1guia<\/td>\n<\/tr>\n<tr class=\"row-16\">\n\t<td class=\"column-1\">14- Aldebaran<\/td><td class=\"column-2\">0,99<\/td><td class=\"column-3\">Touro<\/td>\n<\/tr>\n<tr class=\"row-17\">\n\t<td class=\"column-1\">15- Spica<\/td><td class=\"column-2\">1,06<\/td><td class=\"column-3\">Virgem<\/td>\n<\/tr>\n<tr class=\"row-18\">\n\t<td class=\"column-1\">16- Antares<\/td><td class=\"column-2\">1,06<\/td><td class=\"column-3\">Escorpi\u00e3o<\/td>\n<\/tr>\n<tr class=\"row-19\">\n\t<td class=\"column-1\">17- Pollux<\/td><td class=\"column-2\">1,22<\/td><td class=\"column-3\">G\u00eameos<\/td>\n<\/tr>\n<tr class=\"row-20\">\n\t<td class=\"column-1\">18- Fomalhaut<\/td><td class=\"column-2\">1,23<\/td><td class=\"column-3\">Peixe Austral<\/td>\n<\/tr>\n<tr class=\"row-21\">\n\t<td class=\"column-1\">19- Mimosa (beta Crucis)<\/td><td class=\"column-2\">1,31<\/td><td class=\"column-3\">Cruzeiro do Sul<\/td>\n<\/tr>\n<tr class=\"row-22\">\n\t<td class=\"column-1\">20- Deneb<\/td><td class=\"column-2\">1,33<\/td><td class=\"column-3\">Cisne<\/td>\n<\/tr>\n<tr class=\"row-23\">\n\t<td class=\"column-1\">21- Regulus<\/td><td class=\"column-2\">1,41<\/td><td class=\"column-3\">Le\u00e3o<\/td>\n<\/tr>\n<tr class=\"row-24\">\n\t<td class=\"column-1\">22- Adhara<\/td><td class=\"column-2\">1,52<\/td><td class=\"column-3\">C\u00e3o Maior<\/td>\n<\/tr>\n<tr class=\"row-25\">\n\t<td class=\"column-1\">23- Castor<\/td><td class=\"column-2\">1,58<\/td><td class=\"column-3\">G\u00eameos<\/td>\n<\/tr>\n<tr class=\"row-26\">\n\t<td class=\"column-1\">24- Shaula<\/td><td class=\"column-2\">1,63<\/td><td class=\"column-3\">Escorpi\u00e3o<\/td>\n<\/tr>\n<tr class=\"row-27\">\n\t<td class=\"column-1\">25- Gacrux<\/td><td class=\"column-2\">1,65<\/td><td class=\"column-3\">Cruzeiro do Sul<\/td>\n<\/tr>\n<\/tbody>\n<\/table>\n<!-- #tablepress-338 from cache -->\n<p>&nbsp;<\/p>\n<p><em>\u00a0<\/em><\/p>\n","protected":false},"excerpt":{"rendered":"<p>O brilho de uma estrela \u00e9 medido pela sua magnitude visual aparente; quanto menor for o n\u00famero, mais brilhante \u00e9.&hellip;<\/p>\n","protected":false},"author":1,"featured_media":0,"parent":162,"menu_order":10,"comment_status":"closed","ping_status":"closed","template":"full-width.php","meta":{"footnotes":""},"class_list":["post-5748","page","type-page","status-publish","hentry"],"_links":{"self":[{"href":"https:\/\/cluny.com.br\/index.php?rest_route=\/wp\/v2\/pages\/5748","targetHints":{"allow":["GET"]}}],"collection":[{"href":"https:\/\/cluny.com.br\/index.php?rest_route=\/wp\/v2\/pages"}],"about":[{"href":"https:\/\/cluny.com.br\/index.php?rest_route=\/wp\/v2\/types\/page"}],"author":[{"embeddable":true,"href":"https:\/\/cluny.com.br\/index.php?rest_route=\/wp\/v2\/users\/1"}],"replies":[{"embeddable":true,"href":"https:\/\/cluny.com.br\/index.php?rest_route=%2Fwp%2Fv2%2Fcomments&post=5748"}],"version-history":[{"count":5,"href":"https:\/\/cluny.com.br\/index.php?rest_route=\/wp\/v2\/pages\/5748\/revisions"}],"predecessor-version":[{"id":5756,"href":"https:\/\/cluny.com.br\/index.php?rest_route=\/wp\/v2\/pages\/5748\/revisions\/5756"}],"up":[{"embeddable":true,"href":"https:\/\/cluny.com.br\/index.php?rest_route=\/wp\/v2\/pages\/162"}],"wp:attachment":[{"href":"https:\/\/cluny.com.br\/index.php?rest_route=%2Fwp%2Fv2%2Fmedia&parent=5748"}],"curies":[{"name":"wp","href":"https:\/\/api.w.org\/{rel}","templated":true}]}}