{"id":5730,"date":"2014-09-21T12:57:57","date_gmt":"2014-09-21T12:57:57","guid":{"rendered":"http:\/\/www.cluny.com.br\/?page_id=5730"},"modified":"2014-09-21T12:57:57","modified_gmt":"2014-09-21T12:57:57","slug":"estrelas-mais-proximas-da-terra","status":"publish","type":"page","link":"https:\/\/cluny.com.br\/?page_id=5730","title":{"rendered":"Estrelas mais pr\u00f3ximas da Terra"},"content":{"rendered":"\n<table id=\"tablepress-337\" class=\"tablepress tablepress-id-337\">\n<thead>\n<tr class=\"row-1\">\n\t<th class=\"column-1\">Estrela<\/th><th class=\"column-2\">Anos-luz de dist\u00e2ncia<\/th><th class=\"column-3\">Localiza\u00e7\u00e3o (constela\u00e7\u00e3o)<\/th>\n<\/tr>\n<\/thead>\n<tbody class=\"row-striping row-hover\">\n<tr class=\"row-2\">\n\t<td class=\"column-1\">Sol <em>(estrela mais pr\u00f3xima da Terra ficando a apenas 8 minutos-luz de dist\u00e2ncia)<\/em><\/td><td class=\"column-2\">***<\/td><td class=\"column-3\"><\/td>\n<\/tr>\n<tr class=\"row-3\">\n\t<td class=\"column-1\">1-Pr\u00f3xima de Centauro (Alfa de Centauro C)<\/td><td class=\"column-2\">4,22<\/td><td class=\"column-3\">Centauro<\/td>\n<\/tr>\n<tr class=\"row-4\">\n\t<td class=\"column-1\">2-Alfa de Centauro (A e B)<\/td><td class=\"column-2\">4,4<\/td><td class=\"column-3\">Centauro<\/td>\n<\/tr>\n<tr class=\"row-5\">\n\t<td class=\"column-1\">3-Estrela de Barnard<\/td><td class=\"column-2\">5,9<\/td><td class=\"column-3\">Ofi\u00faco<\/td>\n<\/tr>\n<tr class=\"row-6\">\n\t<td class=\"column-1\">4-Wolf 359<\/td><td class=\"column-2\">7,8<\/td><td class=\"column-3\">Le\u00e3o<\/td>\n<\/tr>\n<tr class=\"row-7\">\n\t<td class=\"column-1\">5-Lalande 21185<\/td><td class=\"column-2\">8,3<\/td><td class=\"column-3\">Ursa Maior<\/td>\n<\/tr>\n<tr class=\"row-8\">\n\t<td class=\"column-1\">6-Sirius<\/td><td class=\"column-2\">8,58<\/td><td class=\"column-3\">C\u00e3o Maior<\/td>\n<\/tr>\n<tr class=\"row-9\">\n\t<td class=\"column-1\">7-Luyten 726-8<\/td><td class=\"column-2\">8,7<\/td><td class=\"column-3\">Baleia (Cetus)<\/td>\n<\/tr>\n<tr class=\"row-10\">\n\t<td class=\"column-1\">8-Wise 1541-2250<\/td><td class=\"column-2\">9,3<\/td><td class=\"column-3\">Balan\u00e7a (Libra)<\/td>\n<\/tr>\n<\/tbody>\n<\/table>\n<!-- #tablepress-337 from cache -->\n","protected":false},"excerpt":{"rendered":"","protected":false},"author":1,"featured_media":0,"parent":162,"menu_order":8,"comment_status":"closed","ping_status":"closed","template":"full-width.php","meta":{"footnotes":""},"class_list":["post-5730","page","type-page","status-publish","hentry"],"_links":{"self":[{"href":"https:\/\/cluny.com.br\/index.php?rest_route=\/wp\/v2\/pages\/5730","targetHints":{"allow":["GET"]}}],"collection":[{"href":"https:\/\/cluny.com.br\/index.php?rest_route=\/wp\/v2\/pages"}],"about":[{"href":"https:\/\/cluny.com.br\/index.php?rest_route=\/wp\/v2\/types\/page"}],"author":[{"embeddable":true,"href":"https:\/\/cluny.com.br\/index.php?rest_route=\/wp\/v2\/users\/1"}],"replies":[{"embeddable":true,"href":"https:\/\/cluny.com.br\/index.php?rest_route=%2Fwp%2Fv2%2Fcomments&post=5730"}],"version-history":[{"count":1,"href":"https:\/\/cluny.com.br\/index.php?rest_route=\/wp\/v2\/pages\/5730\/revisions"}],"predecessor-version":[{"id":5731,"href":"https:\/\/cluny.com.br\/index.php?rest_route=\/wp\/v2\/pages\/5730\/revisions\/5731"}],"up":[{"embeddable":true,"href":"https:\/\/cluny.com.br\/index.php?rest_route=\/wp\/v2\/pages\/162"}],"wp:attachment":[{"href":"https:\/\/cluny.com.br\/index.php?rest_route=%2Fwp%2Fv2%2Fmedia&parent=5730"}],"curies":[{"name":"wp","href":"https:\/\/api.w.org\/{rel}","templated":true}]}}