{"id":5697,"date":"2014-09-20T15:35:39","date_gmt":"2014-09-20T15:35:39","guid":{"rendered":"http:\/\/www.cluny.com.br\/?page_id=5697"},"modified":"2022-06-20T12:29:55","modified_gmt":"2022-06-20T15:29:55","slug":"o-universo-estrelas-galaxias-e-outros-corpos-celestes","status":"publish","type":"page","link":"https:\/\/cluny.com.br\/?page_id=5697","title":{"rendered":"O Universo: conceitos b\u00e1sicos e principais corpos celestes"},"content":{"rendered":"<ul>\n<li><em><strong>Universo<\/strong><\/em> \u00e9 tudo o que existe: o espa\u00e7o e todas as formas de&nbsp; mat\u00e9ria e energia.<\/li>\n<\/ul>\n<ul>\n<li><em><strong>Cosmologia<\/strong><\/em>: ramo da Astronomia que estuda a origem, estrutura e evolu\u00e7\u00e3o do Universo.<\/li>\n<\/ul>\n<ul>\n<li><strong>Origens<\/strong>: dentre as diversas teorias sobre a origem do Universo, a mais aceita atualmente \u00e9 a do &#8220;<em>Big Bang<\/em>&#8220;, segundo a qual, o Universo surgiu h\u00e1 13,8 bilh\u00f5es de anos numa violenta explos\u00e3o c\u00f3smica.<\/li>\n<\/ul>\n<ul>\n<li><strong>Corpos celestes<\/strong>: os principais s\u00e3o as <a title=\"Estrelas\" href=\"http:\/\/www.cluny.com.br\/?page_id=5713\"><strong>estrelas<\/strong><\/a>, os <a title=\"Planetas\" href=\"http:\/\/www.cluny.com.br\/?page_id=5782\"><strong>planetas<\/strong><\/a> e os chamados <a title=\"Objetos de C\u00e9u Profundo (deep-sky objects \u2013 DSO)\" href=\"http:\/\/www.cluny.com.br\/?page_id=5797\"><strong>objetos de c\u00e9u profundo<\/strong><\/a>: <em>aglomerados estelares, gal\u00e1xias, nebulosas, quasares, estrelas de n\u00eautrons, pulsares e buracos negros<\/em>.<br \/>\n<em>(<span style=\"text-decoration: underline;\">obs<\/span>.: ao tratarmos do Sistema Solar,&nbsp; alguns outros corpos celestes ser\u00e3o abordados como sat\u00e9lites, asteroides, cometas, meteoroides).<\/em><\/li>\n<\/ul>\n<ul>\n<li><strong>Medidas c\u00f3smicas<\/strong>: as principais s\u00e3o a <strong><em>velocidade da luz<\/em><\/strong> (300 mil km \/ seg); a <strong><em>unidade astron\u00f4mica<\/em><\/strong> (dist\u00e2ncia da Terra ao Sol = 149 milh\u00f5es km); o <em><strong>ano-luz<\/strong> (abre<\/em>v: ly = light-year<em>)&nbsp; <\/em>(dist\u00e2ncia que a luz percorre em um ano = 9,5 trilh\u00f5es km) e o <strong><em>parsec<\/em><\/strong>&nbsp;(3,26 anos-luz)<\/li>\n<\/ul>\n","protected":false},"excerpt":{"rendered":"<p>Universo \u00e9 tudo o que existe: o espa\u00e7o e todas as formas de&nbsp; mat\u00e9ria e energia. Cosmologia: ramo da Astronomia&hellip;<\/p>\n","protected":false},"author":1,"featured_media":25787,"parent":162,"menu_order":5,"comment_status":"closed","ping_status":"closed","template":"full-width.php","meta":{"footnotes":""},"class_list":["post-5697","page","type-page","status-publish","has-post-thumbnail","hentry"],"_links":{"self":[{"href":"https:\/\/cluny.com.br\/index.php?rest_route=\/wp\/v2\/pages\/5697","targetHints":{"allow":["GET"]}}],"collection":[{"href":"https:\/\/cluny.com.br\/index.php?rest_route=\/wp\/v2\/pages"}],"about":[{"href":"https:\/\/cluny.com.br\/index.php?rest_route=\/wp\/v2\/types\/page"}],"author":[{"embeddable":true,"href":"https:\/\/cluny.com.br\/index.php?rest_route=\/wp\/v2\/users\/1"}],"replies":[{"embeddable":true,"href":"https:\/\/cluny.com.br\/index.php?rest_route=%2Fwp%2Fv2%2Fcomments&post=5697"}],"version-history":[{"count":13,"href":"https:\/\/cluny.com.br\/index.php?rest_route=\/wp\/v2\/pages\/5697\/revisions"}],"predecessor-version":[{"id":25788,"href":"https:\/\/cluny.com.br\/index.php?rest_route=\/wp\/v2\/pages\/5697\/revisions\/25788"}],"up":[{"embeddable":true,"href":"https:\/\/cluny.com.br\/index.php?rest_route=\/wp\/v2\/pages\/162"}],"wp:featuredmedia":[{"embeddable":true,"href":"https:\/\/cluny.com.br\/index.php?rest_route=\/wp\/v2\/media\/25787"}],"wp:attachment":[{"href":"https:\/\/cluny.com.br\/index.php?rest_route=%2Fwp%2Fv2%2Fmedia&parent=5697"}],"curies":[{"name":"wp","href":"https:\/\/api.w.org\/{rel}","templated":true}]}}