{"id":5543,"date":"2014-09-17T20:11:06","date_gmt":"2014-09-17T20:11:06","guid":{"rendered":"http:\/\/www.cluny.com.br\/?page_id=5543"},"modified":"2014-10-25T16:13:07","modified_gmt":"2014-10-25T16:13:07","slug":"hortalicas-herbaceas","status":"publish","type":"page","link":"https:\/\/cluny.com.br\/?page_id=5543","title":{"rendered":"Hortali\u00e7as herb\u00e1ceas"},"content":{"rendered":"\n<table id=\"tablepress-310\" class=\"tablepress tablepress-id-310\">\n<thead>\n<tr class=\"row-1\">\n\t<th class=\"column-1\">Nome mais comum<\/th><th class=\"column-2\">Outros nomes<\/th><th class=\"column-3\">Fam\u00edlia<\/th><th class=\"column-4\">Nome cient\u00edfico        (G\u00eanero \/ esp\u00e9cie)<\/th><th class=\"column-5\">Nome em ingl\u00eas<\/th><th class=\"column-6\">Origem \/ Localiza\u00e7\u00e3o<\/th><th class=\"column-7\">Obs.<\/th>\n<\/tr>\n<\/thead>\n<tbody class=\"row-striping row-hover\">\n<tr class=\"row-2\">\n\t<td class=\"column-1\"><a href=\"http:\/\/www.cluny.com.br\/?page_id=18862\">acelga<\/a><\/td><td class=\"column-2\">beterraba-branca<\/td><td class=\"column-3\">Amaranthaceae<\/td><td class=\"column-4\">Beta vulgaris var. cicla<\/td><td class=\"column-5\">chard; swiss chard; silver beet<\/td><td class=\"column-6\">Mediterr\u00e2neo<\/td><td class=\"column-7\"><\/td>\n<\/tr>\n<tr class=\"row-3\">\n\t<td class=\"column-1\"><a href=\"http:\/\/www.cluny.com.br\/?page_id=19173\">agri\u00e3o<\/a><\/td><td class=\"column-2\"><\/td><td class=\"column-3\">Brassicaceae<\/td><td class=\"column-4\">Nasturtium officinale<\/td><td class=\"column-5\">cress; watercress<\/td><td class=\"column-6\">\u00c1sia; Europa<\/td><td class=\"column-7\"><\/td>\n<\/tr>\n<tr class=\"row-4\">\n\t<td class=\"column-1\"><a href=\"http:\/\/www.cluny.com.br\/?page_id=11266\">aipo<\/a><\/td><td class=\"column-2\">sals\u00e3o<\/td><td class=\"column-3\">Apiaceae<\/td><td class=\"column-4\">Apium graveolens<\/td><td class=\"column-5\">celery<\/td><td class=\"column-6\"><\/td><td class=\"column-7\"><em>encontradas folhas de aipo em grinaldas no t\u00famulo do fara\u00f3 Tuthankamon (morto c.  1327 a.C.)  \/ Carlos Magno recomendou a planta\u00e7\u00e3o de aipo como erva medicinal<\/em><\/td>\n<\/tr>\n<tr class=\"row-5\">\n\t<td class=\"column-1\"><a href=\"http:\/\/www.cluny.com.br\/?page_id=11268\">alcachofra<\/a><\/td><td class=\"column-2\"><\/td><td class=\"column-3\">Asteraceae<\/td><td class=\"column-4\">Cynara cardunculus<\/td><td class=\"column-5\">artichoke<\/td><td class=\"column-6\">Mediterr\u00e2neo (sul da Europa e norte da \u00c1frica)<\/td><td class=\"column-7\"><em>acredita-se que seja origin\u00e1ria do norte da \u00c1frica sendo conhecida dos gregos antigos e romanos \/ introduzida na Fran\u00e7a por Catarina de M\u00e9dici que muito apreciava esta planta<\/em><\/td>\n<\/tr>\n<tr class=\"row-6\">\n\t<td class=\"column-1\"><a href=\"http:\/\/www.cluny.com.br\/?page_id=19199\">alface<\/a><\/td><td class=\"column-2\"><\/td><td class=\"column-3\">Asteraceae<\/td><td class=\"column-4\">Lactuca sativa<\/td><td class=\"column-5\">lettuce<\/td><td class=\"column-6\">Mediterr\u00e2neo<\/td><td class=\"column-7\"><\/td>\n<\/tr>\n<tr class=\"row-7\">\n\t<td class=\"column-1\"><a href=\"http:\/\/www.cluny.com.br\/?page_id=19302\">almeir\u00e3o<\/a><\/td><td class=\"column-2\">chic\u00f3ria-amarga<\/td><td class=\"column-3\">Asteraceae<\/td><td class=\"column-4\">Cichorium intybus\u00a0var.intybus<\/td><td class=\"column-5\"><\/td><td class=\"column-6\"><\/td><td class=\"column-7\"><em><strong>almeir\u00e3o<\/strong> \u00e9 uma variedade da <strong>chic\u00f3ria comum<\/strong><\/em><\/td>\n<\/tr>\n<tr class=\"row-8\">\n\t<td class=\"column-1\"><a href=\"http:\/\/www.cluny.com.br\/?page_id=19204\">aspargo (comest\u00edvel)<\/a><\/td><td class=\"column-2\">espargo<\/td><td class=\"column-3\">Asparagaceae<\/td><td class=\"column-4\">Asparagus officinalis<\/td><td class=\"column-5\">asparagus<\/td><td class=\"column-6\"><\/td><td class=\"column-7\"><em>existem aspargos que s\u00e3o somente ornamentais (vide item <strong>\"Plantas Ornamentais Diversas\"<\/strong>)<\/em><br \/>\n<\/td>\n<\/tr>\n<tr class=\"row-9\">\n\t<td class=\"column-1\">azedinha<\/td><td class=\"column-2\">azeda; azeda-mi\u00fada; azedeira;  erva-vinagreira<br \/>\n<\/td><td class=\"column-3\">Polygonaceae<br \/>\n<\/td><td class=\"column-4\">Rumex acetosa (ou Rumex acetosella)<br \/>\n<\/td><td class=\"column-5\">sorrel; red sorrel; sheep's sorrel;  field sorrel; sour weed<\/td><td class=\"column-6\"><\/td><td class=\"column-7\"><em>planta folhosa de sabor \u00e1cido; quando fresca pode ser utilizada em saladas e sucos; se refogada, em sopas e molhos \/ tamb\u00e9m usada como planta medicinal<\/em><\/td>\n<\/tr>\n<tr class=\"row-10\">\n\t<td class=\"column-1\"><a href=\"http:\/\/www.cluny.com.br\/?page_id=18799\">beldroega<\/a><\/td><td class=\"column-2\">portulaca<\/td><td class=\"column-3\">Portulacaceae<\/td><td class=\"column-4\">Portulaca oleracea<\/td><td class=\"column-5\">common purslane; verdolaga; pigweed; pusley<\/td><td class=\"column-6\"><\/td><td class=\"column-7\"><em>planta suculenta consumida como hortali\u00e7a h\u00e1 milhares de anos (\u00cdndia, Oriente M\u00e9dio) \/ foi muito popular na Inglaterra na \u00e9poca de Elizabeth I<\/em><\/td>\n<\/tr>\n<tr class=\"row-11\">\n\t<td class=\"column-1\"><a href=\"http:\/\/www.cluny.com.br\/?page_id=19298\">bertalha<\/a><\/td><td class=\"column-2\">espinafre-indiano<\/td><td class=\"column-3\">Basellaceae<\/td><td class=\"column-4\">Basella alba \/ Basella rubra<\/td><td class=\"column-5\">malabar spinach; indian spinach<\/td><td class=\"column-6\">\u00cdndia<\/td><td class=\"column-7\"><\/td>\n<\/tr>\n<tr class=\"row-12\">\n\t<td class=\"column-1\"><a href=\"http:\/\/www.cluny.com.br\/?page_id=19215\">br\u00f3colis<\/a><\/td><td class=\"column-2\">br\u00f3colos<\/td><td class=\"column-3\">Brassicaceae<\/td><td class=\"column-4\">Brassica oleracea  var. italica<\/td><td class=\"column-5\">broccoli<\/td><td class=\"column-6\">Europa<\/td><td class=\"column-7\">existem 2 tipos b\u00e1sicos de br\u00f3colis: 1) <strong>br\u00f3colis-ramoso, br\u00f3colis-comum ou couve-br\u00f3colis<\/strong> com muitas folhas e muitos ramos menores, formando pequenas flores; 2) <strong>br\u00f3colis-americano, br\u00f3colis-japon\u00eas, br\u00f3colis-ninja ou br\u00f3colis-de-cabe\u00e7a<\/strong> muito parecido com a couve-flor<\/td>\n<\/tr>\n<tr class=\"row-13\">\n\t<td class=\"column-1\"><a href=\"http:\/\/www.cluny.com.br\/?page_id=19315\">chic\u00f3ria<\/a><\/td><td class=\"column-2\">radiche, radicchio<br \/>\n<\/td><td class=\"column-3\">Asteraceae<\/td><td class=\"column-4\">Cichorium intybus<\/td><td class=\"column-5\">chicory; radicchio; italian chicory<br \/>\n<\/td><td class=\"column-6\"><\/td><td class=\"column-7\"><em><strong>radicchio<\/strong> (ou <strong>radiche<\/strong>) \u00e9 o nome italiano para a chic\u00f3ria<\/em><\/td>\n<\/tr>\n<tr class=\"row-14\">\n\t<td class=\"column-1\"><a href=\"http:\/\/www.cluny.com.br\/?page_id=19222\">couve<\/a><\/td><td class=\"column-2\">couve-galega<\/td><td class=\"column-3\">Brassicaceae<\/td><td class=\"column-4\">Brassica oleracea var. acephala<\/td><td class=\"column-5\">kale; collard; collard greens<\/td><td class=\"column-6\"><\/td><td class=\"column-7\"><\/td>\n<\/tr>\n<tr class=\"row-15\">\n\t<td class=\"column-1\"><a href=\"http:\/\/www.cluny.com.br\/?page_id=19227\">couve-de-bruxelas<\/a><\/td><td class=\"column-2\"><\/td><td class=\"column-3\">Brassicaceae<\/td><td class=\"column-4\">Brassica oleracea var. gemmifera<\/td><td class=\"column-5\">brussels sprout<\/td><td class=\"column-6\"><\/td><td class=\"column-7\"><\/td>\n<\/tr>\n<tr class=\"row-16\">\n\t<td class=\"column-1\"><a href=\"http:\/\/www.cluny.com.br\/?page_id=19328\">couve-flor<\/a><\/td><td class=\"column-2\"><\/td><td class=\"column-3\">Brassicaceae<\/td><td class=\"column-4\">Brassica oleracea var. botrytis<\/td><td class=\"column-5\">cauliflower<\/td><td class=\"column-6\"><\/td><td class=\"column-7\"><\/td>\n<\/tr>\n<tr class=\"row-17\">\n\t<td class=\"column-1\"><a href=\"http:\/\/www.cluny.com.br\/?page_id=19332\">end\u00edvia<\/a><\/td><td class=\"column-2\"><\/td><td class=\"column-3\">Asteraceae<\/td><td class=\"column-4\">Cichorium endivia<\/td><td class=\"column-5\">endive<\/td><td class=\"column-6\"><\/td><td class=\"column-7\"><em>a <strong>escarola<\/strong> \u00e9 uma variedade da <strong>end\u00edvia<\/strong> (Cichorium endivia var. latifolium)<\/em><\/td>\n<\/tr>\n<tr class=\"row-18\">\n\t<td class=\"column-1\"><a href=\"http:\/\/www.cluny.com.br\/?page_id=19323\">espinafre<\/a><\/td><td class=\"column-2\"><\/td><td class=\"column-3\">Amaranthaceae<br \/>\n<\/td><td class=\"column-4\">Spinacia oleracea<\/td><td class=\"column-5\">spinach<\/td><td class=\"column-6\"><\/td><td class=\"column-7\"><\/td>\n<\/tr>\n<tr class=\"row-19\">\n\t<td class=\"column-1\"><a href=\"http:\/\/www.cluny.com.br\/?page_id=11278\">ora-pro-nobis<\/a><\/td><td class=\"column-2\"><\/td><td class=\"column-3\">Cactaceae<\/td><td class=\"column-4\">Pereskia aculeata<\/td><td class=\"column-5\">barbados gooseberry<\/td><td class=\"column-6\"><\/td><td class=\"column-7\"><em>cact\u00e1cea trepadeira utilizada em cercas vivas ou como hortali\u00e7a, principalmente em algumas cidades do interior de Minas Gerais \/ segundo a tradi\u00e7\u00e3o, o nome popular surgiu com um grupo de pessoas que colhiam suas folhas no quintal de um padre, enquanto este rezava uma ladainha cujo refr\u00e3o era <strong>\"ora pro nobis<\/strong>\"<\/em><\/td>\n<\/tr>\n<tr class=\"row-20\">\n\t<td class=\"column-1\"><a href=\"http:\/\/www.cluny.com.br\/?page_id=19265\">repolho<\/a><\/td><td class=\"column-2\"><\/td><td class=\"column-3\">Brassicaceae<\/td><td class=\"column-4\">Brassica oleracea var.  capitata<\/td><td class=\"column-5\">cabbage<\/td><td class=\"column-6\"><\/td><td class=\"column-7\"><\/td>\n<\/tr>\n<tr class=\"row-21\">\n\t<td class=\"column-1\"><a href=\"http:\/\/www.cluny.com.br\/?page_id=19269\">r\u00facula<\/a><\/td><td class=\"column-2\">mostarda-persa<\/td><td class=\"column-3\">Brassicaceae<\/td><td class=\"column-4\">Eruca sativa<\/td><td class=\"column-5\">rocket; arugula<\/td><td class=\"column-6\">Mediterr\u00e2neo, \u00c1sia ocidental<\/td><td class=\"column-7\"><\/td>\n<\/tr>\n<tr class=\"row-22\">\n\t<td class=\"column-1\"><a href=\"http:\/\/www.cluny.com.br\/?page_id=19342\">ruibarbo <em>(comest\u00edvel)<\/em><\/a><\/td><td class=\"column-2\"><\/td><td class=\"column-3\">Polygonaceae<\/td><td class=\"column-4\">Rheum rhabarbarum<\/td><td class=\"column-5\">rhubarb<\/td><td class=\"column-6\">China<\/td><td class=\"column-7\"><em>os talos deste ruibarbo s\u00e3o comest\u00edveis sendo uma planta muito consumida na Inglaterra \/ existe uma outra esp\u00e9cie de ruibarbo (<strong>Rheum palmatum<\/strong>) que \u00e9 medicinal (vide item <strong>\"Plantas Diversas\"<\/strong>)<\/em><br \/>\n<\/td>\n<\/tr>\n<tr class=\"row-23\">\n\t<td class=\"column-1\"><a href=\"http:\/\/www.cluny.com.br\/?page_id=11280\">taioba<\/a><\/td><td class=\"column-2\">orelha-de-elefante<\/td><td class=\"column-3\">Araceae<\/td><td class=\"column-4\">Xanthosoma sagittifolium<\/td><td class=\"column-5\">elephant ear<\/td><td class=\"column-6\">Am. Central<\/td><td class=\"column-7\"><em>muitas vezes, \u00e9 confundida com a planta \"<strong>taro<\/strong>\" (<em>Colocasia esculenta)<\/em> - vide abaixo<\/em><br \/>\n<\/td>\n<\/tr>\n<tr class=\"row-24\">\n\t<td class=\"column-1\">taro<br \/>\n<\/td><td class=\"column-2\">inhame-coco; taioba-de-s\u00e3o-tom\u00e9; kalo (havaiano); sato-imo (japon\u00eas)<br \/>\n<\/td><td class=\"column-3\">Araceae<br \/>\n<\/td><td class=\"column-4\">Colocasia esculenta<br \/>\n<\/td><td class=\"column-5\">taro<br \/>\n<\/td><td class=\"column-6\"><\/td><td class=\"column-7\"><em>importante alimento de alguns povos da \u00c1frica e da Polin\u00e9sia \/ muitas vezes, esta planta \u00e9 confundida com a \"<strong>taioba<\/strong>\" (Xanthosoma sagittifolium) - vide acima<\/em><br \/>\n<\/td>\n<\/tr>\n<tr class=\"row-25\">\n\t<td class=\"column-1\">tupinambo<\/td><td class=\"column-2\">alcachofra-girassol,\u00a0alcachofra-de-jerusal\u00e9m, \u00a0girassol-batateiro<\/td><td class=\"column-3\">Asteraceae<\/td><td class=\"column-4\">Helianthus tuberosus<\/td><td class=\"column-5\"><\/td><td class=\"column-6\">America<\/td><td class=\"column-7\"><\/td>\n<\/tr>\n<\/tbody>\n<\/table>\n<!-- #tablepress-310 from cache -->\n","protected":false},"excerpt":{"rendered":"","protected":false},"author":1,"featured_media":5952,"parent":164,"menu_order":58,"comment_status":"closed","ping_status":"closed","template":"full-width.php","meta":{"footnotes":""},"class_list":["post-5543","page","type-page","status-publish","has-post-thumbnail","hentry"],"_links":{"self":[{"href":"https:\/\/cluny.com.br\/index.php?rest_route=\/wp\/v2\/pages\/5543","targetHints":{"allow":["GET"]}}],"collection":[{"href":"https:\/\/cluny.com.br\/index.php?rest_route=\/wp\/v2\/pages"}],"about":[{"href":"https:\/\/cluny.com.br\/index.php?rest_route=\/wp\/v2\/types\/page"}],"author":[{"embeddable":true,"href":"https:\/\/cluny.com.br\/index.php?rest_route=\/wp\/v2\/users\/1"}],"replies":[{"embeddable":true,"href":"https:\/\/cluny.com.br\/index.php?rest_route=%2Fwp%2Fv2%2Fcomments&post=5543"}],"version-history":[{"count":2,"href":"https:\/\/cluny.com.br\/index.php?rest_route=\/wp\/v2\/pages\/5543\/revisions"}],"predecessor-version":[{"id":5549,"href":"https:\/\/cluny.com.br\/index.php?rest_route=\/wp\/v2\/pages\/5543\/revisions\/5549"}],"up":[{"embeddable":true,"href":"https:\/\/cluny.com.br\/index.php?rest_route=\/wp\/v2\/pages\/164"}],"wp:featuredmedia":[{"embeddable":true,"href":"https:\/\/cluny.com.br\/index.php?rest_route=\/wp\/v2\/media\/5952"}],"wp:attachment":[{"href":"https:\/\/cluny.com.br\/index.php?rest_route=%2Fwp%2Fv2%2Fmedia&parent=5543"}],"curies":[{"name":"wp","href":"https:\/\/api.w.org\/{rel}","templated":true}]}}