{"id":5532,"date":"2014-09-17T19:38:07","date_gmt":"2014-09-17T19:38:07","guid":{"rendered":"http:\/\/www.cluny.com.br\/?page_id=5532"},"modified":"2014-10-25T16:02:51","modified_gmt":"2014-10-25T16:02:51","slug":"graos-e-vagens-alimenticios","status":"publish","type":"page","link":"https:\/\/cluny.com.br\/?page_id=5532","title":{"rendered":"Gr\u00e3os e vagens aliment\u00edcios"},"content":{"rendered":"\n<table id=\"tablepress-307\" class=\"tablepress tablepress-id-307\">\n<thead>\n<tr class=\"row-1\">\n\t<th class=\"column-1\">Nome mais comum<\/th><th class=\"column-2\">Outros nomes<\/th><th class=\"column-3\">Fam\u00edlia<\/th><th class=\"column-4\">Nome cient\u00edfico        (G\u00eanero \/ esp\u00e9cie)<\/th><th class=\"column-5\">Nome em ingl\u00eas<\/th><th class=\"column-6\">Origem \/ Localiza\u00e7\u00e3o<\/th><th class=\"column-7\">Obs.<\/th>\n<\/tr>\n<\/thead>\n<tbody class=\"row-striping row-hover\">\n<tr class=\"row-2\">\n\t<td class=\"column-1\"><a href=\"http:\/\/www.cluny.com.br\/?page_id=11230\">alfarroba<\/a><\/td><td class=\"column-2\"><\/td><td class=\"column-3\">Fabaceae ou Leguminosa<\/td><td class=\"column-4\">Ceratonia siliqua<\/td><td class=\"column-5\">carob<\/td><td class=\"column-6\">Mediterr\u00e2neo<\/td><td class=\"column-7\"><em>fruto da <strong>alfarrobeira<\/strong>, \u00e1rvore da regi\u00e3o do Mediterr\u00e2neo (carob tree) \/ vagem comest\u00edvel de sabor adocicado; a farinha extra\u00edda de sua polpa torrada e mo\u00edda \u00e9 semelhante ao <strong>chocolate<\/strong> \/ na Antiguidade, sua semente era utilizada como medida para pesar diamantes (<strong>quilate<\/strong> era o peso de uma semente de alfarroba)<\/em><\/td>\n<\/tr>\n<tr class=\"row-3\">\n\t<td class=\"column-1\"><a href=\"http:\/\/www.cluny.com.br\/?page_id=11240\">amaranto<\/a><\/td><td class=\"column-2\"><\/td><td class=\"column-3\">Amaranthaceae<\/td><td class=\"column-4\"><strong>Amaranthus<\/strong> spp.  (c. 70 esp.)<\/td><td class=\"column-5\">amaranthus<\/td><td class=\"column-6\">M\u00e9xico; Am. Central e Am. do Sul<\/td><td class=\"column-7\"><em>gr\u00e3o muito importante  na alimenta\u00e7\u00e3o de povos pr\u00e9-colombianos como <strong>maias<\/strong> e <strong>astecas<\/strong> \/ estima-se que representava cerca de 80% da base alimentar dos astecas \/ ap\u00f3s a conquista espanhola, seu cultivo (assim como o da <strong>quinoa<\/strong> e outros gr\u00e3os aut\u00f3ctones) foi proibido e substitu\u00eddo por cereais comuns na Europa como trigo e cevada \/ esp. mais utilizadas na produ\u00e7\u00e3o dos gr\u00e3os: <strong>A. cruentus<\/strong>; <strong>A. hypochondriacus<\/strong> e <strong>A. caudatus<\/strong><\/em><\/td>\n<\/tr>\n<tr class=\"row-4\">\n\t<td class=\"column-1\"><a href=\"http:\/\/www.cluny.com.br\/?page_id=18649\">amendoim<\/a><\/td><td class=\"column-2\"><\/td><td class=\"column-3\">Fabaceae ou Leguminosa<\/td><td class=\"column-4\">Arachis hypogaea<\/td><td class=\"column-5\">peanut<\/td><td class=\"column-6\">Am. Sul na regi\u00e3o dos Andes (Argentina, Bol\u00edvia, Peru)<\/td><td class=\"column-7\"><\/td>\n<\/tr>\n<tr class=\"row-5\">\n\t<td class=\"column-1\"><a href=\"http:\/\/www.cluny.com.br\/?page_id=11242\">chia<\/a><\/td><td class=\"column-2\"><\/td><td class=\"column-3\">Lamiaceae<\/td><td class=\"column-4\">Salvia hispanica<\/td><td class=\"column-5\">chia<\/td><td class=\"column-6\">M\u00e9xico; Am. Central (Guatemala)<\/td><td class=\"column-7\"><em>alimento muito importante entre os astecas e outros povos pr\u00e9-colombianos<\/em><\/td>\n<\/tr>\n<tr class=\"row-6\">\n\t<td class=\"column-1\"><a href=\"http:\/\/www.cluny.com.br\/?page_id=18678\">ervilha<\/a><\/td><td class=\"column-2\"><\/td><td class=\"column-3\">Fabaceae ou Leguminosa<\/td><td class=\"column-4\">Pisum sativum<\/td><td class=\"column-5\">pea<\/td><td class=\"column-6\">\u00c1sia Central, Oriente M\u00e9dio. nordeste da \u00c1frica, Mediterr\u00e2neo<\/td><td class=\"column-7\"><\/td>\n<\/tr>\n<tr class=\"row-7\">\n\t<td class=\"column-1\"><a href=\"http:\/\/www.cluny.com.br\/?page_id=18681\">fava<\/a><\/td><td class=\"column-2\">fava-comum; feij\u00e3o-fava; fava-italiana<\/td><td class=\"column-3\">Fabaceae ou Leguminosa<\/td><td class=\"column-4\">Vicia faba<\/td><td class=\"column-5\">fava bean; broad bean; field bean; bell bean<\/td><td class=\"column-6\">norte da \u00c1frica e sudoeste da \u00c1sia<\/td><td class=\"column-7\"><\/td>\n<\/tr>\n<tr class=\"row-8\">\n\t<td class=\"column-1\"><a href=\"http:\/\/www.cluny.com.br\/?page_id=18670\">feij\u00e3o<\/a><\/td><td class=\"column-2\"><\/td><td class=\"column-3\">Fabaceae ou Leguminosa<\/td><td class=\"column-4\">Phaseolus vulgaris<\/td><td class=\"column-5\">bean<\/td><td class=\"column-6\">Am\u00e9rica Central, Am\u00e9rica do Sul<\/td><td class=\"column-7\"><\/td>\n<\/tr>\n<tr class=\"row-9\">\n\t<td class=\"column-1\"><a href=\"http:\/\/www.cluny.com.br\/?page_id=18672\">feij\u00e3o-fradinho<\/a><\/td><td class=\"column-2\">feij\u00e3o-de-corda; feij\u00e3o-caupi<\/td><td class=\"column-3\">Fabaceae ou Leguminosa<\/td><td class=\"column-4\">Vigna unguiculata<\/td><td class=\"column-5\">black-eyed pea; cowpea<\/td><td class=\"column-6\">\u00c1frica tropical;  \u00cdndia<\/td><td class=\"column-7\"><\/td>\n<\/tr>\n<tr class=\"row-10\">\n\t<td class=\"column-1\"><a href=\"http:\/\/www.cluny.com.br\/?page_id=18674\">feij\u00e3o-guandu<\/a><\/td><td class=\"column-2\">feij\u00e3o-guando; guandu; guando; andu<\/td><td class=\"column-3\">Fabaceae ou Leguminosa<\/td><td class=\"column-4\">Cajanus cajan<\/td><td class=\"column-5\">pigeon pea<\/td><td class=\"column-6\">\u00c1frica tropical;  \u00cdndia<\/td><td class=\"column-7\"><\/td>\n<\/tr>\n<tr class=\"row-11\">\n\t<td class=\"column-1\"><a href=\"http:\/\/www.cluny.com.br\/?page_id=18706\">gr\u00e3o-de-bico<\/a><\/td><td class=\"column-2\">gravan\u00e7o,\u00a0ervan\u00e7o,\u00a0 ch\u00edcharo,\u00a0ervilha-de-galinha\u00a0ou\u00a0ervilha-de-bengala<\/td><td class=\"column-3\">Fabaceae ou Leguminosa<\/td><td class=\"column-4\">Cicer arietinum<\/td><td class=\"column-5\">chickpea; indian pea<\/td><td class=\"column-6\">Oriente M\u00e9dio<\/td><td class=\"column-7\"><\/td>\n<\/tr>\n<tr class=\"row-12\">\n\t<td class=\"column-1\"><a href=\"http:\/\/www.cluny.com.br\/?page_id=18703\">lentilha<\/a><\/td><td class=\"column-2\"><\/td><td class=\"column-3\">Fabaceae ou Leguminosa<\/td><td class=\"column-4\">Lens culinaris<\/td><td class=\"column-5\">lentil<\/td><td class=\"column-6\">Oriente M\u00e9dio<\/td><td class=\"column-7\"><\/td>\n<\/tr>\n<tr class=\"row-13\">\n\t<td class=\"column-1\"><a href=\"http:\/\/www.cluny.com.br\/?page_id=11248\">linha\u00e7a<\/a><\/td><td class=\"column-2\"><\/td><td class=\"column-3\">Fabaceae ou Leguminosa<\/td><td class=\"column-4\">Linum usitatissimum<\/td><td class=\"column-5\">flax seed<\/td><td class=\"column-6\">Mediterr\u00e2neo oriental, Egito, Oriente M\u00e9dio, \u00cdndia<\/td><td class=\"column-7\"><em>linha\u00e7a \u00e9 a semente do <strong>linho<\/strong><\/em> \/\/ vide \"<strong>linho<\/strong>\" no item \"Plantas T\u00eaxteis\"<\/td>\n<\/tr>\n<tr class=\"row-14\">\n\t<td class=\"column-1\"><a href=\"http:\/\/www.cluny.com.br\/?page_id=11250\">pistache<\/a><\/td><td class=\"column-2\"><\/td><td class=\"column-3\">Anacardiaceae<\/td><td class=\"column-4\">Pistacia vera<\/td><td class=\"column-5\">pistachio<\/td><td class=\"column-6\">Turquia, Ir\u00e3, S\u00edria, Israel, Palestina<\/td><td class=\"column-7\"><\/td>\n<\/tr>\n<tr class=\"row-15\">\n\t<td class=\"column-1\"><a href=\"http:\/\/www.cluny.com.br\/?page_id=11252\">quinoa<\/a><\/td><td class=\"column-2\">quinua<\/td><td class=\"column-3\">Amaranthaceae<\/td><td class=\"column-4\">Chenopodium quinoa<\/td><td class=\"column-5\">quinoa<\/td><td class=\"column-6\">Regi\u00e3o Andina (Peru e Bol\u00edvia)<\/td><td class=\"column-7\"><em>importante alimento do povo <strong>inca<\/strong> \/ gr\u00e3o era considerado sagrado, sendo sua semeadura  inaugurada anualmente pelo pr\u00f3prio imperador usando implementos de ouro \/ ap\u00f3s a conquista espanhola, seu cultivo (assim como do <strong>amaranto<\/strong> e outros gr\u00e3os aut\u00f3ctones) foi proibido pelos colonizadores por estar associado aos rituais religiosos dos ind\u00edgenas, sendo substitu\u00eddo por cereais comuns na Europa como trigo e cevada  <\/em><\/td>\n<\/tr>\n<tr class=\"row-16\">\n\t<td class=\"column-1\"><a href=\"http:\/\/www.cluny.com.br\/?page_id=18708\">soja<\/a><\/td><td class=\"column-2\"><\/td><td class=\"column-3\">Fabaceae ou Leguminosa<\/td><td class=\"column-4\">Glycine max<\/td><td class=\"column-5\">soy bean; soya bean<\/td><td class=\"column-6\">China, Jap\u00e3o<\/td><td class=\"column-7\"><\/td>\n<\/tr>\n<tr class=\"row-17\">\n\t<td class=\"column-1\">ticazo<\/td><td class=\"column-2\">am\u00eandoa-lopo; amendoim-dos-incas<\/td><td class=\"column-3\">Euphorbiaceae<\/td><td class=\"column-4\">Pluketia volubilis<\/td><td class=\"column-5\">sacha inchi; inca peanut<\/td><td class=\"column-6\">Regi\u00e3o Amaz\u00f4nica (Peru)<\/td><td class=\"column-7\"><\/td>\n<\/tr>\n<tr class=\"row-18\">\n\t<td class=\"column-1\"><a href=\"http:\/\/www.cluny.com.br\/?page_id=11254\">tremo\u00e7o<\/a><\/td><td class=\"column-2\">tremo\u00e7o-comum; tremo\u00e7o-branco; lupino-branco<\/td><td class=\"column-3\">Fabaceae ou Leguminosa<\/td><td class=\"column-4\">Lupinus alba<\/td><td class=\"column-5\">white lupin<\/td><td class=\"column-6\">Mediterr\u00e2neo oriental<\/td><td class=\"column-7\"><\/td>\n<\/tr>\n<tr class=\"row-19\">\n\t<td class=\"column-1\"><a href=\"http:\/\/www.cluny.com.br\/?page_id=18676\">vagem<\/a><\/td><td class=\"column-2\">feij\u00e3o-vagem; feij\u00e3o-de-vagem; feij\u00e3o-verde<\/td><td class=\"column-3\">Fabaceae ou Leguminosa<\/td><td class=\"column-4\">Phaseolus vulgaris<\/td><td class=\"column-5\">green bean<\/td><td class=\"column-6\">Am\u00e9rica Central, Am\u00e9rica do Sul<\/td><td class=\"column-7\"><em>mesma esp\u00e9cie do <strong>feij\u00e3o<\/strong> comum; a diferen\u00e7a \u00e9 que a vagem \u00e9 comest\u00edvel com todo o seu conte\u00fado<\/em><\/td>\n<\/tr>\n<\/tbody>\n<\/table>\n<!-- #tablepress-307 from cache -->\n","protected":false},"excerpt":{"rendered":"","protected":false},"author":1,"featured_media":5947,"parent":164,"menu_order":52,"comment_status":"closed","ping_status":"closed","template":"full-width.php","meta":{"footnotes":""},"class_list":["post-5532","page","type-page","status-publish","has-post-thumbnail","hentry"],"_links":{"self":[{"href":"https:\/\/cluny.com.br\/index.php?rest_route=\/wp\/v2\/pages\/5532","targetHints":{"allow":["GET"]}}],"collection":[{"href":"https:\/\/cluny.com.br\/index.php?rest_route=\/wp\/v2\/pages"}],"about":[{"href":"https:\/\/cluny.com.br\/index.php?rest_route=\/wp\/v2\/types\/page"}],"author":[{"embeddable":true,"href":"https:\/\/cluny.com.br\/index.php?rest_route=\/wp\/v2\/users\/1"}],"replies":[{"embeddable":true,"href":"https:\/\/cluny.com.br\/index.php?rest_route=%2Fwp%2Fv2%2Fcomments&post=5532"}],"version-history":[{"count":1,"href":"https:\/\/cluny.com.br\/index.php?rest_route=\/wp\/v2\/pages\/5532\/revisions"}],"predecessor-version":[{"id":5533,"href":"https:\/\/cluny.com.br\/index.php?rest_route=\/wp\/v2\/pages\/5532\/revisions\/5533"}],"up":[{"embeddable":true,"href":"https:\/\/cluny.com.br\/index.php?rest_route=\/wp\/v2\/pages\/164"}],"wp:featuredmedia":[{"embeddable":true,"href":"https:\/\/cluny.com.br\/index.php?rest_route=\/wp\/v2\/media\/5947"}],"wp:attachment":[{"href":"https:\/\/cluny.com.br\/index.php?rest_route=%2Fwp%2Fv2%2Fmedia&parent=5532"}],"curies":[{"name":"wp","href":"https:\/\/api.w.org\/{rel}","templated":true}]}}