{"id":5197,"date":"2014-09-09T18:48:37","date_gmt":"2014-09-09T18:48:37","guid":{"rendered":"http:\/\/www.cluny.com.br\/?page_id=5197"},"modified":"2014-09-09T18:48:37","modified_gmt":"2014-09-09T18:48:37","slug":"dinheiro-cambio-bancos","status":"publish","type":"page","link":"https:\/\/cluny.com.br\/?page_id=5197","title":{"rendered":"Dinheiro &#8211; C\u00e2mbio &#8211; Bancos"},"content":{"rendered":"\n<table id=\"tablepress-270\" class=\"tablepress tablepress-id-270\">\n<thead>\n<tr class=\"row-1\">\n\t<th class=\"column-1\">Portugu\u00eas<\/th><th class=\"column-2\">Espanhol<\/th><th class=\"column-3\">Franc\u00eas<\/th><th class=\"column-4\">Ingl\u00eas<\/th>\n<\/tr>\n<\/thead>\n<tbody class=\"row-striping row-hover\">\n<tr class=\"row-2\">\n\t<td class=\"column-1\"><strong>Dinheiro - Caixa Eletr\u00f4nico - C\u00e2mbio<\/strong><\/td><td class=\"column-2\"><strong>Dinero - Cajero Automatico - Cambio<\/strong><\/td><td class=\"column-3\"><strong>Argent - Distributeur Automatique - Change<\/strong><\/td><td class=\"column-4\"><strong>Money - ATM - Change<\/strong><\/td>\n<\/tr>\n<tr class=\"row-3\">\n\t<td class=\"column-1\">caixa<\/td><td class=\"column-2\">caja<\/td><td class=\"column-3\">caisse<\/td><td class=\"column-4\">cashier's window<\/td>\n<\/tr>\n<tr class=\"row-4\">\n\t<td class=\"column-1\">caixa eletr\u00f4nico<\/td><td class=\"column-2\">cajero autom\u00e1tico<\/td><td class=\"column-3\">guichet automatique; distributeur automatique (de billets)<\/td><td class=\"column-4\">ATM (automatic teller machine); cash machine<\/td>\n<\/tr>\n<tr class=\"row-5\">\n\t<td class=\"column-1\">c\u00e2mbio \/ casa de c\u00e2mbio \/ taxa de c\u00e2mbio<\/td><td class=\"column-2\">cambio \/ oficina de cambio \/ tasa de cambio<\/td><td class=\"column-3\">change \/ bureau de change \/ taux de change, cours de change<\/td><td class=\"column-4\">exchange, change \/ exchange office \/ exchange rate<\/td>\n<\/tr>\n<tr class=\"row-6\">\n\t<td class=\"column-1\">cart\u00e3o de cr\u00e9dito<\/td><td class=\"column-2\">tarjeta de cr\u00e9dito<\/td><td class=\"column-3\">carte de cr\u00e9dit<\/td><td class=\"column-4\">credit card<\/td>\n<\/tr>\n<tr class=\"row-7\">\n\t<td class=\"column-1\">c\u00e9dula, nota<\/td><td class=\"column-2\">billete<\/td><td class=\"column-3\">billet<\/td><td class=\"column-4\">banknote; bill<\/td>\n<\/tr>\n<tr class=\"row-8\">\n\t<td class=\"column-1\">dinheiro \/ dinheiro em esp\u00e9cie<\/td><td class=\"column-2\">dinero, plata \/ dinero en effectivo<\/td><td class=\"column-3\">argent \/ argent comptant<\/td><td class=\"column-4\">money \/ cash;  cash money<\/td>\n<\/tr>\n<tr class=\"row-9\">\n\t<td class=\"column-1\">moeda (meio circulante) \/ moeda local;  moeda estrangeira<\/td><td class=\"column-2\">moneda, divisa \/ moneda local; moneda extranjera<\/td><td class=\"column-3\">monnaie, devise \/ monnaie locale; monnaie \u00e9trang\u00e8re (devises \u00e9trang\u00e8res)<\/td><td class=\"column-4\">currency \/ local currency; foreign currency<\/td>\n<\/tr>\n<tr class=\"row-10\">\n\t<td class=\"column-1\">moeda (pe\u00e7a de metal)<\/td><td class=\"column-2\">moneda (pieza de metal)<\/td><td class=\"column-3\">monnaie (pi\u00e8ce en metal)<\/td><td class=\"column-4\">coin (metal piece)<\/td>\n<\/tr>\n<tr class=\"row-11\">\n\t<td class=\"column-1\">notas grandes \/ notas pequenas \/ dinheiro mi\u00fado, dinheiro trocado \/  \"n\u00e3o tenho dinheiro trocado para comprar o jornal\"<\/td><td class=\"column-2\">billetes grandes \/ billetes peque\u00f1os \/ cambio peque\u00f1o; sueltos \/ \"no tengo sueltos para comprar el peri\u00f3dico\"<\/td><td class=\"column-3\">gros billets \/ petits billets \/ monnaie, petite monnaie \/ \"je n'ai pas de petite monnaie pour acheter le journal\"<\/td><td class=\"column-4\">large bills \/ small bills \/ small change (pocket money, pocket change, loose change, petty cash)  \/ \"I have no small change to buy the newspaper\"<\/td>\n<\/tr>\n<tr class=\"row-12\">\n\t<td class=\"column-1\">saque, retirada \/ sacar dinheiro<\/td><td class=\"column-2\">retirada (la); retiro (el) \/ retirar (sacar) dinero<\/td><td class=\"column-3\">retrait (le)  \/ retirer argent<\/td><td class=\"column-4\">withdrawal \/ to withdraw money<\/td>\n<\/tr>\n<tr class=\"row-13\">\n\t<td class=\"column-1\">trocar dinheiro<\/td><td class=\"column-2\">cambiar<\/td><td class=\"column-3\">changer<\/td><td class=\"column-4\">to exchange (change) money<\/td>\n<\/tr>\n<tr class=\"row-14\">\n\t<td class=\"column-1\">taxa de c\u00e2mbio<\/td><td class=\"column-2\">tasa de cambio<\/td><td class=\"column-3\">taux de change; cours de change<\/td><td class=\"column-4\">exchange rate<\/td>\n<\/tr>\n<tr class=\"row-15\">\n\t<td class=\"column-1\"><strong>Bancos<\/strong><\/td><td class=\"column-2\"><strong>Bancos<\/strong><\/td><td class=\"column-3\"><strong>Banques<\/strong><\/td><td class=\"column-4\"><strong>Banks<\/strong><\/td>\n<\/tr>\n<tr class=\"row-16\">\n\t<td class=\"column-1\">abrir conta \/ fechar conta<\/td><td class=\"column-2\">abrir una cuenta \/ cerrar una cuenta<\/td><td class=\"column-3\">ouvrir un compte \/ fermer un compte<\/td><td class=\"column-4\">to open an account \/ to close an account<\/td>\n<\/tr>\n<tr class=\"row-17\">\n\t<td class=\"column-1\">banco \/ ag\u00eancia<\/td><td class=\"column-2\">banco \/ sucursal<\/td><td class=\"column-3\">banque (la) \/ agence<\/td><td class=\"column-4\">bank \/ branch-office<\/td>\n<\/tr>\n<tr class=\"row-18\">\n\t<td class=\"column-1\">caixa (pessoa que atende no banco)<\/td><td class=\"column-2\">cajero<\/td><td class=\"column-3\">caissier<\/td><td class=\"column-4\">teller, bank teller, cashier<\/td>\n<\/tr>\n<tr class=\"row-19\">\n\t<td class=\"column-1\">cart\u00e3o de banco<\/td><td class=\"column-2\">tarjeta bancaria; tarjeta de banco<\/td><td class=\"column-3\">carte bancaire<\/td><td class=\"column-4\">bank card<\/td>\n<\/tr>\n<tr class=\"row-20\">\n\t<td class=\"column-1\">cheque \/ tal\u00e3o de cheques<\/td><td class=\"column-2\">cheque \/ librete de cheques<\/td><td class=\"column-3\">ch\u00e8que \/ carnet de ch\u00e8ques, ch\u00e9quier<\/td><td class=\"column-4\">check \/ check book<\/td>\n<\/tr>\n<tr class=\"row-21\">\n\t<td class=\"column-1\">cheque sem fundo<\/td><td class=\"column-2\">cheque sin fondos, cheque al descubierto<\/td><td class=\"column-3\">ch\u00e8que sans provision<\/td><td class=\"column-4\">bad check<\/td>\n<\/tr>\n<tr class=\"row-22\">\n\t<td class=\"column-1\">cofre<\/td><td class=\"column-2\">caja fuerte<\/td><td class=\"column-3\">coffre (m), coffre-fort<\/td><td class=\"column-4\">safe<\/td>\n<\/tr>\n<tr class=\"row-23\">\n\t<td class=\"column-1\">conta banc\u00e1ria \/ conta corrente \/ conta poupan\u00e7a<\/td><td class=\"column-2\">cuenta \/ cuenta corriente \/ cuenta de ahorros<\/td><td class=\"column-3\">compte (le) \/ compte courant   \/ compte d'\u00e9pargne<\/td><td class=\"column-4\">bank account \/ checking account \/ savings account<\/td>\n<\/tr>\n<tr class=\"row-24\">\n\t<td class=\"column-1\">dep\u00f3sito \/ depositar \/ \"vou fazer um dep\u00f3sito na minha conta\"<\/td><td class=\"column-2\">dep\u00f3sito, ingreso \/ depositar \/ \"voy a hacer un dep\u00f3sito en mi cuenta\"<\/td><td class=\"column-3\">d\u00e9pot \/ d\u00e9poser \/ \"je vais faire un dep\u00f4t sur mon compte\"<\/td><td class=\"column-4\">deposit \/ to deposit \/ \"I will make a deposit into my account\"<\/td>\n<\/tr>\n<tr class=\"row-25\">\n\t<td class=\"column-1\">descontar um cheque<\/td><td class=\"column-2\">cobrar un cheque; convertir un cheque en efectivo<\/td><td class=\"column-3\">encaisser un ch\u00e8que; toucher un ch\u00e8que<\/td><td class=\"column-4\">to cash a check<\/td>\n<\/tr>\n<tr class=\"row-26\">\n\t<td class=\"column-1\">endosso \/ endossar<\/td><td class=\"column-2\">endoso \/ endosar<\/td><td class=\"column-3\">endossement \/ endosser<\/td><td class=\"column-4\">endorsement \/ to endorse<\/td>\n<\/tr>\n<tr class=\"row-27\">\n\t<td class=\"column-1\">saldo \/ saldo dispon\u00edvel \/ saldo devedor<\/td><td class=\"column-2\">saldo \/ saldo disponible \/ saldo debido; saldo deudor<\/td><td class=\"column-3\">solde (le), position (la) \/ solde disponible en banque \/ solde n\u00e9gatif<\/td><td class=\"column-4\">balance  \/ available balance; available cash in an account \/ negative balance<\/td>\n<\/tr>\n<tr class=\"row-28\">\n\t<td class=\"column-1\">transfer\u00eancia de dinheiro para (minha) conta<\/td><td class=\"column-2\">transferencia de dinero a (mi) cuenta<\/td><td class=\"column-3\">transfert d'argent \u00e0 (vers) mon compte<\/td><td class=\"column-4\">money transfer to (my) account<\/td>\n<\/tr>\n<tr class=\"row-29\">\n\t<td class=\"column-1\">valor<\/td><td class=\"column-2\">valor<\/td><td class=\"column-3\">valeur (la)<\/td><td class=\"column-4\">value<\/td>\n<\/tr>\n<tr class=\"row-30\">\n\t<td class=\"column-1\"><strong>Vocabul\u00e1rio Geral de Finan\u00e7as<\/strong><\/td><td class=\"column-2\"><strong>Vocabulario General de las Finanzas<\/strong><\/td><td class=\"column-3\"><strong>Vocabulaire G\u00e9n\u00e9ral des Finances<\/strong><\/td><td class=\"column-4\"><strong>General Vocabulary of Finance<\/strong><\/td>\n<\/tr>\n<tr class=\"row-31\">\n\t<td class=\"column-1\">a\u00e7\u00f5es<\/td><td class=\"column-2\">acci\u00f3n<\/td><td class=\"column-3\">actions<\/td><td class=\"column-4\">stocks, shares<\/td>\n<\/tr>\n<tr class=\"row-32\">\n\t<td class=\"column-1\">aluguel \/ alugar<\/td><td class=\"column-2\">alquiler \/ alquilar<\/td><td class=\"column-3\">loyer \/ louer<\/td><td class=\"column-4\">rent \/ to rent, to hire<\/td>\n<\/tr>\n<tr class=\"row-33\">\n\t<td class=\"column-1\">Bolsa de Valores<\/td><td class=\"column-2\">Bolsa de Valores<\/td><td class=\"column-3\">Bourse<\/td><td class=\"column-4\">Stock Market, Stock Exchange<\/td>\n<\/tr>\n<tr class=\"row-34\">\n\t<td class=\"column-1\">cobran\u00e7a (ato de cobrar) \/ cobrar (pre\u00e7os, despesas) \/  cobrar um cliente pelas despesas<\/td><td class=\"column-2\">cobro (el) \/ cobrar \/ cobrar a un cliente por los gastos<\/td><td class=\"column-3\">facturation \/ facturer \/ facturer un client pour les d\u00e9penses<\/td><td class=\"column-4\">charge \/ to charge \/ to charge a client for the expenses<\/td>\n<\/tr>\n<tr class=\"row-35\">\n\t<td class=\"column-1\">cobran\u00e7a (ato de arrecadar) \/ cobrar, arrecadar<\/td><td class=\"column-2\">cobro (el) \/ cobrar<\/td><td class=\"column-3\">encaissement (f) \/ encaisser<\/td><td class=\"column-4\">collection \/ to collect<\/td>\n<\/tr>\n<tr class=\"row-36\">\n\t<td class=\"column-1\">comiss\u00e3o<\/td><td class=\"column-2\">comisi\u00f3n<\/td><td class=\"column-3\">commission<\/td><td class=\"column-4\">commission<\/td>\n<\/tr>\n<tr class=\"row-37\">\n\t<td class=\"column-1\">contrato<\/td><td class=\"column-2\">contrato<\/td><td class=\"column-3\">contrat<\/td><td class=\"column-4\">contract<\/td>\n<\/tr>\n<tr class=\"row-38\">\n\t<td class=\"column-1\">custo<\/td><td class=\"column-2\">costo<\/td><td class=\"column-3\">co\u00fbt<\/td><td class=\"column-4\">cost<\/td>\n<\/tr>\n<tr class=\"row-39\">\n\t<td class=\"column-1\">despesas<\/td><td class=\"column-2\">gastos<\/td><td class=\"column-3\">d\u00e9penses (f. pl.), frais (les)<\/td><td class=\"column-4\">expenses<\/td>\n<\/tr>\n<tr class=\"row-40\">\n\t<td class=\"column-1\">d\u00edvida<\/td><td class=\"column-2\">deuda<\/td><td class=\"column-3\">dette<\/td><td class=\"column-4\">debt<\/td>\n<\/tr>\n<tr class=\"row-41\">\n\t<td class=\"column-1\">documento<\/td><td class=\"column-2\">documento<\/td><td class=\"column-3\">document<\/td><td class=\"column-4\">document<\/td>\n<\/tr>\n<tr class=\"row-42\">\n\t<td class=\"column-1\">empr\u00e9stimo  \/ emprestar \/  pedir emprestado \/ \"preciso pedir um dinheiro emprestado ao banco\"<\/td><td class=\"column-2\">pr\u00e9stamo \/ prestar \/ pedir prestado \/ \"tengo que pedir prestado dinero del banco\"<\/td><td class=\"column-3\">pr\u00eat \/ pr\u00eater  \/ emprunter \u00e0 \/ \"j'ai besoin d'emprunter de l'argent \u00e0 la banque\"<\/td><td class=\"column-4\">loan \/ to lend-lent-lent \/ to borrow from \/ \"I need to borrow money from the bank\"<\/td>\n<\/tr>\n<tr class=\"row-43\">\n\t<td class=\"column-1\">estimativa; estimativa de custo<\/td><td class=\"column-2\">estimaci\u00f3n; estimaci\u00f3n de costos<\/td><td class=\"column-3\">estimation; estimation du co\u00fbt<\/td><td class=\"column-4\">estimate;  cost estimate<\/td>\n<\/tr>\n<tr class=\"row-44\">\n\t<td class=\"column-1\">falir \/ fal\u00eancia<\/td><td class=\"column-2\">llevar a la quiebra, llevar a la bancarrota \/ quiebra, bancarrota<\/td><td class=\"column-3\">faire faillite, d\u00e9poser le bilan  \/ faillite (f) [fa\u00edte];  banqueroute (f); d\u00e9bacle (f)<\/td><td class=\"column-4\">to bankrupt \/ bankruptcy<\/td>\n<\/tr>\n<tr class=\"row-45\">\n\t<td class=\"column-1\">fatura<\/td><td class=\"column-2\">factura<\/td><td class=\"column-3\">facture<\/td><td class=\"column-4\">invoice<\/td>\n<\/tr>\n<tr class=\"row-46\">\n\t<td class=\"column-1\">faturamento (vendas)<\/td><td class=\"column-2\">ventas<\/td><td class=\"column-3\">chiffre d\u00b4affaires<\/td><td class=\"column-4\">sales<\/td>\n<\/tr>\n<tr class=\"row-47\">\n\t<td class=\"column-1\">finan\u00e7as<\/td><td class=\"column-2\">finanzas<\/td><td class=\"column-3\">finance, les finances<\/td><td class=\"column-4\">finance<\/td>\n<\/tr>\n<tr class=\"row-48\">\n\t<td class=\"column-1\">financiamento \/ financiar<\/td><td class=\"column-2\">financiaci\u00f3n \/ financiar<\/td><td class=\"column-3\">financement  \/ financer<\/td><td class=\"column-4\">financing \/ to finance<\/td>\n<\/tr>\n<tr class=\"row-49\">\n\t<td class=\"column-1\">ganhar dinheiro<\/td><td class=\"column-2\">hacer dinero; ganar dinero; hacer plata<\/td><td class=\"column-3\">gagner d\u00b4argent<\/td><td class=\"column-4\">to make money<\/td>\n<\/tr>\n<tr class=\"row-50\">\n\t<td class=\"column-1\">gastos \/ gastar dinheiro<\/td><td class=\"column-2\">gastos \/ gastar dinero<\/td><td class=\"column-3\">d\u00e9penses (les), frais (les) \/ d\u00e9penser de l' argent<\/td><td class=\"column-4\">expenses, expenditure \/ to spend money<\/td>\n<\/tr>\n<tr class=\"row-51\">\n\t<td class=\"column-1\">hipoteca<\/td><td class=\"column-2\">hipoteca<\/td><td class=\"column-3\">hypoth\u00e8que<\/td><td class=\"column-4\">mortgage<\/td>\n<\/tr>\n<tr class=\"row-52\">\n\t<td class=\"column-1\">infla\u00e7\u00e3o \/ taxa de infla\u00e7\u00e3o<\/td><td class=\"column-2\">inflaci\u00f3n \/ tasa de inflaci\u00f3n<\/td><td class=\"column-3\">inflation \/ taux d'inflation<\/td><td class=\"column-4\">inflation \/ inflation rate<\/td>\n<\/tr>\n<tr class=\"row-53\">\n\t<td class=\"column-1\">imposto \/ imposto de renda<\/td><td class=\"column-2\">impuesto \/ impuesto sobre la renta<\/td><td class=\"column-3\">imp\u00f4t (m); taxe (f) \/ imp\u00f4t sur le revenu<\/td><td class=\"column-4\">tax \/ income tax<\/td>\n<\/tr>\n<tr class=\"row-54\">\n\t<td class=\"column-1\">imposto de valor agregado (ICMS)<\/td><td class=\"column-2\">IVA (impusto sobre el valor a\u00f1adido)<\/td><td class=\"column-3\">TVA (taxe \u00e0 la valeur ajout\u00e9e)<\/td><td class=\"column-4\">VAT (value-added tax)<\/td>\n<\/tr>\n<tr class=\"row-55\">\n\t<td class=\"column-1\">investimento \/ fundo de investimento<\/td><td class=\"column-2\">inversi\u00f3n (la) \/ fondo de inversi\u00f3n<\/td><td class=\"column-3\">investissement \/ fonds d'investissement<\/td><td class=\"column-4\">investment \/ investment fund<\/td>\n<\/tr>\n<tr class=\"row-56\">\n\t<td class=\"column-1\">juros \/ taxa de juros<\/td><td class=\"column-2\">inter\u00e9s \/ tasa de inter\u00e9s<\/td><td class=\"column-3\">int\u00e9ret \/ taux d'int\u00e9r\u00eat<\/td><td class=\"column-4\">interest \/ interest rate<\/td>\n<\/tr>\n<tr class=\"row-57\">\n\t<td class=\"column-1\">lucro<\/td><td class=\"column-2\">ganancia<\/td><td class=\"column-3\">profit<\/td><td class=\"column-4\">profit<\/td>\n<\/tr>\n<tr class=\"row-58\">\n\t<td class=\"column-1\">or\u00e7amento<\/td><td class=\"column-2\">presupuesto<\/td><td class=\"column-3\">estimation (f), budget (m) \/  devis (m) = \u00e9valuation du co\u00fbt des travaux \u00e0 executer<\/td><td class=\"column-4\">budget, estimate<\/td>\n<\/tr>\n<tr class=\"row-59\">\n\t<td class=\"column-1\">pagamento \/ pagamento \u00e0 vista \/ pagamento \u00e0 presta\u00e7\u00e3o<\/td><td class=\"column-2\">pago \/ pago en efectivo; pago al contado \/ pago a plazos, pago en cuotas<\/td><td class=\"column-3\">paiement; versement \/  paiement (au) comptant;  paiement en esp\u00e8ces \/ paiement \u00e9chelonn\u00e9; versement \u00e9chelonn\u00e9<\/td><td class=\"column-4\">payment \/ cash payment \/ instalment payment<\/td>\n<\/tr>\n<tr class=\"row-60\">\n\t<td class=\"column-1\">perda<\/td><td class=\"column-2\">p\u00e9rdida<\/td><td class=\"column-3\">perte<\/td><td class=\"column-4\">loss<\/td>\n<\/tr>\n<tr class=\"row-61\">\n\t<td class=\"column-1\">porcentagem<\/td><td class=\"column-2\">porcentaje<\/td><td class=\"column-3\">pourcentage<\/td><td class=\"column-4\">percentage<\/td>\n<\/tr>\n<tr class=\"row-62\">\n\t<td class=\"column-1\">poupan\u00e7a \/ poupar \/ caderneta de poupan\u00e7a \/ conta de poupan\u00e7a<\/td><td class=\"column-2\">ahorro (m) \/ ahorrar \/ caja de ahorros \/ cuenta de ahorro<\/td><td class=\"column-3\">\u00e9pargne (f) \/ \u00e9pargner; \u00e9conomiser \/ caisse d'\u00e9pargne \/ compte d'\u00e9pargne<\/td><td class=\"column-4\">savings \/ to save \/ savings bank \/ savings account<\/td>\n<\/tr>\n<tr class=\"row-63\">\n\t<td class=\"column-1\">quantia, soma<\/td><td class=\"column-2\">suma, importe<\/td><td class=\"column-3\">somme (f), montant (m)<\/td><td class=\"column-4\">amount<\/td>\n<\/tr>\n<tr class=\"row-64\">\n\t<td class=\"column-1\">recibo<\/td><td class=\"column-2\">recibo<\/td><td class=\"column-3\">re\u00e7u (m); quittance (f) <\/td><td class=\"column-4\">receipt<\/td>\n<\/tr>\n<tr class=\"row-65\">\n\t<td class=\"column-1\">reembolso \/ reembolsar<\/td><td class=\"column-2\">reembolso \/ reembolsar<\/td><td class=\"column-3\">remboursement \/ rembourser<\/td><td class=\"column-4\">refund \/ to refund; to reimburse<\/td>\n<\/tr>\n<tr class=\"row-66\">\n\t<td class=\"column-1\">renda, receita, rendimento<\/td><td class=\"column-2\">renta, ingresos<\/td><td class=\"column-3\">revenu (m), rente (f), recette (f)<\/td><td class=\"column-4\">income, revenue<\/td>\n<\/tr>\n<tr class=\"row-67\">\n\t<td class=\"column-1\">seguro<\/td><td class=\"column-2\">seguro<\/td><td class=\"column-3\">assurance<\/td><td class=\"column-4\">insurance<\/td>\n<\/tr>\n<tr class=\"row-68\">\n\t<td class=\"column-1\">taxa, \u00edndice (taxa de c\u00e2mbio; taxa de juros; taxa de infla\u00e7\u00e3o; taxa de desemprego)<\/td><td class=\"column-2\">tasa, indice (tasa de cambio; tasa de inter\u00e9s; tasa de inflaci\u00f3n; tasa de desempleo)<\/td><td class=\"column-3\">taux (taux de change; taux d'int\u00e9r\u00eat; taux d'inflation; taux de ch\u00f4mage)<\/td><td class=\"column-4\">rate (exchange rate; interest rate; inflation rate; unemployment rate)<\/td>\n<\/tr>\n<tr class=\"row-69\">\n\t<td class=\"column-1\">taxa (pre\u00e7o, honor\u00e1rio)<\/td><td class=\"column-2\">precio; costo<\/td><td class=\"column-3\">prix; co\u00fbt<\/td><td class=\"column-4\">charge; price; cost; fee<\/td>\n<\/tr>\n<tr class=\"row-70\">\n\t<td class=\"column-1\">transa\u00e7\u00e3o financeira, opera\u00e7\u00e3o financeira<\/td><td class=\"column-2\">transacci\u00f3n financiera, operaci\u00f3n financiera<\/td><td class=\"column-3\">transaction financi\u00e8re, op\u00e9ration financi\u00e8re<\/td><td class=\"column-4\">financial transaction, financial operation<\/td>\n<\/tr>\n<tr class=\"row-71\">\n\t<td class=\"column-1\">troco (dinheiro dado como troco) \/ \"voc\u00ea tem troco para 50 d\u00f3lares?\"<\/td><td class=\"column-2\">cambio; vuelto\/ \"tiene cambio de 50 d\u00f3lares?\"<\/td><td class=\"column-3\">monnaie (la) \/ \"avez-vous la monnaie sur un billet de 50 dollars?\"<\/td><td class=\"column-4\">change \/ \"do you have change for a fifty-dollar bill?\"<\/td>\n<\/tr>\n<tr class=\"row-72\">\n\t<td class=\"column-1\">vencimento (conta) \/ data de vencimento \/ atrasado;  vencido (e n\u00e3o pago)<\/td><td class=\"column-2\">vencimiento \/ fecha de vencimiento, fecha de cierre \/ atrasado; vencido y no pagado<\/td><td class=\"column-3\">\u00e9cheance (f)  \/ date d'\u00e9ch\u00e9ance  \/ en retard; impay\u00e9<\/td><td class=\"column-4\">expiration; expiry; maturation \/ due date; expiration date; maturity date \/ overdue; unpaid<\/td>\n<\/tr>\n<tr class=\"row-73\">\n\t<td class=\"column-1\">venda a varejo \/ venda ao atacado<\/td><td class=\"column-2\">venta al pormenor, venta al detalle \/ venta al por mayor<\/td><td class=\"column-3\">vente au d\u00e9tail \/ vente en gros<\/td><td class=\"column-4\">retail sale, sale by retail \/ wholesale<\/td>\n<\/tr>\n<\/tbody>\n<\/table>\n<!-- #tablepress-270 from cache -->\n","protected":false},"excerpt":{"rendered":"","protected":false},"author":1,"featured_media":0,"parent":3655,"menu_order":610,"comment_status":"closed","ping_status":"closed","template":"full-width.php","meta":{"footnotes":""},"class_list":["post-5197","page","type-page","status-publish","hentry"],"_links":{"self":[{"href":"https:\/\/cluny.com.br\/index.php?rest_route=\/wp\/v2\/pages\/5197","targetHints":{"allow":["GET"]}}],"collection":[{"href":"https:\/\/cluny.com.br\/index.php?rest_route=\/wp\/v2\/pages"}],"about":[{"href":"https:\/\/cluny.com.br\/index.php?rest_route=\/wp\/v2\/types\/page"}],"author":[{"embeddable":true,"href":"https:\/\/cluny.com.br\/index.php?rest_route=\/wp\/v2\/users\/1"}],"replies":[{"embeddable":true,"href":"https:\/\/cluny.com.br\/index.php?rest_route=%2Fwp%2Fv2%2Fcomments&post=5197"}],"version-history":[{"count":1,"href":"https:\/\/cluny.com.br\/index.php?rest_route=\/wp\/v2\/pages\/5197\/revisions"}],"predecessor-version":[{"id":5198,"href":"https:\/\/cluny.com.br\/index.php?rest_route=\/wp\/v2\/pages\/5197\/revisions\/5198"}],"up":[{"embeddable":true,"href":"https:\/\/cluny.com.br\/index.php?rest_route=\/wp\/v2\/pages\/3655"}],"wp:attachment":[{"href":"https:\/\/cluny.com.br\/index.php?rest_route=%2Fwp%2Fv2%2Fmedia&parent=5197"}],"curies":[{"name":"wp","href":"https:\/\/api.w.org\/{rel}","templated":true}]}}