{"id":4700,"date":"2014-09-03T15:07:27","date_gmt":"2014-09-03T15:07:27","guid":{"rendered":"http:\/\/www.cluny.com.br\/?page_id=4700"},"modified":"2017-04-26T21:20:45","modified_gmt":"2017-04-26T21:20:45","slug":"termos-gerais-muito-comuns-letra-k","status":"publish","type":"page","link":"https:\/\/cluny.com.br\/?page_id=4700","title":{"rendered":"Basic Vocabulary &#8211; K"},"content":{"rendered":"\n<table id=\"tablepress-730\" class=\"tablepress tablepress-id-730\">\n<tbody class=\"row-striping row-hover\">\n<tr class=\"row-1\">\n\t<td class=\"column-1\">keen<\/td><td class=\"column-2\">1) afiado; agudo; penetrante  = sharp; piercing \/\/ 2) perspicaz = sharp; acute<\/td>\n<\/tr>\n<tr class=\"row-2\">\n\t<td class=\"column-1\">keep (to); kept; kept<\/td><td class=\"column-2\">1) guardar; ficar com; manter \/\/ 2) conservar (alimentos) \/ to keep a family = sustentar uma fam\u00edlia \/to keep a record of = to keep track of = acompanhar, manter-se informado sobre \/ to keep an eye on = vigiar \/ to keep abreast of = estar a par de \/  to keep at = manter-se em \/ to keep away = manter-se afastado \/ to  keep books = fazer escritura\u00e7\u00e3o \/  to keep  good time = andar com precis\u00e3o (rel\u00f3gio) \/ to keep house = administrar, fazer o servi\u00e7o de (casa) \/ to keep in mind = ter em mente \/to  keep in touch with = manter-se em contato com \/  to keep  on = prosseguir, continuar \/ to keep one's balance = manter o equil\u00edbrio \/ to keep one's head; to keep one's temper = manter a calma \/  to keep one's word = manter a palavra \/ to keep out = manter-se \u00e0 dist\u00e2ncia \/ to keep someone long = fazer algu\u00e9m esperar muito \/  to keep track of = acompanhar o desenvolvimento  de \/ to keep up = manter-se informado \/ to keep up = conservar \/   to keep up with = ficar em dia com; \"to  keep up with new advances\" \/to  keep one's eyes open  = ficar atento, ficar alerta <\/td>\n<\/tr>\n<tr class=\"row-3\">\n\t<td class=\"column-1\">ketchup<\/td><td class=\"column-2\">molho de tomate; ketchup; \"do you want ketchup on your burger?\"<br \/>\n<\/td>\n<\/tr>\n<tr class=\"row-4\">\n\t<td class=\"column-1\">kettle<\/td><td class=\"column-2\">chaleira<\/td>\n<\/tr>\n<tr class=\"row-5\">\n\t<td class=\"column-1\">key (n) \/ key (adj)<\/td><td class=\"column-2\">1) chave \/   bunch of keys = molho de chaves \/  key ring = chaveiro = key holder; key chain  \/\/  2) tecla \/  keyboard = teclado \/ keystroke = toque (digita\u00e7\u00e3o) \/  to count the  keystrokes   \/\/\/  3) b\u00e1sico, fundamental \/ key element = elemento-chave \/ key issue = quest\u00e3o fundamental \/ key word = palavra-chave<\/td>\n<\/tr>\n<tr class=\"row-6\">\n\t<td class=\"column-1\">kick (to) \/ kick (n)<\/td><td class=\"column-2\">dar pontap\u00e9, dar chute; chutar \/ to kick the ball =  chutar a bola = to shoot the ball  \/\/ 1) chute, pontap\u00e9 \/ 2) coice (animal) <\/td>\n<\/tr>\n<tr class=\"row-7\">\n\t<td class=\"column-1\">kid<\/td><td class=\"column-2\">1) crian\u00e7a \/\/ 2) cabrito = a young goat<\/td>\n<\/tr>\n<tr class=\"row-8\">\n\t<td class=\"column-1\">kidnap (to) \/ kidnapping \/  kidnapper<br \/>\n<\/td><td class=\"column-2\">sequestrar \/ sequestro \/ sequestrador <br \/>\n<\/td>\n<\/tr>\n<tr class=\"row-9\">\n\t<td class=\"column-1\">kidney<\/td><td class=\"column-2\">rim<\/td>\n<\/tr>\n<tr class=\"row-10\">\n\t<td class=\"column-1\">kill (to)<\/td><td class=\"column-2\">1) matar \/ 2) desligar (motor); \"kill the car engine = desligue o motor do carro\"<br \/>\n<\/td>\n<\/tr>\n<tr class=\"row-11\">\n\t<td class=\"column-1\">kind (n) \/ kind (adj) \/ kindly<\/td><td class=\"column-2\">esp\u00e9cie; tipo = sort, type \/ kind of = um pouco, um tanto \/ a kind of = uma esp\u00e9cie de \/  two of a kind = dois da mesma esp\u00e9cie \/\/  (adj) am\u00e1vel, af\u00e1vel, amig\u00e1vel, bondoso; \"it's very kind of you  = \u00e9 muito am\u00e1vel de sua parte\"  \/\/ amavelmente, atenciosamente, bondosamente<\/td>\n<\/tr>\n<tr class=\"row-12\">\n\t<td class=\"column-1\">king<\/td><td class=\"column-2\">rei<\/td>\n<\/tr>\n<tr class=\"row-13\">\n\t<td class=\"column-1\">kiss (to) \/ kiss (n)<\/td><td class=\"column-2\">beijar \/ beijo<\/td>\n<\/tr>\n<tr class=\"row-14\">\n\t<td class=\"column-1\">kit<\/td><td class=\"column-2\">conjunto (ferramentas; pe\u00e7as) = a set of tools, supplies, or materials used for a specific purpose \/ tool kit = conjunto de ferramentas<\/td>\n<\/tr>\n<tr class=\"row-15\">\n\t<td class=\"column-1\">kite<\/td><td class=\"column-2\">pipa, papagaio (brinquedo)<\/td>\n<\/tr>\n<tr class=\"row-16\">\n\t<td class=\"column-1\">kitchen<\/td><td class=\"column-2\">cozinha<\/td>\n<\/tr>\n<tr class=\"row-17\">\n\t<td class=\"column-1\">knee<\/td><td class=\"column-2\">joelho \/ knee bend = flex\u00e3o<\/td>\n<\/tr>\n<tr class=\"row-18\">\n\t<td class=\"column-1\">knight<\/td><td class=\"column-2\">1) cavaleiro \/ 2) cavalo (xadrez)<\/td>\n<\/tr>\n<tr class=\"row-19\">\n\t<td class=\"column-1\">knife<\/td><td class=\"column-2\">faca<\/td>\n<\/tr>\n<tr class=\"row-20\">\n\t<td class=\"column-1\">knit (n) \/ knit (to)<br \/>\n<\/td><td class=\"column-2\">tric\u00f4 \/ tricotar <br \/>\n<\/td>\n<\/tr>\n<tr class=\"row-21\">\n\t<td class=\"column-1\">knob<\/td><td class=\"column-2\">ma\u00e7aneta; bot\u00e3o de controle (r\u00e1dio, etc) = a part, usually rounded, that forms a handle, as on a door or drawer, or forms a control device, as on a radio.<br \/>\n<\/td>\n<\/tr>\n<tr class=\"row-22\">\n\t<td class=\"column-1\">knot  (n) \/ knot (to) \/ knotty<\/td><td class=\"column-2\">1) n\u00f3 = entrela\u00e7amento apertado de dois ou mais fios, cordas etc;  tangled knot = um n\u00f3 enredado, dif\u00edcil de soltar \/  2) n\u00f3 na madeira = round formation in wood; \"there was a knot in the tree trunk\" \/ 3 problema = something hard to solve  \/\/ amarrar, atar \/\/ cheio de n\u00f3s; dif\u00edcil;  \"a knotty problem = problema dificil\" <br \/>\n<br \/>\n<\/td>\n<\/tr>\n<tr class=\"row-23\">\n\t<td class=\"column-1\">know (to);  knew;  known \/ knowledge<\/td><td class=\"column-2\">saber, conhecer \/ to know by name  = conhecer de nome \/  to know by sight = conhecer de vista \/ to know one's own mind   = saber o que quer \/  to know one's way around   =  estar familiarizado com locais, h\u00e1bitos,etc \/\/ conhecimento<\/td>\n<\/tr>\n<tr class=\"row-24\">\n\t<td class=\"column-1\">know-how<\/td><td class=\"column-2\">experi\u00eancia; pr\u00e1tica = expertise<\/td>\n<\/tr>\n<\/tbody>\n<\/table>\n<!-- #tablepress-730 from cache -->\n","protected":false},"excerpt":{"rendered":"","protected":false},"author":1,"featured_media":0,"parent":3652,"menu_order":428,"comment_status":"closed","ping_status":"closed","template":"full-width.php","meta":{"footnotes":""},"class_list":["post-4700","page","type-page","status-publish","hentry"],"_links":{"self":[{"href":"https:\/\/cluny.com.br\/index.php?rest_route=\/wp\/v2\/pages\/4700","targetHints":{"allow":["GET"]}}],"collection":[{"href":"https:\/\/cluny.com.br\/index.php?rest_route=\/wp\/v2\/pages"}],"about":[{"href":"https:\/\/cluny.com.br\/index.php?rest_route=\/wp\/v2\/types\/page"}],"author":[{"embeddable":true,"href":"https:\/\/cluny.com.br\/index.php?rest_route=\/wp\/v2\/users\/1"}],"replies":[{"embeddable":true,"href":"https:\/\/cluny.com.br\/index.php?rest_route=%2Fwp%2Fv2%2Fcomments&post=4700"}],"version-history":[{"count":3,"href":"https:\/\/cluny.com.br\/index.php?rest_route=\/wp\/v2\/pages\/4700\/revisions"}],"predecessor-version":[{"id":14084,"href":"https:\/\/cluny.com.br\/index.php?rest_route=\/wp\/v2\/pages\/4700\/revisions\/14084"}],"up":[{"embeddable":true,"href":"https:\/\/cluny.com.br\/index.php?rest_route=\/wp\/v2\/pages\/3652"}],"wp:attachment":[{"href":"https:\/\/cluny.com.br\/index.php?rest_route=%2Fwp%2Fv2%2Fmedia&parent=4700"}],"curies":[{"name":"wp","href":"https:\/\/api.w.org\/{rel}","templated":true}]}}