{"id":4457,"date":"2014-08-28T20:48:53","date_gmt":"2014-08-28T20:48:53","guid":{"rendered":"http:\/\/www.cluny.com.br\/?page_id=4457"},"modified":"2014-08-28T20:52:30","modified_gmt":"2014-08-28T20:52:30","slug":"vegetais-nao-comestiveis-arvores-floresetc","status":"publish","type":"page","link":"https:\/\/cluny.com.br\/?page_id=4457","title":{"rendered":"Vegetais n\u00e3o-comest\u00edveis (\u00e1rvores, flores,etc)"},"content":{"rendered":"<h3><strong>Vocabul\u00e1rio B\u00e1sico<\/strong><\/h3>\n\n<table id=\"tablepress-156\" class=\"tablepress tablepress-id-156\">\n<tbody class=\"row-striping row-hover\">\n<tr class=\"row-1\">\n\t<td class=\"column-1\">bloom \/ bloom (to)<\/td><td class=\"column-2\">flor \/ florir<\/td>\n<\/tr>\n<tr class=\"row-2\">\n\t<td class=\"column-1\">blossom \/ blossom (to)<\/td><td class=\"column-2\">flor de \u00e1rvore frut\u00edfera \/ florescer<\/td>\n<\/tr>\n<tr class=\"row-3\">\n\t<td class=\"column-1\">branch<\/td><td class=\"column-2\">galho, ramo<\/td>\n<\/tr>\n<tr class=\"row-4\">\n\t<td class=\"column-1\">bud<\/td><td class=\"column-2\">bot\u00e3o (flor)<\/td>\n<\/tr>\n<tr class=\"row-5\">\n\t<td class=\"column-1\">bush<\/td><td class=\"column-2\">arbusto, mato = shrub<\/td>\n<\/tr>\n<tr class=\"row-6\">\n\t<td class=\"column-1\">carnation<\/td><td class=\"column-2\">cravo (flor) (Dianthus caryophyllus)<\/td>\n<\/tr>\n<tr class=\"row-7\">\n\t<td class=\"column-1\">coconut-tree<\/td><td class=\"column-2\">coqueiro (Cocus nucifera)<\/td>\n<\/tr>\n<tr class=\"row-8\">\n\t<td class=\"column-1\">crop \/ crops<\/td><td class=\"column-2\">colheita, safra = the amount of a crop that is gathered at one time or in one season; harvest; crop yield = produto ou renda da colheita \/ planta\u00e7\u00e3o  \"crops were destroyed\" <\/td>\n<\/tr>\n<tr class=\"row-9\">\n\t<td class=\"column-1\">daisy<\/td><td class=\"column-2\">margarida<\/td>\n<\/tr>\n<tr class=\"row-10\">\n\t<td class=\"column-1\">flower<\/td><td class=\"column-2\">flor<\/td>\n<\/tr>\n<tr class=\"row-11\">\n\t<td class=\"column-1\">forest<\/td><td class=\"column-2\">floresta;  rainforest = floresta tropical<\/td>\n<\/tr>\n<tr class=\"row-12\">\n\t<td class=\"column-1\">grass<\/td><td class=\"column-2\">capim, relva, grama<\/td>\n<\/tr>\n<tr class=\"row-13\">\n\t<td class=\"column-1\">harvest<\/td><td class=\"column-2\">colheita = the gathering of a ripened crop; crop;  to reap the harvest = fazer a colheita<\/td>\n<\/tr>\n<tr class=\"row-14\">\n\t<td class=\"column-1\">leaf<\/td><td class=\"column-2\">folha<\/td>\n<\/tr>\n<tr class=\"row-15\">\n\t<td class=\"column-1\">oak<\/td><td class=\"column-2\">carvalho (Quercus spp.)<\/td>\n<\/tr>\n<tr class=\"row-16\">\n\t<td class=\"column-1\">palm-tree<\/td><td class=\"column-2\">palmeira<\/td>\n<\/tr>\n<tr class=\"row-17\">\n\t<td class=\"column-1\">pine-tree<\/td><td class=\"column-2\">pinheiro<\/td>\n<\/tr>\n<tr class=\"row-18\">\n\t<td class=\"column-1\">plant<\/td><td class=\"column-2\">planta<\/td>\n<\/tr>\n<tr class=\"row-19\">\n\t<td class=\"column-1\">root<\/td><td class=\"column-2\">raiz<\/td>\n<\/tr>\n<tr class=\"row-20\">\n\t<td class=\"column-1\">rose<\/td><td class=\"column-2\">rosa<\/td>\n<\/tr>\n<tr class=\"row-21\">\n\t<td class=\"column-1\">seed<\/td><td class=\"column-2\">semente; \"I dislike grapes with seeds in them\"  (obs.: caro\u00e7o de fruta =  stone, pit, kernel, core)<\/td>\n<\/tr>\n<tr class=\"row-22\">\n\t<td class=\"column-1\">shell<\/td><td class=\"column-2\">casca dura (fruta, legume); nut shell = casca de noz<\/td>\n<\/tr>\n<tr class=\"row-23\">\n\t<td class=\"column-1\">stem<\/td><td class=\"column-2\">caule, haste, talo  = stalk<\/td>\n<\/tr>\n<tr class=\"row-24\">\n\t<td class=\"column-1\">thorn \/ thorny<\/td><td class=\"column-2\">espinho = prickle \/ espinhento = prickly<\/td>\n<\/tr>\n<tr class=\"row-25\">\n\t<td class=\"column-1\">tree<\/td><td class=\"column-2\">\u00e1rvore<\/td>\n<\/tr>\n<tr class=\"row-26\">\n\t<td class=\"column-1\">trunk<\/td><td class=\"column-2\">tronco (\u00e1rvore)<\/td>\n<\/tr>\n<tr class=\"row-27\">\n\t<td class=\"column-1\">tulip<\/td><td class=\"column-2\">tulipa<\/td>\n<\/tr>\n<tr class=\"row-28\">\n\t<td class=\"column-1\">twig<\/td><td class=\"column-2\">ramo, galho pequeno, varinha, graveto<\/td>\n<\/tr>\n<tr class=\"row-29\">\n\t<td class=\"column-1\">woods; backwoods<\/td><td class=\"column-2\">bosque; floresta mais aberta = partially cleared, sparsely populated forests<\/td>\n<\/tr>\n<tr class=\"row-30\">\n\t<td class=\"column-1\"><\/td><td class=\"column-2\"><\/td>\n<\/tr>\n<tr class=\"row-31\">\n\t<td class=\"column-1\"><\/td><td class=\"column-2\"><\/td>\n<\/tr>\n<\/tbody>\n<\/table>\n<!-- #tablepress-156 from cache -->\n<h3><strong>Vocabul\u00e1rio Complementar<\/strong><\/h3>\n\n<table id=\"tablepress-157\" class=\"tablepress tablepress-id-157\">\n<tbody class=\"row-striping row-hover\">\n<tr class=\"row-1\">\n\t<td class=\"column-1\">ash-tree<\/td><td class=\"column-2\">freixo (Fraxinus spp.)<\/td>\n<\/tr>\n<tr class=\"row-2\">\n\t<td class=\"column-1\">aspen<\/td><td class=\"column-2\">\u00e1lamo = poplar (Populus spp.)<\/td>\n<\/tr>\n<tr class=\"row-3\">\n\t<td class=\"column-1\">bark<\/td><td class=\"column-2\">casca (\u00e1rvore) (obs.: peel = casca de fruta)<\/td>\n<\/tr>\n<tr class=\"row-4\">\n\t<td class=\"column-1\">bearing<\/td><td class=\"column-2\">\u00e9poca de frutifica\u00e7\u00e3o<\/td>\n<\/tr>\n<tr class=\"row-5\">\n\t<td class=\"column-1\">beech<\/td><td class=\"column-2\">faia (Fagus spp.)<\/td>\n<\/tr>\n<tr class=\"row-6\">\n\t<td class=\"column-1\">birch<\/td><td class=\"column-2\">b\u00e9tula (Betula spp.)<\/td>\n<\/tr>\n<tr class=\"row-7\">\n\t<td class=\"column-1\">bromelia<\/td><td class=\"column-2\">brom\u00e9lia<\/td>\n<\/tr>\n<tr class=\"row-8\">\n\t<td class=\"column-1\">camellia<\/td><td class=\"column-2\">cam\u00e9lia<\/td>\n<\/tr>\n<tr class=\"row-9\">\n\t<td class=\"column-1\">canopy<\/td><td class=\"column-2\">copa de \u00e1rvore<\/td>\n<\/tr>\n<tr class=\"row-10\">\n\t<td class=\"column-1\">core<\/td><td class=\"column-2\">caro\u00e7o (fruta) = the central part of certain fleshy fruits; stone, pit, kernel<\/td>\n<\/tr>\n<tr class=\"row-11\">\n\t<td class=\"column-1\">creeper<\/td><td class=\"column-2\">trepadeira = creeping plant<\/td>\n<\/tr>\n<tr class=\"row-12\">\n\t<td class=\"column-1\">daffodil<\/td><td class=\"column-2\">narciso (flor)<\/td>\n<\/tr>\n<tr class=\"row-13\">\n\t<td class=\"column-1\">dandelion<\/td><td class=\"column-2\">dente-de-le\u00e3o (flor)<\/td>\n<\/tr>\n<tr class=\"row-14\">\n\t<td class=\"column-1\">elm<\/td><td class=\"column-2\">olmo, ulmeiro (Ulmus spp.)<\/td>\n<\/tr>\n<tr class=\"row-15\">\n\t<td class=\"column-1\">fern<\/td><td class=\"column-2\">samambaia<\/td>\n<\/tr>\n<tr class=\"row-16\">\n\t<td class=\"column-1\">fir, fir tree<\/td><td class=\"column-2\">abeto (Abies spp.)<\/td>\n<\/tr>\n<tr class=\"row-17\">\n\t<td class=\"column-1\">flax<\/td><td class=\"column-2\">linho (planta)<\/td>\n<\/tr>\n<tr class=\"row-18\">\n\t<td class=\"column-1\">flowerbed<\/td><td class=\"column-2\">canteiro<\/td>\n<\/tr>\n<tr class=\"row-19\">\n\t<td class=\"column-1\">foliage<\/td><td class=\"column-2\">folhagem = a cluster of leaves, flowers, and branches<\/td>\n<\/tr>\n<tr class=\"row-20\">\n\t<td class=\"column-1\">geranium<\/td><td class=\"column-2\">ger\u00e2nio<\/td>\n<\/tr>\n<tr class=\"row-21\">\n\t<td class=\"column-1\">grapevine<\/td><td class=\"column-2\">videira, parreira<\/td>\n<\/tr>\n<tr class=\"row-22\">\n\t<td class=\"column-1\">ground cover<\/td><td class=\"column-2\">cobertura de ch\u00e3o (planta)<\/td>\n<\/tr>\n<tr class=\"row-23\">\n\t<td class=\"column-1\">grove<\/td><td class=\"column-2\">bosque = woods, backwoods<\/td>\n<\/tr>\n<tr class=\"row-24\">\n\t<td class=\"column-1\">gum<\/td><td class=\"column-2\">l\u00e1tex, goma de \u00e1rvore<\/td>\n<\/tr>\n<tr class=\"row-25\">\n\t<td class=\"column-1\">hay<\/td><td class=\"column-2\">feno<\/td>\n<\/tr>\n<tr class=\"row-26\">\n\t<td class=\"column-1\">hedge<\/td><td class=\"column-2\">cerca viva =  a fence or boundary formed by a dense row of shrubs or low trees<\/td>\n<\/tr>\n<tr class=\"row-27\">\n\t<td class=\"column-1\">herb<\/td><td class=\"column-2\">erva<\/td>\n<\/tr>\n<tr class=\"row-28\">\n\t<td class=\"column-1\">holly<\/td><td class=\"column-2\">azevinho<\/td>\n<\/tr>\n<tr class=\"row-29\">\n\t<td class=\"column-1\">husk<\/td><td class=\"column-2\">casca, palha = a usually thin, dry layer that covers some seeds and fruits<\/td>\n<\/tr>\n<tr class=\"row-30\">\n\t<td class=\"column-1\">iris<\/td><td class=\"column-2\">\u00edris (flor)<\/td>\n<\/tr>\n<tr class=\"row-31\">\n\t<td class=\"column-1\">ivy<\/td><td class=\"column-2\">hera<\/td>\n<\/tr>\n<tr class=\"row-32\">\n\t<td class=\"column-1\">jasmine<\/td><td class=\"column-2\">jasmim<\/td>\n<\/tr>\n<tr class=\"row-33\">\n\t<td class=\"column-1\">kernel<\/td><td class=\"column-2\">caro\u00e7o de fruta = stone, pit, core<\/td>\n<\/tr>\n<tr class=\"row-34\">\n\t<td class=\"column-1\">lily<\/td><td class=\"column-2\">l\u00edrio<\/td>\n<\/tr>\n<tr class=\"row-35\">\n\t<td class=\"column-1\">lime tree<\/td><td class=\"column-2\">t\u00edlia = linden tree, basswood (Tilia spp.)<\/td>\n<\/tr>\n<tr class=\"row-36\">\n\t<td class=\"column-1\">linden tree<\/td><td class=\"column-2\">t\u00edlia = lime-tree, basswood (Tilia spp.)<\/td>\n<\/tr>\n<tr class=\"row-37\">\n\t<td class=\"column-1\">maple<\/td><td class=\"column-2\">bordo, \u00e1cer (Acer spp.)<\/td>\n<\/tr>\n<tr class=\"row-38\">\n\t<td class=\"column-1\">moss<\/td><td class=\"column-2\">musgo<\/td>\n<\/tr>\n<tr class=\"row-39\">\n\t<td class=\"column-1\">orchid<\/td><td class=\"column-2\">orqu\u00eddea<\/td>\n<\/tr>\n<tr class=\"row-40\">\n\t<td class=\"column-1\">oregano<\/td><td class=\"column-2\">or\u00e9gano<\/td>\n<\/tr>\n<tr class=\"row-41\">\n\t<td class=\"column-1\">pansy<\/td><td class=\"column-2\">amor-perfeito<\/td>\n<\/tr>\n<tr class=\"row-42\">\n\t<td class=\"column-1\">peel<\/td><td class=\"column-2\">casca (fruta)  (obs.: casca de \u00e1rvore = bark)<\/td>\n<\/tr>\n<tr class=\"row-43\">\n\t<td class=\"column-1\">petal<\/td><td class=\"column-2\">p\u00e9tala<\/td>\n<\/tr>\n<tr class=\"row-44\">\n\t<td class=\"column-1\">petunia<\/td><td class=\"column-2\">petunia<\/td>\n<\/tr>\n<tr class=\"row-45\">\n\t<td class=\"column-1\">pit<\/td><td class=\"column-2\">caro\u00e7o = the stone of a fruit; kernel, core<\/td>\n<\/tr>\n<tr class=\"row-46\">\n\t<td class=\"column-1\">plane tree<\/td><td class=\"column-2\">pl\u00e1tano (Platanus spp.)<\/td>\n<\/tr>\n<tr class=\"row-47\">\n\t<td class=\"column-1\">plantation<\/td><td class=\"column-2\">planta\u00e7\u00e3o =   large area of land especially in a hot part of the world where crops are grown;  banana plantation = bananal; coffee plantation = cafezal; cotton plantation = algodoal; rubber plantation = seringal; sugar cane plantation = canavial   <\/td>\n<\/tr>\n<tr class=\"row-48\">\n\t<td class=\"column-1\">pod<\/td><td class=\"column-2\">vagem (recept\u00e1culo)<\/td>\n<\/tr>\n<tr class=\"row-49\">\n\t<td class=\"column-1\">poplar<\/td><td class=\"column-2\">\u00e1lamo (Populus spp.)<\/td>\n<\/tr>\n<tr class=\"row-50\">\n\t<td class=\"column-1\">poppy<\/td><td class=\"column-2\">papoula<\/td>\n<\/tr>\n<tr class=\"row-51\">\n\t<td class=\"column-1\">prickle \/ prickly<\/td><td class=\"column-2\">espinho = thorn \/ espinhento = thorny<\/td>\n<\/tr>\n<tr class=\"row-52\">\n\t<td class=\"column-1\">reed<\/td><td class=\"column-2\">junco<\/td>\n<\/tr>\n<tr class=\"row-53\">\n\t<td class=\"column-1\">sap<\/td><td class=\"column-2\">seiva de \u00e1rvore<\/td>\n<\/tr>\n<tr class=\"row-54\">\n\t<td class=\"column-1\">scion<\/td><td class=\"column-2\">enxerto, broto, muda =  shoot of a plant or tree<\/td>\n<\/tr>\n<tr class=\"row-55\">\n\t<td class=\"column-1\">seedling<\/td><td class=\"column-2\">muda = a young plant that is grown from seed<\/td>\n<\/tr>\n<tr class=\"row-56\">\n\t<td class=\"column-1\">shrub<\/td><td class=\"column-2\">arbusto = bush<\/td>\n<\/tr>\n<tr class=\"row-57\">\n\t<td class=\"column-1\">sprout \/ sprout (to)<\/td><td class=\"column-2\">broto (planta) = shoot of a plant \/ brotar, germinar<\/td>\n<\/tr>\n<tr class=\"row-58\">\n\t<td class=\"column-1\">spruce<\/td><td class=\"column-2\">abeto (Abies spp.)<\/td>\n<\/tr>\n<tr class=\"row-59\">\n\t<td class=\"column-1\">stalk<\/td><td class=\"column-2\">talo, haste = stem<\/td>\n<\/tr>\n<tr class=\"row-60\">\n\t<td class=\"column-1\">stone<\/td><td class=\"column-2\">caro\u00e7o = the woody central part of such fruits as the peach and plum; pit, core, kernel<\/td>\n<\/tr>\n<tr class=\"row-61\">\n\t<td class=\"column-1\">vineyard<\/td><td class=\"column-2\">vinha, vinhedo = a planting of grapevines<\/td>\n<\/tr>\n<tr class=\"row-62\">\n\t<td class=\"column-1\">vintage<\/td><td class=\"column-2\">vindima; colheita de uvas = grape harvest<\/td>\n<\/tr>\n<tr class=\"row-63\">\n\t<td class=\"column-1\">violet<\/td><td class=\"column-2\">violeta<\/td>\n<\/tr>\n<tr class=\"row-64\">\n\t<td class=\"column-1\">weed<\/td><td class=\"column-2\">erva-daninha<\/td>\n<\/tr>\n<tr class=\"row-65\">\n\t<td class=\"column-1\">willow<\/td><td class=\"column-2\">salgueiro<\/td>\n<\/tr>\n<tr class=\"row-66\">\n\t<td class=\"column-1\">yew<\/td><td class=\"column-2\">teixo (Taxus spp.)<\/td>\n<\/tr>\n<\/tbody>\n<\/table>\n<!-- #tablepress-157 from cache -->\n","protected":false},"excerpt":{"rendered":"<p>Vocabul\u00e1rio B\u00e1sico Vocabul\u00e1rio Complementar<\/p>\n","protected":false},"author":1,"featured_media":0,"parent":3652,"menu_order":388,"comment_status":"closed","ping_status":"closed","template":"full-width.php","meta":{"footnotes":""},"class_list":["post-4457","page","type-page","status-publish","hentry"],"_links":{"self":[{"href":"https:\/\/cluny.com.br\/index.php?rest_route=\/wp\/v2\/pages\/4457","targetHints":{"allow":["GET"]}}],"collection":[{"href":"https:\/\/cluny.com.br\/index.php?rest_route=\/wp\/v2\/pages"}],"about":[{"href":"https:\/\/cluny.com.br\/index.php?rest_route=\/wp\/v2\/types\/page"}],"author":[{"embeddable":true,"href":"https:\/\/cluny.com.br\/index.php?rest_route=\/wp\/v2\/users\/1"}],"replies":[{"embeddable":true,"href":"https:\/\/cluny.com.br\/index.php?rest_route=%2Fwp%2Fv2%2Fcomments&post=4457"}],"version-history":[{"count":3,"href":"https:\/\/cluny.com.br\/index.php?rest_route=\/wp\/v2\/pages\/4457\/revisions"}],"predecessor-version":[{"id":4461,"href":"https:\/\/cluny.com.br\/index.php?rest_route=\/wp\/v2\/pages\/4457\/revisions\/4461"}],"up":[{"embeddable":true,"href":"https:\/\/cluny.com.br\/index.php?rest_route=\/wp\/v2\/pages\/3652"}],"wp:attachment":[{"href":"https:\/\/cluny.com.br\/index.php?rest_route=%2Fwp%2Fv2%2Fmedia&parent=4457"}],"curies":[{"name":"wp","href":"https:\/\/api.w.org\/{rel}","templated":true}]}}