{"id":387,"date":"2014-08-07T20:23:56","date_gmt":"2014-08-07T20:23:56","guid":{"rendered":"http:\/\/clunymma.wordpress.com\/?page_id=387"},"modified":"2014-12-22T18:25:59","modified_gmt":"2014-12-22T18:25:59","slug":"viagens-do-descobrimento","status":"publish","type":"page","link":"https:\/\/cluny.com.br\/?page_id=387","title":{"rendered":"Viagens do Descobrimento"},"content":{"rendered":"\n<table id=\"tablepress-71\" class=\"tablepress tablepress-id-71\">\n<thead>\n<tr class=\"row-1\">\n\t<th class=\"column-1\">Per\u00edodo (d.C.)<\/th><th class=\"column-2\">Tema<\/th><th class=\"column-3\">Evento<\/th>\n<\/tr>\n<\/thead>\n<tbody class=\"row-striping row-hover\">\n<tr class=\"row-2\">\n\t<td class=\"column-1\"><\/td><td class=\"column-2\"><\/td><td class=\"column-3\"><\/td>\n<\/tr>\n<tr class=\"row-3\">\n\t<td class=\"column-1\">agosto, 1415<\/td><td class=\"column-2\"><\/td><td class=\"column-3\">Portugueses tomam a cidade de <strong>Ceuta<\/strong><strong> no <strong>Marrocos<\/strong>.<\/td>\n<\/tr>\n<tr class=\"row-4\">\n\t<td class=\"column-1\">c. 1417<\/td><td class=\"column-2\"><\/td><td class=\"column-3\"><strong>Infante D. Henrique<\/strong>, o <strong>Navegador<\/strong>,  filho de <strong>D. Jo\u00e3o I<\/strong>, funda uma escola de navega\u00e7\u00e3o no <strong>Algarve<\/strong> que passa a ser conhecida como <strong>Escola de Sagres<\/strong>.<\/td>\n<\/tr>\n<tr class=\"row-5\">\n\t<td class=\"column-1\"><\/td><td class=\"column-2\"><\/td><td class=\"column-3\"><em><strong>Infante<\/strong> era o t\u00edtulo dado na Espanha e Portugal aos filhos de rei que n\u00e3o eram herdeiros do trono.<\/em><\/td>\n<\/tr>\n<tr class=\"row-6\">\n\t<td class=\"column-1\"><\/td><td class=\"column-2\"><\/td><td class=\"column-3\"><em><strong>Escola de Sagres<\/strong>:  existe uma grande controv\u00e9rsia a respeito desta escola, j\u00e1 que, at\u00e9 hoje, n\u00e3o foi encontrado nenhum vest\u00edgio de sua localiza\u00e7\u00e3o. Alguns estudiosos asseguram que esta institui\u00e7\u00e3o, que disporia inclusive de um observat\u00f3rio astron\u00f4mico,  nunca  teria existido, ao passo que outros  afirmam que ela teria sido um importante centro dedicado aos estudos n\u00e1uticos, reunindo cientistas, cart\u00f3grafos e navegadores e que, gra\u00e7as \u00e0s pesquisas e tecnologias l\u00e1 desenvolvidas, como por exemplo a  <strong>caravela<\/strong>, que os portugueses puderam empreender as  grandes navega\u00e7\u00f5es dos s\u00e9culos XV e XVI.<\/em><\/td>\n<\/tr>\n<tr class=\"row-7\">\n\t<td class=\"column-1\">1419<\/td><td class=\"column-2\"><\/td><td class=\"column-3\"><strong>Gon\u00e7alves Zarco<\/strong>, navegador portugu\u00eas,  chega \u00e0 <strong>Ilha da Madeira<\/strong>.<\/td>\n<\/tr>\n<tr class=\"row-8\">\n\t<td class=\"column-1\"><\/td><td class=\"column-2\"><\/td><td class=\"column-3\"><em>Na verdade, esta ilha j\u00e1 constava de cartas genovesas muito antigas, o que significa que j\u00e1 era conhecida bem antes  da chegada dos portugueses.<\/em><\/td>\n<\/tr>\n<tr class=\"row-9\">\n\t<td class=\"column-1\">1420<\/td><td class=\"column-2\"><\/td><td class=\"column-3\"><strong>Infante D. Henrique<\/strong> nomeado administrador da <strong>Ordem de Cristo<\/strong>, o que muito viria a contribuir para o financiamento das explora\u00e7\u00f5es mar\u00edtimas portuguesas.<\/td>\n<\/tr>\n<tr class=\"row-10\">\n\t<td class=\"column-1\"><\/td><td class=\"column-2\"><\/td><td class=\"column-3\"><em>A <strong>Ordem de Cristo<\/strong>, fundada em 1317, tinha sido a herdeira dos bens dos <strong>Templ\u00e1rios em Portugal<\/strong>.<\/em><\/td>\n<\/tr>\n<tr class=\"row-11\">\n\t<td class=\"column-1\">1427<\/td><td class=\"column-2\"><\/td><td class=\"column-3\"><strong>Diogo de Silves<\/strong>, navegador portugu\u00eas, chega a <strong>Santa Maria<\/strong>, a primeira ilha descoberta no <strong>Arquip\u00e9lago dos A\u00e7ores<\/strong>.<\/td>\n<\/tr>\n<tr class=\"row-12\">\n\t<td class=\"column-1\">1434<\/td><td class=\"column-2\"><\/td><td class=\"column-3\"><strong>Gil Eanes<\/strong>, navegador portugu\u00eas, ultrapassa o <strong>Cabo Bojador<\/strong>, o ponto mais meridional, at\u00e9 ent\u00e3o conhecido, na costa da \u00c1frica.<\/td>\n<\/tr>\n<tr class=\"row-13\">\n\t<td class=\"column-1\"><\/td><td class=\"column-2\"><\/td><td class=\"column-3\"><em>Este feito foi psicologicamente muito importante, pois havia um grande medo em rela\u00e7\u00e3o ao desconhecido que havia <strong>\"al\u00e9m do Bojador\"<\/strong>.<\/em><\/td>\n<\/tr>\n<tr class=\"row-14\">\n\t<td class=\"column-1\">1437<\/td><td class=\"column-2\"><\/td><td class=\"column-3\">Ex\u00e9rcito portugu\u00eas ataca <strong>T\u00e2nger<\/strong> e o <strong>Infante D. Fernando<\/strong> \u00e9 feito prisioneiro.<\/td>\n<\/tr>\n<tr class=\"row-15\">\n\t<td class=\"column-1\">1441 a 1446<\/td><td class=\"column-2\"><\/td><td class=\"column-3\">Navegadores portugueses continuam a avan\u00e7ar no litoral africano: <strong>Cabo Branco<\/strong> (na costa da atual Maurit\u00e2nia) em 1441; <strong>Cabo Verde<\/strong> (na costa do atual Senegal) em 1445; <strong>foz do Rio G\u00e2mbia<\/strong> em 1446.<\/td>\n<\/tr>\n<tr class=\"row-16\">\n\t<td class=\"column-1\">1460<\/td><td class=\"column-2\"><\/td><td class=\"column-3\">Morre o <strong>Infante D. Henrique<\/strong>, grande incentivador das navega\u00e7\u00f5es portuguesas.<\/td>\n<\/tr>\n<tr class=\"row-17\">\n\t<td class=\"column-1\">1462<\/td><td class=\"column-2\"><\/td><td class=\"column-3\"><strong>Diogo Gomes<\/strong>, navegador portugu\u00eas, descobre a primeira das  ilhas do <strong>Arquip\u00e9lago de Cabo Verde<\/strong>.<\/td>\n<\/tr>\n<tr class=\"row-18\">\n\t<td class=\"column-1\">1471<\/td><td class=\"column-2\"><\/td><td class=\"column-3\">Navegadores portugueses <strong>Jo\u00e3o de Santar\u00e9m<\/strong> e <strong>Pedro Escobar<\/strong> descobrem as <strong>Ilhas de S\u00e3o Tom\u00e9 e Pr\u00edncipe<\/strong>, localizadas no <strong>Golfo da Guin\u00e9<\/strong>, pr\u00f3ximo \u00e0 linha do Equador.<\/td>\n<\/tr>\n<tr class=\"row-19\">\n\t<td class=\"column-1\">1482<\/td><td class=\"column-2\"><\/td><td class=\"column-3\">Funda\u00e7\u00e3o da fortaleza de <strong>S\u00e3o Jorge da Mina<\/strong> no <strong>Golfo da Guin\u00e9<\/strong>, onde hoje fica <strong>Gana<\/strong>. O objetivo deste forte era controlar a navega\u00e7\u00e3o e o com\u00e9rcio portugueses na costa ocidental da \u00c1frica.<\/td>\n<\/tr>\n<tr class=\"row-20\">\n\t<td class=\"column-1\">1483<\/td><td class=\"column-2\"><\/td><td class=\"column-3\">Navegador portugu\u00eas <strong>Diogo C\u00e3o <\/strong>descobre a foz do <strong>Rio Congo<\/strong>.<\/td>\n<\/tr>\n<tr class=\"row-21\">\n\t<td class=\"column-1\">1488<\/td><td class=\"column-2\"><\/td><td class=\"column-3\">Navegador portugu\u00eas <strong>Bartolomeu Dias<\/strong> contorna o <strong>Cabo das Tormentas<\/strong> (posteriormente, denominado <strong>Cabo da Boa Esperan\u00e7a<\/strong>), importante etapa na busca do caminho mar\u00edtimo para as <strong>\u00cdndias<\/strong>.<\/td>\n<\/tr>\n<tr class=\"row-22\">\n\t<td class=\"column-1\">abril, 1492<\/td><td class=\"column-2\"><\/td><td class=\"column-3\">Genov\u00eas <strong>Crist\u00f3v\u00e3o Colombo<\/strong> consegue aprova\u00e7\u00e3o da rainha <strong>Isabel de Castela<\/strong> para o  seu plano de chegar \u00e0 \u00c1sia navegando em dire\u00e7\u00e3o ao ocidente atrav\u00e9s do Atl\u00e2ntico.<\/td>\n<\/tr>\n<tr class=\"row-23\">\n\t<td class=\"column-1\">03 de agosto, 1492<\/td><td class=\"column-2\"><\/td><td class=\"column-3\">Primeira expedi\u00e7\u00e3o de <strong>Colombo<\/strong> parte do porto de <strong>Palos<\/strong> (pr\u00f3ximo \u00e0 cidade de Huelva), na Espanha, com 100 homens distribu\u00eddos em 3 caravelas: <strong>Santa Maria<\/strong>, <strong>Pinta<\/strong> e <strong>Ni\u00f1a<\/strong>.<\/td>\n<\/tr>\n<tr class=\"row-24\">\n\t<td class=\"column-1\">12 de outubro, 1492<\/td><td class=\"column-2\"><\/td><td class=\"column-3\"><strong>Descobrimento da Am\u00e9rica<\/strong>: frota de Colombo chega a uma ilha do Caribe, provavelmente a <strong>Ilha de San Salvador<\/strong> (Guanahani), nas <strong>Bahamas<\/strong>. Nessa mesma viagem, Colombo descobre tamb\u00e9m as ilhas de <strong>Cuba<\/strong> e <strong>Hispaniola<\/strong> (onde hoje se localizam o <strong>Haiti<\/strong> e a <strong>Rep\u00fablica Dominicana<\/strong>). Nessa \u00faltima,  foi fundado o <strong>Forte de Natividad<\/strong>, primeiro estabelecimento europeu na Am\u00e9rica.<\/td>\n<\/tr>\n<tr class=\"row-25\">\n\t<td class=\"column-1\"><\/td><td class=\"column-2\"><\/td><td class=\"column-3\"><em>Embora esta primeira viagem de Colombo marque, oficialmente, o descobrimento da Am\u00e9rica pelos europeus, deve-se lembrar que os <strong>vikings<\/strong>, chefiados por <strong>Leif Ericson<\/strong>,  j\u00e1 tinham chegado a este continente muito tempo antes (cerca do ano 1000). Outro fato curioso a ser destacado \u00e9 que Colombo acreditava ter chegado \u00e0s \u00cdndias e n\u00e3o a um novo continente, ficando at\u00e9 a sua morte convicto desta id\u00e9ia. Foi o navegador florentino <strong>Am\u00e9rico Vesp\u00facio<\/strong> quem come\u00e7ou a difundir na Europa a teoria de que as terras encontradas pertenciam a um continente at\u00e9 ent\u00e3o desconhecido. Da\u00ed a pouco, os cart\u00f3grafos passaram a designar estas novas terras de <strong>Am\u00e9rica<\/strong>, em alus\u00e3o ao nome daquele navegador. Para alguns historiadores a chegada de Colombo \u00e0 Am\u00e9rica  foi o evento que marcou o fim da Idade M\u00e9dia e o in\u00edcio da Moderna e n\u00e3o a Queda de Constantinopla  em 1453, como prefere a maioria.<\/em><\/td>\n<\/tr>\n<tr class=\"row-26\">\n\t<td class=\"column-1\">junho, 1494<\/td><td class=\"column-2\"><\/td><td class=\"column-3\"><strong>Tratado de Tordesilhas<\/strong> estabelece uma divis\u00e3o das terras descobertas e a descobrir fora da Europa entre Espanha e Portugal, atrav\u00e9s de um meridiano passando a 370 l\u00e9guas a oeste das Ilhas de Cabo Verde.  Segundo esse tratado, as terras a leste deste meridiano seriam portuguesas e aquelas a oeste, espanholas. Foi assinado na cidade espanhola de <strong>Tordesilhas<\/strong>, pr\u00f3xima a Valladolid, sob os ausp\u00edcios do papa espanhol <strong>Alexandre VI<\/strong>.<\/td>\n<\/tr>\n<tr class=\"row-27\">\n\t<td class=\"column-1\">1495 a 1521<\/td><td class=\"column-2\"><\/td><td class=\"column-3\">Reinado do monarca portugu\u00eas <strong>D. Manuel I<\/strong>,  cognominado <strong>\"O Venturoso\"<\/strong>, devido aos grandes acontecimentos ocorridos  neste per\u00edodo, como a descoberta do caminho mar\u00edtimo para a \u00cdndia e o descobrimento do Brasil. Foi a fase \u00e1urea da hist\u00f3ria de Portugal. <\/td>\n<\/tr>\n<tr class=\"row-28\">\n\t<td class=\"column-1\">20 de  maio, 1498<\/td><td class=\"column-2\"><\/td><td class=\"column-3\"><strong>Descoberta do caminho mar\u00edtimo para a \u00cdndia<\/strong>: <strong>Vasco da Gama <\/strong>chega com 4 navios \u00e0 cidade indiana de <strong>Calicute<\/strong>, ap\u00f3s navegar o contorno da  \u00c1frica. Sua frota havia partido de  Lisboa a 8 de julho de 1497.<\/td>\n<\/tr>\n<tr class=\"row-29\">\n\t<td class=\"column-1\"><\/td><td class=\"column-2\"><\/td><td class=\"column-3\"><em>Os 4 navios de Vasco da Gama eram: <strong>\"S\u00e3o Gabriel\"<\/strong> (nau capit\u00e2nia), <strong>\"S\u00e3o Rafael\"<\/strong>, \"<strong>B\u00e9rrio\"<\/strong> e uma nau de mantimentos. A chegada de volta a Lisboa ocorreu em junho de 1499.<\/em><\/td>\n<\/tr>\n<tr class=\"row-30\">\n\t<td class=\"column-1\">1498<\/td><td class=\"column-2\"><\/td><td class=\"column-3\">Fortes ind\u00edcios de que o navegador portugu\u00eas <strong>Duarte Pacheco Pereira<\/strong> teria aportado neste ano no <strong>norte do Brasil<\/strong> entre o Maranh\u00e3o e o Par\u00e1, tendo alcan\u00e7ado a <strong>Ilha de Maraj\u00f3<\/strong> e a foz do <strong>Rio Amazonas<\/strong>.<\/td>\n<\/tr>\n<tr class=\"row-31\">\n\t<td class=\"column-1\"><\/td><td class=\"column-2\"><\/td><td class=\"column-3\"><em>Acredita-se que o motivo pelo qual esta viagem n\u00e3o tenha tido registro nos anais portugueses  era por se tratar de uma miss\u00e3o secreta organizada pelo rei D. Manuel para explorar regi\u00f5es espanholas segundo o Tratado de Tordesilhas.<\/em><\/td>\n<\/tr>\n<tr class=\"row-32\">\n\t<td class=\"column-1\">26  de janeiro, 1500<\/td><td class=\"column-2\"><\/td><td class=\"column-3\">Navegador espanhol <strong>Vincente Pinz\u00f3n<\/strong>, com 4 caravelas e cerca de 150 homens, chega a um cabo ao qual d\u00e1 o nome de <em>\"Santa Maria de la Consolaci\u00f3n\"<\/em>.  Posteriormente, deduziu-se que este local estaria situado na regi\u00e3o de Mucuripe, no <strong>litoral do Cear\u00e1<\/strong>. Nesta viagem, Pinz\u00f3n  chegou at\u00e9 \u00e0 foz do Rio Amazonas que chamou de <em>\"Santa Maria de la Mar Dulce\" <\/em>por acreditar tratar-se de um bra\u00e7o do mar.<\/td>\n<\/tr>\n<tr class=\"row-33\">\n\t<td class=\"column-1\"><\/td><td class=\"column-2\"><\/td><td class=\"column-3\"><em>O primeiro europeu a alcan\u00e7ar a foz do Rio Amazonas pode n\u00e3o ter sido <strong>Pinz\u00f3n<\/strong>, mas sim o portugu\u00eas <strong>Duarte Pacheco Pereira <\/strong>, dois anos antes.<\/em><\/td>\n<\/tr>\n<tr class=\"row-34\">\n\t<td class=\"column-1\">fevereiro a maio, 1500<\/td><td class=\"column-2\"><\/td><td class=\"column-3\"><strong>Diego de Lepe<\/strong>, navegador espanhol,  com uma frota de 3  caravelas percorre um trecho do litoral norte do Brasil. Acredita-se que tenha aportado, primeiramente, no <strong>Cabo Santo Agostinho<\/strong> em Pernambuco ou no <strong>Cabo S\u00e3o Roque<\/strong> no Rio Grande do Norte.<\/td>\n<\/tr>\n<tr class=\"row-35\">\n\t<td class=\"column-1\">9 de mar\u00e7o, 1500<\/td><td class=\"column-2\"><\/td><td class=\"column-3\"><strong>Pedro \u00c1lvares Cabral<\/strong>  parte de Lisboa com uma frota de 13 navios e  1500 homens, tendo como objetivo  instalar uma feitoria portuguesa em <strong>Calicute<\/strong>, na costa ocidental da <strong>\u00cdndia<\/strong>.<\/td>\n<\/tr>\n<tr class=\"row-36\">\n\t<td class=\"column-1\"><\/td><td class=\"column-2\"><\/td><td class=\"column-3\"><em>A frota de Cabral era constitu\u00edda de 9 naus, 3 caravelas e uma naveta de mantimentos. N\u00e3o se sabe, ao certo, o nome dos navios, pois possivelmente os registros tenham sido destru\u00eddos no inc\u00eandio de Lisboa de 1580 ou no terr\u00edvel terremoto de 1755. Acredita-se que a nau de Cabral tenha sido a <strong>\"S\u00e3o Gabriel\"<\/strong>, a mesma de Vasco da Gama em 1498. A sota-capit\u00e2nia (segunda em import\u00e2ncia) parece ter sido a <strong>\"El-Rei\"<\/strong>, comandada por <strong>Sancho de Tovar<\/strong>. Alguns historiadores afirmam que entre as embarca\u00e7\u00f5es estavam as naus <strong>\"Santa Cruz\"<\/strong>, <strong>\"Esp\u00edrito Santo\"<\/strong>, <strong>\"Flor de la Mar\"<\/strong>, <strong>\"Vit\u00f3ria\"<\/strong> e <strong>\"Espera\"<\/strong>. <\/em> <\/td>\n<\/tr>\n<tr class=\"row-37\">\n\t<td class=\"column-1\">22 de abril, 1500<\/td><td class=\"column-2\"><\/td><td class=\"column-3\"><strong>Cabral<\/strong> avista o <strong>Monte Pascoal<\/strong> no sul da Bahia, evento que marca a descoberta oficial do Brasil, na ocasi\u00e3o considerado apenas uma ilha: <strong>Ilha de Vera Cruz<\/strong>.<\/td>\n<\/tr>\n<tr class=\"row-38\">\n\t<td class=\"column-1\">23 de abril, 1500<\/td><td class=\"column-2\"><\/td><td class=\"column-3\"><strong>Nicolau Coelho<\/strong>, capit\u00e3o de uma das naus da esquadra, \u00e9 enviado \u00e0 terra e encontra-se pela primeira vez com os nativos da tribo <strong>tupiniquim<\/strong>, \u00e0s margens do <strong>Rio Ca\u00ed<\/strong>.<\/td>\n<\/tr>\n<tr class=\"row-39\">\n\t<td class=\"column-1\"><\/td><td class=\"column-2\"><\/td><td class=\"column-3\"><em><strong>Nicolau Coelho<\/strong> havia sido capit\u00e3o da nau <em><strong>\"B\u00e9rrio\"<\/strong><\/em>, uma das 4 embarca\u00e7\u00f5es da esquadra de Vasco da Gama, que descobrira o caminho mar\u00edtimo para a \u00cdndia em 1498.<\/em><\/td>\n<\/tr>\n<tr class=\"row-40\">\n\t<td class=\"column-1\">24 de abril, 1500<\/td><td class=\"column-2\"><\/td><td class=\"column-3\">Frota se desloca para o norte em busca de um bom ancoradouro.<\/td>\n<\/tr>\n<tr class=\"row-41\">\n\t<td class=\"column-1\">25 de abril, 1500<\/td><td class=\"column-2\"><\/td><td class=\"column-3\">Navios chegam\u00a0a uma grande ba\u00eda onde ancoram.\u00a0(obs.: tempos depois, essa ba\u00eda veio a se chamar <strong>Cabr\u00e1lia<\/strong>).<\/td>\n<\/tr>\n<tr class=\"row-42\">\n\t<td class=\"column-1\">26 de abril, 1500<\/td><td class=\"column-2\"><\/td><td class=\"column-3\"><strong>Primeira missa no Brasil<\/strong>, celebrada, por <strong>frei Henrique de Coimbra<\/strong>. Essa cerim\u00f4nia foi realizada em uma pequena ilhota pr\u00f3xima \u00e0 ba\u00eda, o <strong>Ilh\u00e9u da Coroa Vermelha<\/strong>.<\/td>\n<\/tr>\n<tr class=\"row-43\">\n\t<td class=\"column-1\"><\/td><td class=\"column-2\"><\/td><td class=\"column-3\"><em>Essa missa foi o tema de um famoso quadro de <strong>Victor Meirelles<\/strong>, pintado em 1861: \"<strong>A Primeira Missa no Brasil\"<\/strong>.<\/em><\/td>\n<\/tr>\n<tr class=\"row-44\">\n\t<td class=\"column-1\">1 de maio, 1500<\/td><td class=\"column-2\"><\/td><td class=\"column-3\"><strong>Frei Henrique de Coimbra<\/strong> reza a segunda missa no Brasil.<\/td>\n<\/tr>\n<tr class=\"row-45\">\n\t<td class=\"column-1\">2 de maio, 1500<\/td><td class=\"column-2\"><\/td><td class=\"column-3\">Frota de Cabral segue sua  viagem para a \u00cdndia. Uma pequena nau de mantimentos, comandada por <strong>Gaspar de Lemos<\/strong>, retorna a Portugal para levar a not\u00edcia do descobrimento, feito relatado em diversas cartas, sendo a mais famosa a de <strong>Pero Vaz de Caminha<\/strong>, escriv\u00e3o da frota.  Essa nau chega em Lisboa em julho de 1500.<\/td>\n<\/tr>\n<tr class=\"row-46\">\n\t<td class=\"column-1\"><\/td><td class=\"column-2\"><\/td><td class=\"column-3\"><em>Al\u00e9m da carta de Pero Vaz de Caminha, restaram duas outras:  <strong>\"Carta do Mestre Jo\u00e3o\"<\/strong>, m\u00e9dico e astr\u00f4nomo da frota de Cabral, e a <strong>\"Rela\u00e7\u00e3o do Piloto An\u00f4nimo\"<\/strong> de autor  desconhecido e que foi publicada em 1507, em italiano, em uma colet\u00e2nea de cartas de viagem elaborada por Fracanzano de Montalboddo, um professor da cidade de Vicenza, na It\u00e1lia.  <\/em><\/td>\n<\/tr>\n<\/tbody>\n<\/table>\n<!-- #tablepress-71 from cache -->\n","protected":false},"excerpt":{"rendered":"","protected":false},"author":1,"featured_media":7117,"parent":135,"menu_order":1,"comment_status":"closed","ping_status":"closed","template":"full-width.php","meta":{"footnotes":""},"class_list":["post-387","page","type-page","status-publish","has-post-thumbnail","hentry"],"_links":{"self":[{"href":"https:\/\/cluny.com.br\/index.php?rest_route=\/wp\/v2\/pages\/387","targetHints":{"allow":["GET"]}}],"collection":[{"href":"https:\/\/cluny.com.br\/index.php?rest_route=\/wp\/v2\/pages"}],"about":[{"href":"https:\/\/cluny.com.br\/index.php?rest_route=\/wp\/v2\/types\/page"}],"author":[{"embeddable":true,"href":"https:\/\/cluny.com.br\/index.php?rest_route=\/wp\/v2\/users\/1"}],"replies":[{"embeddable":true,"href":"https:\/\/cluny.com.br\/index.php?rest_route=%2Fwp%2Fv2%2Fcomments&post=387"}],"version-history":[{"count":1,"href":"https:\/\/cluny.com.br\/index.php?rest_route=\/wp\/v2\/pages\/387\/revisions"}],"predecessor-version":[{"id":3741,"href":"https:\/\/cluny.com.br\/index.php?rest_route=\/wp\/v2\/pages\/387\/revisions\/3741"}],"up":[{"embeddable":true,"href":"https:\/\/cluny.com.br\/index.php?rest_route=\/wp\/v2\/pages\/135"}],"wp:featuredmedia":[{"embeddable":true,"href":"https:\/\/cluny.com.br\/index.php?rest_route=\/wp\/v2\/media\/7117"}],"wp:attachment":[{"href":"https:\/\/cluny.com.br\/index.php?rest_route=%2Fwp%2Fv2%2Fmedia&parent=387"}],"curies":[{"name":"wp","href":"https:\/\/api.w.org\/{rel}","templated":true}]}}