{"id":25806,"date":"2022-06-21T18:44:48","date_gmt":"2022-06-21T21:44:48","guid":{"rendered":"https:\/\/www.cluny.com.br\/?page_id=25806"},"modified":"2022-06-23T12:06:34","modified_gmt":"2022-06-23T15:06:34","slug":"a-pre-historia","status":"publish","type":"page","link":"https:\/\/cluny.com.br\/?page_id=25806","title":{"rendered":"A Pr\u00e9-Hist\u00f3ria"},"content":{"rendered":"\n<p><\/p>\n\n\n\n<p><strong>PER\u00cdODO QUE ACOMPANHA A EVOLU\u00c7\u00c3O HUMANA DESDE O APARECIMENTO DOS PRIMEIROS HOMIN\u00cdDEOS AT\u00c9 O ADVENTO DA ESCRITA EM TORNO DE 3.500 a.C. <\/strong><\/p>\n\n\n\n<p>Basicamente a Pr\u00e9-Hist\u00f3ria se subdivide nos seguintes principais per\u00edodos: <\/p>\n\n\n\n<ul class=\"wp-block-list\"><li><strong>PALEOL\u00cdTICO<\/strong><\/li><li><strong>NEOL\u00cdTICO<\/strong><\/li><li><strong>IDADE DOS METAIS<\/strong><\/li><\/ul>\n\n\n\n<table id=\"tablepress-945\" class=\"tablepress tablepress-id-945\">\n<thead>\n<tr class=\"row-1\">\n\t<th class=\"column-1\">Escala de Tempo<\/th><th class=\"column-2\">Evento<\/th><th class=\"column-3\">Observa\u00e7\u00f5es<\/th>\n<\/tr>\n<\/thead>\n<tbody class=\"row-striping row-hover\">\n<tr class=\"row-2\">\n\t<td class=\"column-1\">c. 2,2 milh\u00f5es de anos a 780 mil a.C.<\/td><td class=\"column-2\"><strong>Homo habilis<\/strong><\/em><\/td><td class=\"column-3\">Primeiro homin\u00eddeo identificado. Corresponde \u00e0 \u00e9poca geol\u00f3gica do <strong>Pleistoceno <\/strong><\/em>(per\u00edodo Quatern\u00e1rio da era Cenozoica).    Primeiro f\u00f3ssil encontrado na Tanz\u00e2nia (1964).   Esses homin\u00eddeos habitavam a \u00c1frica Oriental (Eti\u00f3pia, Qu\u00eania, Tanz\u00e2nia).  Marco inicial do <strong>PALEOL\u00cdTICO<\/strong>.<\/td>\n<\/tr>\n<tr class=\"row-3\">\n\t<td class=\"column-1\">c. 2,2 milh\u00f5es a 10.000 a.C.<\/td><td class=\"column-2\"><strong>1) PALEOL\u00cdTICO<\/strong> <em>(Idade da Pedra Lascada)<\/em><\/td><td class=\"column-3\">Neste per\u00edodo, os homin\u00eddeos  viviam da coleta e da ca\u00e7a, sendo portanto n\u00f4mades (n\u00e3o havia ainda a agricultura). As ferramentas e armas utilizadas eram feitas de lascas de pedra.<\/td>\n<\/tr>\n<tr class=\"row-4\">\n\t<td class=\"column-1\">c. 1,9 milh\u00f5es a 110 mil anos a.C.<\/td><td class=\"column-2\"><strong>Homo erectus<\/strong><em><\/td><td class=\"column-3\">Acredita-se que tenham surgido no C\u00e1ucaso a partir de um grupo de <em>Homo habilis<\/em> e de l\u00e1 teriam migrado de volta para a \u00c1frica e se espalhado pela Europa e \u00c1sia tamb\u00e9m. Foram os primeiros homin\u00eddeos a <strong>controlar o fogo<\/strong>.<\/td>\n<\/tr>\n<tr class=\"row-5\">\n\t<td class=\"column-1\">c. 500 mil a 250 mil anos<\/td><td class=\"column-2\"><strong>Homo heidelbergensis<\/strong><em><\/td><td class=\"column-3\">O mais antigo f\u00f3ssil desta esp\u00e9cie foi encontrado em <strong>Heildelberg<\/strong> na Alemanha. \u00c9 considerado o ancestral comum tanto do <em>Homo neanderthalensis<\/em> como do <em>Homo sapiens<\/em>.<\/td>\n<\/tr>\n<tr class=\"row-6\">\n\t<td class=\"column-1\">c. 400 mil a 28.000 anos a.C.<\/td><td class=\"column-2\"><strong>Homo neanderthalensis<\/strong><\/em><\/td><td class=\"column-3\">Descende da esp\u00e9cie Homo heidelbergensis. O primeiro f\u00f3ssil do <strong>Homem de Neanderthal <\/strong>foi encontrado no <strong>Vale de Neande<\/strong>r na regi\u00e3o da <strong>Ren\u00e2nia, Alemanha<\/strong>. Conviveu durante bastante tempo com  o <em>Homo sapiens <\/em>(homem moderno).<\/td>\n<\/tr>\n<tr class=\"row-7\">\n\t<td class=\"column-1\">c. 300 mil a.C. at\u00e9 os dias de hoje<\/td><td class=\"column-2\"><strong>Homo sapiens<\/strong><em><\/td><td class=\"column-3\">Este \u00e9 o homem moderno, \u00fanica esp\u00e9cie do g\u00eanero Homo ainda existente. Teria surgido nas savanas africanas e teria sido  tamb\u00e9m descendente do <em>Homo heidelbergensis<\/em>.<\/td>\n<\/tr>\n<tr class=\"row-8\">\n\t<td class=\"column-1\">c. 10.000 a 3.000 a.C.<br \/>\n<\/td><td class=\"column-2\"><strong>2) NEOL\u00cdTICO<\/strong> <em>(Idade da Pedra Polida)<\/em><\/td><td class=\"column-3\">Entre o Paleol\u00edtico e o Neol\u00edtico, alguns paleontologistas  afirmam a exist\u00eancia de um per\u00edodo intermedi\u00e1rio chamado de MESOL\u00cdTICO que teria ocorrido em algumas partes do mundo. No NEOL\u00cdTICO  surgem a   <strong>Agricultura<\/strong><em>  e a <strong>Domestica\u00e7\u00e3o de Animais<\/strong><\/em>, o que faz os homin\u00eddeos deixarem de ser n\u00f4mades e passarem ao sedentarismo.<\/td>\n<\/tr>\n<tr class=\"row-9\">\n\t<td class=\"column-1\">c. 3.500 a.C. a 1500 a.C.<\/td><td class=\"column-2\"><strong>3) IDADE DOS METAIS<\/strong><\/td><td class=\"column-3\">Essa chamada <strong>\"Idade dos Metais<\/strong>\" se inicia aproximadamente na fase final do Neol\u00edtico e se estende at\u00e9 os prim\u00f3rdios  das  civiliza\u00e7\u00f5es da Hist\u00f3ria. A caracter\u00edstica principal desse per\u00edodo \u00e9 a substitui\u00e7\u00e3o dos instrumentos de pedra por objetos de metal. Inicialmente os homens utilizaram o <strong>cobre<\/strong><\/em>. Posteriormente, eles descobrem uma nova utilidade para o fogo: <strong>a fus\u00e3o de metais<\/strong>.   E assim conseguem desenvolver o <strong>bronze<\/strong>, uma liga resistente obtida  pela mistura de cobre com  estanho,  que possibilitou a produ\u00e7\u00e3o de ferramentas  mais eficientes e de armas mais poderosas. O uso do <strong>ferro<\/strong> viria muito tempo depois cerca de 1.500 a.C. <\/td>\n<\/tr>\n<tr class=\"row-10\">\n\t<td class=\"column-1\"><\/td><td class=\"column-2\">Come\u00e7am a surgir os primeiros aglomerados humanos. Despontam as primeiras civiliza\u00e7\u00f5es da Antiguidade. <\/td><td class=\"column-3\"><\/td>\n<\/tr>\n<tr class=\"row-11\">\n\t<td class=\"column-1\">c. 3.500 a.C.<\/td><td class=\"column-2\"><strong>ADVENTO DA ESCRITA<\/strong><\/td><td class=\"column-3\"><\/td>\n<\/tr>\n<tr class=\"row-12\">\n\t<td class=\"column-1\"><\/td><td class=\"column-2\"><strong>FIM DA PR\u00c9-HIST\u00d3RIA - IN\u00cdCIO DA HIST\u00d3RIA<\/strong><\/td><td class=\"column-3\"><\/td>\n<\/tr>\n<\/tbody>\n<\/table>\n<!-- #tablepress-945 from cache -->\n\n\n\n<p><\/p>\n","protected":false},"excerpt":{"rendered":"<p>PER\u00cdODO QUE ACOMPANHA A EVOLU\u00c7\u00c3O HUMANA DESDE O APARECIMENTO DOS PRIMEIROS HOMIN\u00cdDEOS AT\u00c9 O ADVENTO DA ESCRITA EM TORNO DE&hellip;<\/p>\n","protected":false},"author":1,"featured_media":25812,"parent":0,"menu_order":0,"comment_status":"closed","ping_status":"closed","template":"full-width.php","meta":{"footnotes":""},"class_list":["post-25806","page","type-page","status-publish","has-post-thumbnail","hentry"],"_links":{"self":[{"href":"https:\/\/cluny.com.br\/index.php?rest_route=\/wp\/v2\/pages\/25806","targetHints":{"allow":["GET"]}}],"collection":[{"href":"https:\/\/cluny.com.br\/index.php?rest_route=\/wp\/v2\/pages"}],"about":[{"href":"https:\/\/cluny.com.br\/index.php?rest_route=\/wp\/v2\/types\/page"}],"author":[{"embeddable":true,"href":"https:\/\/cluny.com.br\/index.php?rest_route=\/wp\/v2\/users\/1"}],"replies":[{"embeddable":true,"href":"https:\/\/cluny.com.br\/index.php?rest_route=%2Fwp%2Fv2%2Fcomments&post=25806"}],"version-history":[{"count":8,"href":"https:\/\/cluny.com.br\/index.php?rest_route=\/wp\/v2\/pages\/25806\/revisions"}],"predecessor-version":[{"id":25832,"href":"https:\/\/cluny.com.br\/index.php?rest_route=\/wp\/v2\/pages\/25806\/revisions\/25832"}],"wp:featuredmedia":[{"embeddable":true,"href":"https:\/\/cluny.com.br\/index.php?rest_route=\/wp\/v2\/media\/25812"}],"wp:attachment":[{"href":"https:\/\/cluny.com.br\/index.php?rest_route=%2Fwp%2Fv2%2Fmedia&parent=25806"}],"curies":[{"name":"wp","href":"https:\/\/api.w.org\/{rel}","templated":true}]}}