{"id":24084,"date":"2021-03-25T11:07:38","date_gmt":"2021-03-25T14:07:38","guid":{"rendered":"https:\/\/www.cluny.com.br\/?page_id=24084"},"modified":"2021-03-25T12:10:14","modified_gmt":"2021-03-25T15:10:14","slug":"logogramas-sistemas-logograficos","status":"publish","type":"page","link":"https:\/\/cluny.com.br\/?page_id=24084","title":{"rendered":"LOGOGRAMAS (sistemas logogr\u00e1ficos)"},"content":{"rendered":"\n<p><strong>LOGOGRAMAS  s\u00e3o s\u00edmbolos que representam:<\/strong><\/p>\n\n\n\n<p><strong> um CONCEITO ABSTRATO (ideogramas) ou ALGO CONCRETO (pictogramas &#8211;&gt; figuras estilizadas)<\/strong><\/p>\n\n\n\n<p>1 &#8211; <strong>CUNEIFORME <\/strong>(utilizado nas seguintes l\u00ednguas extintas: <strong>sumeriano \u2013 acadiano (ass\u00edrio-babil\u00f4nio) \u2013 hitita \u2013 persa antigo<\/strong><\/p>\n\n\n\n<figure class=\"wp-block-image size-large\"><img loading=\"lazy\" decoding=\"async\" width=\"586\" height=\"264\" src=\"https:\/\/www.cluny.com.br\/wp-content\/uploads\/CUNEIFORME4.png\" alt=\"\" class=\"wp-image-24091\" srcset=\"https:\/\/cluny.com.br\/wp-content\/uploads\/CUNEIFORME4.png 586w, https:\/\/cluny.com.br\/wp-content\/uploads\/CUNEIFORME4-300x135.png 300w\" sizes=\"auto, (max-width: 586px) 100vw, 586px\" \/><\/figure>\n\n\n\n<p>2 &#8211; <strong>ESCRITA EGIPCIA <\/strong>(utilizado no idioma  &#8220;<strong>antigo eg\u00edpcio&#8221;<\/strong> em suas tr\u00eas vers\u00f5es: <strong>HIER\u00d3LIFOS; HIER\u00c1TICOS <\/strong>e <strong>DEM\u00d3TICOS<\/strong>)<\/p>\n\n\n\n<figure class=\"wp-block-image size-large\"><img loading=\"lazy\" decoding=\"async\" width=\"586\" height=\"264\" src=\"https:\/\/www.cluny.com.br\/wp-content\/uploads\/hieroglifos-3.jpg\" alt=\"\" class=\"wp-image-24094\" srcset=\"https:\/\/cluny.com.br\/wp-content\/uploads\/hieroglifos-3.jpg 586w, https:\/\/cluny.com.br\/wp-content\/uploads\/hieroglifos-3-300x135.jpg 300w\" sizes=\"auto, (max-width: 586px) 100vw, 586px\" \/><figcaption> <\/figcaption><\/figure>\n\n\n\n<figure class=\"wp-block-image size-large\"><img loading=\"lazy\" decoding=\"async\" width=\"586\" height=\"264\" src=\"https:\/\/www.cluny.com.br\/wp-content\/uploads\/hieroglifos-hieraticos-demoticos2.jpg\" alt=\"\" class=\"wp-image-24097\" srcset=\"https:\/\/cluny.com.br\/wp-content\/uploads\/hieroglifos-hieraticos-demoticos2.jpg 586w, https:\/\/cluny.com.br\/wp-content\/uploads\/hieroglifos-hieraticos-demoticos2-300x135.jpg 300w\" sizes=\"auto, (max-width: 586px) 100vw, 586px\" \/><\/figure>\n\n\n\n<p>3 &#8211; <strong>ESCRITA CHINESA<\/strong> (Caracteres HAN ou SINOGRAMAS)<\/p>\n\n\n\n<figure class=\"wp-block-image size-large\"><img loading=\"lazy\" decoding=\"async\" width=\"657\" height=\"855\" src=\"https:\/\/www.cluny.com.br\/wp-content\/uploads\/Chines-100-caracteres-comuns.png\" alt=\"\" class=\"wp-image-24101\" srcset=\"https:\/\/cluny.com.br\/wp-content\/uploads\/Chines-100-caracteres-comuns.png 657w, https:\/\/cluny.com.br\/wp-content\/uploads\/Chines-100-caracteres-comuns-231x300.png 231w\" sizes=\"auto, (max-width: 657px) 100vw, 657px\" \/><\/figure>\n\n\n\n<p>4 &#8211; <strong>KANJI<\/strong> (utilizado na l\u00edngua japonesa)<\/p>\n\n\n\n<figure class=\"wp-block-image size-large\"><img loading=\"lazy\" decoding=\"async\" width=\"586\" height=\"264\" src=\"https:\/\/www.cluny.com.br\/wp-content\/uploads\/KANJI1.jpg\" alt=\"\" class=\"wp-image-24104\" srcset=\"https:\/\/cluny.com.br\/wp-content\/uploads\/KANJI1.jpg 586w, https:\/\/cluny.com.br\/wp-content\/uploads\/KANJI1-300x135.jpg 300w\" sizes=\"auto, (max-width: 586px) 100vw, 586px\" \/><\/figure>\n\n\n\n<p>5 &#8211; <strong>ESCRITA MAIA<\/strong> (utilizado na antiga l\u00edngua do povo maia)<\/p>\n\n\n\n<p><\/p>\n\n\n\n<figure class=\"wp-block-image size-large\"><img loading=\"lazy\" decoding=\"async\" width=\"539\" height=\"802\" src=\"https:\/\/www.cluny.com.br\/wp-content\/uploads\/escrita-maia-1.jpg\" alt=\"\" class=\"wp-image-24106\" srcset=\"https:\/\/cluny.com.br\/wp-content\/uploads\/escrita-maia-1.jpg 539w, https:\/\/cluny.com.br\/wp-content\/uploads\/escrita-maia-1-202x300.jpg 202w\" sizes=\"auto, (max-width: 539px) 100vw, 539px\" \/><\/figure>\n","protected":false},"excerpt":{"rendered":"<p>LOGOGRAMAS s\u00e3o s\u00edmbolos que representam: um CONCEITO ABSTRATO (ideogramas) ou ALGO CONCRETO (pictogramas &#8211;&gt; figuras estilizadas) 1 &#8211; CUNEIFORME (utilizado&hellip;<\/p>\n","protected":false},"author":1,"featured_media":0,"parent":0,"menu_order":0,"comment_status":"closed","ping_status":"closed","template":"full-width.php","meta":{"footnotes":""},"class_list":["post-24084","page","type-page","status-publish","hentry"],"_links":{"self":[{"href":"https:\/\/cluny.com.br\/index.php?rest_route=\/wp\/v2\/pages\/24084","targetHints":{"allow":["GET"]}}],"collection":[{"href":"https:\/\/cluny.com.br\/index.php?rest_route=\/wp\/v2\/pages"}],"about":[{"href":"https:\/\/cluny.com.br\/index.php?rest_route=\/wp\/v2\/types\/page"}],"author":[{"embeddable":true,"href":"https:\/\/cluny.com.br\/index.php?rest_route=\/wp\/v2\/users\/1"}],"replies":[{"embeddable":true,"href":"https:\/\/cluny.com.br\/index.php?rest_route=%2Fwp%2Fv2%2Fcomments&post=24084"}],"version-history":[{"count":11,"href":"https:\/\/cluny.com.br\/index.php?rest_route=\/wp\/v2\/pages\/24084\/revisions"}],"predecessor-version":[{"id":24108,"href":"https:\/\/cluny.com.br\/index.php?rest_route=\/wp\/v2\/pages\/24084\/revisions\/24108"}],"wp:attachment":[{"href":"https:\/\/cluny.com.br\/index.php?rest_route=%2Fwp%2Fv2%2Fmedia&parent=24084"}],"curies":[{"name":"wp","href":"https:\/\/api.w.org\/{rel}","templated":true}]}}