{"id":22443,"date":"2020-07-09T11:03:38","date_gmt":"2020-07-09T14:03:38","guid":{"rendered":"https:\/\/www.cluny.com.br\/?page_id=22443"},"modified":"2022-03-22T17:48:01","modified_gmt":"2022-03-22T20:48:01","slug":"letra-z-41","status":"publish","type":"page","link":"https:\/\/cluny.com.br\/?page_id=22443","title":{"rendered":"Letra  Z (41)"},"content":{"rendered":"\n\n<table id=\"tablepress-941\" class=\"tablepress tablepress-id-941\">\n<tbody class=\"row-striping row-hover\">\n<tr class=\"row-1\">\n\t<td class=\"column-1\">zabumba<\/td><td class=\"column-2\">tambor de sonoridade grave; bombo, bumbo, bumba, bumbo<\/td>\n<\/tr>\n<tr class=\"row-2\">\n\t<td class=\"column-1\">zaga \/ zagueiro<\/td><td class=\"column-2\">posi\u00e7\u00e3o dos jogadores de defesa (futebol) \/ jogador de defesa, beque<\/td>\n<\/tr>\n<tr class=\"row-3\">\n\t<td class=\"column-1\">zanga-burrinho<\/td><td class=\"column-2\">gangorra<\/td>\n<\/tr>\n<tr class=\"row-4\">\n\t<td class=\"column-1\">zang\u00e3o<\/td><td class=\"column-2\">1) abelha-macho \/  2) indiv\u00edduo que vive a expensas de outrem, ou explorando de forma constante benef\u00edcios ou favores alheios \/ 3) vendedor-pracista; representante \/ 4) operador independente e n\u00e3o credenciado da bolsa de valores<\/td>\n<\/tr>\n<tr class=\"row-5\">\n\t<td class=\"column-1\">zanzar<\/td><td class=\"column-2\">andar sem rumo; vaguear<\/td>\n<\/tr>\n<tr class=\"row-6\">\n\t<td class=\"column-1\">zapear<\/td><td class=\"column-2\">trocar de canal (TV) incessantemente<\/td>\n<\/tr>\n<tr class=\"row-7\">\n\t<td class=\"column-1\">zarabatana<\/td><td class=\"column-2\">canudo comprido pelo qual se arremessam, com sopro, setas, bolinhas e outros proj\u00e9teis<\/td>\n<\/tr>\n<tr class=\"row-8\">\n\t<td class=\"column-1\">zarc\u00e3o<\/td><td class=\"column-2\">1) \u00f3xido vermelho de chumbo  \/ 2) a cor laranja forte ou tijolo desse \u00f3xido<\/td>\n<\/tr>\n<tr class=\"row-9\">\n\t<td class=\"column-1\">zarolho<\/td><td class=\"column-2\">1) diz-se de pessoa que \u00e9 cega de um olho ou que n\u00e3o tem um olho;  caolho \/ 2) estr\u00e1bico, vesgo<\/td>\n<\/tr>\n<tr class=\"row-10\">\n\t<td class=\"column-1\">zarpar<\/td><td class=\"column-2\">deixar o porto em dire\u00e7\u00e3o ao mar (embarca\u00e7\u00e3o); partir <\/td>\n<\/tr>\n<tr class=\"row-11\">\n\t<td class=\"column-1\">z\u00e1s! z\u00e1s-tr\u00e1s!<\/td><td class=\"column-2\">interjei\u00e7\u00e3o usada para expressar uma a\u00e7\u00e3o r\u00e1pida; r\u00e1pido, ligeiro, vapt-vupt;  \"z\u00e1s-tr\u00e1s; o pivete agarrou a bolsa e sumiu no meio do povo\" <\/td>\n<\/tr>\n<tr class=\"row-12\">\n\t<td class=\"column-1\">zebra<\/td><td class=\"column-2\">1) mam\u00edferos africanos do g\u00eanero <strong>Equus<\/strong>, da fam\u00edlia dos equ\u00eddeos, de crina ereta e pelagem esbranqui\u00e7ada listrada de negro ou marrom-escuro \/ 2) (COL) resultado inesperado em jogo ou loteria \"<em>a vit\u00f3ria daquele time foi a maior zebra\"<\/em><br \/>\n<\/td>\n<\/tr>\n<tr class=\"row-13\">\n\t<td class=\"column-1\">z\u00e9firo<\/td><td class=\"column-2\">vento brando, aragem, brisa<\/td>\n<\/tr>\n<tr class=\"row-14\">\n\t<td class=\"column-1\">zelar \/ zelo \/  zeloso <\/td><td class=\"column-2\">cuidar, vigiar, proteger; <em>\"o bondoso padre zelava pelos pobres da par\u00f3quia<\/em>\"  \/ grande cuidado e preocupa\u00e7\u00e3o \/  atencioso, cuidadoso, diligente<br \/>\n<\/td>\n<\/tr>\n<tr class=\"row-15\">\n\t<td class=\"column-1\">zen<\/td><td class=\"column-2\">que revela ou reflete a serenidade e a simplicidade pr\u00f3prias do zen-budismo; \"o velhinho \u00e9 bem zen nas suas atitudes\" <\/td>\n<\/tr>\n<tr class=\"row-16\">\n\t<td class=\"column-1\">z\u00e9-ningu\u00e9m<\/td><td class=\"column-2\">indiv\u00edduo  sem import\u00e2ncia; jo\u00e3o-ningu\u00e9m, pobre-diabo, p\u00e9-rapado<\/td>\n<\/tr>\n<tr class=\"row-17\">\n\t<td class=\"column-1\">z\u00e9-ruela<\/td><td class=\"column-2\">pessoa sem a\u00e7\u00e3o; bobo, boboca<\/td>\n<\/tr>\n<tr class=\"row-18\">\n\t<td class=\"column-1\">z\u00eanite<\/td><td class=\"column-2\">1) ponto em que uma linha perpendicular ao solo encontra a esfera celeste (astronomia) \/ 2) o ponto ou grau mais elevado; apogeu, auge, culmin\u00e2ncia; \"aquela foi a \u00e9poca que a civiliza\u00e7\u00e3o grega atingiu seu z\u00eanite\"<\/td>\n<\/tr>\n<tr class=\"row-19\">\n\t<td class=\"column-1\">zepelim<\/td><td class=\"column-2\">grande bal\u00e3o dirig\u00edvel, de forma cil\u00edndrica, inventado pelo alem\u00e3o Ferdinand von Zeppelin<\/td>\n<\/tr>\n<tr class=\"row-20\">\n\t<td class=\"column-1\">z\u00e9-povinho<\/td><td class=\"column-2\">pessoa comum, pessoa do povo, pov\u00e3o<\/td>\n<\/tr>\n<tr class=\"row-21\">\n\t<td class=\"column-1\">zigue-zague; ziguezague \/ ziguezaguear<br \/>\n<\/td><td class=\"column-2\"> linha, desenho ou movimento em forma de z cont\u00ednuo; \"estrada em ziguezague\" \/\/ \u00a0Ir de um lado para outro, fazendo zigue-zague<br \/>\n<\/td>\n<\/tr>\n<tr class=\"row-22\">\n\t<td class=\"column-1\">ziguizira<\/td><td class=\"column-2\">qualquer doen\u00e7a vaga ou n\u00e3o esclarecida<\/td>\n<\/tr>\n<tr class=\"row-23\">\n\t<td class=\"column-1\">zigurate<\/td><td class=\"column-2\">templo piramidal na Babil\u00f4nia e Ass\u00edria<\/td>\n<\/tr>\n<tr class=\"row-24\">\n\t<td class=\"column-1\">zilh\u00e3o<\/td><td class=\"column-2\">n\u00famero indeterminado muito grande; \"j\u00e1 falei zilh\u00f5es de vezes\"<\/td>\n<\/tr>\n<tr class=\"row-25\">\n\t<td class=\"column-1\">zimb\u00f3rio<\/td><td class=\"column-2\">c\u00fapula, domo<\/td>\n<\/tr>\n<tr class=\"row-26\">\n\t<td class=\"column-1\">z\u00edngaro<\/td><td class=\"column-2\">cigano<\/td>\n<\/tr>\n<tr class=\"row-27\">\n\t<td class=\"column-1\">z\u00edper<\/td><td class=\"column-2\">fecho usado em cal\u00e7as, vestidos, malas etc., constitu\u00eddo de dentes que se encaixam; fecho-ecler<\/td>\n<\/tr>\n<tr class=\"row-28\">\n\t<td class=\"column-1\">ziriguidum<\/td><td class=\"column-2\">festa, folia, m\u00fasica de carnaval, ritmo; \"as mulatas ca\u00edram no ziriguidum\"<\/td>\n<\/tr>\n<tr class=\"row-29\">\n\t<td class=\"column-1\">zoar \/ zoada<\/td><td class=\"column-2\">1) produzir som semelhante ao de insetos quando voam; zunir, zumbir \/ 2) (COL)  dizer ou fazer algo com o objetivo de causar riso ou chacota; ca\u00e7oar, gozar, sacanear; <em>\"os veteranos zoaram os calouros durante o trote<\/em>\" \/\/ 1) som confuso de muitas vozes juntas; algazarra, barulheira, gritaria \/ 2) som semelhante ao dos insetos; zunido; zumbido \/ 3) (COL) ca\u00e7oada, goza\u00e7\u00e3o, tro\u00e7a<br \/>\n<\/td>\n<\/tr>\n<tr class=\"row-30\">\n\t<td class=\"column-1\">zoeira<\/td><td class=\"column-2\">desordem; confus\u00e3o<\/td>\n<\/tr>\n<tr class=\"row-31\">\n\t<td class=\"column-1\">zombar \/ zombaria  \/ zombador; zombeteiro<\/td><td class=\"column-2\">debochar, ca\u00e7oar, escarnecer, chacotear, mofar, tro\u00e7ar, zoar, sacanear \/ a\u00e7\u00e3o de zombar, de ca\u00e7oar de algu\u00e9m;  ca\u00e7oada, pilh\u00e9ria, tro\u00e7a, chacota, mofa \/ aquele que faz zombarias;  zombador, debochado<\/td>\n<\/tr>\n<tr class=\"row-32\">\n\t<td class=\"column-1\">zona<\/td><td class=\"column-2\">1) \u00e1rea delimitada natural ou artificialmente; regi\u00e3o; \"<em>zona eleitoral\"; \"zona militar\"<\/em> \/ 2) \u00e1rea de prostitui\u00e7\u00e3o de uma cidade; regi\u00e3o de meretr\u00edcio \/ 3) (COL) bagun\u00e7a, confus\u00e3o, desordem; <em>\"o quarto dele est\u00e1 uma zona\"<\/em><br \/>\n<\/td>\n<\/tr>\n<tr class=\"row-33\">\n\t<td class=\"column-1\">zonzo \/ zonzeira<\/td><td class=\"column-2\">tonto, atordoado \/ tonteira, tontura<\/td>\n<\/tr>\n<tr class=\"row-34\">\n\t<td class=\"column-1\">zoronga<\/td><td class=\"column-2\">amalucado, biruta, pirado, zureta<\/td>\n<\/tr>\n<tr class=\"row-35\">\n\t<td class=\"column-1\">zumbi<\/td><td class=\"column-2\">1) segundo a mitologia afro-brasileira, fantasma que vagueia pelas casas e campos \u00e0 noite \/ 2) pessoa que s\u00f3 sai \u00e0 noite ou que \u00e9 mais ativo nesse per\u00edodo do dia<\/td>\n<\/tr>\n<tr class=\"row-36\">\n\t<td class=\"column-1\">zumbir \/ zumbido<\/td><td class=\"column-2\">1) ru\u00eddo feito por insetos, zunido \/ 2) barulho semelhante aos dos insetos, geralmente feito por certas m\u00e1quinas<\/td>\n<\/tr>\n<tr class=\"row-37\">\n\t<td class=\"column-1\">zunir \/ zunido<\/td><td class=\"column-2\">zumbir \/ zumbido<\/td>\n<\/tr>\n<tr class=\"row-38\">\n\t<td class=\"column-1\">zun-zum; zun-zun-zum<\/td><td class=\"column-2\">not\u00edcia divulgada \u00e0 boca pequena, geralmente infundada; boato, mexerico<\/td>\n<\/tr>\n<tr class=\"row-39\">\n\t<td class=\"column-1\">zureta<\/td><td class=\"column-2\">pessoa adoidada, amalucada<\/td>\n<\/tr>\n<tr class=\"row-40\">\n\t<td class=\"column-1\">zurrapa<\/td><td class=\"column-2\">vinho de m\u00e1 qualidade, de sabor desagrad\u00e1vel<\/td>\n<\/tr>\n<tr class=\"row-41\">\n\t<td class=\"column-1\">zurrar \/ zurro<\/td><td class=\"column-2\">1) emitir zurros (burro, jumento); ornejar \/ 2) dizer asneiras \/\/ relincho, ornejo <\/td>\n<\/tr>\n<tr class=\"row-42\">\n\t<td class=\"column-1\">zurzir<\/td><td class=\"column-2\">1) a\u00e7oitar, chicotear, fustigar; \"o vento zurze a mata\" \/ 2) bater, espancar; \"o professor zurzia os alunos com a palmat\u00f3ria\" \/ 3) criticar com grande severidade e viol\u00eancia<\/td>\n<\/tr>\n<\/tbody>\n<\/table>\n<!-- #tablepress-941 from cache -->\n","protected":false},"excerpt":{"rendered":"","protected":false},"author":1,"featured_media":22519,"parent":0,"menu_order":0,"comment_status":"closed","ping_status":"closed","template":"full-width.php","meta":{"footnotes":""},"class_list":["post-22443","page","type-page","status-publish","has-post-thumbnail","hentry"],"_links":{"self":[{"href":"https:\/\/cluny.com.br\/index.php?rest_route=\/wp\/v2\/pages\/22443","targetHints":{"allow":["GET"]}}],"collection":[{"href":"https:\/\/cluny.com.br\/index.php?rest_route=\/wp\/v2\/pages"}],"about":[{"href":"https:\/\/cluny.com.br\/index.php?rest_route=\/wp\/v2\/types\/page"}],"author":[{"embeddable":true,"href":"https:\/\/cluny.com.br\/index.php?rest_route=\/wp\/v2\/users\/1"}],"replies":[{"embeddable":true,"href":"https:\/\/cluny.com.br\/index.php?rest_route=%2Fwp%2Fv2%2Fcomments&post=22443"}],"version-history":[{"count":2,"href":"https:\/\/cluny.com.br\/index.php?rest_route=\/wp\/v2\/pages\/22443\/revisions"}],"predecessor-version":[{"id":22476,"href":"https:\/\/cluny.com.br\/index.php?rest_route=\/wp\/v2\/pages\/22443\/revisions\/22476"}],"wp:featuredmedia":[{"embeddable":true,"href":"https:\/\/cluny.com.br\/index.php?rest_route=\/wp\/v2\/media\/22519"}],"wp:attachment":[{"href":"https:\/\/cluny.com.br\/index.php?rest_route=%2Fwp%2Fv2%2Fmedia&parent=22443"}],"curies":[{"name":"wp","href":"https:\/\/api.w.org\/{rel}","templated":true}]}}