{"id":22441,"date":"2020-07-09T11:02:26","date_gmt":"2020-07-09T14:02:26","guid":{"rendered":"https:\/\/www.cluny.com.br\/?page_id=22441"},"modified":"2020-07-10T19:27:30","modified_gmt":"2020-07-10T22:27:30","slug":"letra-x-34","status":"publish","type":"page","link":"https:\/\/cluny.com.br\/?page_id=22441","title":{"rendered":"Letra  X (34)"},"content":{"rendered":"\n\n<table id=\"tablepress-940\" class=\"tablepress tablepress-id-940\">\n<tbody class=\"row-striping row-hover\">\n<tr class=\"row-1\">\n\t<td class=\"column-1\">x\u00e1<\/td><td class=\"column-2\">soberano da P\u00e9rsia, atual Ir\u00e3, antes da revolu\u00e7\u00e3o isl\u00e2mica (1979)<\/td>\n<\/tr>\n<tr class=\"row-2\">\n\t<td class=\"column-1\">xador; chador<\/td><td class=\"column-2\">traje feminino, geralmente negro, que cobre todo o corpo, exceto os olhos, usado em alguns pa\u00edses mu\u00e7ulmanos<\/td>\n<\/tr>\n<tr class=\"row-3\">\n\t<td class=\"column-1\">xadrez <em>(subst)<\/em> \/ xadrez<em> (adj)<\/em><br \/>\n<\/td><td class=\"column-2\"><em>(subst)<\/em> 1) jogo de xadrez \/ 2) <strong>(COL)<\/strong> cadeia, pris\u00e3o, xilindr\u00f3 \/\/<em> (adj) <\/em>que apresenta desenho semelhante ao do tabuleiro de xadrez;<em> \"tecido xadrez\"<\/em><br \/>\n<\/td>\n<\/tr>\n<tr class=\"row-4\">\n\t<td class=\"column-1\">xale<\/td><td class=\"column-2\">pe\u00e7a de vestu\u00e1rio, geralmente quadrada, que as mulheres usam como adorno e agasalho dos ombros e costas<\/td>\n<\/tr>\n<tr class=\"row-5\">\n\t<td class=\"column-1\">xam\u00e3 \/ xamanismo<\/td><td class=\"column-2\">em certos povos ou culturas, esp\u00e9cie de curandeiro e adivinho que tem a capacidade de invocar ou incorporar esp\u00edritos; paj\u00e9 \/\/ religi\u00e3o primitiva de certos povos associada \u00e0s atividades dos xam\u00e3s<br \/>\n<\/td>\n<\/tr>\n<tr class=\"row-6\">\n\t<td class=\"column-1\">xana<\/td><td class=\"column-2\">(COL) vulva<br \/>\n<\/td>\n<\/tr>\n<tr class=\"row-7\">\n\t<td class=\"column-1\">xang\u00f4<\/td><td class=\"column-2\">divindade da justi\u00e7a, dos raios, do trov\u00e3o e do fogo, nos cultos afro-brasileiros<br \/>\n<\/td>\n<\/tr>\n<tr class=\"row-8\">\n\t<td class=\"column-1\">xar\u00e1<\/td><td class=\"column-2\">pessoa com nome de batismo id\u00eantico ao de outra<\/td>\n<\/tr>\n<tr class=\"row-9\">\n\t<td class=\"column-1\">xarope \/ xaropada<\/td><td class=\"column-2\">1) solu\u00e7\u00e3o aquosa concentrada, de a\u00e7\u00facar; tisana \/ 2) coisa ou pessoa chata; \"o cara \u00e9 t\u00e3o xarope que todos o evitam\" \/\/  coisa chata, ma\u00e7ante, enfadonha; \"aquela confer\u00eancia foi uma xaropada\"<\/td>\n<\/tr>\n<tr class=\"row-10\">\n\t<td class=\"column-1\">xaveco \/ xavecar<\/td><td class=\"column-2\">comportamento imoral; safadeza, patifaria, velhacaria \/ agir de forma desonesta; praticar safadeza<br \/>\n<\/td>\n<\/tr>\n<tr class=\"row-11\">\n\t<td class=\"column-1\">xaxim<\/td><td class=\"column-2\">vaso ou suporte para plantas, feito da massa fibrosa de ra\u00edzes de uma esp\u00e9cie de samambaia <em>(samambaia\u00e7u - Dicksonia sellowiana)<\/em><\/td>\n<\/tr>\n<tr class=\"row-12\">\n\t<td class=\"column-1\">xenofobia \/ xen\u00f3fobo<\/td><td class=\"column-2\">avers\u00e3o a pessoas e coisas estrangeiras \/ aquele que apresenta xenofobia<\/td>\n<\/tr>\n<tr class=\"row-13\">\n\t<td class=\"column-1\">xepa<\/td><td class=\"column-2\">1) as \u00faltimas mercadorias, de qualidade inferior, oferecidas a baixo pre\u00e7o ao final das feiras-livres \/ 2) comida de quartel, jab\u00e1<\/td>\n<\/tr>\n<tr class=\"row-14\">\n\t<td class=\"column-1\">xeique; sheik<\/td><td class=\"column-2\">chefe mu\u00e7ulmano de tribos \u00e1rabes; xeque<br \/>\n<\/td>\n<\/tr>\n<tr class=\"row-15\">\n\t<td class=\"column-1\">xeque<\/td><td class=\"column-2\">1) no jogo de xadrez, lance em que o rei \u00e9 amea\u00e7ado \/ 2) situa\u00e7\u00e3o que representa amea\u00e7a ou perigo, risco; <em>\"a paz est\u00e1 em xeque<\/em>\" \/ 3) chefe mu\u00e7ulmano; xeique, sheik<\/td>\n<\/tr>\n<tr class=\"row-16\">\n\t<td class=\"column-1\">xereta \/ xeretar<\/td><td class=\"column-2\">bisbilhoteiro, intrometido, mexeriqueiro, abelhudo \/ bisbilhotar, intrometer-se<\/td>\n<\/tr>\n<tr class=\"row-17\">\n\t<td class=\"column-1\">xerez<\/td><td class=\"column-2\">vinho licoroso da Espanha<\/td>\n<\/tr>\n<tr class=\"row-18\">\n\t<td class=\"column-1\">xerife<\/td><td class=\"column-2\">principal autoridade policial e legal de um munic\u00edpio ou condado, nos EUA<\/td>\n<\/tr>\n<tr class=\"row-19\">\n\t<td class=\"column-1\">xexelento<\/td><td class=\"column-2\">de mau aspecto, de m\u00e1 apar\u00eancia, de m\u00e1 qualidade, de pouco valor, xerelento<\/td>\n<\/tr>\n<tr class=\"row-20\">\n\t<td class=\"column-1\">xibio; xibiu<\/td><td class=\"column-2\">(COL) vulva<br \/>\n<\/td>\n<\/tr>\n<tr class=\"row-21\">\n\t<td class=\"column-1\">xiita<\/td><td class=\"column-2\">1) partid\u00e1rio da seita mu\u00e7ulmana dos xiitas \/ 2) extremista, radical, fan\u00e1tico<\/td>\n<\/tr>\n<tr class=\"row-22\">\n\t<td class=\"column-1\">xilindr\u00f3<\/td><td class=\"column-2\">cadeia, pris\u00e3o, xadrez<\/td>\n<\/tr>\n<tr class=\"row-23\">\n\t<td class=\"column-1\">xilogravura<\/td><td class=\"column-2\">gravura em madeira<\/td>\n<\/tr>\n<tr class=\"row-24\">\n\t<td class=\"column-1\">ximbica<\/td><td class=\"column-2\">carro velho, calhambeque, fubica<\/td>\n<\/tr>\n<tr class=\"row-25\">\n\t<td class=\"column-1\">xixi<\/td><td class=\"column-2\">urina<\/td>\n<\/tr>\n<tr class=\"row-26\">\n\t<td class=\"column-1\">xod\u00f3<\/td><td class=\"column-2\">1) afeto, estima, chamego; \"tinha o maior xod\u00f3 pela av\u00f3\"  \/ 2) namoro, amor, paix\u00e3o;  \"que falta me faz um xod\u00f3\"<\/td>\n<\/tr>\n<tr class=\"row-27\">\n\t<td class=\"column-1\">x\u00f3gum<\/td><td class=\"column-2\">antigo chefe militar do Jap\u00e3o (obs.: antes da revolu\u00e7\u00e3o de 1868, todo o poder estava nas m\u00e3os dos x\u00f3guns)<\/td>\n<\/tr>\n<tr class=\"row-28\">\n\t<td class=\"column-1\">xongas<\/td><td class=\"column-2\">absolutamente nada; coisa nenhuma; \"n\u00e3o entendi xongas daquela aula\"<\/td>\n<\/tr>\n<tr class=\"row-29\">\n\t<td class=\"column-1\">xota; xoxota<\/td><td class=\"column-2\">(COL) vulva<br \/>\n<\/td>\n<\/tr>\n<tr class=\"row-30\">\n\t<td class=\"column-1\">xote<\/td><td class=\"column-2\">antiga dan\u00e7a de sal\u00e3o (obs.: derivado da palavra alem\u00e3 Schottisch)<\/td>\n<\/tr>\n<tr class=\"row-31\">\n\t<td class=\"column-1\">xoxox\u00f3<\/td><td class=\"column-2\">(COL) triste, deprimido<br \/>\n<\/td>\n<\/tr>\n<tr class=\"row-32\">\n\t<td class=\"column-1\">xu\u00e1<\/td><td class=\"column-2\">algo fora do comum, estupendo, maravilhoso; \"esta  festa vai ser um xu\u00e1\" \/  de xu\u00e1 = cesta no basquete quando a bola entra sem tocar no aro ou na tabela<\/td>\n<\/tr>\n<tr class=\"row-33\">\n\t<td class=\"column-1\">xucro; chucro<\/td><td class=\"column-2\">1) n\u00e3o domado, bravio, selvagem; \"cavalo xucro\" \/ 2) desprovido de cultura, bronco, r\u00fastico, ignorante<\/td>\n<\/tr>\n<tr class=\"row-34\">\n\t<td class=\"column-1\">xumbrega; chumbrega<\/td><td class=\"column-2\">de qualidade inferior, ordin\u00e1rio, reles, de mau gosto, cafona, brega<\/td>\n<\/tr>\n<\/tbody>\n<\/table>\n<!-- #tablepress-940 from cache -->\n","protected":false},"excerpt":{"rendered":"","protected":false},"author":1,"featured_media":22518,"parent":0,"menu_order":0,"comment_status":"closed","ping_status":"closed","template":"full-width.php","meta":{"footnotes":""},"class_list":["post-22441","page","type-page","status-publish","has-post-thumbnail","hentry"],"_links":{"self":[{"href":"https:\/\/cluny.com.br\/index.php?rest_route=\/wp\/v2\/pages\/22441","targetHints":{"allow":["GET"]}}],"collection":[{"href":"https:\/\/cluny.com.br\/index.php?rest_route=\/wp\/v2\/pages"}],"about":[{"href":"https:\/\/cluny.com.br\/index.php?rest_route=\/wp\/v2\/types\/page"}],"author":[{"embeddable":true,"href":"https:\/\/cluny.com.br\/index.php?rest_route=\/wp\/v2\/users\/1"}],"replies":[{"embeddable":true,"href":"https:\/\/cluny.com.br\/index.php?rest_route=%2Fwp%2Fv2%2Fcomments&post=22441"}],"version-history":[{"count":2,"href":"https:\/\/cluny.com.br\/index.php?rest_route=\/wp\/v2\/pages\/22441\/revisions"}],"predecessor-version":[{"id":22474,"href":"https:\/\/cluny.com.br\/index.php?rest_route=\/wp\/v2\/pages\/22441\/revisions\/22474"}],"wp:featuredmedia":[{"embeddable":true,"href":"https:\/\/cluny.com.br\/index.php?rest_route=\/wp\/v2\/media\/22518"}],"wp:attachment":[{"href":"https:\/\/cluny.com.br\/index.php?rest_route=%2Fwp%2Fv2%2Fmedia&parent=22441"}],"curies":[{"name":"wp","href":"https:\/\/api.w.org\/{rel}","templated":true}]}}