{"id":22437,"date":"2020-07-09T11:01:37","date_gmt":"2020-07-09T14:01:37","guid":{"rendered":"https:\/\/www.cluny.com.br\/?page_id=22437"},"modified":"2021-10-21T12:13:30","modified_gmt":"2021-10-21T15:13:30","slug":"letra-u-52","status":"publish","type":"page","link":"https:\/\/cluny.com.br\/?page_id=22437","title":{"rendered":"Letra  U (46)"},"content":{"rendered":"\n\n<table id=\"tablepress-938\" class=\"tablepress tablepress-id-938\">\n<tbody class=\"row-striping row-hover\">\n<tr class=\"row-1\">\n\t<td class=\"column-1\">\u00fabere \/ uberdade<\/td><td class=\"column-2\">1) mama de  animal, especialmente das vacas; teta \/ 2) f\u00e9rtil, fecundo; \"as terras \u00faberes do vale do S\u00e3o Francisco\"  \/\/ fertilidade; fecundidade<\/td>\n<\/tr>\n<tr class=\"row-2\">\n\t<td class=\"column-1\">ub\u00edquo \/ ubiquidade<\/td><td class=\"column-2\">que est\u00e1 ao mesmo tempo em toda a parte; onipresente \/\/  onipresen\u00e7a<\/td>\n<\/tr>\n<tr class=\"row-3\">\n\t<td class=\"column-1\">ufanismo \/ ufanista<\/td><td class=\"column-2\">orgulho exacerbado pelo pa\u00eds em que nasceu; patriotismo excessivo \/ referente ao ufanismo; \"discurso ufanista\"<\/td>\n<\/tr>\n<tr class=\"row-4\">\n\t<td class=\"column-1\">uivo \/ uivar<\/td><td class=\"column-2\">voz lamentosa e aguda de c\u00e3o, lobo , etc \/ dar uivos<\/td>\n<\/tr>\n<tr class=\"row-5\">\n\t<td class=\"column-1\">ukelele; uquelele<\/td><td class=\"column-2\">instrumento musical de 4 cordas muito popular no Hava\u00ed<\/td>\n<\/tr>\n<tr class=\"row-6\">\n\t<td class=\"column-1\">\u00falcera \/ ulcerar \/ ulcera\u00e7\u00e3o<\/td><td class=\"column-2\">ferida \/ transformar(-se) em \u00falcera, em ferida; degenerar(-se) \/ resultado de ulcerar<\/td>\n<\/tr>\n<tr class=\"row-7\">\n\t<td class=\"column-1\">ulterior<\/td><td class=\"column-2\">que vem depois; posterior, futuro<\/td>\n<\/tr>\n<tr class=\"row-8\">\n\t<td class=\"column-1\">ultimar<\/td><td class=\"column-2\">terminar, finalizar, concluir; \"o grupo de trabalho vai ultimar os preparativos para a festa\"<\/td>\n<\/tr>\n<tr class=\"row-9\">\n\t<td class=\"column-1\">ultimato<\/td><td class=\"column-2\">intima\u00e7\u00e3o formal; \u00faltimo prazo; declara\u00e7\u00e3o definitiva e irrevog\u00e1vel; \"ultimato de guerra\"<\/td>\n<\/tr>\n<tr class=\"row-10\">\n\t<td class=\"column-1\">ultraje \/ ultrajar \/ ultrajante<\/td><td class=\"column-2\">ofensa muito grave; insulto, afronta \/ ofender, insultar gravemente \/ insultante, injurioso, aviltante<\/td>\n<\/tr>\n<tr class=\"row-11\">\n\t<td class=\"column-1\">ultramar \/ ultramarino<\/td><td class=\"column-2\">regi\u00e3o ou parte do globo terrestre situada al\u00e9m do mar;  \"prov\u00edncias do ultramar\" \/  que est\u00e1 situado no ultramar<\/td>\n<\/tr>\n<tr class=\"row-12\">\n\t<td class=\"column-1\">ultrapassar \/ ultrapassagem<\/td><td class=\"column-2\">ir al\u00e9m de, exceder, superar \/ a\u00e7\u00e3o de ultrapassar<\/td>\n<\/tr>\n<tr class=\"row-13\">\n\t<td class=\"column-1\">ulular \/ ululante<\/td><td class=\"column-2\">soltar ganido, uivar \/\/  1)  que ulula, que uiva;  \"lobos ululantes\"  \/ 2) evidente, gritante, insofism\u00e1vel;  \"\u00f3bvio ululante\"<\/td>\n<\/tr>\n<tr class=\"row-14\">\n\t<td class=\"column-1\">umbigo \/ umbigada<\/td><td class=\"column-2\">depress\u00e3o cut\u00e2nea localizada no centro do abdome, formada a partir da cicatriz do corte do cord\u00e3o umbilical \/\/ 1) pancada de umbigo contra umbigo, ou na regi\u00e3o do umbigo \/ 2)  nas dan\u00e7as de rodas bantas, encontr\u00e3o que o dan\u00e7arino principal d\u00e1, com o umbigo, na pessoa que vai substitu\u00ed-lo<br \/>\n<\/td>\n<\/tr>\n<tr class=\"row-15\">\n\t<td class=\"column-1\">umbral<\/td><td class=\"column-2\">1) portal, limiar, ombreira da porta \/ 2) entrada, come\u00e7o; \"umbrais da eternidade\"<\/td>\n<\/tr>\n<tr class=\"row-16\">\n\t<td class=\"column-1\">un\u00e2nime \/ unanimidade<\/td><td class=\"column-2\">1) da mesma opini\u00e3o ou ideia que outras pessoas \/ 2) em que h\u00e1 concord\u00e2ncia geral \"decis\u00e3o un\u00e2nime\" \/\/ conformidade geral de opini\u00e3o, de votos, etc<\/td>\n<\/tr>\n<tr class=\"row-17\">\n\t<td class=\"column-1\">underground<\/td><td class=\"column-2\">1) fora dos padr\u00f5es, do modismo;  heterodoxo,  alternativo; \"movimento underground\" \/ 2) movimento ou organiza\u00e7\u00e3o secreta \/ 3) submundo do crime <\/td>\n<\/tr>\n<tr class=\"row-18\">\n\t<td class=\"column-1\">ungir \/ un\u00e7\u00e3o<\/td><td class=\"column-2\">esfregar com \u00f3leo; aplicar unguento; untar;  \"ungiu o corpo com um \u00f3leo arom\u00e1tico\"  \/ a\u00e7\u00e3o de ungir; \"extrema-un\u00e7\u00e3o\" <\/td>\n<\/tr>\n<tr class=\"row-19\">\n\t<td class=\"column-1\">unguento<\/td><td class=\"column-2\">1) creme ou pasta medicamentosa que se aplica na pele; pomada \/ 2) ess\u00eancia arom\u00e1tica com que os antigos perfumavam ou embalsamavam os corpos<\/td>\n<\/tr>\n<tr class=\"row-20\">\n\t<td class=\"column-1\">unha<\/td><td class=\"column-2\">l\u00e2mina dura, formada de queratina, que recobre a \u00faltima falange dos dedos das m\u00e3os e dos p\u00e9s \/\/ <strong> unha de fome<\/strong> =  pessoa excessivamente apegada ao dinheiro; avarento, sovina, p\u00e3o-duro<br \/>\n<\/td>\n<\/tr>\n<tr class=\"row-21\">\n\t<td class=\"column-1\">unic\u00f3rnio<\/td><td class=\"column-2\">animal fabuloso com um corpo de cavalo e cabe\u00e7a de veado munida de um chifre \u00fanico<\/td>\n<\/tr>\n<tr class=\"row-22\">\n\t<td class=\"column-1\">unissonante<\/td><td class=\"column-2\">un\u00edssono<\/td>\n<\/tr>\n<tr class=\"row-23\">\n\t<td class=\"column-1\">un\u00edssono<\/td><td class=\"column-2\">diz-se do som que tem a mesma altura que outro, unissonante; \"vozes un\u00edssonas\" \/ em un\u00edssono = com emiss\u00e3o simult\u00e2nea de vozes; simultaneamente; \"os fi\u00e9is responderam em un\u00edssono\"<\/td>\n<\/tr>\n<tr class=\"row-24\">\n\t<td class=\"column-1\">universo<\/td><td class=\"column-2\">1) tudo o que existe: o espa\u00e7o e todas as formas de  mat\u00e9ria e energia \/ 2) o espa\u00e7o e todas as estrelas, planetas e outras formas de mat\u00e9ria nele existentes; cosmo<\/td>\n<\/tr>\n<tr class=\"row-25\">\n\t<td class=\"column-1\">uno<\/td><td class=\"column-2\">que \u00e9 um s\u00f3;  \u00fanico<\/td>\n<\/tr>\n<tr class=\"row-26\">\n\t<td class=\"column-1\">unto \/ untar \/ untuoso<\/td><td class=\"column-2\">gordura de porco; banha \/\/ besuntar, lambrecar, lambuzar, ungir \/\/ gorduroso, oleoso<\/td>\n<\/tr>\n<tr class=\"row-27\">\n\t<td class=\"column-1\">urbano \/ urbaniza\u00e7\u00e3o \/ urbanidade<\/td><td class=\"column-2\">1) relativo ou pertencente \u00e0 cidade; \"paisagem urbana\"; \"transporte urbano\" \/ 2) que demonstra urbanidade, afabilidade, cortesia \/\/ ato ou efeito de urbanizar(-se) \/\/ 1) qualidade ou condi\u00e7\u00e3o de ser urbano \/ 2) conjunto de formalidades e procedimentos que demonstram boas maneiras e respeito entre os cidad\u00e3os; afabilidade, civilidade, cortesia<\/td>\n<\/tr>\n<tr class=\"row-28\">\n\t<td class=\"column-1\">urbe<\/td><td class=\"column-2\">cidade<\/td>\n<\/tr>\n<tr class=\"row-29\">\n\t<td class=\"column-1\">urdir \/ urdidura<\/td><td class=\"column-2\">1) tecer, preparar os fios para tecer \/ 2) preparar (golpe, vingan\u00e7a, etc); tramar; \"urdiu um plano maquiav\u00e9lico\"  \/ 3) imaginar; \"urdiu uma trama complexa para seu novo romance\" \/\/ 1) a\u00e7\u00e3o de urdir \/ 2) trama, maquina\u00e7\u00f5es contra algu\u00e9m \/ 3) enredo de uma obra de fic\u00e7\u00e3o<\/td>\n<\/tr>\n<tr class=\"row-30\">\n\t<td class=\"column-1\">uretra<\/td><td class=\"column-2\">canal que sai da bexiga e conduz a urina para a parte externa do corpo e, no homem, a descarga do esperma<br \/>\n<\/td>\n<\/tr>\n<tr class=\"row-31\">\n\t<td class=\"column-1\">urgir<\/td><td class=\"column-2\">ser urgente, ser necess\u00e1rio; \"este trabalho urge\"<\/td>\n<\/tr>\n<tr class=\"row-32\">\n\t<td class=\"column-1\">urinol<\/td><td class=\"column-2\">vaso para urinar e defecar; penico<\/td>\n<\/tr>\n<tr class=\"row-33\">\n\t<td class=\"column-1\">urna<\/td><td class=\"column-2\">1) caixa ou saco inviol\u00e1vel onde se depositam os votos nas elei\u00e7\u00f5es \/ 2) caixa em que s\u00e3o guardadas as cinzas de um morto; \"urna funer\u00e1ria\" <\/td>\n<\/tr>\n<tr class=\"row-34\">\n\t<td class=\"column-1\">urrar \/ urro<\/td><td class=\"column-2\">produzir som (animal feroz); \"o le\u00e3o urra\" \/ 2) berrar como fera; \"a multid\u00e3o urrou\" \/\/ berro forte; fugido<\/td>\n<\/tr>\n<tr class=\"row-35\">\n\t<td class=\"column-1\">urso \/ ursada<\/td><td class=\"column-2\">designa\u00e7\u00e3o comum aos mam\u00edferos carn\u00edvoros da fam\u00edlia dos urs\u00eddeos \/\/  procedimento desleal, especialmente provindo de um amigo; trai\u00e7\u00e3o, deslealdade<\/td>\n<\/tr>\n<tr class=\"row-36\">\n\t<td class=\"column-1\">urtic\u00e1ria<\/td><td class=\"column-2\">irrita\u00e7\u00e3o da pele caracterizada por placas vermelhas e coceira; alergia<\/td>\n<\/tr>\n<tr class=\"row-37\">\n\t<td class=\"column-1\">urtiga<\/td><td class=\"column-2\">planta (<em>Urtica dioica<\/em>) da fam\u00edlia <em>Urticaceae<\/em> que t\u00eam pelos que causam irrita\u00e7\u00e3o \u00e0 pele<\/td>\n<\/tr>\n<tr class=\"row-38\">\n\t<td class=\"column-1\">urucubaca; uruca<\/td><td class=\"column-2\">azar, m\u00e1 sorte<\/td>\n<\/tr>\n<tr class=\"row-39\">\n\t<td class=\"column-1\">urze<\/td><td class=\"column-2\">nome comum a v\u00e1rias plantas arbustivas da fam\u00edlia das eric\u00e1ceas<\/td>\n<\/tr>\n<tr class=\"row-40\">\n\t<td class=\"column-1\">useiro<\/td><td class=\"column-2\">que tem por h\u00e1bito fazer certa coisa; \"ele \u00e9 useiro em falar mal dos outros\"  \/\/ useiro e vezeiro = que tem o costume de (agir de certa maneira, fazer determinada coisa frequentemente);   \"ele \u00e9 useiro e vezeiro em agir assim\"<\/td>\n<\/tr>\n<tr class=\"row-41\">\n\t<td class=\"column-1\">usucapi\u00e3o<\/td><td class=\"column-2\">direito de posse concedida a algu\u00e9m que usa um im\u00f3vel por um per\u00edodo prolongado e sem interrup\u00e7\u00e3o<\/td>\n<\/tr>\n<tr class=\"row-42\">\n\t<td class=\"column-1\">usufruir<\/td><td class=\"column-2\">usar, desfrutar, gozar de; \"usufruiu suas f\u00e9rias \u00e0 beira-mar\"<\/td>\n<\/tr>\n<tr class=\"row-43\">\n\t<td class=\"column-1\">usufruto<\/td><td class=\"column-2\">direito de desfrutar de um bem pertencente a outrem<\/td>\n<\/tr>\n<tr class=\"row-44\">\n\t<td class=\"column-1\">usura \/ usur\u00e1rio<\/td><td class=\"column-2\">1) empr\u00e9stimo a juros exorbitantes; agiotagem \/ 2) avareza, mesquinharia \/\/ agiota<\/td>\n<\/tr>\n<tr class=\"row-45\">\n\t<td class=\"column-1\">usurpar \/ usurpa\u00e7\u00e3o \/ usurpador<\/td><td class=\"column-2\">apoderar-se com fraude ou viol\u00eancia;  apropriar-se desonestamente; exercer de maneira indevida; \"usurpou o trono\" \/ a\u00e7\u00e3o de apoderar-se ilicitamente \/ aquele que usurpa<\/td>\n<\/tr>\n<tr class=\"row-46\">\n\t<td class=\"column-1\">utens\u00edlio<\/td><td class=\"column-2\">qualquer instrumento de trabalho<\/td>\n<\/tr>\n<tr class=\"row-47\">\n\t<td class=\"column-1\">utopia \/ ut\u00f3pico<\/td><td class=\"column-2\">1) qualquer concep\u00e7\u00e3o  de uma sociedade justa, sem desequil\u00edbrios sociais e econ\u00f4micos \/ 2) plano ou sonho irrealiz\u00e1vel; fantasia, quimera \/\/ que tem car\u00e1ter de utopia; fantasioso, quim\u00e9rico; \"projeto ut\u00f3pico\"<\/td>\n<\/tr>\n<tr class=\"row-48\">\n\t<td class=\"column-1\">uva<\/td><td class=\"column-2\">1) fruto da videira (g\u00eanero <em>Vitis<\/em> e v\u00e1rias esp\u00e9cies) da fam\u00edlia <em>Vitaceae<\/em>\/ 2)<em> (ARC)<\/em> mulher bonita e atraente; <em>\"aquela mulher \u00e9 uma uva!\"<\/em><\/td>\n<\/tr>\n<tr class=\"row-49\">\n\t<td class=\"column-1\">uvaia<\/td><td class=\"column-2\">fruto da uvaieira (<em>Eugenia pyriformis<\/em>) da fam\u00edlia <em>Myrtaceae<\/em>, nativa da Mata Atl\u00e2ntica; frutos comest\u00edveis aveludados e de cor amarela <\/td>\n<\/tr>\n<\/tbody>\n<\/table>\n<!-- #tablepress-938 from cache -->\n","protected":false},"excerpt":{"rendered":"","protected":false},"author":1,"featured_media":22511,"parent":0,"menu_order":0,"comment_status":"closed","ping_status":"closed","template":"full-width.php","meta":{"footnotes":""},"class_list":["post-22437","page","type-page","status-publish","has-post-thumbnail","hentry"],"_links":{"self":[{"href":"https:\/\/cluny.com.br\/index.php?rest_route=\/wp\/v2\/pages\/22437","targetHints":{"allow":["GET"]}}],"collection":[{"href":"https:\/\/cluny.com.br\/index.php?rest_route=\/wp\/v2\/pages"}],"about":[{"href":"https:\/\/cluny.com.br\/index.php?rest_route=\/wp\/v2\/types\/page"}],"author":[{"embeddable":true,"href":"https:\/\/cluny.com.br\/index.php?rest_route=\/wp\/v2\/users\/1"}],"replies":[{"embeddable":true,"href":"https:\/\/cluny.com.br\/index.php?rest_route=%2Fwp%2Fv2%2Fcomments&post=22437"}],"version-history":[{"count":4,"href":"https:\/\/cluny.com.br\/index.php?rest_route=\/wp\/v2\/pages\/22437\/revisions"}],"predecessor-version":[{"id":25055,"href":"https:\/\/cluny.com.br\/index.php?rest_route=\/wp\/v2\/pages\/22437\/revisions\/25055"}],"wp:featuredmedia":[{"embeddable":true,"href":"https:\/\/cluny.com.br\/index.php?rest_route=\/wp\/v2\/media\/22511"}],"wp:attachment":[{"href":"https:\/\/cluny.com.br\/index.php?rest_route=%2Fwp%2Fv2%2Fmedia&parent=22437"}],"curies":[{"name":"wp","href":"https:\/\/api.w.org\/{rel}","templated":true}]}}