{"id":22429,"date":"2020-07-09T10:58:42","date_gmt":"2020-07-09T13:58:42","guid":{"rendered":"https:\/\/www.cluny.com.br\/?page_id=22429"},"modified":"2021-10-21T12:10:56","modified_gmt":"2021-10-21T15:10:56","slug":"letra-q-72","status":"publish","type":"page","link":"https:\/\/cluny.com.br\/?page_id=22429","title":{"rendered":"Letra  Q (67)"},"content":{"rendered":"\n\n<table id=\"tablepress-934\" class=\"tablepress tablepress-id-934\">\n<tbody class=\"row-striping row-hover\">\n<tr class=\"row-1\">\n\t<td class=\"column-1\">quadra<\/td><td class=\"column-2\">1) espa\u00e7o, interno ou ao ar livre, demarcado para a pr\u00e1tica de certos esportes; <em>\"quadra de t\u00eanis<\/em>\" \/ 2)  dist\u00e2ncia de uma esquina a outra, no mesmo lado da rua; quarteir\u00e3o; <em>\"eles moram na mesma quadra\"<\/em><\/td>\n<\/tr>\n<tr class=\"row-2\">\n\t<td class=\"column-1\">quadrado<\/td><td class=\"column-2\">pessoa conservadora; careta; \"ele \u00e9 mesmo muito quadrado\"<\/td>\n<\/tr>\n<tr class=\"row-3\">\n\t<td class=\"column-1\">quadrif\u00f3lio<\/td><td class=\"column-2\">ornato constitu\u00eddo de quatro l\u00f3bulos dispostos como p\u00e9talas; quatro-folhas (arquitetura; her\u00e1ldica)<\/td>\n<\/tr>\n<tr class=\"row-4\">\n\t<td class=\"column-1\">quadriga<\/td><td class=\"column-2\">carro de duas rodas puxado por quatro cavalos emparelhados<\/td>\n<\/tr>\n<tr class=\"row-5\">\n\t<td class=\"column-1\">quadrilha<\/td><td class=\"column-2\">1) bando de ladr\u00f5es ou assaltantes \/ 2) dan\u00e7a executada por v\u00e1rios pares, muito comum nas festas juninas<\/td>\n<\/tr>\n<tr class=\"row-6\">\n\t<td class=\"column-1\">quadrinha<\/td><td class=\"column-2\">trova\u00a0popular formada por quatro versos e rimas simples que fazem parte da tradi\u00e7\u00e3o oral de um povo sendo passadas de boca em boca<\/td>\n<\/tr>\n<tr class=\"row-7\">\n\t<td class=\"column-1\">quadro-negro<\/td><td class=\"column-2\">quadro de giz; lousa<\/td>\n<\/tr>\n<tr class=\"row-8\">\n\t<td class=\"column-1\">quarar \/ quaradouro<\/td><td class=\"column-2\">branquear roupa ao sol; corar \/ lugar ensolarado onde se p\u00f5e a roupa para quarar<\/td>\n<\/tr>\n<tr class=\"row-9\">\n\t<td class=\"column-1\">quarentena<\/td><td class=\"column-2\">1) intervalo de tempo de 40 dias \/ 2) isolamento, por per\u00edodos de tempo vari\u00e1veis, imposto a indiv\u00edduos ou cargas procedentes de pa\u00edses em que ocorrem epidemias de doen\u00e7as contagiosas<br \/>\n<\/td>\n<\/tr>\n<tr class=\"row-10\">\n\t<td class=\"column-1\">quartelada<\/td><td class=\"column-2\">rebeli\u00e3o de militares com o objetivo de tomar o poder<\/td>\n<\/tr>\n<tr class=\"row-11\">\n\t<td class=\"column-1\">quasar<\/td><td class=\"column-2\">objeto celeste com aspecto de estrela que emite ondas de r\u00e1dio<\/td>\n<\/tr>\n<tr class=\"row-12\">\n\t<td class=\"column-1\">quebrar \/ quebra <\/td><td class=\"column-2\">1) romper,  fraturar,  fragmentar, despeda\u00e7ar; \"<em>quebrar o copo\"; \"quebrar a perna<\/em>\"  \/ 2)  ir \u00e0 fal\u00eancia; falir; \"<em>a firma quebrou e n\u00e3o pagou os funcion\u00e1rios<\/em>\" \/\/  1) a\u00e7\u00e3o ou resultado de quebrar \/ 2) <strong>de quebra<\/strong> = al\u00e9m disso; em acr\u00e9scimo; de lambuja;  <em>\"fez um desconto e, de quebra, ofereceu um brinde\"<\/em><br \/>\n<\/td>\n<\/tr>\n<tr class=\"row-13\">\n\t<td class=\"column-1\">quebra-cabe\u00e7a<\/td><td class=\"column-2\">1) jogo de pe\u00e7as que se combinam fomando uma figura \/ 2) problema dif\u00edcil<\/td>\n<\/tr>\n<tr class=\"row-14\">\n\t<td class=\"column-1\">quebrada<\/td><td class=\"column-2\">1) declive de monte ou montanha; encosta, vertente \/ 2) curva em estrada \/ 3) local distante<br \/>\n<\/td>\n<\/tr>\n<tr class=\"row-15\">\n\t<td class=\"column-1\">quebradi\u00e7o<\/td><td class=\"column-2\">fr\u00e1gil, quebr\u00e1vel<\/td>\n<\/tr>\n<tr class=\"row-16\">\n\t<td class=\"column-1\">quebra-galho<\/td><td class=\"column-2\">solu\u00e7\u00e3o de emerg\u00eancia, recurso improvisado para resolver um problema<\/td>\n<\/tr>\n<tr class=\"row-17\">\n\t<td class=\"column-1\">quebra-luz<\/td><td class=\"column-2\">suporte para l\u00e2mpada; abajur<\/td>\n<\/tr>\n<tr class=\"row-18\">\n\t<td class=\"column-1\">quebra-mar<\/td><td class=\"column-2\">pared\u00e3o que oferece prote\u00e7\u00e3o contra o impacto de ondas do mar<\/td>\n<\/tr>\n<tr class=\"row-19\">\n\t<td class=\"column-1\">quebra-mola<\/td><td class=\"column-2\">obst\u00e1culo para for\u00e7ar a redu\u00e7\u00e3o de velocidade dos ve\u00edculos; lombada<\/td>\n<\/tr>\n<tr class=\"row-20\">\n\t<td class=\"column-1\">quebranto \/ quebrantar<\/td><td class=\"column-2\">na supersti\u00e7\u00e3o popular, efeito danoso do olhar de uma pessoa sobre algu\u00e9m ou algo; mau-olhado \/ abater, debilitar<\/td>\n<\/tr>\n<tr class=\"row-21\">\n\t<td class=\"column-1\">quebra-quebra<\/td><td class=\"column-2\">arrua\u00e7a com depreda\u00e7\u00f5es<\/td>\n<\/tr>\n<tr class=\"row-22\">\n\t<td class=\"column-1\">quedar \/ quedo<\/td><td class=\"column-2\">ficar parado ou quieto; \"ele quedou pensativo\" \/ quieto, parado, im\u00f3vel<\/td>\n<\/tr>\n<tr class=\"row-23\">\n\t<td class=\"column-1\">quede <\/td><td class=\"column-2\">1) express\u00e3o interrogativa significando '<em>que \u00e9 de', 'onde est\u00e1', 'cad\u00ea<\/em>' \/ 2) cal\u00e7ado esportivo de lona<br \/>\n<\/td>\n<\/tr>\n<tr class=\"row-24\">\n\t<td class=\"column-1\">quenga<\/td><td class=\"column-2\">prostituta, meretriz<\/td>\n<\/tr>\n<tr class=\"row-25\">\n\t<td class=\"column-1\">quent\u00e3o<\/td><td class=\"column-2\">bebida feita com cacha\u00e7a, a\u00e7\u00facar, gengibre e canela e servida quente<\/td>\n<\/tr>\n<tr class=\"row-26\">\n\t<td class=\"column-1\">quepe<\/td><td class=\"column-2\">bon\u00e9 com viseira, geralmente usado como pe\u00e7a de uniforme militar<\/td>\n<\/tr>\n<tr class=\"row-27\">\n\t<td class=\"column-1\">querela \/ querelante<\/td><td class=\"column-2\">conflito de interesses; briga, contenda, pend\u00eancia, rixa, desaven\u00e7a \/ pessoa que move uma a\u00e7\u00e3o judicial contra algu\u00e9m<\/td>\n<\/tr>\n<tr class=\"row-28\">\n\t<td class=\"column-1\">quer\u00eancia<\/td><td class=\"column-2\">1) lugar onde o animal foi criado ou onde se acostumou a pastar \/ 2) local onde se nasceu, criou ou se acostumou a viver; pago, p\u00e1tria, rinc\u00e3o, torr\u00e3o<\/td>\n<\/tr>\n<tr class=\"row-29\">\n\t<td class=\"column-1\">quermesse<\/td><td class=\"column-2\">1) feira paroquial \/ 2) feira p\u00fablica com barracas ao ar livre com fins beneficentes<\/td>\n<\/tr>\n<tr class=\"row-30\">\n\t<td class=\"column-1\">querubim<\/td><td class=\"column-2\">anjo de alta hierarquia, abaixo apenas dos serafins<\/td>\n<\/tr>\n<tr class=\"row-31\">\n\t<td class=\"column-1\">quesito<\/td><td class=\"column-2\">quest\u00e3o, ponto, item submetido ao julgamento de outrem<\/td>\n<\/tr>\n<tr class=\"row-32\">\n\t<td class=\"column-1\">quest\u00e3o \/ questi\u00fancula<br \/>\n<\/td><td class=\"column-2\">1) pergunta, interroga\u00e7\u00e3o; \/ 2) coisa a ser resolvida; problema \/ 3) disputa, contenda, conflito \/\/ quest\u00e3o sem import\u00e2ncia; controv\u00e9rsia ou discuss\u00e3o sobre assunto f\u00fatil<br \/>\n<\/td>\n<\/tr>\n<tr class=\"row-33\">\n\t<td class=\"column-1\">questionar \/ questionamento<\/td><td class=\"column-2\">p\u00f4r em quest\u00e3o; discutir \/ ato de questionar; d\u00favida<\/td>\n<\/tr>\n<tr class=\"row-34\">\n\t<td class=\"column-1\">quiabar<\/td><td class=\"column-2\">fugir a um compromisso; n\u00e3o assumir o combinado; cair fora; escapulir;  \"depois de tudo acertado, o cara quiabou\"<\/td>\n<\/tr>\n<tr class=\"row-35\">\n\t<td class=\"column-1\">quibebe<\/td><td class=\"column-2\">pur\u00ea de ab\u00f3bora<\/td>\n<\/tr>\n<tr class=\"row-36\">\n\t<td class=\"column-1\">qui\u00e7\u00e1<\/td><td class=\"column-2\">talvez, provavelmente<\/td>\n<\/tr>\n<tr class=\"row-37\">\n\t<td class=\"column-1\">quicar<\/td><td class=\"column-2\">bater e voltar (bola); fazer com que pule (bola)<\/td>\n<\/tr>\n<tr class=\"row-38\">\n\t<td class=\"column-1\">quiche<\/td><td class=\"column-2\">torta salgada<\/td>\n<\/tr>\n<tr class=\"row-39\">\n\t<td class=\"column-1\">quilate<\/td><td class=\"column-2\">1) unidade de peso para pedras e metais preciosos, equivalente a 200 miligramas \/ 2) grau de qualidade, de excel\u00eancia; \"artista de alto quilate\"<\/td>\n<\/tr>\n<tr class=\"row-40\">\n\t<td class=\"column-1\">quilha<\/td><td class=\"column-2\">pe\u00e7a da estrutura de uma embarca\u00e7\u00e3o  localizada na sua parte inferior  e que se estende longitudinalmente da popa \u00e0 proa<\/td>\n<\/tr>\n<tr class=\"row-41\">\n\t<td class=\"column-1\">quilombo \/ quilombola<\/td><td class=\"column-2\">lugar escondido em que se refugiavam escravos fugidos \/  escravo refugiado em quilombo<\/td>\n<\/tr>\n<tr class=\"row-42\">\n\t<td class=\"column-1\">quimera \/ quim\u00e9rico<\/td><td class=\"column-2\">1) monstro mitol\u00f3gico que se dizia possuir cabe\u00e7a de le\u00e3o, corpo de cabra e cauda de serpente e lan\u00e7ar fogo pelas narinas \/ 2) fantasia, sonho, devaneio, ilus\u00e3o, utopia \/\/ que \u00e9 fruto da imagina\u00e7\u00e3o, da fantasia; fant\u00e1stico, fict\u00edcio, ut\u00f3pico<\/td>\n<\/tr>\n<tr class=\"row-43\">\n\t<td class=\"column-1\">quimo<\/td><td class=\"column-2\">esp\u00e9cie de pasta em que se transformam os alimentos parcialmente digeridos no est\u00f4mago<\/td>\n<\/tr>\n<tr class=\"row-44\">\n\t<td class=\"column-1\">quimono<\/td><td class=\"column-2\">vestimenta longa usada pelos japoneses; roup\u00e3o<\/td>\n<\/tr>\n<tr class=\"row-45\">\n\t<td class=\"column-1\">quina<\/td><td class=\"column-2\">\u00e2ngulo saliente; aresta, ponta, canto; \"quina da mesa\" <\/td>\n<\/tr>\n<tr class=\"row-46\">\n\t<td class=\"column-1\">quinau<\/td><td class=\"column-2\">corre\u00e7\u00e3o de erro, corretivo, emenda, li\u00e7\u00e3o \/ dar quinau em = 1) corrigir, mostrar o erro; \"o aluno mostrou o erro  e deu quinau at\u00e9 no professor\" \/ 2) passar \u00e0 frente de; suplantar, sobrepujar; \"ele deu quinau nos advers\u00e1rios e ganhou o concurso\"<\/td>\n<\/tr>\n<tr class=\"row-47\">\n\t<td class=\"column-1\">quindim<\/td><td class=\"column-2\">docinho feito com gemas de ovos, a\u00e7\u00facar e coco ralado<\/td>\n<\/tr>\n<tr class=\"row-48\">\n\t<td class=\"column-1\">quinh\u00e3o<\/td><td class=\"column-2\">parte que cabe a cada um na divis\u00e3o de um todo; cota, parcela<\/td>\n<\/tr>\n<tr class=\"row-49\">\n\t<td class=\"column-1\">quinquilharia<\/td><td class=\"column-2\">objeto de pouco  valor ou utilidade; bugiganga, tralha <\/td>\n<\/tr>\n<tr class=\"row-50\">\n\t<td class=\"column-1\">quinta<\/td><td class=\"column-2\">propriedade rural; casa de campo, granja, ch\u00e1cara, s\u00edtio<\/td>\n<\/tr>\n<tr class=\"row-51\">\n\t<td class=\"column-1\">quinta-coluna<\/td><td class=\"column-2\">espi\u00e3o, traidor, pessoa que colabora com pa\u00eds inimigo<\/td>\n<\/tr>\n<tr class=\"row-52\">\n\t<td class=\"column-1\">quinta-ess\u00eancia; quintess\u00eancia<\/td><td class=\"column-2\">o mais alto grau; o que existe de melhor; auge, requinte; \"aquele quadro era a quinta-ess\u00eancia da beleza\"<\/td>\n<\/tr>\n<tr class=\"row-53\">\n\t<td class=\"column-1\">quintal<\/td><td class=\"column-2\">terreno na parte de tr\u00e1s da casa, gealmente com um jardim ou uma horta<\/td>\n<\/tr>\n<tr class=\"row-54\">\n\t<td class=\"column-1\">quinto<\/td><td class=\"column-2\">1) imposto de 20% cobrado pela coroa portuguesa sobre o ouro e diamantes extra\u00eddos no Brasil (per\u00edodo colonial) \/ 2)<strong> quintos dos infernos <\/strong>= lugar muito distante <br \/>\n<\/td>\n<\/tr>\n<tr class=\"row-55\">\n\t<td class=\"column-1\">quiosque<\/td><td class=\"column-2\">pequena constru\u00e7\u00e3o em lugares p\u00fablicos para venda de jornais, flores, bebidas, etc<\/td>\n<\/tr>\n<tr class=\"row-56\">\n\t<td class=\"column-1\">quip\u00e1<\/td><td class=\"column-2\">solid\u00e9u usado pelos judeus<\/td>\n<\/tr>\n<tr class=\"row-57\">\n\t<td class=\"column-1\">quiproqu\u00f3<\/td><td class=\"column-2\">1) engano, erro, equ\u00edvoco, mal-entendido \/  2) confus\u00e3o criada por um engano; \"o fato de serem g\u00eameos gerou um enorme quiproqu\u00f3\" (quid pro quo - latim)<\/td>\n<\/tr>\n<tr class=\"row-58\">\n\t<td class=\"column-1\">quirera<\/td><td class=\"column-2\">1) farelo grosso que n\u00e3o passa pela peneira \/ 2) milho quebrado para pintos e p\u00e1ssaros<\/td>\n<\/tr>\n<tr class=\"row-59\">\n\t<td class=\"column-1\">quiromancia \/ quiromante<\/td><td class=\"column-2\">adivinha\u00e7\u00e3o do futuro pelas linhas da palma da m\u00e3o \/ pessoa que pratica a quiromancia; adivinho <\/td>\n<\/tr>\n<tr class=\"row-60\">\n\t<td class=\"column-1\">quisto <\/td><td class=\"column-2\">1) cavidade anormal em um \u00f3rg\u00e3o ou tecido do corpo humano  onde se acumula l\u00edquido; cisto \/ 2) (ARC) querido, estimado; benquisto, malquisto<br \/>\n<\/td>\n<\/tr>\n<tr class=\"row-61\">\n\t<td class=\"column-1\">quitanda<\/td><td class=\"column-2\">1) pequeno estabelecimento onde se vendem frutas, verduras, ovos, etc \/ 2) conjunto de iguarias doces e salgadas feitas em casa<\/td>\n<\/tr>\n<tr class=\"row-62\">\n\t<td class=\"column-1\">quitar \/ quita\u00e7\u00e3o<\/td><td class=\"column-2\">pagar integralmente (o que se deve); saldar (d\u00edvida) \/ ato ou efeito de quitar<br \/>\n<\/td>\n<\/tr>\n<tr class=\"row-63\">\n\t<td class=\"column-1\">quite; quites<\/td><td class=\"column-2\">livre de d\u00edvida; livre de obriga\u00e7\u00e3o; quitado, desobrigado<\/td>\n<\/tr>\n<tr class=\"row-64\">\n\t<td class=\"column-1\">quitute<\/td><td class=\"column-2\">comida apetitosa; iguaria, guloseima, petisco, pit\u00e9u<\/td>\n<\/tr>\n<tr class=\"row-65\">\n\t<td class=\"column-1\">quixotada<\/td><td class=\"column-2\">bravata rid\u00edcula; fanfarronada<\/td>\n<\/tr>\n<tr class=\"row-66\">\n\t<td class=\"column-1\">quixotesco<\/td><td class=\"column-2\">irrealista, ut\u00f3pico, ao modo de D. Quixote; \"projeto quixotesco\" <\/td>\n<\/tr>\n<tr class=\"row-67\">\n\t<td class=\"column-1\">quizumba<\/td><td class=\"column-2\">confus\u00e3o envolvendo v\u00e1rias pessoas<\/td>\n<\/tr>\n<tr class=\"row-68\">\n\t<td class=\"column-1\">quota<\/td><td class=\"column-2\">mesmo que <em>\"<strong>cota<\/strong>\"<\/em><strong><br \/>\n<\/td>\n<\/tr>\n<\/tbody>\n<\/table>\n<!-- #tablepress-934 from cache -->\n","protected":false},"excerpt":{"rendered":"","protected":false},"author":1,"featured_media":22506,"parent":0,"menu_order":0,"comment_status":"closed","ping_status":"closed","template":"full-width.php","meta":{"footnotes":""},"class_list":["post-22429","page","type-page","status-publish","has-post-thumbnail","hentry"],"_links":{"self":[{"href":"https:\/\/cluny.com.br\/index.php?rest_route=\/wp\/v2\/pages\/22429","targetHints":{"allow":["GET"]}}],"collection":[{"href":"https:\/\/cluny.com.br\/index.php?rest_route=\/wp\/v2\/pages"}],"about":[{"href":"https:\/\/cluny.com.br\/index.php?rest_route=\/wp\/v2\/types\/page"}],"author":[{"embeddable":true,"href":"https:\/\/cluny.com.br\/index.php?rest_route=\/wp\/v2\/users\/1"}],"replies":[{"embeddable":true,"href":"https:\/\/cluny.com.br\/index.php?rest_route=%2Fwp%2Fv2%2Fcomments&post=22429"}],"version-history":[{"count":3,"href":"https:\/\/cluny.com.br\/index.php?rest_route=\/wp\/v2\/pages\/22429\/revisions"}],"predecessor-version":[{"id":25051,"href":"https:\/\/cluny.com.br\/index.php?rest_route=\/wp\/v2\/pages\/22429\/revisions\/25051"}],"wp:featuredmedia":[{"embeddable":true,"href":"https:\/\/cluny.com.br\/index.php?rest_route=\/wp\/v2\/media\/22506"}],"wp:attachment":[{"href":"https:\/\/cluny.com.br\/index.php?rest_route=%2Fwp%2Fv2%2Fmedia&parent=22429"}],"curies":[{"name":"wp","href":"https:\/\/api.w.org\/{rel}","templated":true}]}}