{"id":22423,"date":"2020-07-09T10:57:07","date_gmt":"2020-07-09T13:57:07","guid":{"rendered":"https:\/\/www.cluny.com.br\/?page_id=22423"},"modified":"2021-10-21T12:08:53","modified_gmt":"2021-10-21T15:08:53","slug":"letra-n-106","status":"publish","type":"page","link":"https:\/\/cluny.com.br\/?page_id=22423","title":{"rendered":"Letra  N (96)"},"content":{"rendered":"\n\n<table id=\"tablepress-931\" class=\"tablepress tablepress-id-931\">\n<tbody class=\"row-striping row-hover\">\n<tr class=\"row-1\">\n\t<td class=\"column-1\">nababo \/ nababesco<\/td><td class=\"column-2\">1) pr\u00edncipe ou governador de prov\u00edncia na \u00cdndia mu\u00e7ulmana  \/ 2) pessoa que possui grande fortuna; milion\u00e1rio; \"ele vive como um nababo\" \/\/ que apresenta luxo e ostenta\u00e7\u00e3o; \"vida nababesca\"<\/td>\n<\/tr>\n<tr class=\"row-2\">\n\t<td class=\"column-1\">n\u00e1car<\/td><td class=\"column-2\">1) subst\u00e2ncia rosada que se encontra nointerior de algumas conchas marinhas; madrep\u00e9rola \/ 2) cor rosada;  \"o n\u00e1car da pele\"<\/td>\n<\/tr>\n<tr class=\"row-3\">\n\t<td class=\"column-1\">naco<\/td><td class=\"column-2\">peda\u00e7o ou fatia de alimento; \"naco de carne\"<\/td>\n<\/tr>\n<tr class=\"row-4\">\n\t<td class=\"column-1\">n\u00e1degas<\/td><td class=\"column-2\">a regi\u00e3o gl\u00fatea; assento, bunda, traseiro<\/td>\n<\/tr>\n<tr class=\"row-5\">\n\t<td class=\"column-1\">nadir<\/td><td class=\"column-2\">1) ponto da ab\u00f3bada celeste oposto ao z\u00eanite \/ 2) o ponto mais baixo<\/td>\n<\/tr>\n<tr class=\"row-6\">\n\t<td class=\"column-1\">nafta<\/td><td class=\"column-2\">l\u00edquido incolor, combust\u00edvel e vol\u00e1til, obtido no refinamento do petr\u00f3leo e de uso importante na petroqu\u00edmica<\/td>\n<\/tr>\n<tr class=\"row-7\">\n\t<td class=\"column-1\">naftalina<\/td><td class=\"column-2\">produto qu\u00edmico utilizado como repelente de insetos e prote\u00e7\u00e3o de roupas<\/td>\n<\/tr>\n<tr class=\"row-8\">\n\t<td class=\"column-1\">naipe<\/td><td class=\"column-2\">cada um dos quatro grupos (ouros, copas, espadas e paus) em que se dividem as cartas do baralho<\/td>\n<\/tr>\n<tr class=\"row-9\">\n\t<td class=\"column-1\">namast\u00ea<\/td><td class=\"column-2\">cumprimento e sauda\u00e7\u00e3o em s\u00e2nscrito usada principalmente por hindu\u00edstas e budistas na \u00cdndia e Nepal<\/td>\n<\/tr>\n<tr class=\"row-10\">\n\t<td class=\"column-1\">nanico<\/td><td class=\"column-2\">1) muito baixo; de pequena estatura; \"rapaz nanico\" \/ 2) pequeno, de pouca express\u00e3o; \"partidos nanicos\"<\/td>\n<\/tr>\n<tr class=\"row-11\">\n\t<td class=\"column-1\">nanismo<\/td><td class=\"column-2\">estado ou qualidade de an\u00e3o<\/td>\n<\/tr>\n<tr class=\"row-12\">\n\t<td class=\"column-1\">napalm<\/td><td class=\"column-2\">agente gelificante empregado na fabrica\u00e7\u00e3o de bombas incendi\u00e1rias<br \/>\n<\/td>\n<\/tr>\n<tr class=\"row-13\">\n\t<td class=\"column-1\">narcisismo \/ narcisista<\/td><td class=\"column-2\">amor pela pr\u00f3pria imagem \/ pessoa que tem propens\u00e3o ao narcisismo, que nutre amor excessivo a si mesmo<\/td>\n<\/tr>\n<tr class=\"row-14\">\n\t<td class=\"column-1\">nareba<\/td><td class=\"column-2\">nariz; \"ele ficou com a maior nareba na foto\"<\/td>\n<\/tr>\n<tr class=\"row-15\">\n\t<td class=\"column-1\">narguil\u00e9<\/td><td class=\"column-2\">esp\u00e9cie de cachimbo muito usado por hindus, turcos e persas<\/td>\n<\/tr>\n<tr class=\"row-16\">\n\t<td class=\"column-1\">narina<\/td><td class=\"column-2\">cada uma das duas cavidades do nariz, do homem e de certos animais<br \/>\n<\/td>\n<\/tr>\n<tr class=\"row-17\">\n\t<td class=\"column-1\">nata<\/td><td class=\"column-2\">1) parte gordurosa do leite, que sobe \u00e0 superf\u00edcie e \u00e9 usada no fabrico da manteiga e na culin\u00e1ria em geral \/ 2) camada de mais prest\u00edgio numa classe social ou no pa\u00eds; elite; \"<em>nata da sociedade\" <\/em><\/td>\n<\/tr>\n<tr class=\"row-18\">\n\t<td class=\"column-1\">nativo<\/td><td class=\"column-2\">que nasceu no pa\u00eds, no lugar em quest\u00e3o; que \u00e9 pr\u00f3prio ou natural de certo lugar; <em>\"planta nativa\"; \"costumes nativos\"<\/em><br \/>\n<\/td>\n<\/tr>\n<tr class=\"row-19\">\n\t<td class=\"column-1\">nau<\/td><td class=\"column-2\">denomina\u00e7\u00e3o de v\u00e1rios tipos de navio at\u00e9 o s\u00e9c. XV, geralmente grandes, acastelados, com um ou mais mastros e velas redondas<\/td>\n<\/tr>\n<tr class=\"row-20\">\n\t<td class=\"column-1\">naufr\u00e1gio \/ naufragar \/ n\u00e1ufrago<\/td><td class=\"column-2\">1) afundamento de embarca\u00e7\u00e3o que sofreu acidente \/ 2) Insucesso, fracasso, malogro \/\/ 1) fazer afundar ou afundar (embarca\u00e7\u00e3o) \/ 2) fracassar, malograr \/\/ aquele que foi v\u00edtima de naufr\u00e1gio<br \/>\n<\/td>\n<\/tr>\n<tr class=\"row-21\">\n\t<td class=\"column-1\">n\u00e1usea \/ nauseabundo<\/td><td class=\"column-2\">\u00e2nsia de v\u00f4mito; enjoo \/\/ 1) que causa n\u00e1useas; nauseante, nauseativo, nauseoso \/ 2) que provoca asco; repugnante, asqueroso<\/td>\n<\/tr>\n<tr class=\"row-22\">\n\t<td class=\"column-1\">nave <\/td><td class=\"column-2\">1) parte central de uma igreja que vai do p\u00f3rtico at\u00e9 o altar \/ 2) <strong>nave espacial<\/strong> = aeronave especialmente projetada para viagens espaciais; astronave; espa\u00e7onave<br \/>\n<\/td>\n<\/tr>\n<tr class=\"row-23\">\n\t<td class=\"column-1\">neblina<\/td><td class=\"column-2\">n\u00e9voa densa e baixa; bruma, cerra\u00e7\u00e3o, nevoeiro<\/td>\n<\/tr>\n<tr class=\"row-24\">\n\t<td class=\"column-1\">nebulosa<\/td><td class=\"column-2\">esp\u00e9cie de nuvem formada por mat\u00e9ria interestelar, g\u00e1s e poeira em suspens\u00e3o<\/td>\n<\/tr>\n<tr class=\"row-25\">\n\t<td class=\"column-1\">nebuloso<\/td><td class=\"column-2\">1) coberto de nuvens; nublado \/ 2) misterioso, obscuro; \"vida nebulosa\"<\/td>\n<\/tr>\n<tr class=\"row-26\">\n\t<td class=\"column-1\">neca<\/td><td class=\"column-2\">coisa nenhuma; nada, neres, nerusca; \"<em>voc\u00ea achou o anel? neca\"; \"n\u00e3o encontrei neca do que queria\"<\/em> \/  <em> neca de pitibiriba<\/em> = nada! (enf\u00e1tico) \"<em>depois de tanto brigar, ele acabou com neca de pitibiriba!\"<\/em><\/td>\n<\/tr>\n<tr class=\"row-27\">\n\t<td class=\"column-1\">necedade<\/td><td class=\"column-2\">estupidez, tolice, disparate, sandice, contrassenso, parvo\u00edce<\/td>\n<\/tr>\n<tr class=\"row-28\">\n\t<td class=\"column-1\">n\u00e9cessaire<\/td><td class=\"column-2\">bolsa ou estojo para guardar objetos de uso pessoal; \"n\u00e9cessaire de toalete\"; \"n\u00e9cessaire de costura\"<\/td>\n<\/tr>\n<tr class=\"row-29\">\n\t<td class=\"column-1\">necrologia; necrol\u00f3gio<br \/>\n<\/td><td class=\"column-2\">1) not\u00edcias sobre \u00f3bitos \/ 2) rela\u00e7\u00e3o de \u00f3bitos;  obitu\u00e1rio<\/td>\n<\/tr>\n<tr class=\"row-30\">\n\t<td class=\"column-1\">necromancia<\/td><td class=\"column-2\">1) suposta arte de adivinhar o futuro por meio de contato com os mortos \/ 2) feiti\u00e7aria, bruxaria, magia negra<\/td>\n<\/tr>\n<tr class=\"row-31\">\n\t<td class=\"column-1\">necr\u00f3pole<\/td><td class=\"column-2\">cemit\u00e9rio; campo santo<\/td>\n<\/tr>\n<tr class=\"row-32\">\n\t<td class=\"column-1\">necrose \/ necrosar<\/td><td class=\"column-2\">morte de um tecido que ainda faz parte de organismo vivo \/ causar ou sofrer necrose; gangrenar<\/td>\n<\/tr>\n<tr class=\"row-33\">\n\t<td class=\"column-1\">necrot\u00e9rio<\/td><td class=\"column-2\">local onde ficam os cad\u00e1veres \u00e0 espera de aut\u00f3psia ou identifica\u00e7\u00e3o; morgue<\/td>\n<\/tr>\n<tr class=\"row-34\">\n\t<td class=\"column-1\">n\u00e9ctar<\/td><td class=\"column-2\">1) na Gr\u00e9cia antiga, bebida dos deuses do Olimpo que, segundo a lenda, eternizava a vida \/ 2) qualquer bebida deliciosa<\/td>\n<\/tr>\n<tr class=\"row-35\">\n\t<td class=\"column-1\">nefando<\/td><td class=\"column-2\">abomin\u00e1vel, execr\u00e1vel, odioso;  \"crime nefando\"<\/td>\n<\/tr>\n<tr class=\"row-36\">\n\t<td class=\"column-1\">nefasto<\/td><td class=\"column-2\">que causa desgra\u00e7a; de mau agouro; funesto; infausto; aziago; \"dia nefasto\"<\/td>\n<\/tr>\n<tr class=\"row-37\">\n\t<td class=\"column-1\">nefelibata<\/td><td class=\"column-2\">pessoa que vive nas nuvens, distante da realidade<\/td>\n<\/tr>\n<tr class=\"row-38\">\n\t<td class=\"column-1\">negacear<\/td><td class=\"column-2\">n\u00e3o dar; n\u00e3o conceder; negar, recusar; \"negaceou a contribui\u00e7\u00e3o que lhe pediram\"<\/td>\n<\/tr>\n<tr class=\"row-39\">\n\t<td class=\"column-1\">negligente \/ negligenciar \/ neglig\u00eancia<\/td><td class=\"column-2\">descuidado, desleixado \/ n\u00e3o dar aten\u00e7\u00e3o; cuidar mal; \"n\u00e3o negligencie seus estudos\" \/ descuido no cumprimento de tarefas ou obriga\u00e7\u00f5es; desleixo, desmazelo, inc\u00faria<\/td>\n<\/tr>\n<tr class=\"row-40\">\n\t<td class=\"column-1\">negociata<\/td><td class=\"column-2\">neg\u00f3cio desonesto; roubalheira, mamata<\/td>\n<\/tr>\n<tr class=\"row-41\">\n\t<td class=\"column-1\">negrito<\/td><td class=\"column-2\">tipo de letra que apresenta tra\u00e7os mais grossos que o normal para dar maior destaque \u00e0s palavras <br \/>\n<\/td>\n<\/tr>\n<tr class=\"row-42\">\n\t<td class=\"column-1\">nen\u00fafar<\/td><td class=\"column-2\">nome comum a v\u00e1rias plantas aqu\u00e1ticas do g\u00ean. Nymphaea; ninf\u00e9ia<\/td>\n<\/tr>\n<tr class=\"row-43\">\n\t<td class=\"column-1\">ne\u00f3fito<\/td><td class=\"column-2\">principiante, novi\u00e7o<\/td>\n<\/tr>\n<tr class=\"row-44\">\n\t<td class=\"column-1\">nepotismo<\/td><td class=\"column-2\">1) favorecimento de parentes e amigos por parte de quem ocupa cargo p\u00fablico \/ 2) autoridade exercida pelos sobrinhos ou demais parentes do papa na administra\u00e7\u00e3o eclesi\u00e1stica<\/td>\n<\/tr>\n<tr class=\"row-45\">\n\t<td class=\"column-1\">nerd<\/td><td class=\"column-2\">pessoa aficcionada em tecnologia que \u00e9 pouco soci\u00e1vel<\/td>\n<\/tr>\n<tr class=\"row-46\">\n\t<td class=\"column-1\">neres; nerusca<\/td><td class=\"column-2\">nada, coisa nenhuma; neca; \"<em>fui procurar mas n\u00e3o encontrei neres\"<\/em>; \"<em>vive jogando, mas nunca ganha nerusca<\/em>\"<br \/>\n<\/td>\n<\/tr>\n<tr class=\"row-47\">\n\t<td class=\"column-1\">nervo \/ nervoso \/ nervosia; nervosismo<br \/>\n<\/td><td class=\"column-2\">estruturas formadas por feixes de fibras nervosas, que fazem parte do sistema nervoso perif\u00e9rico e atuam garantindo a comunica\u00e7\u00e3o entre diferentes partes do corpo e o sistema nervoso central \/\/ 1) relativo a nervo \/ 2) diz-se de ou pessoa emotiva e agitada, que geralmente se irrita com facilidade \/\/  estado de excita\u00e7\u00e3o geral; perturba\u00e7\u00e3o do sistema nervoso<br \/>\n<\/td>\n<\/tr>\n<tr class=\"row-48\">\n\t<td class=\"column-1\">n\u00e9scio<\/td><td class=\"column-2\">indiv\u00edduo est\u00fapido, ignorante; \"por causa de uma palavra, um homem pode ser julgado um n\u00e9scio\"<\/td>\n<\/tr>\n<tr class=\"row-49\">\n\t<td class=\"column-1\">nesga<\/td><td class=\"column-2\">espa\u00e7o ou coisa de tamanho reduzido; peda\u00e7o pequeno; \"daqui do meu quarto, d\u00e1 para ver uma nesga do mar\"<\/td>\n<\/tr>\n<tr class=\"row-50\">\n\t<td class=\"column-1\">n\u00easpera<\/td><td class=\"column-2\">fruto da \u00e1rvore <em>Eriobotrya japonica<\/em>; ameixa-amarela<\/td>\n<\/tr>\n<tr class=\"row-51\">\n\t<td class=\"column-1\">neurast\u00eanico<\/td><td class=\"column-2\">que ou aquele que se enraivece com facilidade; irritadi\u00e7o; \"ele \u00e9 um cara muito neurast\u00eanico\"<\/td>\n<\/tr>\n<tr class=\"row-52\">\n\t<td class=\"column-1\">neurose \/ neur\u00f3tico<\/td><td class=\"column-2\">perturba\u00e7\u00e3o ps\u00edquica, caracterizada por conflitos que inibem as condutas sociais \/ pessoa que sofre de neurose<\/td>\n<\/tr>\n<tr class=\"row-53\">\n\t<td class=\"column-1\">nevasca<\/td><td class=\"column-2\">tempestade de neve<\/td>\n<\/tr>\n<tr class=\"row-54\">\n\t<td class=\"column-1\">nevoeiro<\/td><td class=\"column-2\">n\u00e9voa muito densa; cerra\u00e7\u00e3o<\/td>\n<\/tr>\n<tr class=\"row-55\">\n\t<td class=\"column-1\">nevralgia \/ nevr\u00e1lgico<\/td><td class=\"column-2\">dor que se difunde ao longo de um nervo \/ referente a nevralgia<\/td>\n<\/tr>\n<tr class=\"row-56\">\n\t<td class=\"column-1\">nexo<\/td><td class=\"column-2\">liga\u00e7\u00e3o entre duas ou mais coisas; v\u00ednculo<\/td>\n<\/tr>\n<tr class=\"row-57\">\n\t<td class=\"column-1\">nhaca; inhaca<\/td><td class=\"column-2\">1) cheiro desagrad\u00e1vel, fedor, bodum, catinga, morrinha \/ 2) falta de sorte total no jogo<\/td>\n<\/tr>\n<tr class=\"row-58\">\n\t<td class=\"column-1\">nhenhenh\u00e9m<\/td><td class=\"column-2\">conversa intermin\u00e1vel; tediosa <\/td>\n<\/tr>\n<tr class=\"row-59\">\n\t<td class=\"column-1\">nh\u00f4; nh\u00e1<\/td><td class=\"column-2\">tratamento dado pelos escravos aos jovens da casa grande; o mesmo que ioi\u00f4, sinh\u00f4 \/ tratamento dado pelos escravos \u00e0s senhoras; o mesmo que iai\u00e1, sinh\u00e1<\/td>\n<\/tr>\n<tr class=\"row-60\">\n\t<td class=\"column-1\">nicho<\/td><td class=\"column-2\">1) reentr\u00e2ncia ou v\u00e3o em parede ou muro onde se colocam est\u00e1tuas, imagens, etc.; orat\u00f3rio; \"o nicho onde est\u00e1 a imagem \u00e9 o lugar mais visitado da igreja\"   \/ 2) segmento restrito do mercado e que geralmente oferece novas oportunidades de neg\u00f3cio; \"nicho de mercado\"<\/td>\n<\/tr>\n<tr class=\"row-61\">\n\t<td class=\"column-1\">nidificar<\/td><td class=\"column-2\">construir ninho<\/td>\n<\/tr>\n<tr class=\"row-62\">\n\t<td class=\"column-1\">niilismo \/ niilista<\/td><td class=\"column-2\">filosofia que considera que as cren\u00e7as e os valores tradicionais s\u00e3o infundados e que n\u00e3o h\u00e1 qualquer sentido ou utilidade na exist\u00eancia; descren\u00e7a absoluta \/ adepto do niilismo<\/td>\n<\/tr>\n<tr class=\"row-63\">\n\t<td class=\"column-1\">nimbo<\/td><td class=\"column-2\">nuvem baixa, densa e cinzenta, anunciadora de chuva<\/td>\n<\/tr>\n<tr class=\"row-64\">\n\t<td class=\"column-1\">ninfa<\/td><td class=\"column-2\">1) mulher jovem e bela \/ 2) divindade feminina da mitologia greco-latina, que presidia aos rios, fontes, bosques e montanhas<\/td>\n<\/tr>\n<tr class=\"row-65\">\n\t<td class=\"column-1\">ninfeia<\/td><td class=\"column-2\">nen\u00fafar<\/td>\n<\/tr>\n<tr class=\"row-66\">\n\t<td class=\"column-1\">ninhada<\/td><td class=\"column-2\">1) conjunto das avezinhas contidas em um ninho \/ 2)  total de filhotes que a f\u00eamea do animal pariu de uma s\u00f3 vez \/ 3) filharada<\/td>\n<\/tr>\n<tr class=\"row-67\">\n\t<td class=\"column-1\">ninharia<\/td><td class=\"column-2\">coisa sem pr\u00e9stimo ou valor; bagatela, mixaria, tutameia; \"comprou a mans\u00e3o por uma ninharia\"<\/td>\n<\/tr>\n<tr class=\"row-68\">\n\t<td class=\"column-1\">ninja<\/td><td class=\"column-2\">mercen\u00e1rio na \u00e9poca do Jap\u00e3o feudal praticante de t\u00e9cnicas n\u00e3o-convencionais de guerra (espionagem, sabotagem, assassinatos, etc)<\/td>\n<\/tr>\n<tr class=\"row-69\">\n\t<td class=\"column-1\">nirvana<\/td><td class=\"column-2\">nas religi\u00f5es indianas, estado permanente e definitivo de beatitude e felicidade com a extin\u00e7\u00e3o definitiva do sofrimento humano<\/td>\n<\/tr>\n<tr class=\"row-70\">\n\t<td class=\"column-1\">n\u00edvel \/ nivelar<\/td><td class=\"column-2\">1) altura de uma linha ou de um plano, em rela\u00e7\u00e3o a um plano horizontal que serve como refer\u00eancia; <em>\"n\u00edvel das \u00e1guas\" <\/em>\/ 2 ) instrumento usado para verificar a horizontalidade de uma superf\u00edcie plana \/\/ colocar no mesmo n\u00edvel; tirar as irregularidades; aplainar<\/td>\n<\/tr>\n<tr class=\"row-71\">\n\t<td class=\"column-1\">n\u00f3 \/ nodoso<\/td><td class=\"column-2\">entrela\u00e7amento apertado de dois ou mais fios, cordas etc. \/ cheio de n\u00f3s<\/td>\n<\/tr>\n<tr class=\"row-72\">\n\t<td class=\"column-1\">nobiliarquia<\/td><td class=\"column-2\">estudo das origens e da hist\u00f3ria das fam\u00edlias nobres<\/td>\n<\/tr>\n<tr class=\"row-73\">\n\t<td class=\"column-1\">no\u00e7\u00e3o<\/td><td class=\"column-2\">conhecimento elementar ou superficial<\/td>\n<\/tr>\n<tr class=\"row-74\">\n\t<td class=\"column-1\">nocivo<\/td><td class=\"column-2\">prejudicial; pernicioso<\/td>\n<\/tr>\n<tr class=\"row-75\">\n\t<td class=\"column-1\">n\u00f3doa<\/td><td class=\"column-2\">1) mancha \/ 2) m\u00e1cula, estigma, desonra, pecha, lab\u00e9u<\/td>\n<\/tr>\n<tr class=\"row-76\">\n\t<td class=\"column-1\">n\u00f4made<\/td><td class=\"column-2\">diz-se de povo  que, sem habita\u00e7\u00e3o fixa, vive se deslocando de um lugar para outro<\/td>\n<\/tr>\n<tr class=\"row-77\">\n\t<td class=\"column-1\">nortear<\/td><td class=\"column-2\">1) seguir em dire\u00e7\u00e3o ao norte \/ 2) dirigir, guiar, orientar; \"procurava nortear os estudos dos filhos\"<\/td>\n<\/tr>\n<tr class=\"row-78\">\n\t<td class=\"column-1\">nosoc\u00f4mio<\/td><td class=\"column-2\">hospital<\/td>\n<\/tr>\n<tr class=\"row-79\">\n\t<td class=\"column-1\">nostalgia \/ nost\u00e1lgico<\/td><td class=\"column-2\">tristeza, melancolia, saudades de algo relacionado ao passado \/ que revela saudade; melanc\u00f3lico, triste<\/td>\n<\/tr>\n<tr class=\"row-80\">\n\t<td class=\"column-1\">notadamente<\/td><td class=\"column-2\">em especial, especialmente<\/td>\n<\/tr>\n<tr class=\"row-81\">\n\t<td class=\"column-1\">not\u00e1rio<\/td><td class=\"column-2\">tabeli\u00e3o<\/td>\n<\/tr>\n<tr class=\"row-82\">\n\t<td class=\"column-1\">not\u00e1vel<\/td><td class=\"column-2\">1) digno de ser notado; \"pessoa not\u00e1vel\" \/ 2) importante, relevante; \"h\u00e1 uma not\u00e1vel diferen\u00e7a entre as duas propostas\"<\/td>\n<\/tr>\n<tr class=\"row-83\">\n\t<td class=\"column-1\">not\u00edvago<\/td><td class=\"column-2\">pessoa ou animal de h\u00e1bitos noturnos<\/td>\n<\/tr>\n<tr class=\"row-84\">\n\t<td class=\"column-1\">not\u00f3rio \/ notoriedade<\/td><td class=\"column-2\">conhecido de todos; p\u00fablico, evidente, manifesto; \"professor de not\u00f3rio saber\" \/ qualidade de pessoa ou coisa not\u00f3ria; fama<\/td>\n<\/tr>\n<tr class=\"row-85\">\n\t<td class=\"column-1\">novelo<\/td><td class=\"column-2\">1) bola de fios enrolados \/ 2) coisa emaranhada ou confusa<\/td>\n<\/tr>\n<tr class=\"row-86\">\n\t<td class=\"column-1\">novena<\/td><td class=\"column-2\">1) conjunto de nove dias seguidos \/ 2) conjunto de ora\u00e7\u00f5es feitas durante nove dias consecutivos<\/td>\n<\/tr>\n<tr class=\"row-87\">\n\t<td class=\"column-1\">novi\u00e7o<\/td><td class=\"column-2\">aquele que est\u00e1 come\u00e7ando um of\u00edcio; iniciante, novato<\/td>\n<\/tr>\n<tr class=\"row-88\">\n\t<td class=\"column-1\">novilho<\/td><td class=\"column-2\">bezerro<\/td>\n<\/tr>\n<tr class=\"row-89\">\n\t<td class=\"column-1\">nuance; nuan\u00e7a<\/td><td class=\"column-2\">cada uma das diversas grada\u00e7\u00f5es de uma cor; tom, tonalidade, matiz<\/td>\n<\/tr>\n<tr class=\"row-90\">\n\t<td class=\"column-1\">nubente<\/td><td class=\"column-2\">aquele que est\u00e1 para se casar; noivo<\/td>\n<\/tr>\n<tr class=\"row-91\">\n\t<td class=\"column-1\">nuca<\/td><td class=\"column-2\">regi\u00e3o posterior do pesco\u00e7o; cangote<\/td>\n<\/tr>\n<tr class=\"row-92\">\n\t<td class=\"column-1\">nulo \/ nulidade<\/td><td class=\"column-2\">sem efeito ou valor; in\u00fatil, v\u00e3o \/\/ 1) qualidade de nulo; falta de validade; \"nulidade do contrato\" \/ 2) pessoa in\u00fatil, sem valor ou m\u00e9rito; \"ele \u00e9 uma grande nulidade\"<\/td>\n<\/tr>\n<tr class=\"row-93\">\n\t<td class=\"column-1\">numer\u00e1rio<\/td><td class=\"column-2\">1) referente a dinheiro \/ 2) dinheiro em esp\u00e9cie<\/td>\n<\/tr>\n<tr class=\"row-94\">\n\t<td class=\"column-1\">numism\u00e1tica<\/td><td class=\"column-2\">estudo de medalhas e  moedas<\/td>\n<\/tr>\n<tr class=\"row-95\">\n\t<td class=\"column-1\">n\u00fancio<\/td><td class=\"column-2\">1) embaixador do Vaticano junto a um governo estrangeiro; \"n\u00fancio apost\u00f3lico\" \/ 2) mensageiro<\/td>\n<\/tr>\n<tr class=\"row-96\">\n\t<td class=\"column-1\">n\u00fapcias<\/td><td class=\"column-2\">casamento, bodas<\/td>\n<\/tr>\n<tr class=\"row-97\">\n\t<td class=\"column-1\">nutrir \/ nutritivo<\/td><td class=\"column-2\">alimentar; sustentar; constituir o alimento de; fornecer recursos aliment\u00edcios a; \"o p\u00e3o nutre o homem\"; \"nos tempos do Imp\u00e9rio Romano as col\u00f4nias nutriam Roma\" \/\/ que tem a propriedade de nutrir; aliment\u00edcio<br \/>\n<\/td>\n<\/tr>\n<tr class=\"row-98\">\n\t<td class=\"column-1\">nuvem<\/td><td class=\"column-2\">1) aglomerado de gotas diminutas de \u00e1gua ou de cristais de gelo em suspens\u00e3o no ar, e que d\u00e3o origem \u00e0s chuvas \/ 2) grande quantidade de coisas em movimento; <em>\"uma nuvem de gafanhotos<\/em>\"<br \/>\n<\/td>\n<\/tr>\n<\/tbody>\n<\/table>\n<!-- #tablepress-931 from cache -->\n","protected":false},"excerpt":{"rendered":"","protected":false},"author":1,"featured_media":22503,"parent":0,"menu_order":0,"comment_status":"closed","ping_status":"closed","template":"full-width.php","meta":{"footnotes":""},"class_list":["post-22423","page","type-page","status-publish","has-post-thumbnail","hentry"],"_links":{"self":[{"href":"https:\/\/cluny.com.br\/index.php?rest_route=\/wp\/v2\/pages\/22423","targetHints":{"allow":["GET"]}}],"collection":[{"href":"https:\/\/cluny.com.br\/index.php?rest_route=\/wp\/v2\/pages"}],"about":[{"href":"https:\/\/cluny.com.br\/index.php?rest_route=\/wp\/v2\/types\/page"}],"author":[{"embeddable":true,"href":"https:\/\/cluny.com.br\/index.php?rest_route=\/wp\/v2\/users\/1"}],"replies":[{"embeddable":true,"href":"https:\/\/cluny.com.br\/index.php?rest_route=%2Fwp%2Fv2%2Fcomments&post=22423"}],"version-history":[{"count":3,"href":"https:\/\/cluny.com.br\/index.php?rest_route=\/wp\/v2\/pages\/22423\/revisions"}],"predecessor-version":[{"id":25048,"href":"https:\/\/cluny.com.br\/index.php?rest_route=\/wp\/v2\/pages\/22423\/revisions\/25048"}],"wp:featuredmedia":[{"embeddable":true,"href":"https:\/\/cluny.com.br\/index.php?rest_route=\/wp\/v2\/media\/22503"}],"wp:attachment":[{"href":"https:\/\/cluny.com.br\/index.php?rest_route=%2Fwp%2Fv2%2Fmedia&parent=22423"}],"curies":[{"name":"wp","href":"https:\/\/api.w.org\/{rel}","templated":true}]}}