{"id":22417,"date":"2020-07-09T10:55:33","date_gmt":"2020-07-09T13:55:33","guid":{"rendered":"https:\/\/www.cluny.com.br\/?page_id=22417"},"modified":"2020-07-09T12:30:22","modified_gmt":"2020-07-09T15:30:22","slug":"letra-k-3","status":"publish","type":"page","link":"https:\/\/cluny.com.br\/?page_id=22417","title":{"rendered":"Letra  K (3)"},"content":{"rendered":"\n\n<table id=\"tablepress-928\" class=\"tablepress tablepress-id-928\">\n<tbody class=\"row-striping row-hover\">\n<tr class=\"row-1\">\n\t<td class=\"column-1\">kamikaze<\/td><td class=\"column-2\">piloto suicida japon\u00eas, na Segunda Guerra Mundial<\/td>\n<\/tr>\n<tr class=\"row-2\">\n\t<td class=\"column-1\">kit<\/td><td class=\"column-2\">conjunto de pe\u00e7as, agrupadas em embalagem \u00fanica, que t\u00eam entre si uma rela\u00e7\u00e3o estreita e um objetivo comum; \"kit de primeiros socorros\"<\/td>\n<\/tr>\n<tr class=\"row-3\">\n\t<td class=\"column-1\">kitsch<\/td><td class=\"column-2\">diz-se de estilo, manifesta\u00e7\u00e3o art\u00edstica, objeto etc. considerado de mau gosto e de apelo popular;  \"poltrona kitsch\"<\/td>\n<\/tr>\n<\/tbody>\n<\/table>\n<!-- #tablepress-928 from cache -->\n","protected":false},"excerpt":{"rendered":"","protected":false},"author":1,"featured_media":22483,"parent":0,"menu_order":0,"comment_status":"closed","ping_status":"closed","template":"full-width.php","meta":{"footnotes":""},"class_list":["post-22417","page","type-page","status-publish","has-post-thumbnail","hentry"],"_links":{"self":[{"href":"https:\/\/cluny.com.br\/index.php?rest_route=\/wp\/v2\/pages\/22417","targetHints":{"allow":["GET"]}}],"collection":[{"href":"https:\/\/cluny.com.br\/index.php?rest_route=\/wp\/v2\/pages"}],"about":[{"href":"https:\/\/cluny.com.br\/index.php?rest_route=\/wp\/v2\/types\/page"}],"author":[{"embeddable":true,"href":"https:\/\/cluny.com.br\/index.php?rest_route=\/wp\/v2\/users\/1"}],"replies":[{"embeddable":true,"href":"https:\/\/cluny.com.br\/index.php?rest_route=%2Fwp%2Fv2%2Fcomments&post=22417"}],"version-history":[{"count":3,"href":"https:\/\/cluny.com.br\/index.php?rest_route=\/wp\/v2\/pages\/22417\/revisions"}],"predecessor-version":[{"id":22484,"href":"https:\/\/cluny.com.br\/index.php?rest_route=\/wp\/v2\/pages\/22417\/revisions\/22484"}],"wp:featuredmedia":[{"embeddable":true,"href":"https:\/\/cluny.com.br\/index.php?rest_route=\/wp\/v2\/media\/22483"}],"wp:attachment":[{"href":"https:\/\/cluny.com.br\/index.php?rest_route=%2Fwp%2Fv2%2Fmedia&parent=22417"}],"curies":[{"name":"wp","href":"https:\/\/api.w.org\/{rel}","templated":true}]}}