{"id":22415,"date":"2020-07-09T10:55:11","date_gmt":"2020-07-09T13:55:11","guid":{"rendered":"https:\/\/www.cluny.com.br\/?page_id=22415"},"modified":"2021-10-21T12:05:39","modified_gmt":"2021-10-21T15:05:39","slug":"letra-j-74","status":"publish","type":"page","link":"https:\/\/cluny.com.br\/?page_id=22415","title":{"rendered":"Letra  J (70)"},"content":{"rendered":"\n\n<table id=\"tablepress-927\" class=\"tablepress tablepress-id-927\">\n<tbody class=\"row-striping row-hover\">\n<tr class=\"row-1\">\n\t<td class=\"column-1\">jab\u00e1<\/td><td class=\"column-2\">1) carne de sol; carne seca; charque \/ 2) comida de quartel; xepa<\/td>\n<\/tr>\n<tr class=\"row-2\">\n\t<td class=\"column-1\">jaburu<\/td><td class=\"column-2\">mulher feia; tribufu<\/td>\n<\/tr>\n<tr class=\"row-3\">\n\t<td class=\"column-1\">jabuti<\/td><td class=\"column-2\">denomina\u00e7\u00e3o comum a quel\u00f4nios (tartarugas, c\u00e1gados, etc) terrestres e herb\u00edvoros<\/td>\n<\/tr>\n<tr class=\"row-4\">\n\t<td class=\"column-1\">jac\u00e1<\/td><td class=\"column-2\">cesto para transporte de cargas, geralmente preso ao lombo de animais<\/td>\n<\/tr>\n<tr class=\"row-5\">\n\t<td class=\"column-1\">ja\u00e7a<\/td><td class=\"column-2\">1) subst\u00e2ncia heterog\u00eanea em pedra preciosa; \"diamante sem ja\u00e7a\" \/ 2) mancha, falha; \"car\u00e1ter sem ja\u00e7a\"<\/td>\n<\/tr>\n<tr class=\"row-6\">\n\t<td class=\"column-1\">jacente<\/td><td class=\"column-2\">1) que jaz; estendido em posi\u00e7\u00e3o horizontal; localizado; \"ponte jacente sobre o rio\"  \/ 2) heran\u00e7a que, por falta de herdeiros, passa para o Estado<\/td>\n<\/tr>\n<tr class=\"row-7\">\n\t<td class=\"column-1\">jacobino<\/td><td class=\"column-2\">1) democrata radical, intransigente \/ 2) nacionalista radical; xen\u00f3fobo<\/td>\n<\/tr>\n<tr class=\"row-8\">\n\t<td class=\"column-1\">jactar-se; jactanciar-se  \/ jact\u00e2ncia<\/td><td class=\"column-2\">expressar orgulho exagerado de si mesmo; gabar-se, vangloriar-se, alardear, contar vantagem; \"o verdadeiro s\u00e1bio n\u00e3o se jacta\" \/ vaidade, ostenta\u00e7\u00e3o, orgulho<\/td>\n<\/tr>\n<tr class=\"row-9\">\n\t<td class=\"column-1\">jacu<\/td><td class=\"column-2\">1) pessoa boba, inocente \/ 2) caipira, jeca, capiau<\/td>\n<\/tr>\n<tr class=\"row-10\">\n\t<td class=\"column-1\">jade<\/td><td class=\"column-2\">pedra ornamental dura e compacta, de colora\u00e7\u00e3o esverdeada, com que se adornam v\u00e1rios objetos de decora\u00e7\u00e3o e de uso pessoal<\/td>\n<\/tr>\n<tr class=\"row-11\">\n\t<td class=\"column-1\">jaez<\/td><td class=\"column-2\">1) tipo, laia, esp\u00e9cie; \"n\u00e3o confio em pessoas deste jaez\" \/ 2) arreio para bestas<\/td>\n<\/tr>\n<tr class=\"row-12\">\n\t<td class=\"column-1\">jagun\u00e7o<\/td><td class=\"column-2\">guarda-costas, capanga, pistoleiro<\/td>\n<\/tr>\n<tr class=\"row-13\">\n\t<td class=\"column-1\">jaleco<\/td><td class=\"column-2\">esp\u00e9cie de jaqueta usada por m\u00e9dicos, dentistas, etc; bata<\/td>\n<\/tr>\n<tr class=\"row-14\">\n\t<td class=\"column-1\">jamanta<\/td><td class=\"column-2\">caminh\u00e3o grande com longa carroceria separada da cabine, carreta<\/td>\n<\/tr>\n<tr class=\"row-15\">\n\t<td class=\"column-1\">jambeiro \/ jambo<\/td><td class=\"column-2\">nome comum a v\u00e1rias \u00e1rvores da fam\u00edlia das <em>Mirt\u00e1ceas<\/em>, g\u00eanero <em>Sysgyum spp<\/em>,  nativa da \u00c1sia e muito cultivada em v\u00e1rias regi\u00f5es tropicais, como ornamental e pelo fruto comest\u00edvel \/\/  1)  fruto do jambeiro  \/ 2) <strong>cor de jambo<\/strong> =  bem moreno;  pardo, amulatado, cor de cuia; <em>\"mo\u00e7a cor de jambo\"<\/em><br \/>\n<\/td>\n<\/tr>\n<tr class=\"row-16\">\n\t<td class=\"column-1\">jameg\u00e3o<\/td><td class=\"column-2\">assinatura, rubrica<\/td>\n<\/tr>\n<tr class=\"row-17\">\n\t<td class=\"column-1\">j\u00e2ngal<\/td><td class=\"column-2\">floresta, selva<\/td>\n<\/tr>\n<tr class=\"row-18\">\n\t<td class=\"column-1\">janota<\/td><td class=\"column-2\">pessoa que d\u00e1 muita import\u00e2ncia ao vestu\u00e1rio; almofadinha, elegante; \"ela est\u00e1 namorando um cara todo janota\"<\/td>\n<\/tr>\n<tr class=\"row-19\">\n\t<td class=\"column-1\">janta<\/td><td class=\"column-2\">jantar<\/td>\n<\/tr>\n<tr class=\"row-20\">\n\t<td class=\"column-1\">japa<\/td><td class=\"column-2\">japon\u00eas<\/td>\n<\/tr>\n<tr class=\"row-21\">\n\t<td class=\"column-1\">japona<\/td><td class=\"column-2\">casaco de l\u00e3 pesado geralmente azul-marinho<\/td>\n<\/tr>\n<tr class=\"row-22\">\n\t<td class=\"column-1\">jaqueta<\/td><td class=\"column-2\">casaco esportivo, geralmente com z\u00edper na frente<\/td>\n<\/tr>\n<tr class=\"row-23\">\n\t<td class=\"column-1\">jaquet\u00e3o<\/td><td class=\"column-2\">casaco que vai at\u00e9 os joelhos, trespassado na frente, com abotoamento duplo<\/td>\n<\/tr>\n<tr class=\"row-24\">\n\t<td class=\"column-1\">jararaca<\/td><td class=\"column-2\">mulher de g\u00eanio ruim; megera, v\u00edbora<\/td>\n<\/tr>\n<tr class=\"row-25\">\n\t<td class=\"column-1\">jardineira<\/td><td class=\"column-2\">1) \u00f4nibus antigo usado no interior \/ 2) pe\u00e7a de vestu\u00e1rio com peitilho e al\u00e7as que geralmente se cruzam nas costas<\/td>\n<\/tr>\n<tr class=\"row-26\">\n\t<td class=\"column-1\">jarg\u00e3o<\/td><td class=\"column-2\">linguagem pr\u00f3pria de um grupo profissional, sobretudo no n\u00edvel lexical; g\u00edria profissional<\/td>\n<\/tr>\n<tr class=\"row-27\">\n\t<td class=\"column-1\">jarreteira<\/td><td class=\"column-2\">liga para prender as meias \u00e0s pernas<\/td>\n<\/tr>\n<tr class=\"row-28\">\n\t<td class=\"column-1\">jazer<\/td><td class=\"column-2\">1) estar deitado ou prostrado \/ 2) estar enterrado; \"aqui jaz...\" <\/td>\n<\/tr>\n<tr class=\"row-29\">\n\t<td class=\"column-1\">jazida<\/td><td class=\"column-2\">dep\u00f3sito natural de min\u00e9rio<\/td>\n<\/tr>\n<tr class=\"row-30\">\n\t<td class=\"column-1\">jazigo<\/td><td class=\"column-2\">lugar onde \u00e9 sepultada uma pessoa, sepultura, t\u00famulo<\/td>\n<\/tr>\n<tr class=\"row-31\">\n\t<td class=\"column-1\">jeca<\/td><td class=\"column-2\">matuto, roceiro, caipira,capiau, jacu  \/ (adj) = sem gosto, cafona, brega; \"usava uma blusa muito jeca\"<\/td>\n<\/tr>\n<tr class=\"row-32\">\n\t<td class=\"column-1\">jegue<\/td><td class=\"column-2\">burro, jerico, jumento<\/td>\n<\/tr>\n<tr class=\"row-33\">\n\t<td class=\"column-1\">jerer\u00e9<\/td><td class=\"column-2\">rede fina em forma de saco usada para a pesca de peixes pequenos e crust\u00e1ceos<\/td>\n<\/tr>\n<tr class=\"row-34\">\n\t<td class=\"column-1\">jerico<\/td><td class=\"column-2\">1) jumento, jegue \/ 2) pessoa pouco inteligente<\/td>\n<\/tr>\n<tr class=\"row-35\">\n\t<td class=\"column-1\">jerimum<\/td><td class=\"column-2\">ab\u00f3bora<\/td>\n<\/tr>\n<tr class=\"row-36\">\n\t<td class=\"column-1\">jia<\/td><td class=\"column-2\">grande r\u00e3; designa\u00e7\u00e3o dada \u00e0s r\u00e3s em certas regi\u00f5es<\/td>\n<\/tr>\n<tr class=\"row-37\">\n\t<td class=\"column-1\">jirau<\/td><td class=\"column-2\">arma\u00e7\u00e3o ou estrado de madeira que serve para guardar objetos<\/td>\n<\/tr>\n<tr class=\"row-38\">\n\t<td class=\"column-1\">jo\u00e3o-ningu\u00e9m<\/td><td class=\"column-2\">indiv\u00edduo sem import\u00e2ncia; z\u00e9-ningu\u00e9m, z\u00e9-man\u00e9; pobre-diabo, p\u00e9-rapado, berda-merda<\/td>\n<\/tr>\n<tr class=\"row-39\">\n\t<td class=\"column-1\">jo\u00e7a<\/td><td class=\"column-2\">coisa que n\u00e3o se consegue definir, que n\u00e3o se sabe o nome; \"n\u00e3o sei para que serve aquela jo\u00e7a\"<\/td>\n<\/tr>\n<tr class=\"row-40\">\n\t<td class=\"column-1\">jocoso<\/td><td class=\"column-2\">engra\u00e7ado, divertido, ir\u00f4nico; \"o lado jocoso da vida\"<\/td>\n<\/tr>\n<tr class=\"row-41\">\n\t<td class=\"column-1\">joeira \/ joeirar<\/td><td class=\"column-2\">peneira, crivo \/ peneirar, separar o joio (do trigo) com a joeira<\/td>\n<\/tr>\n<tr class=\"row-42\">\n\t<td class=\"column-1\">jogo \/ jogar<\/td><td class=\"column-2\">1) qualquer atividade recreativa que tem por finalidade entreter, divertir ou distrair; brincadeira, entretenimento, folguedo; <em>\"jogo de cartas\"; \"jogo infantil\"; \"jogo de futebol\"<\/em> \/\/ 1) participar de jogo ou partida (de); praticar (jogo ou esporte) \/ 2) apostar (jogo de azar) \/ 3) mover(-se) alternadamente de um para outro lado;  oscilar, balan\u00e7ar; <em>\"neste voo hoje o avi\u00e3o jogou muito\"<\/em><\/td>\n<\/tr>\n<tr class=\"row-43\">\n\t<td class=\"column-1\">jogatina<\/td><td class=\"column-2\">atividade de jogo intensa e prolongada; v\u00edcio do jogo; \"ele vive na jogatina\"<\/td>\n<\/tr>\n<tr class=\"row-44\">\n\t<td class=\"column-1\">jogral<\/td><td class=\"column-2\">1) artista que, na Idade M\u00e9dia, declamava poemas e cantava can\u00e7\u00f5es, fazendo-se acompanhar por um instrumento musical \/ 2) grupo que declama textos liter\u00e1rios em coro, alternando canto e recitativo, partes individuais e coletivas<\/td>\n<\/tr>\n<tr class=\"row-45\">\n\t<td class=\"column-1\">joguete<\/td><td class=\"column-2\">1) pessoa  manipulada por outra; indiv\u00edduo subserviente, que faz tudo quanto lhe mandam sem resistir ou protestar; boneco, pau-mandado, t\u00edtere; <em>\"ele \u00e9 um joguete nas m\u00e3os do chefe\"<\/em> \/ 2) (ARC) brinquedo<br \/>\n<\/td>\n<\/tr>\n<tr class=\"row-46\">\n\t<td class=\"column-1\">joia<\/td><td class=\"column-2\">1) objeto de adorno pessoal feito com material valioso (ouro, prata ou pedra preciosa). \/ 2) quantia paga para admiss\u00e3o ao quadro social de associa\u00e7\u00f5es, clubes, etc. \/ (COL) 3) pessoa ou coisa de \u00f3tima qualidade ou merecedora de estima;<em> \"esta secret\u00e1ria nova \u00e9 joia!<\/em>\"<\/td>\n<\/tr>\n<tr class=\"row-47\">\n\t<td class=\"column-1\">joio<\/td><td class=\"column-2\">planta gram\u00ednea que infesta as planta\u00e7\u00f5es \/  separar o joio do trigo = separar o que \u00e9 bom do que n\u00e3o presta<\/td>\n<\/tr>\n<tr class=\"row-48\">\n\t<td class=\"column-1\">j\u00f3quei<\/td><td class=\"column-2\">profissional que monta cavalos de corrida em competi\u00e7\u00f5e, ginete \/ j\u00f3quei clube = clube com hip\u00f3dromo para corridas de cavalos<\/td>\n<\/tr>\n<tr class=\"row-49\">\n\t<td class=\"column-1\">jornada \/ jornadear<\/td><td class=\"column-2\">1)  trajeto que se percorre em um dia \/ 2) caminhada, viagem \/ 3) dia de trabalho; \"chegou tarde em casa ap\u00f3s uma cansativa jornada\" \/ 4) esfor\u00e7o para superar obst\u00e1culos ou dificuldades \/\/ fazer jornada; ir de um ponto a outro; viajar<\/td>\n<\/tr>\n<tr class=\"row-50\">\n\t<td class=\"column-1\">jornal \/ jornaleiro<\/td><td class=\"column-2\">pagamento por um dia de trabalho; di\u00e1ria, f\u00e9ria \/\/  trabalhador a quem se paga jornal; trabalhador que se paga por jornada; diarista<\/td>\n<\/tr>\n<tr class=\"row-51\">\n\t<td class=\"column-1\">jorrar \/ jorro<\/td><td class=\"column-2\">fluir com abund\u00e2ncia; emanar \/ a\u00e7\u00e3o ou resultado de jorrar, de brotar ou irromper com \u00edmpeto; borbot\u00e3o <\/td>\n<\/tr>\n<tr class=\"row-52\">\n\t<td class=\"column-1\">jovial \/ jovialidade<\/td><td class=\"column-2\">alegre, bem-humorado; divertido, engra\u00e7ado, feliz; \"grupo jovial\" \/ alegria, bom-humor, felicidade<\/td>\n<\/tr>\n<tr class=\"row-53\">\n\t<td class=\"column-1\">juba<\/td><td class=\"column-2\">1) crina do le\u00e3o \/ 2) cabeleira farta; \"passa horas penteando a juba\"<\/td>\n<\/tr>\n<tr class=\"row-54\">\n\t<td class=\"column-1\">jubileu<\/td><td class=\"column-2\">1) anivers\u00e1rio de 50 anos de algo; \"jubileu de um casamento\"; \"jubileu de funda\u00e7\u00e3o de uma empresa\" \/ 2) data de anivers\u00e1rio de empresa, institui\u00e7\u00e3o, estabelecimento etc. \/ jubileu de prata =  anivers\u00e1rio de 25 anos \/ jubileu de diamante =  anivers\u00e1rio de 60 anos<\/td>\n<\/tr>\n<tr class=\"row-55\">\n\t<td class=\"column-1\">jubilar<\/td><td class=\"column-2\">1) encher-se de j\u00fabilo; regozijar-se \/ 2) conceder ou obter aposentadoria; aposentar-se; \"jubilou-se ap\u00f3s 40 anos de servi\u00e7o\"  \/ 3) perder o direito \u00e0 matr\u00edcula por faltas ou reprova\u00e7\u00f5es; \"o aluno foi jubilado por sucessivas reprova\u00e7\u00f5es\" <\/td>\n<\/tr>\n<tr class=\"row-56\">\n\t<td class=\"column-1\">j\u00fabilo \/ jubiloso<\/td><td class=\"column-2\">alegria, regozijo, g\u00e1udio \/ satisfeito; \"n\u00e3o, muito obrigado; j\u00e1 estou jubiloso\" (recusando outra por\u00e7\u00e3o de comida)<\/td>\n<\/tr>\n<tr class=\"row-57\">\n\t<td class=\"column-1\">judeu<\/td><td class=\"column-2\">prato de jantar feito com o restante de v\u00e1rios pratos do almo\u00e7o<\/td>\n<\/tr>\n<tr class=\"row-58\">\n\t<td class=\"column-1\">judiar \/ judia\u00e7\u00e3o<\/td><td class=\"column-2\">fazer  sofrer; fazer mal;  maltratar \/ a\u00e7\u00e3o de maltratar ou zombar de algu\u00e9m<\/td>\n<\/tr>\n<tr class=\"row-59\">\n\t<td class=\"column-1\">judicioso<\/td><td class=\"column-2\">que julga com crit\u00e9rio e sensatez; ajuizado, criterioso; \"rei judicioso\" <\/td>\n<\/tr>\n<tr class=\"row-60\">\n\t<td class=\"column-1\">jugo<\/td><td class=\"column-2\">sujei\u00e7\u00e3o, opress\u00e3o; domina\u00e7\u00e3o<\/td>\n<\/tr>\n<tr class=\"row-61\">\n\t<td class=\"column-1\">jugular<\/td><td class=\"column-2\">cada uma das quatro veias principais que passam pelo pesco\u00e7o<\/td>\n<\/tr>\n<tr class=\"row-62\">\n\t<td class=\"column-1\">julgar \/ julgamento<\/td><td class=\"column-2\">tomar decis\u00e3o, deliberar na qualidade de juiz ou \u00e1rbitro \/ ato, processo ou efeito de julgar<\/td>\n<\/tr>\n<tr class=\"row-63\">\n\t<td class=\"column-1\">jumento<\/td><td class=\"column-2\">asno, burro, jerico, jegue<br \/>\n<\/td>\n<\/tr>\n<tr class=\"row-64\">\n\t<td class=\"column-1\">jun\u00e7\u00e3o<\/td><td class=\"column-2\">a\u00e7\u00e3o ou resultado de juntar(-se); reuni\u00e3o de duas ou mais partes; uni\u00e3o<\/td>\n<\/tr>\n<tr class=\"row-65\">\n\t<td class=\"column-1\">junco \/ juncar<\/td><td class=\"column-2\">1) plantas herb\u00e1ceas, flex\u00edveis e lisas, que crescem em lugares \u00famidos  \/ 2) antiga embarca\u00e7\u00e3o a vela usada na China e Jap\u00e3o \/\/ 1) cobrir com juncos; cobrir com  flores, folhas e ramos \/ 2) espalhar, cobrir \"cad\u00e1veres juncavam o ch\u00e3o\"<\/td>\n<\/tr>\n<tr class=\"row-66\">\n\t<td class=\"column-1\">jungir<\/td><td class=\"column-2\">fazer jun\u00e7\u00e3o de; ligar, juntar, unir<\/td>\n<\/tr>\n<tr class=\"row-67\">\n\t<td class=\"column-1\">jur\u00e1ssico<\/td><td class=\"column-2\">1) que \u00e9 muito velho ou ultrapassado \/ 2) per\u00edodo geol\u00f3gico<\/td>\n<\/tr>\n<tr class=\"row-68\">\n\t<td class=\"column-1\">jururu<\/td><td class=\"column-2\">triste, tristonho, melanc\u00f3lico, acabrunhado, macamb\u00fazio, amuado<\/td>\n<\/tr>\n<tr class=\"row-69\">\n\t<td class=\"column-1\">jus<\/td><td class=\"column-2\">direito a algo \/ fazer jus a: fazer o que \u00e9 necess\u00e1rio para ter direito a; merecer, fazer por merecer; ser merecedor de<\/td>\n<\/tr>\n<tr class=\"row-70\">\n\t<td class=\"column-1\">jusante<\/td><td class=\"column-2\">o sentido da correnteza num curso de \u00e1gua (da nascente para foz) \/ a jusante = em dire\u00e7\u00e3o para onde corre o rio<\/td>\n<\/tr>\n<tr class=\"row-71\">\n\t<td class=\"column-1\">justapor<\/td><td class=\"column-2\">p\u00f4r(-se) junto, aproximar, unir<\/td>\n<\/tr>\n<tr class=\"row-72\">\n\t<td class=\"column-1\">justiceiro<\/td><td class=\"column-2\">pessoa que se encarrega de fazer justi\u00e7a pelas pr\u00f3prias m\u00e3os<\/td>\n<\/tr>\n<\/tbody>\n<\/table>\n<!-- #tablepress-927 from cache -->\n","protected":false},"excerpt":{"rendered":"","protected":false},"author":1,"featured_media":22480,"parent":0,"menu_order":0,"comment_status":"closed","ping_status":"closed","template":"full-width.php","meta":{"footnotes":""},"class_list":["post-22415","page","type-page","status-publish","has-post-thumbnail","hentry"],"_links":{"self":[{"href":"https:\/\/cluny.com.br\/index.php?rest_route=\/wp\/v2\/pages\/22415","targetHints":{"allow":["GET"]}}],"collection":[{"href":"https:\/\/cluny.com.br\/index.php?rest_route=\/wp\/v2\/pages"}],"about":[{"href":"https:\/\/cluny.com.br\/index.php?rest_route=\/wp\/v2\/types\/page"}],"author":[{"embeddable":true,"href":"https:\/\/cluny.com.br\/index.php?rest_route=\/wp\/v2\/users\/1"}],"replies":[{"embeddable":true,"href":"https:\/\/cluny.com.br\/index.php?rest_route=%2Fwp%2Fv2%2Fcomments&post=22415"}],"version-history":[{"count":3,"href":"https:\/\/cluny.com.br\/index.php?rest_route=\/wp\/v2\/pages\/22415\/revisions"}],"predecessor-version":[{"id":25045,"href":"https:\/\/cluny.com.br\/index.php?rest_route=\/wp\/v2\/pages\/22415\/revisions\/25045"}],"wp:featuredmedia":[{"embeddable":true,"href":"https:\/\/cluny.com.br\/index.php?rest_route=\/wp\/v2\/media\/22480"}],"wp:attachment":[{"href":"https:\/\/cluny.com.br\/index.php?rest_route=%2Fwp%2Fv2%2Fmedia&parent=22415"}],"curies":[{"name":"wp","href":"https:\/\/api.w.org\/{rel}","templated":true}]}}