{"id":22374,"date":"2020-07-08T11:21:49","date_gmt":"2020-07-08T14:21:49","guid":{"rendered":"https:\/\/www.cluny.com.br\/?page_id=22374"},"modified":"2021-10-21T12:04:15","modified_gmt":"2021-10-21T15:04:15","slug":"letra-h-107","status":"publish","type":"page","link":"https:\/\/cluny.com.br\/?page_id=22374","title":{"rendered":"Letra  H (92)"},"content":{"rendered":"\n\n<table id=\"tablepress-925\" class=\"tablepress tablepress-id-925\">\n<tbody class=\"row-striping row-hover\">\n<tr class=\"row-1\">\n\t<td class=\"column-1\">habilitar \/ habilita\u00e7\u00e3o<\/td><td class=\"column-2\">tornar h\u00e1bil, capaz \/ ato ou efeito de habilitar<br \/>\n<\/td>\n<\/tr>\n<tr class=\"row-2\">\n\t<td class=\"column-1\">habitat<\/td><td class=\"column-2\">conjunto das caracter\u00edsticas ecol\u00f3gicas de um lugar<\/td>\n<\/tr>\n<tr class=\"row-3\">\n\t<td class=\"column-1\">h\u00e1bito<\/td><td class=\"column-2\">1) uso, costume \/ 2) indument\u00e1ria usada por alguns religiosos<\/td>\n<\/tr>\n<tr class=\"row-4\">\n\t<td class=\"column-1\">hachi; fachi<\/td><td class=\"column-2\">pauzinhos com que muitos orientais (chineses, japoneses e outros) levam a comida \u00e0 boca<\/td>\n<\/tr>\n<tr class=\"row-5\">\n\t<td class=\"column-1\">hachura  \/ hachurar<\/td><td class=\"column-2\">tra\u00e7ado de linhas finas, paralelas e muito pr\u00f3ximas umas das outras \/ tra\u00e7ar hachuras<\/td>\n<\/tr>\n<tr class=\"row-6\">\n\t<td class=\"column-1\">hagiografia<\/td><td class=\"column-2\">estudo sobre biografia de santos<\/td>\n<\/tr>\n<tr class=\"row-7\">\n\t<td class=\"column-1\">halo<\/td><td class=\"column-2\">1) c\u00edrculo brilhante que por vezes circunda o Sol e a Lua, ocasionado pela refra\u00e7\u00e3o da luz  \/ 2)  disco luminoso que circunda as cabe\u00e7as ou os corpos de figuras sagradas \/ 3) aur\u00e9ola luminosa<\/td>\n<\/tr>\n<tr class=\"row-8\">\n\t<td class=\"column-1\">handicap<\/td><td class=\"column-2\">1)  em alguns esportes (corridas, turfe, polo, lutas, etc),  significa vantagem ou desvantagem ou o ato de dar vantagem ou desvantagem  para  igualar as possibilidades de vit\u00f3ria de todos \/ 2) qualquer desvantagem que torna mais dif\u00edcil o sucesso; aquilo que impede o bom desempenho; \"a educa\u00e7\u00e3o conservadora foi um handicap em sua vida\"<\/td>\n<\/tr>\n<tr class=\"row-9\">\n\t<td class=\"column-1\">hangar<\/td><td class=\"column-2\">galp\u00e3o sem divis\u00f5es internas onde se guardam avi\u00f5es, barcos, etc<\/td>\n<\/tr>\n<tr class=\"row-10\">\n\t<td class=\"column-1\">harakiri<\/td><td class=\"column-2\">ritual suicida praticado pelos samurais<\/td>\n<\/tr>\n<tr class=\"row-11\">\n\t<td class=\"column-1\">haras<\/td><td class=\"column-2\">lugar destinado \u00e0 cria\u00e7\u00e3o e treinamento de cavalos de corrida; coudelaria<\/td>\n<\/tr>\n<tr class=\"row-12\">\n\t<td class=\"column-1\">har\u00e9m<\/td><td class=\"column-2\">1) parte do pal\u00e1cio de um sult\u00e3o mu\u00e7ulmano onde ficavam as mulheres; reuni\u00e3o das odaliscas que habitava o har\u00e9m \/ 2) grupo de mulheres ligadas a um s\u00f3 homem<\/td>\n<\/tr>\n<tr class=\"row-13\">\n\t<td class=\"column-1\">harmonia  \/ harmonizar \/ harm\u00f4nico \/ harmonioso<\/td><td class=\"column-2\">entendimento, paz, conc\u00f3rdia \/  fazer ficar em harmonia; conciliar \/  que apresenta harmonia; harmonioso \"decora\u00e7\u00e3o harm\u00f4nica\" \/\/  1) que \u00e9 agrad\u00e1vel de se ouvir ou ver; \"m\u00fasica harmoniosa\";  \"jardim harmonioso\"  \/ 2) que apresenta harmonia, equil\u00edbrio, harm\u00f4nico; \"decora\u00e7\u00e3o harmoniosa\"<\/td>\n<\/tr>\n<tr class=\"row-14\">\n\t<td class=\"column-1\">harm\u00f4nica<\/td><td class=\"column-2\">instrumento musical de sopro; gaita<\/td>\n<\/tr>\n<tr class=\"row-15\">\n\t<td class=\"column-1\">harpejar<\/td><td class=\"column-2\">tocar harpa<\/td>\n<\/tr>\n<tr class=\"row-16\">\n\t<td class=\"column-1\">hasta<\/td><td class=\"column-2\">leil\u00e3o; \"hasta p\u00fablica\"<\/td>\n<\/tr>\n<tr class=\"row-17\">\n\t<td class=\"column-1\">haste \/ hastear<\/td><td class=\"column-2\">pe\u00e7a, reta e erguida, geralmente longa, de madeira ou metal, a que se pode prender alguma coisa; \"haste da bandeira\" \/  erguer ou prender no alto de uma haste ou mastro; \"hastear a bandeira\"<\/td>\n<\/tr>\n<tr class=\"row-18\">\n\t<td class=\"column-1\">haurir \/ hausto<\/td><td class=\"column-2\">1) retirar (algo) de dentro; extrair; \"hauriu todo o ouro da mina\" \/ 2) consumir completamente; esgotar; \"hauriu toda a ta\u00e7a\" \/ 3) absorver, sorver, aspirar; \"hauria o ar puro\" \/\/ 1) ato de haurir; ato de sorver o ar; aspira\u00e7\u00e3o longa; \"tomar o hausto de um perfume\" \/ 2) por\u00e7\u00e3o de bebida que se ingere de uma s\u00f3 vez; gole, trago; \"um hausto de \u00e1gua\"<\/td>\n<\/tr>\n<tr class=\"row-19\">\n\t<td class=\"column-1\">haveres<\/td><td class=\"column-2\">posses, bens<\/td>\n<\/tr>\n<tr class=\"row-20\">\n\t<td class=\"column-1\">haxixe<\/td><td class=\"column-2\">droga de propriedades entorpecentes<\/td>\n<\/tr>\n<tr class=\"row-21\">\n\t<td class=\"column-1\">hebdomad\u00e1rio<\/td><td class=\"column-2\">1) (adj) semanal \/ 2) peri\u00f3dico publicado uma vez por semana; seman\u00e1rio<\/td>\n<\/tr>\n<tr class=\"row-22\">\n\t<td class=\"column-1\">hecatombe<\/td><td class=\"column-2\">1) massacre de um grande n\u00famero de pessoas; carnificina, chacina, matan\u00e7a, mortandade \/ 2) calamidade, cat\u00e1strofe, grande desgra\u00e7a <\/td>\n<\/tr>\n<tr class=\"row-23\">\n\t<td class=\"column-1\">hediondo<\/td><td class=\"column-2\">1) que causa horror; que inspira repulsa; repulsivo, repugnante \/ 2) que provoca rea\u00e7\u00e3o de grande indigna\u00e7\u00e3o moral; b\u00e1rbaro, cruel; \"crime hediondo\"<\/td>\n<\/tr>\n<tr class=\"row-24\">\n\t<td class=\"column-1\">hedonismo \/ hedonista<\/td><td class=\"column-2\">dedica\u00e7\u00e3o ao prazer como estilo de vida; epicurismo \/ pessoa que se dedica aos prazeres da vida<\/td>\n<\/tr>\n<tr class=\"row-25\">\n\t<td class=\"column-1\">hegemonia \/ hegem\u00f4nico<\/td><td class=\"column-2\">superioridade ou predom\u00ednio incontest\u00e1vel; preponder\u00e2ncia; supremacia \/ referente a hegemonia<\/td>\n<\/tr>\n<tr class=\"row-26\">\n\t<td class=\"column-1\">hematoma<\/td><td class=\"column-2\">acumula\u00e7\u00e3o de sangue resultante de contus\u00e3o<\/td>\n<\/tr>\n<tr class=\"row-27\">\n\t<td class=\"column-1\">hemeroteca<\/td><td class=\"column-2\">se\u00e7\u00e3o das bibliotecas onde se arquivam jornais, revistas e outros peri\u00f3dicos<\/td>\n<\/tr>\n<tr class=\"row-28\">\n\t<td class=\"column-1\">hemorragia<\/td><td class=\"column-2\">escoamento de sangue fora dos vasos sangu\u00edneos<\/td>\n<\/tr>\n<tr class=\"row-29\">\n\t<td class=\"column-1\">hemorroida<\/td><td class=\"column-2\">cada uma das veias com varizes do \u00e2nus e do reto<\/td>\n<\/tr>\n<tr class=\"row-30\">\n\t<td class=\"column-1\">hera<\/td><td class=\"column-2\">trepadeira (Hedera helix) com ra\u00edzes advent\u00edcias e fixadoras muito usada para o revestimento de muros e paredes<\/td>\n<\/tr>\n<tr class=\"row-31\">\n\t<td class=\"column-1\">her\u00e1ldica \/ her\u00e1ldico<\/td><td class=\"column-2\">estudo da identifica\u00e7\u00e3o e descri\u00e7\u00e3o de bras\u00f5es \/ nobre, aristocr\u00e1tico<\/td>\n<\/tr>\n<tr class=\"row-32\">\n\t<td class=\"column-1\">herb\u00e1rio<\/td><td class=\"column-2\">cole\u00e7\u00e3o de plantas ou partes de plantas dessecadas sob press\u00e3o e catalogadas para estudo<\/td>\n<\/tr>\n<tr class=\"row-33\">\n\t<td class=\"column-1\">herc\u00faleo<\/td><td class=\"column-2\">1) \u00e1rduo, penoso; \"tarefa herc\u00falea\" \/ 2) que tem for\u00e7a extraordin\u00e1ria; \"lutador herc\u00faleo\"<\/td>\n<\/tr>\n<tr class=\"row-34\">\n\t<td class=\"column-1\">herdade<\/td><td class=\"column-2\">grande propriedade rural; fazenda, quinta<\/td>\n<\/tr>\n<tr class=\"row-35\">\n\t<td class=\"column-1\">heresia \/ herege  \/ her\u00e9tico<\/td><td class=\"column-2\">id\u00e9ia ou teoria contr\u00e1ria a qualquer doutrina estabelecida \/ que professa doutrina contr\u00e1ria ao que foi definido pela Igreja como sendo mat\u00e9ria de f\u00e9; her\u00e9tico  \/ referente a  heresia<\/td>\n<\/tr>\n<tr class=\"row-36\">\n\t<td class=\"column-1\">herma<\/td><td class=\"column-2\">escultura de meio-busto<\/td>\n<\/tr>\n<tr class=\"row-37\">\n\t<td class=\"column-1\">hermen\u00eautica<\/td><td class=\"column-2\">interpreta\u00e7\u00e3o de textos em geral<\/td>\n<\/tr>\n<tr class=\"row-38\">\n\t<td class=\"column-1\">herm\u00e9tico<\/td><td class=\"column-2\">1) completamente fechado, de modo que n\u00e3o entre ar; lacrado, selado \/ 2) dif\u00edcil de compreender; obscuro, enigm\u00e1tico; \"discurso herm\u00e9tico\"<\/td>\n<\/tr>\n<tr class=\"row-39\">\n\t<td class=\"column-1\">hesitar \/ hesita\u00e7\u00e3o \/ hesitante<\/td><td class=\"column-2\">ficar indeciso, n\u00e3o ter certeza \/  a\u00e7\u00e3o de hesitar; vacila\u00e7\u00e3o, indecis\u00e3o  \/ que hesita, indeciso<\/td>\n<\/tr>\n<tr class=\"row-40\">\n\t<td class=\"column-1\">heterodoxo<\/td><td class=\"column-2\">n\u00e3o ortodoxo; contr\u00e1rio aos padr\u00f5es ou normas estabelecidos; her\u00e9tico<\/td>\n<\/tr>\n<tr class=\"row-41\">\n\t<td class=\"column-1\">heterog\u00eaneo<\/td><td class=\"column-2\">formado por elementos ou partes de natureza diferente; \"cultura heterog\u00eanea\"<\/td>\n<\/tr>\n<tr class=\"row-42\">\n\t<td class=\"column-1\">heter\u00f4nimo<\/td><td class=\"column-2\">nome imagin\u00e1rio sob o qual um escritor cria obras de estilo, tend\u00eancia e caracter\u00edsticas diversas das suas, como se fossem de fato de outro autor <em>(vide \"<strong>pseud\u00f4nimo<\/strong>\")<\/em><\/td>\n<\/tr>\n<tr class=\"row-43\">\n\t<td class=\"column-1\">heureca; eureca<\/td><td class=\"column-2\">interjei\u00e7\u00e3o de contentamento ao se encontrar a solu\u00e7\u00e3o de um problema dif\u00edcil; \"Arquimedes saiu nu da banheira gritando - heureca, heureca!\"<\/td>\n<\/tr>\n<tr class=\"row-44\">\n\t<td class=\"column-1\">heur\u00edstica<\/td><td class=\"column-2\">1) ramo da Hist\u00f3ria voltado \u00e0 pesquisa de fontes e documentos \/ 2) m\u00e9todo de investiga\u00e7\u00e3o baseado na aproxima\u00e7\u00e3o progressiva de um dado problema<\/td>\n<\/tr>\n<tr class=\"row-45\">\n\t<td class=\"column-1\">hiato<\/td><td class=\"column-2\">lacuna, intervalo, falha<\/td>\n<\/tr>\n<tr class=\"row-46\">\n\t<td class=\"column-1\">hibernal<\/td><td class=\"column-2\">relativo a inverno<\/td>\n<\/tr>\n<tr class=\"row-47\">\n\t<td class=\"column-1\">hibernar \/ hiberna\u00e7\u00e3o<\/td><td class=\"column-2\">ficar (animal) adormecido ou em estado de entorpecimento durante o inverno; ficar inativo ou prostrado \/ estado de inatividade de certos animais durante o inverno<\/td>\n<\/tr>\n<tr class=\"row-48\">\n\t<td class=\"column-1\">h\u00edbrido<\/td><td class=\"column-2\">1) diz-se de animal ou vegetal proveniente do cruzamento de esp\u00e9cies diferentes \/  2) em que h\u00e1 mistura de elementos diferentes<\/td>\n<\/tr>\n<tr class=\"row-49\">\n\t<td class=\"column-1\">hidram\u00e1tico<\/td><td class=\"column-2\">autom\u00f3vel com c\u00e2mbio autom\u00e1tico; \"carro hidram\u00e1tico\"<\/td>\n<\/tr>\n<tr class=\"row-50\">\n\t<td class=\"column-1\">hidrante<\/td><td class=\"column-2\">v\u00e1lvula de grande calibre na qual se conecta a mangueira para extinguir inc\u00eandios<\/td>\n<\/tr>\n<tr class=\"row-51\">\n\t<td class=\"column-1\">hidromel<\/td><td class=\"column-2\">bebida, fermentada ou n\u00e3o, feita de \u00e1gua e mel, comum desde a Antiguidade<\/td>\n<\/tr>\n<tr class=\"row-52\">\n\t<td class=\"column-1\">hierarquia<\/td><td class=\"column-2\">classifica\u00e7\u00e3o baseada nas rela\u00e7\u00f5es de subordina\u00e7\u00e3o entre os membros de um grupo<\/td>\n<\/tr>\n<tr class=\"row-53\">\n\t<td class=\"column-1\">hier\u00e1tico<\/td><td class=\"column-2\">1) relativo \u00e0s coisas sagradas ou religiosas \/ 2) diz-se do tra\u00e7ado cursivo com que os antigos eg\u00edpcios simplificavam e abreviavam a escrita hierogl\u00edfica \/ 3) solene, formal<\/td>\n<\/tr>\n<tr class=\"row-54\">\n\t<td class=\"column-1\">hier\u00f3glifo<\/td><td class=\"column-2\">caracteres da escrita do Antigo Egito<\/td>\n<\/tr>\n<tr class=\"row-55\">\n\t<td class=\"column-1\">hil\u00e1rio \/ hilariante \/ hilaridade<\/td><td class=\"column-2\">engra\u00e7ado; hilariante \/ engra\u00e7ado, hil\u00e1rio \/ alegria s\u00fabita; explos\u00e3o de riso(s)<\/td>\n<\/tr>\n<tr class=\"row-56\">\n\t<td class=\"column-1\">h\u00edmen<\/td><td class=\"column-2\">membrana que fecha a vagina de mulheres virgens<\/td>\n<\/tr>\n<tr class=\"row-57\">\n\t<td class=\"column-1\">hip\u00e9rbole \/ hiperb\u00f3lico<\/td><td class=\"column-2\">1) figura de linguagem que exagera a realidade para produzir maior efeito; <em>\"ele morreu de rir\"<\/em>; \"<em>j\u00e1 falei um milh\u00e3o de vezes<\/em>\" \/ 2) figura geom\u00e9trica (tipo de curva) \/\/ exagerado; \"<em>relato hiperb\u00f3lico<\/em>\"<br \/>\n<\/td>\n<\/tr>\n<tr class=\"row-58\">\n\t<td class=\"column-1\">hipismo \/ h\u00edpico<\/td><td class=\"column-2\">corrida de cavalos; turfe \/ referente a cavalo; \"torneio h\u00edpico\"<\/td>\n<\/tr>\n<tr class=\"row-59\">\n\t<td class=\"column-1\">hipnose \/ hipnotismo \/ hipnotizar<\/td><td class=\"column-2\">estado de torpor induzido \/ conjunto de t\u00e9cnicas ou processos capazes de provocar a hipnose \/ provocar hipnose em<\/td>\n<\/tr>\n<tr class=\"row-60\">\n\t<td class=\"column-1\">hipocondria \/ hipocondr\u00edaco<\/td><td class=\"column-2\">transtorno psicol\u00f3gico caracterizado pela ideia de doen\u00e7as imagin\u00e1rias  \/ diz-se de indiv\u00edduo que sofre de hipocondria<\/td>\n<\/tr>\n<tr class=\"row-61\">\n\t<td class=\"column-1\">hipocrisia \/  hip\u00f3crita<\/td><td class=\"column-2\">manifesta\u00e7\u00e3o de fingidas virtudes, sentimentos bons, devo\u00e7\u00e3o religiosa, compaix\u00e3o etc.; fingimento, falsidade \/ que simula ter uma qualidade ou sentimento que n\u00e3o tem, ou finge ser verdadeira alguma coisa (sabendo que n\u00e3o o \u00e9); fingido; falso<\/td>\n<\/tr>\n<tr class=\"row-62\">\n\t<td class=\"column-1\">hipoteca \/ hipotecar<\/td><td class=\"column-2\">cess\u00e3o de um bem como garantia de um empr\u00e9stimo; d\u00edvida resultante dessa cess\u00e3o; \"conseguiu quitar toda a hipoteca\" \/ ceder um bem como garantia sem perder a posse; \"hipotecou a casa para pagar d\u00edvidas\"<\/td>\n<\/tr>\n<tr class=\"row-63\">\n\t<td class=\"column-1\">hip\u00f3tese<\/td><td class=\"column-2\">suposi\u00e7\u00e3o, conjectura, possibilidade<\/td>\n<\/tr>\n<tr class=\"row-64\">\n\t<td class=\"column-1\">hippie<\/td><td class=\"column-2\">grupo n\u00e3o conformista que rejeitava os valores da sociedade ocidental e pregava um novo modo de vida<\/td>\n<\/tr>\n<tr class=\"row-65\">\n\t<td class=\"column-1\">hirsuto<\/td><td class=\"column-2\">que tem os pelos longos, grossos e duros; \"barba hirsuta\"; \"mam\u00edfero de pelo hirsuto\"<\/td>\n<\/tr>\n<tr class=\"row-66\">\n\t<td class=\"column-1\">hirto<\/td><td class=\"column-2\">que est\u00e1 im\u00f3vel, parado; \"hirto de frio\"<\/td>\n<\/tr>\n<tr class=\"row-67\">\n\t<td class=\"column-1\">histeria \/ hist\u00e9rico<\/td><td class=\"column-2\">neurose que se carateriza pela falta de controle de atos e emo\u00e7\u00f5es \/ referente \u00e0 histeria; \"comportamento hist\u00e9rico\"<\/td>\n<\/tr>\n<tr class=\"row-68\">\n\t<td class=\"column-1\">histri\u00e3o \/ histri\u00f4nico \/ histrionismo<\/td><td class=\"column-2\">comediante, c\u00f4mico, palha\u00e7o \/ pr\u00f3prio de histri\u00e3o \/ comportamento de indiv\u00edduo hist\u00e9rico, caracterizado pela ado\u00e7\u00e3o de modos exagerados,  como os de um comediante, visando obter cont\u00ednua aten\u00e7\u00e3o; comicidade; teatralidade<\/td>\n<\/tr>\n<tr class=\"row-69\">\n\t<td class=\"column-1\">hodierno<\/td><td class=\"column-2\">atual, moderno, dos dias de hoje; \"tempos hodiernos\"<\/td>\n<\/tr>\n<tr class=\"row-70\">\n\t<td class=\"column-1\">holismo \/ hol\u00edstico<\/td><td class=\"column-2\">conceito segundo o qual todos os seres interagem formando um todo \/ relativo a holismo, integral; \"uma abordagem hol\u00edstica\"<\/td>\n<\/tr>\n<tr class=\"row-71\">\n\t<td class=\"column-1\">holocausto<\/td><td class=\"column-2\">massacre de judeus e de outras minorias, efetuado nos campos de concentra\u00e7\u00e3o alem\u00e3es durante a Segunda Guerra Mundial<\/td>\n<\/tr>\n<tr class=\"row-72\">\n\t<td class=\"column-1\">holofote<\/td><td class=\"column-2\">aparelho que emite um forte facho de luz para iluminar objetos \u00e0 dist\u00e2ncia<\/td>\n<\/tr>\n<tr class=\"row-73\">\n\t<td class=\"column-1\">hombridade<\/td><td class=\"column-2\">1) retid\u00e3o de car\u00e1ter; dignidade; honradez \/ 2) aspecto viril; m\u00e1sculo<\/td>\n<\/tr>\n<tr class=\"row-74\">\n\t<td class=\"column-1\">homem-r\u00e3<\/td><td class=\"column-2\">mergulhador profissional<\/td>\n<\/tr>\n<tr class=\"row-75\">\n\t<td class=\"column-1\">homeopatia \/ homeop\u00e1tico<\/td><td class=\"column-2\">m\u00e9todo terap\u00eautico que consiste em prescrever a um doente, sob uma forma dilu\u00edda e em pequen\u00edssimas doses, uma subst\u00e2ncia que, em doses elevadas, \u00e9 capaz de produzir num indiv\u00edduo sadio sinais e sintomas semelhantes aos da doen\u00e7a que se pretende combater \/\/ 1) relativo a homeopatia \/  2)  que ocorre de maneira lenta e gradual; <em>\"contou o caso em doses homeop\u00e1ticas\"<\/em> \/ 3) muito pequeno; insignificante; \"<em>bebeu o conhaque em doses homeop\u00e1ticas\"<\/em><br \/>\n<\/td>\n<\/tr>\n<tr class=\"row-76\">\n\t<td class=\"column-1\">hom\u00e9rico<\/td><td class=\"column-2\">1) enorme, excessivo; \"discuss\u00e3o hom\u00e9rica\" \/ 2) referente ao poeta grego Homero; \"poemas hom\u00e9ricos\"<\/td>\n<\/tr>\n<tr class=\"row-77\">\n\t<td class=\"column-1\">homessa<\/td><td class=\"column-2\">interjei\u00e7ao: exprime admira\u00e7\u00e3o, espanto ou ainda irrita\u00e7\u00e3o; ora essa!<\/td>\n<\/tr>\n<tr class=\"row-78\">\n\t<td class=\"column-1\">homic\u00eddio<\/td><td class=\"column-2\">assassinato<\/td>\n<\/tr>\n<tr class=\"row-79\">\n\t<td class=\"column-1\">homilia<\/td><td class=\"column-2\">1) prega\u00e7\u00e3o em estilo familiar que busca explicar um tema ou texto evang\u00e9lico \/ 2) discurso moralista<\/td>\n<\/tr>\n<tr class=\"row-80\">\n\t<td class=\"column-1\">homofobia<\/td><td class=\"column-2\">rejei\u00e7\u00e3o ou avers\u00e3o a homossexual e \u00e0 homossexualidade<br \/>\n<br \/>\n<\/td>\n<\/tr>\n<tr class=\"row-81\">\n\t<td class=\"column-1\">homog\u00eaneo<\/td><td class=\"column-2\">que apresenta uniformidade entre seus elementos<\/td>\n<\/tr>\n<tr class=\"row-82\">\n\t<td class=\"column-1\">homologar \/ homologa\u00e7\u00e3o<\/td><td class=\"column-2\">confirmar legalmente; reconhecer oficialmente \/ ato de homologar<\/td>\n<\/tr>\n<tr class=\"row-83\">\n\t<td class=\"column-1\">homossexual<\/td><td class=\"column-2\">que ou aquele que sente atra\u00e7\u00e3o sexual e\/ou mant\u00e9m rela\u00e7\u00e3o amorosa e\/ou sexual com indiv\u00edduo do mesmo sexo<br \/>\n<\/td>\n<\/tr>\n<tr class=\"row-84\">\n\t<td class=\"column-1\">honor\u00e1rios<\/td><td class=\"column-2\">proventos, remunera\u00e7\u00e3o, sal\u00e1rio<\/td>\n<\/tr>\n<tr class=\"row-85\">\n\t<td class=\"column-1\">honor\u00e1vel<\/td><td class=\"column-2\">que merece honra ou homenagem; \"honor\u00e1vel mestre\"<\/td>\n<\/tr>\n<tr class=\"row-86\">\n\t<td class=\"column-1\">hora<\/td><td class=\"column-2\">hora H = 1) hora exata, certa \/ 2) momento culminante; momento de agir ou decidir<\/td>\n<\/tr>\n<tr class=\"row-87\">\n\t<td class=\"column-1\">horda<\/td><td class=\"column-2\">1) bando indisciplinado e desordeiro; malta, s\u00facia \/ 2) tribo de povos n\u00f4mades<\/td>\n<\/tr>\n<tr class=\"row-88\">\n\t<td class=\"column-1\">horrendo<\/td><td class=\"column-2\">que causa horror, horroroso, horripilante, medonho, pavoroso; \"crime horrendo\"<\/td>\n<\/tr>\n<tr class=\"row-89\">\n\t<td class=\"column-1\">horripilante<\/td><td class=\"column-2\">horrendo, pavoroso; \"cena horripilante\"<\/td>\n<\/tr>\n<tr class=\"row-90\">\n\t<td class=\"column-1\">hortel\u00e3o<\/td><td class=\"column-2\">aquele que cuida de horta<\/td>\n<\/tr>\n<tr class=\"row-91\">\n\t<td class=\"column-1\">hosana<\/td><td class=\"column-2\">hino de a\u00e7\u00e3o de gra\u00e7as; c\u00e2ntico de louvor<\/td>\n<\/tr>\n<tr class=\"row-92\">\n\t<td class=\"column-1\">hospedaria<\/td><td class=\"column-2\">pousada, albergue, estalagem<\/td>\n<\/tr>\n<tr class=\"row-93\">\n\t<td class=\"column-1\">hospitaleiro<\/td><td class=\"column-2\">que trata otimamente as pessoas que recebe, acolhedor; \"povo hospitaleiro\" <\/td>\n<\/tr>\n<tr class=\"row-94\">\n\t<td class=\"column-1\">hoste<\/td><td class=\"column-2\">1) for\u00e7a armada; tropa, ex\u00e9rcito; \"enfrentar as hostes inimigas\" \/ 2) ajuntamento de pessoas; bando, chusma, multid\u00e3o <\/td>\n<\/tr>\n<tr class=\"row-95\">\n\t<td class=\"column-1\">h\u00f3stia<\/td><td class=\"column-2\">no catolicismo, pequena rodela muito fina, feita de p\u00e3o \u00e1zimo, que \u00e9 consagrada durante a missa e oferecida aos fi\u00e9is na comunh\u00e3o<br \/>\n<\/td>\n<\/tr>\n<tr class=\"row-96\">\n\t<td class=\"column-1\">hostil \/ hostilizar \/ hostilidade<\/td><td class=\"column-2\">adverso, inimigo, agressivo \/ tratar com hostilidade; agredir, provocar \/ agressividade<\/td>\n<\/tr>\n<tr class=\"row-97\">\n\t<td class=\"column-1\">huguenote<\/td><td class=\"column-2\">protestante franc\u00eas dos s\u00e9culos XVI e XVII<\/td>\n<\/tr>\n<tr class=\"row-98\">\n\t<td class=\"column-1\">hulha<\/td><td class=\"column-2\">carv\u00e3o mineral; carv\u00e3o de pedra<\/td>\n<\/tr>\n<tr class=\"row-99\">\n\t<td class=\"column-1\">h\u00famus; humo<\/td><td class=\"column-2\">mat\u00e9ria org\u00e2nica em decomposi\u00e7\u00e3o; terra vegetal<\/td>\n<\/tr>\n<\/tbody>\n<\/table>\n<!-- #tablepress-925 from cache -->\n","protected":false},"excerpt":{"rendered":"","protected":false},"author":1,"featured_media":22379,"parent":0,"menu_order":0,"comment_status":"closed","ping_status":"closed","template":"full-width.php","meta":{"footnotes":""},"class_list":["post-22374","page","type-page","status-publish","has-post-thumbnail","hentry"],"_links":{"self":[{"href":"https:\/\/cluny.com.br\/index.php?rest_route=\/wp\/v2\/pages\/22374","targetHints":{"allow":["GET"]}}],"collection":[{"href":"https:\/\/cluny.com.br\/index.php?rest_route=\/wp\/v2\/pages"}],"about":[{"href":"https:\/\/cluny.com.br\/index.php?rest_route=\/wp\/v2\/types\/page"}],"author":[{"embeddable":true,"href":"https:\/\/cluny.com.br\/index.php?rest_route=\/wp\/v2\/users\/1"}],"replies":[{"embeddable":true,"href":"https:\/\/cluny.com.br\/index.php?rest_route=%2Fwp%2Fv2%2Fcomments&post=22374"}],"version-history":[{"count":2,"href":"https:\/\/cluny.com.br\/index.php?rest_route=\/wp\/v2\/pages\/22374\/revisions"}],"predecessor-version":[{"id":25043,"href":"https:\/\/cluny.com.br\/index.php?rest_route=\/wp\/v2\/pages\/22374\/revisions\/25043"}],"wp:featuredmedia":[{"embeddable":true,"href":"https:\/\/cluny.com.br\/index.php?rest_route=\/wp\/v2\/media\/22379"}],"wp:attachment":[{"href":"https:\/\/cluny.com.br\/index.php?rest_route=%2Fwp%2Fv2%2Fmedia&parent=22374"}],"curies":[{"name":"wp","href":"https:\/\/api.w.org\/{rel}","templated":true}]}}