{"id":22064,"date":"2020-06-12T11:01:10","date_gmt":"2020-06-12T14:01:10","guid":{"rendered":"https:\/\/www.cluny.com.br\/?page_id=22064"},"modified":"2020-06-12T11:07:33","modified_gmt":"2020-06-12T14:07:33","slug":"linguas-desaparecidas-americas","status":"publish","type":"page","link":"https:\/\/cluny.com.br\/?page_id=22064","title":{"rendered":"L\u00ednguas Desaparecidas &#8211;     Am\u00e9ricas"},"content":{"rendered":"\n\n<table id=\"tablepress-897\" class=\"tablepress tablepress-id-897\">\n<tbody class=\"row-striping row-hover\">\n<tr class=\"row-1\">\n\t<td class=\"column-1\"><\/td><td class=\"column-2\"><strong>AM\u00c9RICA DO NORTE  E  AM\u00c9RICA CENTRAL<\/strong><\/td><td class=\"column-3\"><\/td><td class=\"column-4\"><\/td><td class=\"column-5\"><\/td>\n<\/tr>\n<tr class=\"row-2\">\n\t<td class=\"column-1\">(ordem alfa)<\/td><td class=\"column-2\"><\/td><td class=\"column-3\"><\/td><td class=\"column-4\"><\/td><td class=\"column-5\"><\/td>\n<\/tr>\n<tr class=\"row-3\">\n\t<td class=\"column-1\"><\/td><td class=\"column-2\"><strong>Idioma<\/strong><\/td><td class=\"column-3\"><strong>Fam\u00edlia \/ Ramo<strong><\/td><td class=\"column-4\"><strong>Regi\u00e3o onde foi falada<\/strong><\/td><td class=\"column-5\"><strong>Observa\u00e7\u00f5es<\/strong><\/td>\n<\/tr>\n<tr class=\"row-4\">\n\t<td class=\"column-1\"><\/td><td class=\"column-2\">catawba <\/td><td class=\"column-3\">Sioux<\/td><td class=\"column-4\">L\u00edngua extinta  falada  outrora na Carolina do Sul<\/td><td class=\"column-5\">O \u00faltimo falante nativo morreu pouco antes de 1960<\/td>\n<\/tr>\n<tr class=\"row-5\">\n\t<td class=\"column-1\"><\/td><td class=\"column-2\">cochimi <\/td><td class=\"column-3\">Yuman-Cochimi<\/td><td class=\"column-4\">L\u00edngua outrora falada na pen\u00ednsula da Baixa California, no M\u00e9xico<\/td><td class=\"column-5\">Extinta no in\u00edcio do s\u00e9culo XX<\/td>\n<\/tr>\n<tr class=\"row-6\">\n\t<td class=\"column-1\"><\/td><td class=\"column-2\">huron (wyandot) <\/td><td class=\"column-3\">Iroquesa<\/td><td class=\"column-4\">L\u00edngua extinta falada outrora no Canad\u00e1 (Quebec) e Estados Unidos (Oklahoma)<\/td><td class=\"column-5\"><\/td>\n<\/tr>\n<tr class=\"row-7\">\n\t<td class=\"column-1\"><\/td><td class=\"column-2\">mahican  <\/td><td class=\"column-3\">\u00c1lgica-Algonquina<\/td><td class=\"column-4\">L\u00edngua falada, inicialmente, na regi\u00e3o do rio Hudson, estados de Nova York e Vermont e,  posteriormente (c. 1820) no Wisconsin. Extinta nos anos 1930.<\/td><td class=\"column-5\">A palavra \"mahican\"  significa \"povo do rio Hudson\".  Muitas vezes, o termo gen\u00e9rico \"moicano\" (mohican)  foi usado, erroneamente, para designar as duas tribos:  os \"mahican\" e os \"mohegan\".<\/td>\n<\/tr>\n<tr class=\"row-8\">\n\t<td class=\"column-1\"><\/td><td class=\"column-2\">maia cl\u00e1ssico <\/td><td class=\"column-3\">Maia<\/td><td class=\"column-4\">L\u00edngua extinta falada na \u00e9poca da civiliza\u00e7\u00e3o maia (300 a 1000 d.C.) na  regi\u00e3o da Pen\u00ednsula de Yucatan, no M\u00e9xico<\/td><td class=\"column-5\">Sistema de escrita maia  re\u00fane s\u00edmbolos fon\u00e9ticos e ideogramas, ainda n\u00e3o totalmente decifrados.<\/td>\n<\/tr>\n<tr class=\"row-9\">\n\t<td class=\"column-1\"><\/td><td class=\"column-2\">massachusett (wampanoag)  <\/td><td class=\"column-3\">\u00c1lgica-Algonquina<\/td><td class=\"column-4\">L\u00edngua falada outrora na regi\u00e3o da ba\u00eda de Massachusetts<\/td><td class=\"column-5\">Extinta no final do s\u00e9culo XIX<\/td>\n<\/tr>\n<tr class=\"row-10\">\n\t<td class=\"column-1\"><\/td><td class=\"column-2\">miami (illinois; miami-illinois)  <\/td><td class=\"column-3\">\u00c1lgica-Algonquina<\/td><td class=\"column-4\">L\u00edngua falada outrora, inicialmente, na regi\u00e3o dos atuais estados de Illinois, Missouri, Indiana e, posteriormente, no Oklahoma.<\/td><td class=\"column-5\">Extinta em torno de 1960<\/td>\n<\/tr>\n<tr class=\"row-11\">\n\t<td class=\"column-1\"><\/td><td class=\"column-2\">mohegan (mohegan-pequot)  <\/td><td class=\"column-3\">\u00c1lgica-Algonquina<\/td><td class=\"column-4\">L\u00edngua extinta falada outrora na regi\u00e3o dos atuais estados americanos de Connecticut, Rhode Island e New York (Long Island). \u00daltimo falante da l\u00edngua mohegan faleceu em 1908.<\/td><td class=\"column-5\">A palavra \"mohegan\" significa \"lobo\".  Muitas vezes, o termo gen\u00e9rico \"moicano\" (mohican)  foi usado, erroneamente, para designar as duas tribos:  os \"mahican\" e os \"mohegan\".<\/td>\n<\/tr>\n<tr class=\"row-12\">\n\t<td class=\"column-1\"><\/td><td class=\"column-2\">nahuatl cl\u00e1ssico <\/td><td class=\"column-3\">Uto-Asteca<\/td><td class=\"column-4\">L\u00edngua extinta falada pelos astecas e toltecas no M\u00e9xico e Am\u00e9rica Central<\/td><td class=\"column-5\">L\u00edngua franca do M\u00e9xico e Am\u00e9rica Central do s\u00e9culo VII at\u00e9 o s\u00e9culo XVI<\/td>\n<\/tr>\n<tr class=\"row-13\">\n\t<td class=\"column-1\"><\/td><td class=\"column-2\">narragansett  <\/td><td class=\"column-3\">\u00c1lgica-Algonquina<\/td><td class=\"column-4\">L\u00edngua extinta falada outrora na regi\u00e3o dos atuais estados de Connecticut e Rhode Island<\/td><td class=\"column-5\">L\u00edngua muito pr\u00f3xima ao Massachusett e ao Mohegan-Pequot<\/td>\n<\/tr>\n<tr class=\"row-14\">\n\t<td class=\"column-1\"><\/td><td class=\"column-2\">susquehannok (minqua) <\/td><td class=\"column-3\">Iroquesa<\/td><td class=\"column-4\">L\u00edngua outrora falada nos Estados Unidos, ao longo do rio Susquehanna (Maryland, Pensilv\u00e2nia e Nova York)<\/td><td class=\"column-5\">Extinta no final do s\u00e9culo XVIII<\/td>\n<\/tr>\n<tr class=\"row-15\">\n\t<td class=\"column-1\"><\/td><td class=\"column-2\">wiyot  <\/td><td class=\"column-3\">\u00c1lgica-Algonquina<\/td><td class=\"column-4\">L\u00edngua extinta falada outrora no noroeste da Calif\u00f3rnia.<\/td><td class=\"column-5\">\u00daltimo falante morreu em 1962<\/td>\n<\/tr>\n<tr class=\"row-16\">\n\t<td class=\"column-1\"><\/td><td class=\"column-2\"><\/td><td class=\"column-3\"><\/td><td class=\"column-4\"><\/td><td class=\"column-5\"><\/td>\n<\/tr>\n<tr class=\"row-17\">\n\t<td class=\"column-1\"><\/td><td class=\"column-2\"><strong>AM\u00c9RICA DO SUL  E  CARIBE<\/strong><\/td><td class=\"column-3\"><\/td><td class=\"column-4\"><\/td><td class=\"column-5\"><\/td>\n<\/tr>\n<tr class=\"row-18\">\n\t<td class=\"column-1\">(ordem alfa)<\/td><td class=\"column-2\"><\/td><td class=\"column-3\"><\/td><td class=\"column-4\"><\/td><td class=\"column-5\"><\/td>\n<\/tr>\n<tr class=\"row-19\">\n\t<td class=\"column-1\"><\/td><td class=\"column-2\"><strong>Idioma<\/strong><\/td><td class=\"column-3\"><strong>Fam\u00edlia \/ Ramo<\/strong><\/td><td class=\"column-4\"><strong>Regi\u00e3o onde foi falada<\/strong><\/td><td class=\"column-5\">Observa\u00e7\u00f5es<\/td>\n<\/tr>\n<tr class=\"row-20\">\n\t<td class=\"column-1\"><\/td><td class=\"column-2\">botocudo (aymor\u00e9)   (<\/td><td class=\"column-3\">Macro-J\u00ea (Tapuia)<\/td><td class=\"column-4\">L\u00edngua extinta  falada pelos botocudos na regi\u00e3o compreendida entre os rios Jequitinhonha e Doce (sul da Bahia e norte do Espirito Santo e Minas Gerais)<\/td><td class=\"column-5\">Popula\u00e7\u00e3o estimada dos botocudos na \u00e9poca do descobrimento: 30 mil<\/td>\n<\/tr>\n<tr class=\"row-21\">\n\t<td class=\"column-1\"><\/td><td class=\"column-2\">cac\u00e1n (kak\u00e1n; diaguita; calchaqu\u00ed; cacano)  <\/td><td class=\"column-3\">L\u00ednguas isoladas e\/ou de familias n\u00e3o-identificadas<\/td><td class=\"column-4\">L\u00edngua extinta falada no norte da Argentina (atuais prov\u00edncias de Salta, Catamarca, La Rioja, Tucuman)<\/td><td class=\"column-5\">Falada  pelas diversas tribos (mais de 20) que compunham a chamada \"na\u00e7\u00e3o diaguita\": calchaquies, quilmes; tafis, amaichas, capayanas, entre outras. A l\u00edngua cac\u00e1n foi, aos poucos, substitu\u00edda pelo qu\u00edchua.<\/td>\n<\/tr>\n<tr class=\"row-22\">\n\t<td class=\"column-1\"><\/td><td class=\"column-2\">caet\u00e9 <\/td><td class=\"column-3\">Tupi<\/td><td class=\"column-4\">L\u00edngua extinta falada pelos caet\u00e9s at\u00e9 o s\u00e9culo XVI no litoral do nordeste brasileiro entre a ilha de Itamarac\u00e1 (Pernambuco) e o rio S\u00e3o Francisco.<\/td><td class=\"column-5\">Popula\u00e7\u00e3o estimada dos caet\u00e9s na \u00e9poca do descobrimento: 75 mil.<\/td>\n<\/tr>\n<tr class=\"row-23\">\n\t<td class=\"column-1\"><\/td><td class=\"column-2\">caribe insular ou caribe ilh\u00e9u (i\u00f1eri - island carib) <\/td><td class=\"column-3\">Aruaque<\/td><td class=\"column-4\">L\u00edngua falada outrora nas ilhas caribenhas de Dominica, S\u00e3o Vicente e Grenadinas<\/td><td class=\"column-5\">Apesar do nome, era uma l\u00edngua aruaque que surgiu a partir da conquista dos tainos (fam\u00edlia aruaque) por tribos de l\u00edngua caribe. Ocorreu, ent\u00e3o, um fato lingu\u00edstico interessante: as mulheres tainos tomadas pelos caribes continuaram a falar sua l\u00edngua entre elas e com os filhos pequenos, ao passo que os homens ensinaram o caribe para seus filhos. Surgiu, ent\u00e3o, uma l\u00edngua mista: vocabul\u00e1rio caribe sobre uma base gramatical aruaque. Esta caracter\u00edstica persistiu por muitas gera\u00e7\u00f5es at\u00e9 a extin\u00e7\u00e3o deste idioma na d\u00e9cada de 1920.<\/td>\n<\/tr>\n<tr class=\"row-24\">\n\t<td class=\"column-1\"><\/td><td class=\"column-2\">carij\u00f3 <\/td><td class=\"column-3\">Tupi<\/td><td class=\"column-4\">L\u00edngua extinta falada pelos carij\u00f3s no litoral que se estendia de Cananeia (S\u00e3o Paulo) at\u00e9 a Lagoa dos Patos (Rio Grande do Sul)<\/td><td class=\"column-5\">Popula\u00e7\u00e3o estimada  dos carij\u00f3s na \u00e9poca do descobrimento: 100 mil. Extintos em meados do s\u00e9culo XVIII<\/td>\n<\/tr>\n<tr class=\"row-25\">\n\t<td class=\"column-1\"><\/td><td class=\"column-2\">cariri <\/td><td class=\"column-3\">Macro-J\u00ea (Tapuia)<\/td><td class=\"column-4\">L\u00edngua  extinta falada pelos cariris no interior do nordeste do Brasil (principalmente, regi\u00f5es dos atuais estados de Cear\u00e1, Rio Grande do Norte e Para\u00edba)<\/td><td class=\"column-5\">Popula\u00e7\u00e3o estimada dos cariris na \u00e9poca do descobrimento: 25 mil<\/td>\n<\/tr>\n<tr class=\"row-26\">\n\t<td class=\"column-1\"><\/td><td class=\"column-2\">charrua <\/td><td class=\"column-3\">L\u00ednguas isoladas e\/ou de familias n\u00e3o-identificadas<\/td><td class=\"column-4\">L\u00edngua extinta falada pelos charruas no Uruguai, Brasil (Rio Grande do Sul) e Argentina (Entre Rios)<\/td><td class=\"column-5\">Estudos indicam que a l\u00edngua falada por eles era parte de uma fam\u00edlia lingu\u00edstica (Charruana) juntamente com outras tr\u00eas l\u00ednguas, todas j\u00e1 extintas.<\/td>\n<\/tr>\n<tr class=\"row-27\">\n\t<td class=\"column-1\"><\/td><td class=\"column-2\">chibcha (muisca; mosca) <\/td><td class=\"column-3\">Chibchana<\/td><td class=\"column-4\">L\u00edngua falada pelos \u00edndios chibchas (mu\u00edscas) na regi\u00e3o da Col\u00f4mbia e Am\u00e9rica Central<\/td><td class=\"column-5\">Extinta no s\u00e9culo XVIII<\/td>\n<\/tr>\n<tr class=\"row-28\">\n\t<td class=\"column-1\"><\/td><td class=\"column-2\">coroado <\/td><td class=\"column-3\">Macro-J\u00ea (Tapuia)<\/td><td class=\"column-4\">L\u00edngua extinta falada pelos coroados na regi\u00e3o compreendida entre os rios Paraiba do Sul e  Doce (estados do Rio de Janeiro, Esp\u00edrito Santo e Minas Gerais)<\/td><td class=\"column-5\">Os coroados eram remanescentes dos goitacases. Inicialmente formavam uma s\u00f3 tribo com os puris, mas depois tornaram-se inimigos. Os portugueses os denominaram de coroados devido a sua tosura (coroa).<\/td>\n<\/tr>\n<tr class=\"row-29\">\n\t<td class=\"column-1\"><\/td><td class=\"column-2\">goitac\u00e1 (guaitac\u00e1) <\/td><td class=\"column-3\">Macro-J\u00ea (Tapuia)<\/td><td class=\"column-4\">L\u00edngua extinta falada outrora pelos goitacases na regi\u00e3o compreendida entre o rio S\u00e3o Mateus no Esp\u00edrito Santo e o rio Para\u00edba do Sul, no atual estado do Rio de Janeiro<\/td><td class=\"column-5\"><\/td>\n<\/tr>\n<tr class=\"row-30\">\n\t<td class=\"column-1\"><\/td><td class=\"column-2\">guaian\u00e1 <\/td><td class=\"column-3\">Macro-J\u00ea (Tapuia)<\/td><td class=\"column-4\">L\u00edngua extinta  falada outrora pelos guaianases na regi\u00e3o da serra do Mar no trecho entre Angra dos Reis - RJ  e Cananeia no atual estado de S\u00e3o Paulo<\/td><td class=\"column-5\"><\/td>\n<\/tr>\n<tr class=\"row-31\">\n\t<td class=\"column-1\"><\/td><td class=\"column-2\">guaicuru <\/td><td class=\"column-3\">Guaicuru<\/td><td class=\"column-4\">L\u00edngua extinta falada pelos guaicurus na regi\u00e3o entre o Pantanal sul-matogrossense e o Chaco paraguaio<\/td><td class=\"column-5\">Eram ex\u00edmios cavaleiros<\/td>\n<\/tr>\n<tr class=\"row-32\">\n\t<td class=\"column-1\"><\/td><td class=\"column-2\">jabuti <\/td><td class=\"column-3\">Macro-J\u00ea (Tapuia)<\/td><td class=\"column-4\">L\u00edngua praticamente extinta falada pelos \u00edndios jabutis em Rond\u00f4nia<\/td><td class=\"column-5\">Quase todos os remanescentes (c. de 190) s\u00f3 falam o portugu\u00eas<\/td>\n<\/tr>\n<tr class=\"row-33\">\n\t<td class=\"column-1\"><\/td><td class=\"column-2\">krenak <\/td><td class=\"column-3\">Macro-J\u00ea (Tapuia)<\/td><td class=\"column-4\">L\u00edngua quase extinta falada pelos krenaks no vale do rio Doce em Minas Gerais e Espirito Santo<\/td><td class=\"column-5\">Somente as mulheres mais velhas falam a l\u00edngua deles,  denominada borum; homens, jovens e crian\u00e7as de ambos os sexos falam s\u00f3 o portugu\u00eas \/  c. de 350<\/td>\n<\/tr>\n<tr class=\"row-34\">\n\t<td class=\"column-1\"><\/td><td class=\"column-2\">minuano <\/td><td class=\"column-3\">L\u00ednguas isoladas e\/ou de familias n\u00e3o-identificadas<\/td><td class=\"column-4\">L\u00edngua extinta falada pelos minuanos no Uruguai, Brasil (Rio Grande do Sul) e Argentina (Entre Rios)<\/td><td class=\"column-5\">Acredita-se que eram oriundos da Patag\u00f4nia, assim como os charruas. A partir do in\u00edcio do s\u00e9culo XVIII se uniram aos charruas.<\/td>\n<\/tr>\n<tr class=\"row-35\">\n\t<td class=\"column-1\"><\/td><td class=\"column-2\">paiagu\u00e1 <\/td><td class=\"column-3\">Guaicuru<\/td><td class=\"column-4\">L\u00edngua extinta falada pelos paiagu\u00e1s na regi\u00e3o do Pantanal sul-matogrossense<\/td><td class=\"column-5\">Os paiagu\u00e1s eram tamb\u00e9m chamados de  \u00edndios canoeiros<\/td>\n<\/tr>\n<tr class=\"row-36\">\n\t<td class=\"column-1\"><\/td><td class=\"column-2\">pano (panobo, manoa) <\/td><td class=\"column-3\">Panoan<\/td><td class=\"column-4\">L\u00edngua extinta falada pelos panos  na regi\u00e3o do rio Ucayali no Peru.<\/td><td class=\"column-5\">\u00daltimo falante morreu em 1991<\/td>\n<\/tr>\n<tr class=\"row-37\">\n\t<td class=\"column-1\"><\/td><td class=\"column-2\">patax\u00f3 <\/td><td class=\"column-3\">Macro-J\u00ea (Tapuia)<\/td><td class=\"column-4\">L\u00edngua extinta outrora falada pelos patax\u00f3s no sul da Bahia<\/td><td class=\"column-5\">Os remanescentes desse povo (c. 4600) hoje s\u00f3 falam portugu\u00eas.<\/td>\n<\/tr>\n<tr class=\"row-38\">\n\t<td class=\"column-1\"><\/td><td class=\"column-2\">potiguar  <\/td><td class=\"column-3\">Tupi<\/td><td class=\"column-4\">L\u00edngua extinta falada pelos potiguares na regi\u00e3o dos atuais estados de Rio Grande do Norte e Para\u00edba<\/td><td class=\"column-5\">Popula\u00e7\u00e3o estimada dos potiguares  na \u00e9poca do descobrimento: 90 mil.  Os remanescentes desta tribo (estado da Para\u00edba) hoje s\u00f3 falam portugu\u00eas<\/td>\n<\/tr>\n<tr class=\"row-39\">\n\t<td class=\"column-1\"><\/td><td class=\"column-2\">puri <\/td><td class=\"column-3\">Macro-J\u00ea (Tapuia)<\/td><td class=\"column-4\">L\u00edngua extinta  falada pelos puris  na regi\u00e3o dos atuais estados de S\u00e3o Paulo (Vale do Para\u00edba), Rio de Janeiro, Espirito Santo e Minas Gerais<\/td><td class=\"column-5\">Os puris eram remanescentes dos goitacases. Inicialmente formavam uma s\u00f3 tribo com os coroados, mas depois tornaram-se inimigos.<\/td>\n<\/tr>\n<tr class=\"row-40\">\n\t<td class=\"column-1\"><\/td><td class=\"column-2\">qu\u00edchua cl\u00e1ssico <\/td><td class=\"column-3\">Quichua<\/td><td class=\"column-4\">L\u00edngua extinta  falada pelos incas na regi\u00e3o andina (Colombia, Equador, Peru, Bolivia, Chile e Argentina), tendo como centro o atual Peru.<\/td><td class=\"column-5\">L\u00edngua oficial do antigo Imp\u00e9rio Inca.<\/td>\n<\/tr>\n<tr class=\"row-41\">\n\t<td class=\"column-1\"><\/td><td class=\"column-2\">tabajara  <\/td><td class=\"column-3\">Tupi<\/td><td class=\"column-4\">L\u00edngua extinta falada pelos tabajaras na regi\u00e3o que se estende da foz do rio Para\u00edba, no estado de mesmo nome, at\u00e9 a ilha de Itamarac\u00e1, em Pernambuco<\/td><td class=\"column-5\">Popula\u00e7\u00e3o estimada dos tabajaras na \u00e9poca do descobrimento: 40 mil.<\/td>\n<\/tr>\n<tr class=\"row-42\">\n\t<td class=\"column-1\"><\/td><td class=\"column-2\">taino <\/td><td class=\"column-3\">Aruaque<\/td><td class=\"column-4\">L\u00edngua  falada pelos \u00edndios tainos nas ilhas caribenhas de  Cuba, Hispaniola, Jamaica, Porto Rico e Bahamas<\/td><td class=\"column-5\">Os tainos foram o povo ind\u00edgena encontrado por Colombo em sua primeira viagem. A l\u00edngua se extinguiu no s\u00e9culo XVI.<\/td>\n<\/tr>\n<tr class=\"row-43\">\n\t<td class=\"column-1\"><\/td><td class=\"column-2\">tairirius (tarairus) <\/td><td class=\"column-3\">Macro-J\u00ea (Tapuia)<\/td><td class=\"column-4\">L\u00edngua extinta falada pelos tairirius no nordeste brasileiro, na regi\u00e3o dos atuais estados de Cear\u00e1, Rio Grande do Norte, Para\u00edba e Pernambuco<\/td><td class=\"column-5\">Acredita-se que os \u00edndios canind\u00e9 (jenipapo-kanind\u00e9)  que hoje ainda sobrevivem no Cear\u00e1 sejam descendets dos tairirius<\/td>\n<\/tr>\n<tr class=\"row-44\">\n\t<td class=\"column-1\"><\/td><td class=\"column-2\">tamoio   <\/td><td class=\"column-3\">Tupi<\/td><td class=\"column-4\">L\u00edngua extinta falada pelos tamoios na regi\u00e3o litor\u00e2nea que se estende do  norte do atual estado de S\u00e3o Paulo  at\u00e9 a Ba\u00eda de Guanabara no estado do Rio de Janeiro<\/td><td class=\"column-5\">Popula\u00e7\u00e3o estimada  dos tamoios na \u00e9poca do descobrimento: 70  mil.<\/td>\n<\/tr>\n<tr class=\"row-45\">\n\t<td class=\"column-1\"><\/td><td class=\"column-2\">tapes <\/td><td class=\"column-3\">L\u00ednguas isoladas e\/ou de familias n\u00e3o-identificadas<\/td><td class=\"column-4\">L\u00edngua extinta falada  outrora pelos \u00edndios tapes na regi\u00e3o da Lagoa dos Patos, no Rio Grande do Sul<\/td><td class=\"column-5\"><\/td>\n<\/tr>\n<tr class=\"row-46\">\n\t<td class=\"column-1\"><\/td><td class=\"column-2\">tehuelche  <\/td><td class=\"column-3\">Chon<\/td><td class=\"column-4\">L\u00edngua falada outrora pelos tehuelches (patag\u00f5es ou patag\u00f4nios) na Patag\u00f4nia argentina<\/td><td class=\"column-5\">Os tehuelches adotaram a l\u00edngua mapuche (mapudungun) e sua l\u00edngua original acabou se extinguindo entre os anos 1960 e 1970<\/td>\n<\/tr>\n<tr class=\"row-47\">\n\t<td class=\"column-1\"><\/td><td class=\"column-2\">temimin\u00f3   <\/td><td class=\"column-3\">Tupi<\/td><td class=\"column-4\">L\u00edngua extinta falada pelos temimin\u00f3s na regi\u00e3o litor\u00e2nea dos atuais estados do Rio de Janeiro e Esp\u00edrito Santo<\/td><td class=\"column-5\">Popula\u00e7\u00e3o estimada dos temimin\u00f3s na \u00e9poca do descobrimento: 18 mil<\/td>\n<\/tr>\n<tr class=\"row-48\">\n\t<td class=\"column-1\"><\/td><td class=\"column-2\">trememb\u00e9 <\/td><td class=\"column-3\">L\u00ednguas isoladas e\/ou de familias n\u00e3o-identificadas<\/td><td class=\"column-4\">L\u00edngua  extinta falada outrora na regi\u00e3o litor\u00e2nea dos atuais estados do Maranh\u00e3o, Piau\u00ed e Cear\u00e1<\/td><td class=\"column-5\">Popula\u00e7\u00e3o estimada dos trememb\u00e9s na \u00e9poca do descobrimento: 20 mil. Os remanescentes desta tribo (c. de 3 mil)  s\u00f3 falam portugu\u00eas.<\/td>\n<\/tr>\n<tr class=\"row-49\">\n\t<td class=\"column-1\"><\/td><td class=\"column-2\">tupi antigo (tupinamb\u00e1; l\u00edngua geral tupi; l\u00edngua bras\u00edlica) <\/td><td class=\"column-3\">Tupi<\/td><td class=\"column-4\">L\u00edngua extinta falada pelos tupinamb\u00e1s na regi\u00e3o baiana que se estende da margem direita do rio S\u00e3o Francisco at\u00e9 a Ba\u00eda de Todos-os-Santos (Rec\u00f4ncavo Baiano). obs.: na \u00e9poca do descobrimento, a popula\u00e7\u00e3o tupinamb\u00e1 era estimada em cerca de 110 mil pessoas.<\/td><td class=\"column-5\">A l\u00edngua tupinamb\u00e1 foi adotada como l\u00edngua franca (l\u00edngua de comunica\u00e7\u00e3o entre  grupos linguisticamente distintos) ao longo de grande extens\u00e3o do litoral brasileiro. Esta l\u00edngua passou a ser conhecida como l\u00edngua bras\u00edlica, l\u00edngua geral, ou simplesmente tupi, sendo o idioma mais falado no Brasil at\u00e9 meados do s\u00e9culo XVII.<\/td>\n<\/tr>\n<tr class=\"row-50\">\n\t<td class=\"column-1\"><\/td><td class=\"column-2\">tupiniquim <\/td><td class=\"column-3\">Tupi<\/td><td class=\"column-4\">L\u00edngua extinta falada pelos tupiniquins em duas regi\u00f5es distintas:  sul do atual estado da Bahia e litoral do atual estado de Sao Paulo, entre Santos e Bertioga. obs.: na \u00e9poca do descobrimento, a popula\u00e7\u00e3o tupiniquim era estimada em cerca de 90 mil pessoas (atualmente ainda existem cerca de 2600 tupiniquins no Esp\u00edrito Santo, mas s\u00f3 falam portugu\u00eas).<\/td><td class=\"column-5\">Os tupiniquins foram os \u00edndios que entraram em contato com os portugueses da expedi\u00e7\u00e3o de Cabral em 1500.<\/td>\n<\/tr>\n<\/tbody>\n<\/table>\n<!-- #tablepress-897 from cache -->\n","protected":false},"excerpt":{"rendered":"","protected":false},"author":1,"featured_media":0,"parent":0,"menu_order":0,"comment_status":"closed","ping_status":"closed","template":"full-width.php","meta":{"footnotes":""},"class_list":["post-22064","page","type-page","status-publish","hentry"],"_links":{"self":[{"href":"https:\/\/cluny.com.br\/index.php?rest_route=\/wp\/v2\/pages\/22064","targetHints":{"allow":["GET"]}}],"collection":[{"href":"https:\/\/cluny.com.br\/index.php?rest_route=\/wp\/v2\/pages"}],"about":[{"href":"https:\/\/cluny.com.br\/index.php?rest_route=\/wp\/v2\/types\/page"}],"author":[{"embeddable":true,"href":"https:\/\/cluny.com.br\/index.php?rest_route=\/wp\/v2\/users\/1"}],"replies":[{"embeddable":true,"href":"https:\/\/cluny.com.br\/index.php?rest_route=%2Fwp%2Fv2%2Fcomments&post=22064"}],"version-history":[{"count":5,"href":"https:\/\/cluny.com.br\/index.php?rest_route=\/wp\/v2\/pages\/22064\/revisions"}],"predecessor-version":[{"id":22069,"href":"https:\/\/cluny.com.br\/index.php?rest_route=\/wp\/v2\/pages\/22064\/revisions\/22069"}],"wp:attachment":[{"href":"https:\/\/cluny.com.br\/index.php?rest_route=%2Fwp%2Fv2%2Fmedia&parent=22064"}],"curies":[{"name":"wp","href":"https:\/\/api.w.org\/{rel}","templated":true}]}}