{"id":22,"date":"2014-08-01T21:26:56","date_gmt":"2014-08-01T21:26:56","guid":{"rendered":"http:\/\/clunymma.wordpress.com\/?page_id=22"},"modified":"2021-11-16T09:59:13","modified_gmt":"2021-11-16T12:59:13","slug":"projeto-cultural-cluny","status":"publish","type":"page","link":"https:\/\/cluny.com.br\/","title":{"rendered":"Projeto CLUNY"},"content":{"rendered":"<address><em>Uma base de informa\u00e7\u00f5es para os\u00a0que se interessam em ter \u00a0um vis\u00e3o geral da passagem do Homem sobre a Terra.<br \/>\n<\/em><\/address>\n<p>__________________________________________________________________________________________<\/p>\n<p>O objetivo deste site \u00e9 proporcionar aos seus visitantes um conhecimento suficiente (nem muito profundo, nem demasiado superficial) \u00a0para se obter uma boa compreens\u00e3o dos principais fatos hist\u00f3ricos da Humanidade: a origem dos eventos e movimentos, suas caracter\u00edsticas b\u00e1sicas, a cronologia dos acontecimentos e as consequ\u00eancias advindas.<\/p>\n<p>Este projeto, que no in\u00edcio\u00a0tinha como foco \u00a0basicamente os fatos hist\u00f3ricos da Humanidade, teve seu contexto ampliado, no momento em que constatei que para se\u00a0entender melhor\u00a0\u00a0aquela evolu\u00e7\u00e3o fazia-se necess\u00e1rio estudar\u00a0outros importantes componentes das civiliza\u00e7\u00f5es, tais como o meio geogr\u00e1fico, a comunica\u00e7\u00e3o entre os homens no curso dos tempos,\u00a0 suas manifesta\u00e7\u00f5es art\u00edsticas, etc.\u00a0 A partir deste momento, o site Cluny, ent\u00e3o bastante voltado \u00a0para \u00a0Hist\u00f3ria, adquiriu contornos de um portal de conhecimento, passando a contemplar tamb\u00e9m informa\u00e7\u00f5es sobre os pa\u00edses do mundo, as fam\u00edlias lingu\u00edsticas e seus principais idiomas, bem\u00a0como sobre pessoas e\u00a0obras que, em algum momento e lugar, \u00a0se destacaram no mundo das Artes Pl\u00e1sticas, Literatura, M\u00fasica ou Cinema.<\/p>\n<p>Nos anos mais recentes, \u00a0Astronomia, Bot\u00e2nica e Idiomas foram outros temas incorporados ao site.<\/p>\n<p>Murilo Maia Alves<\/p>\n<hr \/>\n","protected":false},"excerpt":{"rendered":"<p>Uma base de informa\u00e7\u00f5es para os\u00a0que se interessam em ter \u00a0um vis\u00e3o geral da passagem do Homem sobre a Terra.&hellip;<\/p>\n","protected":false},"author":1,"featured_media":0,"parent":0,"menu_order":0,"comment_status":"closed","ping_status":"closed","template":"","meta":{"footnotes":""},"class_list":["post-22","page","type-page","status-publish","hentry"],"_links":{"self":[{"href":"https:\/\/cluny.com.br\/index.php?rest_route=\/wp\/v2\/pages\/22","targetHints":{"allow":["GET"]}}],"collection":[{"href":"https:\/\/cluny.com.br\/index.php?rest_route=\/wp\/v2\/pages"}],"about":[{"href":"https:\/\/cluny.com.br\/index.php?rest_route=\/wp\/v2\/types\/page"}],"author":[{"embeddable":true,"href":"https:\/\/cluny.com.br\/index.php?rest_route=\/wp\/v2\/users\/1"}],"replies":[{"embeddable":true,"href":"https:\/\/cluny.com.br\/index.php?rest_route=%2Fwp%2Fv2%2Fcomments&post=22"}],"version-history":[{"count":8,"href":"https:\/\/cluny.com.br\/index.php?rest_route=\/wp\/v2\/pages\/22\/revisions"}],"predecessor-version":[{"id":25097,"href":"https:\/\/cluny.com.br\/index.php?rest_route=\/wp\/v2\/pages\/22\/revisions\/25097"}],"wp:attachment":[{"href":"https:\/\/cluny.com.br\/index.php?rest_route=%2Fwp%2Fv2%2Fmedia&parent=22"}],"curies":[{"name":"wp","href":"https:\/\/api.w.org\/{rel}","templated":true}]}}