{"id":12329,"date":"2016-04-26T13:54:24","date_gmt":"2016-04-26T13:54:24","guid":{"rendered":"http:\/\/www.cluny.com.br\/?page_id=12329"},"modified":"2016-04-26T13:56:02","modified_gmt":"2016-04-26T13:56:02","slug":"casa-habitacao-moradia-residencia","status":"publish","type":"page","link":"https:\/\/cluny.com.br\/?page_id=12329","title":{"rendered":"Casa &#8211; Habita\u00e7\u00e3o &#8211; Moradia &#8211; Resid\u00eancia"},"content":{"rendered":"\n<table id=\"tablepress-692\" class=\"tablepress tablepress-id-692\">\n<tbody class=\"row-striping row-hover\">\n<tr class=\"row-1\">\n\t<td class=\"column-1\">apartamento<\/td>\n<\/tr>\n<tr class=\"row-2\">\n\t<td class=\"column-1\">bangal\u00f4<\/td>\n<\/tr>\n<tr class=\"row-3\">\n\t<td class=\"column-1\">barraco<\/td>\n<\/tr>\n<tr class=\"row-4\">\n\t<td class=\"column-1\">barraco<\/td>\n<\/tr>\n<tr class=\"row-5\">\n\t<td class=\"column-1\">cabana<\/td>\n<\/tr>\n<tr class=\"row-6\">\n\t<td class=\"column-1\">cabe\u00e7a de porco<\/td>\n<\/tr>\n<tr class=\"row-7\">\n\t<td class=\"column-1\">cafofo<\/td>\n<\/tr>\n<tr class=\"row-8\">\n\t<td class=\"column-1\">cafua<\/td>\n<\/tr>\n<tr class=\"row-9\">\n\t<td class=\"column-1\">casa<\/td>\n<\/tr>\n<tr class=\"row-10\">\n\t<td class=\"column-1\">casa de c\u00f4modos<\/td>\n<\/tr>\n<tr class=\"row-11\">\n\t<td class=\"column-1\">casa-grande<\/td>\n<\/tr>\n<tr class=\"row-12\">\n\t<td class=\"column-1\">casar\u00e3o<\/td>\n<\/tr>\n<tr class=\"row-13\">\n\t<td class=\"column-1\">casb\u00e1<\/td>\n<\/tr>\n<tr class=\"row-14\">\n\t<td class=\"column-1\">casebre<\/td>\n<\/tr>\n<tr class=\"row-15\">\n\t<td class=\"column-1\">castelo<\/td>\n<\/tr>\n<tr class=\"row-16\">\n\t<td class=\"column-1\">ch\u00e1cara<\/td>\n<\/tr>\n<tr class=\"row-17\">\n\t<td class=\"column-1\">chal\u00e9<\/td>\n<\/tr>\n<tr class=\"row-18\">\n\t<td class=\"column-1\">cho\u00e7a<\/td>\n<\/tr>\n<tr class=\"row-19\">\n\t<td class=\"column-1\">choupana<\/td>\n<\/tr>\n<tr class=\"row-20\">\n\t<td class=\"column-1\">cobertura<\/td>\n<\/tr>\n<tr class=\"row-21\">\n\t<td class=\"column-1\">condom\u00ednio<\/td>\n<\/tr>\n<tr class=\"row-22\">\n\t<td class=\"column-1\">corti\u00e7o<\/td>\n<\/tr>\n<tr class=\"row-23\">\n\t<td class=\"column-1\">dacha, datcha<\/td>\n<\/tr>\n<tr class=\"row-24\">\n\t<td class=\"column-1\">duplex<\/td>\n<\/tr>\n<tr class=\"row-25\">\n\t<td class=\"column-1\">fazenda<\/td>\n<\/tr>\n<tr class=\"row-26\">\n\t<td class=\"column-1\">fazendola<\/td>\n<\/tr>\n<tr class=\"row-27\">\n\t<td class=\"column-1\">granja<\/td>\n<\/tr>\n<tr class=\"row-28\">\n\t<td class=\"column-1\">habita\u00e7\u00e3o<\/td>\n<\/tr>\n<tr class=\"row-29\">\n\t<td class=\"column-1\">herdade<\/td>\n<\/tr>\n<tr class=\"row-30\">\n\t<td class=\"column-1\">iglu<\/td>\n<\/tr>\n<tr class=\"row-31\">\n\t<td class=\"column-1\">isb\u00e1<\/td>\n<\/tr>\n<tr class=\"row-32\">\n\t<td class=\"column-1\">maloca<\/td>\n<\/tr>\n<tr class=\"row-33\">\n\t<td class=\"column-1\">mans\u00e3o<\/td>\n<\/tr>\n<tr class=\"row-34\">\n\t<td class=\"column-1\">mocambo<\/td>\n<\/tr>\n<tr class=\"row-35\">\n\t<td class=\"column-1\">morada<\/td>\n<\/tr>\n<tr class=\"row-36\">\n\t<td class=\"column-1\">moradia<\/td>\n<\/tr>\n<tr class=\"row-37\">\n\t<td class=\"column-1\">muquifo<\/td>\n<\/tr>\n<tr class=\"row-38\">\n\t<td class=\"column-1\">oca<\/td>\n<\/tr>\n<tr class=\"row-39\">\n\t<td class=\"column-1\">pa\u00e7o<\/td>\n<\/tr>\n<tr class=\"row-40\">\n\t<td class=\"column-1\">palacete<\/td>\n<\/tr>\n<tr class=\"row-41\">\n\t<td class=\"column-1\">pal\u00e1cio<\/td>\n<\/tr>\n<tr class=\"row-42\">\n\t<td class=\"column-1\">palafita<\/td>\n<\/tr>\n<tr class=\"row-43\">\n\t<td class=\"column-1\">palho\u00e7a<\/td>\n<\/tr>\n<tr class=\"row-44\">\n\t<td class=\"column-1\">pardieiro<\/td>\n<\/tr>\n<tr class=\"row-45\">\n\t<td class=\"column-1\">propriedade rural<\/td>\n<\/tr>\n<tr class=\"row-46\">\n\t<td class=\"column-1\">quarto e sala<\/td>\n<\/tr>\n<tr class=\"row-47\">\n\t<td class=\"column-1\">quinta<\/td>\n<\/tr>\n<tr class=\"row-48\">\n\t<td class=\"column-1\">quinta<\/td>\n<\/tr>\n<tr class=\"row-49\">\n\t<td class=\"column-1\">rancho<\/td>\n<\/tr>\n<tr class=\"row-50\">\n\t<td class=\"column-1\">resid\u00eancia<\/td>\n<\/tr>\n<tr class=\"row-51\">\n\t<td class=\"column-1\">senzala<\/td>\n<\/tr>\n<tr class=\"row-52\">\n\t<td class=\"column-1\">s\u00edtio<\/td>\n<\/tr>\n<tr class=\"row-53\">\n\t<td class=\"column-1\">sobrado<\/td>\n<\/tr>\n<tr class=\"row-54\">\n\t<td class=\"column-1\">solar<\/td>\n<\/tr>\n<tr class=\"row-55\">\n\t<td class=\"column-1\">tapera<\/td>\n<\/tr>\n<tr class=\"row-56\">\n\t<td class=\"column-1\">tr\u00edplex<\/td>\n<\/tr>\n<tr class=\"row-57\">\n\t<td class=\"column-1\">tug\u00fario<\/td>\n<\/tr>\n<tr class=\"row-58\">\n\t<td class=\"column-1\">vivenda<\/td>\n<\/tr>\n<\/tbody>\n<\/table>\n<!-- #tablepress-692 from cache -->\n","protected":false},"excerpt":{"rendered":"","protected":false},"author":1,"featured_media":0,"parent":11286,"menu_order":0,"comment_status":"closed","ping_status":"closed","template":"full-width.php","meta":{"footnotes":""},"class_list":["post-12329","page","type-page","status-publish","hentry"],"_links":{"self":[{"href":"https:\/\/cluny.com.br\/index.php?rest_route=\/wp\/v2\/pages\/12329","targetHints":{"allow":["GET"]}}],"collection":[{"href":"https:\/\/cluny.com.br\/index.php?rest_route=\/wp\/v2\/pages"}],"about":[{"href":"https:\/\/cluny.com.br\/index.php?rest_route=\/wp\/v2\/types\/page"}],"author":[{"embeddable":true,"href":"https:\/\/cluny.com.br\/index.php?rest_route=\/wp\/v2\/users\/1"}],"replies":[{"embeddable":true,"href":"https:\/\/cluny.com.br\/index.php?rest_route=%2Fwp%2Fv2%2Fcomments&post=12329"}],"version-history":[{"count":2,"href":"https:\/\/cluny.com.br\/index.php?rest_route=\/wp\/v2\/pages\/12329\/revisions"}],"predecessor-version":[{"id":12331,"href":"https:\/\/cluny.com.br\/index.php?rest_route=\/wp\/v2\/pages\/12329\/revisions\/12331"}],"up":[{"embeddable":true,"href":"https:\/\/cluny.com.br\/index.php?rest_route=\/wp\/v2\/pages\/11286"}],"wp:attachment":[{"href":"https:\/\/cluny.com.br\/index.php?rest_route=%2Fwp%2Fv2%2Fmedia&parent=12329"}],"curies":[{"name":"wp","href":"https:\/\/api.w.org\/{rel}","templated":true}]}}