{"id":11739,"date":"2016-01-07T17:49:07","date_gmt":"2016-01-07T17:49:07","guid":{"rendered":"http:\/\/www.cluny.com.br\/?page_id=11739"},"modified":"2016-01-07T17:49:07","modified_gmt":"2016-01-07T17:49:07","slug":"palavras-compostas","status":"publish","type":"page","link":"https:\/\/cluny.com.br\/?page_id=11739","title":{"rendered":"Palavras compostas"},"content":{"rendered":"\n<table id=\"tablepress-669\" class=\"tablepress tablepress-id-669\">\n<tbody class=\"row-striping row-hover\">\n<tr class=\"row-1\">\n\t<td class=\"column-1\">abre-alas<\/td>\n<\/tr>\n<tr class=\"row-2\">\n\t<td class=\"column-1\">\u00e1gua-de-cheiro<\/td>\n<\/tr>\n<tr class=\"row-3\">\n\t<td class=\"column-1\">\u00e1gua-de-col\u00f4nia<\/td>\n<\/tr>\n<tr class=\"row-4\">\n\t<td class=\"column-1\">\u00e1gua-furtada<\/td>\n<\/tr>\n<tr class=\"row-5\">\n\t<td class=\"column-1\">al\u00e9m-mar<\/td>\n<\/tr>\n<tr class=\"row-6\">\n\t<td class=\"column-1\">alma penada<\/td>\n<\/tr>\n<tr class=\"row-7\">\n\t<td class=\"column-1\">ama-seca<\/td>\n<\/tr>\n<tr class=\"row-8\">\n\t<td class=\"column-1\">amigo da on\u00e7a<\/td>\n<\/tr>\n<tr class=\"row-9\">\n\t<td class=\"column-1\">amor-pr\u00f3prio<\/td>\n<\/tr>\n<tr class=\"row-10\">\n\t<td class=\"column-1\">anjo-da-guarda<\/td>\n<\/tr>\n<tr class=\"row-11\">\n\t<td class=\"column-1\">ano-bom<\/td>\n<\/tr>\n<tr class=\"row-12\">\n\t<td class=\"column-1\">arco-da-velha<\/td>\n<\/tr>\n<tr class=\"row-13\">\n\t<td class=\"column-1\">armaz\u00e9m de secos e molhados<\/td>\n<\/tr>\n<tr class=\"row-14\">\n\t<td class=\"column-1\">arraia-mi\u00fada<\/td>\n<\/tr>\n<tr class=\"row-15\">\n\t<td class=\"column-1\">arranca-rabo<\/td>\n<\/tr>\n<tr class=\"row-16\">\n\t<td class=\"column-1\">arranha-c\u00e9u<\/td>\n<\/tr>\n<tr class=\"row-17\">\n\t<td class=\"column-1\">arrasta-p\u00e9<\/td>\n<\/tr>\n<tr class=\"row-18\">\n\t<td class=\"column-1\">asa-negra<\/td>\n<\/tr>\n<tr class=\"row-19\">\n\t<td class=\"column-1\">auto-de-f\u00e9<\/td>\n<\/tr>\n<tr class=\"row-20\">\n\t<td class=\"column-1\">baba-ovo<\/td>\n<\/tr>\n<tr class=\"row-21\">\n\t<td class=\"column-1\">bacia das almas<\/td>\n<\/tr>\n<tr class=\"row-22\">\n\t<td class=\"column-1\">baixo meretr\u00edcio<\/td>\n<\/tr>\n<tr class=\"row-23\">\n\t<td class=\"column-1\">balaio de gatos<\/td>\n<\/tr>\n<tr class=\"row-24\">\n\t<td class=\"column-1\">bangue-bangue<\/td>\n<\/tr>\n<tr class=\"row-25\">\n\t<td class=\"column-1\">banho-maria<\/td>\n<\/tr>\n<tr class=\"row-26\">\n\t<td class=\"column-1\">banz\u00e9-de-cuia<\/td>\n<\/tr>\n<tr class=\"row-27\">\n\t<td class=\"column-1\">barra-pesada<\/td>\n<\/tr>\n<tr class=\"row-28\">\n\t<td class=\"column-1\">barriga de freira<\/td>\n<\/tr>\n<tr class=\"row-29\">\n\t<td class=\"column-1\">bate-boca<\/td>\n<\/tr>\n<tr class=\"row-30\">\n\t<td class=\"column-1\">bate-coxa<\/td>\n<\/tr>\n<tr class=\"row-31\">\n\t<td class=\"column-1\">batedor de carteira<\/td>\n<\/tr>\n<tr class=\"row-32\">\n\t<td class=\"column-1\">bate-estaca<\/td>\n<\/tr>\n<tr class=\"row-33\">\n\t<td class=\"column-1\">bate-papo<\/td>\n<\/tr>\n<tr class=\"row-34\">\n\t<td class=\"column-1\">bate-prego<\/td>\n<\/tr>\n<tr class=\"row-35\">\n\t<td class=\"column-1\">beco sem sa\u00edda<\/td>\n<\/tr>\n<tr class=\"row-36\">\n\t<td class=\"column-1\">beija-m\u00e3o<\/td>\n<\/tr>\n<tr class=\"row-37\">\n\t<td class=\"column-1\">bem-apessoado<\/td>\n<\/tr>\n<tr class=\"row-38\">\n\t<td class=\"column-1\">bem-bom<\/td>\n<\/tr>\n<tr class=\"row-39\">\n\t<td class=\"column-1\">berda-merda<\/td>\n<\/tr>\n<tr class=\"row-40\">\n\t<td class=\"column-1\">bicho de sete cabe\u00e7as<\/td>\n<\/tr>\n<tr class=\"row-41\">\n\t<td class=\"column-1\">bicho do mato<\/td>\n<\/tr>\n<tr class=\"row-42\">\n\t<td class=\"column-1\">bicho grilo<\/td>\n<\/tr>\n<tr class=\"row-43\">\n\t<td class=\"column-1\">bicho-pap\u00e3o<\/td>\n<\/tr>\n<tr class=\"row-44\">\n\t<td class=\"column-1\">blablabl\u00e1; bl\u00e1-bl\u00e1-bl\u00e1<\/td>\n<\/tr>\n<tr class=\"row-45\">\n\t<td class=\"column-1\">boa-pinta<\/td>\n<\/tr>\n<tr class=\"row-46\">\n\t<td class=\"column-1\">boa-pra\u00e7a<\/td>\n<\/tr>\n<tr class=\"row-47\">\n\t<td class=\"column-1\">bobo da corte<\/td>\n<\/tr>\n<tr class=\"row-48\">\n\t<td class=\"column-1\">boca de sino<\/td>\n<\/tr>\n<tr class=\"row-49\">\n\t<td class=\"column-1\">boca pequena<\/td>\n<\/tr>\n<tr class=\"row-50\">\n\t<td class=\"column-1\">bola ao cesto<\/td>\n<\/tr>\n<tr class=\"row-51\">\n\t<td class=\"column-1\">bom-bocado<\/td>\n<\/tr>\n<tr class=\"row-52\">\n\t<td class=\"column-1\">borra-botas<\/td>\n<\/tr>\n<tr class=\"row-53\">\n\t<td class=\"column-1\">borra-botas<\/td>\n<\/tr>\n<tr class=\"row-54\">\n\t<td class=\"column-1\">bota-fora<\/td>\n<\/tr>\n<tr class=\"row-55\">\n\t<td class=\"column-1\">bunda-suja<\/td>\n<\/tr>\n<tr class=\"row-56\">\n\t<td class=\"column-1\">burro-sem-rabo<\/td>\n<\/tr>\n<tr class=\"row-57\">\n\t<td class=\"column-1\">busca-p\u00e9<\/td>\n<\/tr>\n<tr class=\"row-58\">\n\t<td class=\"column-1\">cabe\u00e7a d'\u00e1gua<\/td>\n<\/tr>\n<tr class=\"row-59\">\n\t<td class=\"column-1\">cabe\u00e7a-de-negro<\/td>\n<\/tr>\n<tr class=\"row-60\">\n\t<td class=\"column-1\">cabe\u00e7a-de-porco<\/td>\n<\/tr>\n<tr class=\"row-61\">\n\t<td class=\"column-1\">cabe\u00e7a-dura<\/td>\n<\/tr>\n<tr class=\"row-62\">\n\t<td class=\"column-1\">cabide de empregos<\/td>\n<\/tr>\n<tr class=\"row-63\">\n\t<td class=\"column-1\">cabo-de-guerra<\/td>\n<\/tr>\n<tr class=\"row-64\">\n\t<td class=\"column-1\">cabra-cega<\/td>\n<\/tr>\n<tr class=\"row-65\">\n\t<td class=\"column-1\">cabra-macho<\/td>\n<\/tr>\n<tr class=\"row-66\">\n\t<td class=\"column-1\">ca\u00e7a-n\u00edquel; ca\u00e7a-n\u00edqueis<\/td>\n<\/tr>\n<tr class=\"row-67\">\n\t<td class=\"column-1\">cafund\u00f3 do judas<\/td>\n<\/tr>\n<tr class=\"row-68\">\n\t<td class=\"column-1\">caixa-prego (s)<\/td>\n<\/tr>\n<tr class=\"row-69\">\n\t<td class=\"column-1\">caixeiro-viajante<\/td>\n<\/tr>\n<tr class=\"row-70\">\n\t<td class=\"column-1\">c\u00e2mara-ardente<\/td>\n<\/tr>\n<tr class=\"row-71\">\n\t<td class=\"column-1\">caminho da ro\u00e7a<\/td>\n<\/tr>\n<tr class=\"row-72\">\n\t<td class=\"column-1\">campo de avia\u00e7\u00e3o<\/td>\n<\/tr>\n<tr class=\"row-73\">\n\t<td class=\"column-1\">campo santo<\/td>\n<\/tr>\n<tr class=\"row-74\">\n\t<td class=\"column-1\">cara amarrada<\/td>\n<\/tr>\n<tr class=\"row-75\">\n\t<td class=\"column-1\">cara de pau<\/td>\n<\/tr>\n<tr class=\"row-76\">\n\t<td class=\"column-1\">cara-metade<\/td>\n<\/tr>\n<tr class=\"row-77\">\n\t<td class=\"column-1\">carro de aluguel<\/td>\n<\/tr>\n<tr class=\"row-78\">\n\t<td class=\"column-1\">carro de pra\u00e7a<\/td>\n<\/tr>\n<tr class=\"row-79\">\n\t<td class=\"column-1\">carro-chefe<\/td>\n<\/tr>\n<tr class=\"row-80\">\n\t<td class=\"column-1\">casa de favores<\/td>\n<\/tr>\n<tr class=\"row-81\">\n\t<td class=\"column-1\">casa-grande<\/td>\n<\/tr>\n<tr class=\"row-82\">\n\t<td class=\"column-1\">casca-grossa<\/td>\n<\/tr>\n<tr class=\"row-83\">\n\t<td class=\"column-1\">cata-vento<\/td>\n<\/tr>\n<tr class=\"row-84\">\n\t<td class=\"column-1\">ch\u00e1-de-sumi\u00e7o<\/td>\n<\/tr>\n<tr class=\"row-85\">\n\t<td class=\"column-1\">cheira-peido<\/td>\n<\/tr>\n<tr class=\"row-86\">\n\t<td class=\"column-1\">chuca-chuca<\/td>\n<\/tr>\n<tr class=\"row-87\">\n\t<td class=\"column-1\">cinta-liga<\/td>\n<\/tr>\n<tr class=\"row-88\">\n\t<td class=\"column-1\">comes e bebes<\/td>\n<\/tr>\n<tr class=\"row-89\">\n\t<td class=\"column-1\">conto de fadas<\/td>\n<\/tr>\n<tr class=\"row-90\">\n\t<td class=\"column-1\">conto do vig\u00e1rio<\/td>\n<\/tr>\n<tr class=\"row-91\">\n\t<td class=\"column-1\">conversa fiada<\/td>\n<\/tr>\n<tr class=\"row-92\">\n\t<td class=\"column-1\">conversa mole<\/td>\n<\/tr>\n<tr class=\"row-93\">\n\t<td class=\"column-1\">corre-corre<\/td>\n<\/tr>\n<tr class=\"row-94\">\n\t<td class=\"column-1\">corta-jaca<\/td>\n<\/tr>\n<tr class=\"row-95\">\n\t<td class=\"column-1\">corta-luz<\/td>\n<\/tr>\n<tr class=\"row-96\">\n\t<td class=\"column-1\">criado-mudo<\/td>\n<\/tr>\n<tr class=\"row-97\">\n\t<td class=\"column-1\">cruz-credo<\/td>\n<\/tr>\n<tr class=\"row-98\">\n\t<td class=\"column-1\">cu de foca<\/td>\n<\/tr>\n<tr class=\"row-99\">\n\t<td class=\"column-1\">cu de judas<\/td>\n<\/tr>\n<tr class=\"row-100\">\n\t<td class=\"column-1\">dedo-duro<\/td>\n<\/tr>\n<tr class=\"row-101\">\n\t<td class=\"column-1\">dedo verde<\/td>\n<\/tr>\n<tr class=\"row-102\">\n\t<td class=\"column-1\">desmancha-prazer<\/td>\n<\/tr>\n<tr class=\"row-103\">\n\t<td class=\"column-1\">dia de S\u00e3o Nunca<\/td>\n<\/tr>\n<tr class=\"row-104\">\n\t<td class=\"column-1\">dim-dim<\/td>\n<\/tr>\n<tr class=\"row-105\">\n\t<td class=\"column-1\">disse-me-disse<\/td>\n<\/tr>\n<tr class=\"row-106\">\n\t<td class=\"column-1\">dito-cujo<\/td>\n<\/tr>\n<tr class=\"row-107\">\n\t<td class=\"column-1\">diz-que-diz-que<\/td>\n<\/tr>\n<tr class=\"row-108\">\n\t<td class=\"column-1\">dois de paus<\/td>\n<\/tr>\n<tr class=\"row-109\">\n\t<td class=\"column-1\">empurra-empurra<\/td>\n<\/tr>\n<tr class=\"row-110\">\n\t<td class=\"column-1\">escalda-p\u00e9s<\/td>\n<\/tr>\n<tr class=\"row-111\">\n\t<td class=\"column-1\">esp\u00edrito de porco<\/td>\n<\/tr>\n<tr class=\"row-112\">\n\t<td class=\"column-1\">estrada de ferro<\/td>\n<\/tr>\n<tr class=\"row-113\">\n\t<td class=\"column-1\">estrada de rodagem<\/td>\n<\/tr>\n<tr class=\"row-114\">\n\t<td class=\"column-1\">estraga-prazer<\/td>\n<\/tr>\n<tr class=\"row-115\">\n\t<td class=\"column-1\">extrema-un\u00e7\u00e3o<\/td>\n<\/tr>\n<tr class=\"row-116\">\n\t<td class=\"column-1\">faz-tudo<\/td>\n<\/tr>\n<tr class=\"row-117\">\n\t<td class=\"column-1\">ferro-velho<\/td>\n<\/tr>\n<tr class=\"row-118\">\n\t<td class=\"column-1\">fim de mundo<\/td>\n<\/tr>\n<tr class=\"row-119\">\n\t<td class=\"column-1\">fio dental<\/td>\n<\/tr>\n<tr class=\"row-120\">\n\t<td class=\"column-1\">fiu-fiu<\/td>\n<\/tr>\n<tr class=\"row-121\">\n\t<td class=\"column-1\">fogo de palha<\/td>\n<\/tr>\n<tr class=\"row-122\">\n\t<td class=\"column-1\">fogo-de-santelmo<\/td>\n<\/tr>\n<tr class=\"row-123\">\n\t<td class=\"column-1\">fogo-f\u00e1tuo<\/td>\n<\/tr>\n<tr class=\"row-124\">\n\t<td class=\"column-1\">fogo-morto<\/td>\n<\/tr>\n<tr class=\"row-125\">\n\t<td class=\"column-1\">folia-de-reis<\/td>\n<\/tr>\n<tr class=\"row-126\">\n\t<td class=\"column-1\">fora de s\u00e9rie<\/td>\n<\/tr>\n<tr class=\"row-127\">\n\t<td class=\"column-1\">fora-da-lei<\/td>\n<\/tr>\n<tr class=\"row-128\">\n\t<td class=\"column-1\">franco-atirador<\/td>\n<\/tr>\n<tr class=\"row-129\">\n\t<td class=\"column-1\">fruta-do-conde<\/td>\n<\/tr>\n<tr class=\"row-130\">\n\t<td class=\"column-1\">fura-bolo<\/td>\n<\/tr>\n<tr class=\"row-131\">\n\t<td class=\"column-1\">fura-fila<\/td>\n<\/tr>\n<tr class=\"row-132\">\n\t<td class=\"column-1\">furta-cor<\/td>\n<\/tr>\n<tr class=\"row-133\">\n\t<td class=\"column-1\">fuso hor\u00e1rio<\/td>\n<\/tr>\n<tr class=\"row-134\">\n\t<td class=\"column-1\">ganha-p\u00e3o<\/td>\n<\/tr>\n<tr class=\"row-135\">\n\t<td class=\"column-1\">gato-pingado<\/td>\n<\/tr>\n<tr class=\"row-136\">\n\t<td class=\"column-1\">gato-sapato<\/td>\n<\/tr>\n<tr class=\"row-137\">\n\t<td class=\"column-1\">gentil-homem<\/td>\n<\/tr>\n<tr class=\"row-138\">\n\t<td class=\"column-1\">goma-ar\u00e1bica<\/td>\n<\/tr>\n<tr class=\"row-139\">\n\t<td class=\"column-1\">gr\u00e3-fino<\/td>\n<\/tr>\n<tr class=\"row-140\">\n\t<td class=\"column-1\">gr\u00e3o-mestre<\/td>\n<\/tr>\n<tr class=\"row-141\">\n\t<td class=\"column-1\">gr\u00e3o-vizir<\/td>\n<\/tr>\n<tr class=\"row-142\">\n\t<td class=\"column-1\">grupo escolar<\/td>\n<\/tr>\n<tr class=\"row-143\">\n\t<td class=\"column-1\">guarda-comida<\/td>\n<\/tr>\n<tr class=\"row-144\">\n\t<td class=\"column-1\">guarda-costas<\/td>\n<\/tr>\n<tr class=\"row-145\">\n\t<td class=\"column-1\">guarda-freio<\/td>\n<\/tr>\n<tr class=\"row-146\">\n\t<td class=\"column-1\">guarda-livros<\/td>\n<\/tr>\n<tr class=\"row-147\">\n\t<td class=\"column-1\">guarda-lou\u00e7a<\/td>\n<\/tr>\n<tr class=\"row-148\">\n\t<td class=\"column-1\">guarda-noturno<\/td>\n<\/tr>\n<tr class=\"row-149\">\n\t<td class=\"column-1\">guarda-p\u00f3<\/td>\n<\/tr>\n<tr class=\"row-150\">\n\t<td class=\"column-1\">guarda-volumes<\/td>\n<\/tr>\n<tr class=\"row-151\">\n\t<td class=\"column-1\">gueri-gueri<\/td>\n<\/tr>\n<tr class=\"row-152\">\n\t<td class=\"column-1\">homem-r\u00e3<\/td>\n<\/tr>\n<tr class=\"row-153\">\n\t<td class=\"column-1\">hora H<\/td>\n<\/tr>\n<tr class=\"row-154\">\n\t<td class=\"column-1\">jeca-tatu<\/td>\n<\/tr>\n<tr class=\"row-155\">\n\t<td class=\"column-1\">jo\u00e3o-ningu\u00e9m<\/td>\n<\/tr>\n<tr class=\"row-156\">\n\t<td class=\"column-1\">lambe-botas<\/td>\n<\/tr>\n<tr class=\"row-157\">\n\t<td class=\"column-1\">lambe-lambe<\/td>\n<\/tr>\n<tr class=\"row-158\">\n\t<td class=\"column-1\">lata-velha<\/td>\n<\/tr>\n<tr class=\"row-159\">\n\t<td class=\"column-1\">lava-p\u00e9s<\/td>\n<\/tr>\n<tr class=\"row-160\">\n\t<td class=\"column-1\">le\u00e3o de ch\u00e1cara<\/td>\n<\/tr>\n<tr class=\"row-161\">\n\t<td class=\"column-1\">lel\u00e9-da-cuca<\/td>\n<\/tr>\n<tr class=\"row-162\">\n\t<td class=\"column-1\">lenga-lenga; lengalenga<\/td>\n<\/tr>\n<tr class=\"row-163\">\n\t<td class=\"column-1\">lero-lero<\/td>\n<\/tr>\n<tr class=\"row-164\">\n\t<td class=\"column-1\">limpa-trilho<\/td>\n<\/tr>\n<tr class=\"row-165\">\n\t<td class=\"column-1\">l\u00edngua p\u00e1tria<\/td>\n<\/tr>\n<tr class=\"row-166\">\n\t<td class=\"column-1\">lua-de-mel<\/td>\n<\/tr>\n<tr class=\"row-167\">\n\t<td class=\"column-1\">lufa-lufa<\/td>\n<\/tr>\n<tr class=\"row-168\">\n\t<td class=\"column-1\">lugar-comum<\/td>\n<\/tr>\n<tr class=\"row-169\">\n\t<td class=\"column-1\">m\u00e3e-d'\u00e1gua<\/td>\n<\/tr>\n<tr class=\"row-170\">\n\t<td class=\"column-1\">mal-ajambrado<\/td>\n<\/tr>\n<tr class=\"row-171\">\n\t<td class=\"column-1\">mal-assombrado<\/td>\n<\/tr>\n<tr class=\"row-172\">\n\t<td class=\"column-1\">mal-encarado<\/td>\n<\/tr>\n<tr class=\"row-173\">\n\t<td class=\"column-1\">mandachuva<\/td>\n<\/tr>\n<tr class=\"row-174\">\n\t<td class=\"column-1\">mandato-tamp\u00e3o<\/td>\n<\/tr>\n<tr class=\"row-175\">\n\t<td class=\"column-1\">m\u00e3o de ferro<\/td>\n<\/tr>\n<tr class=\"row-176\">\n\t<td class=\"column-1\">m\u00e3o-aberta<\/td>\n<\/tr>\n<tr class=\"row-177\">\n\t<td class=\"column-1\">m\u00e3o-de-vaca<\/td>\n<\/tr>\n<tr class=\"row-178\">\n\t<td class=\"column-1\">m\u00e3o-fechada<\/td>\n<\/tr>\n<tr class=\"row-179\">\n\t<td class=\"column-1\">m\u00e3o-francesa<\/td>\n<\/tr>\n<tr class=\"row-180\">\n\t<td class=\"column-1\">marca-d'\u00e1gua<\/td>\n<\/tr>\n<tr class=\"row-181\">\n\t<td class=\"column-1\">maria-chiquinha<\/td>\n<\/tr>\n<tr class=\"row-182\">\n\t<td class=\"column-1\">mata-borr\u00e3o<\/td>\n<\/tr>\n<tr class=\"row-183\">\n\t<td class=\"column-1\">mata-burro<\/td>\n<\/tr>\n<tr class=\"row-184\">\n\t<td class=\"column-1\">mata-piolho<\/td>\n<\/tr>\n<tr class=\"row-185\">\n\t<td class=\"column-1\">mata-sapo<\/td>\n<\/tr>\n<tr class=\"row-186\">\n\t<td class=\"column-1\">mat\u00e9ria pl\u00e1stica<\/td>\n<\/tr>\n<tr class=\"row-187\">\n\t<td class=\"column-1\">mau olhado<\/td>\n<\/tr>\n<tr class=\"row-188\">\n\t<td class=\"column-1\">meia soquete<\/td>\n<\/tr>\n<tr class=\"row-189\">\n\t<td class=\"column-1\">meia-pataca<\/td>\n<\/tr>\n<tr class=\"row-190\">\n\t<td class=\"column-1\">meia-tigela<\/td>\n<\/tr>\n<tr class=\"row-191\">\n\t<td class=\"column-1\">meia-volta<\/td>\n<\/tr>\n<tr class=\"row-192\">\n\t<td class=\"column-1\">mestre-cuca<\/td>\n<\/tr>\n<tr class=\"row-193\">\n\t<td class=\"column-1\">mise-en-scene<\/td>\n<\/tr>\n<tr class=\"row-194\">\n\t<td class=\"column-1\">montanha-russa<\/td>\n<\/tr>\n<tr class=\"row-195\">\n\t<td class=\"column-1\">moto-cont\u00ednuo<\/td>\n<\/tr>\n<tr class=\"row-196\">\n\t<td class=\"column-1\">mula-sem-cabe\u00e7a<\/td>\n<\/tr>\n<tr class=\"row-197\">\n\t<td class=\"column-1\">mulher de vida f\u00e1cil<\/td>\n<\/tr>\n<tr class=\"row-198\">\n\t<td class=\"column-1\">mulher-dama<\/td>\n<\/tr>\n<tr class=\"row-199\">\n\t<td class=\"column-1\">mulher-macho<\/td>\n<\/tr>\n<tr class=\"row-200\">\n\t<td class=\"column-1\">oba-oba<\/td>\n<\/tr>\n<tr class=\"row-201\">\n\t<td class=\"column-1\">obra-prima<\/td>\n<\/tr>\n<tr class=\"row-202\">\n\t<td class=\"column-1\">olho da rua<\/td>\n<\/tr>\n<tr class=\"row-203\">\n\t<td class=\"column-1\">olho-d'\u00e1gua<\/td>\n<\/tr>\n<tr class=\"row-204\">\n\t<td class=\"column-1\">olho-de-sogra<\/td>\n<\/tr>\n<tr class=\"row-205\">\n\t<td class=\"column-1\">orelha-de-pau<\/td>\n<\/tr>\n<tr class=\"row-206\">\n\t<td class=\"column-1\">ovelha negra<\/td>\n<\/tr>\n<tr class=\"row-207\">\n\t<td class=\"column-1\">pai de santo<\/td>\n<\/tr>\n<tr class=\"row-208\">\n\t<td class=\"column-1\">p\u00e3o-de-l\u00f3<\/td>\n<\/tr>\n<tr class=\"row-209\">\n\t<td class=\"column-1\">p\u00e3o-duro<\/td>\n<\/tr>\n<tr class=\"row-210\">\n\t<td class=\"column-1\">papa-figo<\/td>\n<\/tr>\n<tr class=\"row-211\">\n\t<td class=\"column-1\">papa-filas<\/td>\n<\/tr>\n<tr class=\"row-212\">\n\t<td class=\"column-1\">papa-goiaba<\/td>\n<\/tr>\n<tr class=\"row-213\">\n\t<td class=\"column-1\">papo-furado<\/td>\n<\/tr>\n<tr class=\"row-214\">\n\t<td class=\"column-1\">para-brisa<\/td>\n<\/tr>\n<tr class=\"row-215\">\n\t<td class=\"column-1\">para-choque<\/td>\n<\/tr>\n<tr class=\"row-216\">\n\t<td class=\"column-1\">parede-meia<\/td>\n<\/tr>\n<tr class=\"row-217\">\n\t<td class=\"column-1\">pastel de bel\u00e9m<\/td>\n<\/tr>\n<tr class=\"row-218\">\n\t<td class=\"column-1\">pata-choca<\/td>\n<\/tr>\n<tr class=\"row-219\">\n\t<td class=\"column-1\">pau-a-pique<\/td>\n<\/tr>\n<tr class=\"row-220\">\n\t<td class=\"column-1\">pau-d'\u00e1gua<\/td>\n<\/tr>\n<tr class=\"row-221\">\n\t<td class=\"column-1\">pau-de-arara<\/td>\n<\/tr>\n<tr class=\"row-222\">\n\t<td class=\"column-1\">pau-mandado<\/td>\n<\/tr>\n<tr class=\"row-223\">\n\t<td class=\"column-1\">p\u00e9 de alferes<\/td>\n<\/tr>\n<tr class=\"row-224\">\n\t<td class=\"column-1\">p\u00e9 de anjo<\/td>\n<\/tr>\n<tr class=\"row-225\">\n\t<td class=\"column-1\">p\u00e9 de boi<\/td>\n<\/tr>\n<tr class=\"row-226\">\n\t<td class=\"column-1\">p\u00e9 de cabra<\/td>\n<\/tr>\n<tr class=\"row-227\">\n\t<td class=\"column-1\">p\u00e9 de cana<\/td>\n<\/tr>\n<tr class=\"row-228\">\n\t<td class=\"column-1\">p\u00e9 de chinelo<\/td>\n<\/tr>\n<tr class=\"row-229\">\n\t<td class=\"column-1\">p\u00e9 de chumbo<\/td>\n<\/tr>\n<tr class=\"row-230\">\n\t<td class=\"column-1\">p\u00e9 de galinha<\/td>\n<\/tr>\n<tr class=\"row-231\">\n\t<td class=\"column-1\">p\u00e9 de moleque<\/td>\n<\/tr>\n<tr class=\"row-232\">\n\t<td class=\"column-1\">p\u00e9 de pato<\/td>\n<\/tr>\n<tr class=\"row-233\">\n\t<td class=\"column-1\">p\u00e9 de valsa<\/td>\n<\/tr>\n<tr class=\"row-234\">\n\t<td class=\"column-1\">p\u00e9 de vento<\/td>\n<\/tr>\n<tr class=\"row-235\">\n\t<td class=\"column-1\">p\u00e9 na bunda<\/td>\n<\/tr>\n<tr class=\"row-236\">\n\t<td class=\"column-1\">p\u00e9 na cova<\/td>\n<\/tr>\n<tr class=\"row-237\">\n\t<td class=\"column-1\">p\u00e9 na t\u00e1bua<\/td>\n<\/tr>\n<tr class=\"row-238\">\n\t<td class=\"column-1\">p\u00e9 no ch\u00e3o<\/td>\n<\/tr>\n<tr class=\"row-239\">\n\t<td class=\"column-1\">p\u00e9 no saco<\/td>\n<\/tr>\n<tr class=\"row-240\">\n\t<td class=\"column-1\">p\u00e9-d'\u00e1gua<\/td>\n<\/tr>\n<tr class=\"row-241\">\n\t<td class=\"column-1\">p\u00e9-de-meia<\/td>\n<\/tr>\n<tr class=\"row-242\">\n\t<td class=\"column-1\">p\u00e9-direito<\/td>\n<\/tr>\n<tr class=\"row-243\">\n\t<td class=\"column-1\">pega-frango<\/td>\n<\/tr>\n<tr class=\"row-244\">\n\t<td class=\"column-1\">pelo-sinal<\/td>\n<\/tr>\n<tr class=\"row-245\">\n\t<td class=\"column-1\">pente-fino<\/td>\n<\/tr>\n<tr class=\"row-246\">\n\t<td class=\"column-1\">p\u00e9-rapado<\/td>\n<\/tr>\n<tr class=\"row-247\">\n\t<td class=\"column-1\">perna-de-pau<\/td>\n<\/tr>\n<tr class=\"row-248\">\n\t<td class=\"column-1\">pesca-siri<\/td>\n<\/tr>\n<tr class=\"row-249\">\n\t<td class=\"column-1\">p\u00e9-sujo<\/td>\n<\/tr>\n<tr class=\"row-250\">\n\t<td class=\"column-1\">peti\u00e7\u00e3o-de-mis\u00e9ria<\/td>\n<\/tr>\n<tr class=\"row-251\">\n\t<td class=\"column-1\">pisca-pisca<\/td>\n<\/tr>\n<tr class=\"row-252\">\n\t<td class=\"column-1\">plano inclinado<\/td>\n<\/tr>\n<tr class=\"row-253\">\n\t<td class=\"column-1\">pobre-diabo<\/td>\n<\/tr>\n<tr class=\"row-254\">\n\t<td class=\"column-1\">p\u00f3 de arroz<\/td>\n<\/tr>\n<tr class=\"row-255\">\n\t<td class=\"column-1\">p\u00f3 de mico<\/td>\n<\/tr>\n<tr class=\"row-256\">\n\t<td class=\"column-1\">p\u00f4r-do-sol<\/td>\n<\/tr>\n<tr class=\"row-257\">\n\t<td class=\"column-1\">pouco-caso<\/td>\n<\/tr>\n<tr class=\"row-258\">\n\t<td class=\"column-1\">prata da casa<\/td>\n<\/tr>\n<tr class=\"row-259\">\n\t<td class=\"column-1\">puro-sangue<\/td>\n<\/tr>\n<tr class=\"row-260\">\n\t<td class=\"column-1\">puxa-saco<\/td>\n<\/tr>\n<tr class=\"row-261\">\n\t<td class=\"column-1\">quadro-negro<\/td>\n<\/tr>\n<tr class=\"row-262\">\n\t<td class=\"column-1\">quebra-cabe\u00e7a<\/td>\n<\/tr>\n<tr class=\"row-263\">\n\t<td class=\"column-1\">quebra-galho<\/td>\n<\/tr>\n<tr class=\"row-264\">\n\t<td class=\"column-1\">quebra-luz<\/td>\n<\/tr>\n<tr class=\"row-265\">\n\t<td class=\"column-1\">quebra-mar<\/td>\n<\/tr>\n<tr class=\"row-266\">\n\t<td class=\"column-1\">quebra-mola<\/td>\n<\/tr>\n<tr class=\"row-267\">\n\t<td class=\"column-1\">quebra-quebra<\/td>\n<\/tr>\n<tr class=\"row-268\">\n\t<td class=\"column-1\">rabo de cavalo<\/td>\n<\/tr>\n<tr class=\"row-269\">\n\t<td class=\"column-1\">rabo de foguete<\/td>\n<\/tr>\n<tr class=\"row-270\">\n\t<td class=\"column-1\">rabo de peixe<\/td>\n<\/tr>\n<tr class=\"row-271\">\n\t<td class=\"column-1\">rabo de saia<\/td>\n<\/tr>\n<tr class=\"row-272\">\n\t<td class=\"column-1\">rasga-seda; rasga\u00e7\u00e3o-de-seda<\/td>\n<\/tr>\n<tr class=\"row-273\">\n\t<td class=\"column-1\">raspa-do-tacho<\/td>\n<\/tr>\n<tr class=\"row-274\">\n\t<td class=\"column-1\">rasta-p\u00e9<\/td>\n<\/tr>\n<tr class=\"row-275\">\n\t<td class=\"column-1\">rebimboca da parafuseta<\/td>\n<\/tr>\n<tr class=\"row-276\">\n\t<td class=\"column-1\">reco-reco<\/td>\n<\/tr>\n<tr class=\"row-277\">\n\t<td class=\"column-1\">rega-bofe<\/td>\n<\/tr>\n<tr class=\"row-278\">\n\t<td class=\"column-1\">robe de chambre<\/td>\n<\/tr>\n<tr class=\"row-279\">\n\t<td class=\"column-1\">roda-gigante<\/td>\n<\/tr>\n<tr class=\"row-280\">\n\t<td class=\"column-1\">roda-viva<\/td>\n<\/tr>\n<tr class=\"row-281\">\n\t<td class=\"column-1\">rosa dos ventos<\/td>\n<\/tr>\n<tr class=\"row-282\">\n\t<td class=\"column-1\">sabe-tudo<\/td>\n<\/tr>\n<tr class=\"row-283\">\n\t<td class=\"column-1\">saci-perer\u00ea<\/td>\n<\/tr>\n<tr class=\"row-284\">\n\t<td class=\"column-1\">sa\u00edda-de-praia<\/td>\n<\/tr>\n<tr class=\"row-285\">\n\t<td class=\"column-1\">sangue-frio<\/td>\n<\/tr>\n<tr class=\"row-286\">\n\t<td class=\"column-1\">santo do pau oco<\/td>\n<\/tr>\n<tr class=\"row-287\">\n\t<td class=\"column-1\">sem-vergonha<\/td>\n<\/tr>\n<tr class=\"row-288\">\n\t<td class=\"column-1\">sinuca de bico<\/td>\n<\/tr>\n<tr class=\"row-289\">\n\t<td class=\"column-1\">te deum<\/td>\n<\/tr>\n<tr class=\"row-290\">\n\t<td class=\"column-1\">tempo do on\u00e7a<\/td>\n<\/tr>\n<tr class=\"row-291\">\n\t<td class=\"column-1\">tempo-quente<\/td>\n<\/tr>\n<tr class=\"row-292\">\n\t<td class=\"column-1\">ter\u00e7a-feira gorda<\/td>\n<\/tr>\n<tr class=\"row-293\">\n\t<td class=\"column-1\">tim-tim<\/td>\n<\/tr>\n<tr class=\"row-294\">\n\t<td class=\"column-1\">tira-gosto<\/td>\n<\/tr>\n<tr class=\"row-295\">\n\t<td class=\"column-1\">tira-teima<\/td>\n<\/tr>\n<tr class=\"row-296\">\n\t<td class=\"column-1\">tiro-de-guerra<\/td>\n<\/tr>\n<tr class=\"row-297\">\n\t<td class=\"column-1\">todo santo dia<\/td>\n<\/tr>\n<tr class=\"row-298\">\n\t<td class=\"column-1\">toucinho do c\u00e9u<\/td>\n<\/tr>\n<tr class=\"row-299\">\n\t<td class=\"column-1\">trava-l\u00edngua<\/td>\n<\/tr>\n<tr class=\"row-300\">\n\t<td class=\"column-1\">trem-fantasma<\/td>\n<\/tr>\n<tr class=\"row-301\">\n\t<td class=\"column-1\">trepa-trepa<\/td>\n<\/tr>\n<tr class=\"row-302\">\n\t<td class=\"column-1\">troca-troca<\/td>\n<\/tr>\n<tr class=\"row-303\">\n\t<td class=\"column-1\">tromba-d'\u00e1gua<\/td>\n<\/tr>\n<tr class=\"row-304\">\n\t<td class=\"column-1\">unha-de-fome<\/td>\n<\/tr>\n<tr class=\"row-305\">\n\t<td class=\"column-1\">useiro e vezeiro<\/td>\n<\/tr>\n<tr class=\"row-306\">\n\t<td class=\"column-1\">vaca atolada<\/td>\n<\/tr>\n<tr class=\"row-307\">\n\t<td class=\"column-1\">vaca leiteira (caminh\u00e3ozinho de leite)<\/td>\n<\/tr>\n<tr class=\"row-308\">\n\t<td class=\"column-1\">vagamundo<\/td>\n<\/tr>\n<tr class=\"row-309\">\n\t<td class=\"column-1\">vai-da-valsa<\/td>\n<\/tr>\n<tr class=\"row-310\">\n\t<td class=\"column-1\">vapt-vupt<\/td>\n<\/tr>\n<tr class=\"row-311\">\n\t<td class=\"column-1\">vara verde<\/td>\n<\/tr>\n<tr class=\"row-312\">\n\t<td class=\"column-1\">vaso de guerra<\/td>\n<\/tr>\n<tr class=\"row-313\">\n\t<td class=\"column-1\">velho de guerra<\/td>\n<\/tr>\n<tr class=\"row-314\">\n\t<td class=\"column-1\">vira-casaca<\/td>\n<\/tr>\n<tr class=\"row-315\">\n\t<td class=\"column-1\">vira-lata<\/td>\n<\/tr>\n<tr class=\"row-316\">\n\t<td class=\"column-1\">vira-mexe; vira-e-mexe <\/td>\n<\/tr>\n<tr class=\"row-317\">\n\t<td class=\"column-1\">vira-mundo<\/td>\n<\/tr>\n<tr class=\"row-318\">\n\t<td class=\"column-1\">z\u00e1s! z\u00e1s-tr\u00e1s!<\/td>\n<\/tr>\n<tr class=\"row-319\">\n\t<td class=\"column-1\">z\u00e9-man\u00e9<\/td>\n<\/tr>\n<tr class=\"row-320\">\n\t<td class=\"column-1\">z\u00e9-ningu\u00e9m<\/td>\n<\/tr>\n<tr class=\"row-321\">\n\t<td class=\"column-1\">z\u00e9-povinho<\/td>\n<\/tr>\n<tr class=\"row-322\">\n\t<td class=\"column-1\">z\u00e9-ruela<\/td>\n<\/tr>\n<tr class=\"row-323\">\n\t<td class=\"column-1\">zunzum; zunzunzum<\/td>\n<\/tr>\n<\/tbody>\n<\/table>\n<!-- #tablepress-669 from cache -->\n","protected":false},"excerpt":{"rendered":"","protected":false},"author":1,"featured_media":0,"parent":49,"menu_order":0,"comment_status":"closed","ping_status":"closed","template":"full-width.php","meta":{"footnotes":""},"class_list":["post-11739","page","type-page","status-publish","hentry"],"_links":{"self":[{"href":"https:\/\/cluny.com.br\/index.php?rest_route=\/wp\/v2\/pages\/11739","targetHints":{"allow":["GET"]}}],"collection":[{"href":"https:\/\/cluny.com.br\/index.php?rest_route=\/wp\/v2\/pages"}],"about":[{"href":"https:\/\/cluny.com.br\/index.php?rest_route=\/wp\/v2\/types\/page"}],"author":[{"embeddable":true,"href":"https:\/\/cluny.com.br\/index.php?rest_route=\/wp\/v2\/users\/1"}],"replies":[{"embeddable":true,"href":"https:\/\/cluny.com.br\/index.php?rest_route=%2Fwp%2Fv2%2Fcomments&post=11739"}],"version-history":[{"count":1,"href":"https:\/\/cluny.com.br\/index.php?rest_route=\/wp\/v2\/pages\/11739\/revisions"}],"predecessor-version":[{"id":11740,"href":"https:\/\/cluny.com.br\/index.php?rest_route=\/wp\/v2\/pages\/11739\/revisions\/11740"}],"up":[{"embeddable":true,"href":"https:\/\/cluny.com.br\/index.php?rest_route=\/wp\/v2\/pages\/49"}],"wp:attachment":[{"href":"https:\/\/cluny.com.br\/index.php?rest_route=%2Fwp%2Fv2%2Fmedia&parent=11739"}],"curies":[{"name":"wp","href":"https:\/\/api.w.org\/{rel}","templated":true}]}}