{"id":11731,"date":"2016-01-05T18:50:11","date_gmt":"2016-01-05T18:50:11","guid":{"rendered":"http:\/\/www.cluny.com.br\/?page_id=11731"},"modified":"2016-04-26T13:28:08","modified_gmt":"2016-04-26T13:28:08","slug":"casa-comodo-moveis","status":"publish","type":"page","link":"https:\/\/cluny.com.br\/?page_id=11731","title":{"rendered":"Casa (C\u00f4modos &#8211; M\u00f3veis &#8211; Pe\u00e7as)"},"content":{"rendered":"\n<table id=\"tablepress-668\" class=\"tablepress tablepress-id-668\">\n<tbody class=\"row-striping row-hover\">\n<tr class=\"row-1\">\n\t<td class=\"column-1\">abajur<\/td>\n<\/tr>\n<tr class=\"row-2\">\n\t<td class=\"column-1\">alcova<\/td>\n<\/tr>\n<tr class=\"row-3\">\n\t<td class=\"column-1\">alfaia<\/td>\n<\/tr>\n<tr class=\"row-4\">\n\t<td class=\"column-1\">alpendre<\/td>\n<\/tr>\n<tr class=\"row-5\">\n\t<td class=\"column-1\">aparador<\/td>\n<\/tr>\n<tr class=\"row-6\">\n\t<td class=\"column-1\">aramado<\/td>\n<\/tr>\n<tr class=\"row-7\">\n\t<td class=\"column-1\">arca<\/td>\n<\/tr>\n<tr class=\"row-8\">\n\t<td class=\"column-1\">arcaz<\/td>\n<\/tr>\n<tr class=\"row-9\">\n\t<td class=\"column-1\">arm\u00e1rio<\/td>\n<\/tr>\n<tr class=\"row-10\">\n\t<td class=\"column-1\">azulejo<\/td>\n<\/tr>\n<tr class=\"row-11\">\n\t<td class=\"column-1\">bancada<\/td>\n<\/tr>\n<tr class=\"row-12\">\n\t<td class=\"column-1\">banco<\/td>\n<\/tr>\n<tr class=\"row-13\">\n\t<td class=\"column-1\">banqueta<\/td>\n<\/tr>\n<tr class=\"row-14\">\n\t<td class=\"column-1\">ba\u00fa<\/td>\n<\/tr>\n<tr class=\"row-15\">\n\t<td class=\"column-1\">beliche<\/td>\n<\/tr>\n<tr class=\"row-16\">\n\t<td class=\"column-1\">berg\u00e8re<\/td>\n<\/tr>\n<tr class=\"row-17\">\n\t<td class=\"column-1\">bicama<\/td>\n<\/tr>\n<tr class=\"row-18\">\n\t<td class=\"column-1\">biombo<\/td>\n<\/tr>\n<tr class=\"row-19\">\n\t<td class=\"column-1\">cadeira de balan\u00e7o<\/td>\n<\/tr>\n<tr class=\"row-20\">\n\t<td class=\"column-1\">canap\u00e9<\/td>\n<\/tr>\n<tr class=\"row-21\">\n\t<td class=\"column-1\">canastra<\/td>\n<\/tr>\n<tr class=\"row-22\">\n\t<td class=\"column-1\">capacho<\/td>\n<\/tr>\n<tr class=\"row-23\">\n\t<td class=\"column-1\">caramanch\u00e3o<\/td>\n<\/tr>\n<tr class=\"row-24\">\n\t<td class=\"column-1\">cercado<\/td>\n<\/tr>\n<tr class=\"row-25\">\n\t<td class=\"column-1\">chaise-longue<\/td>\n<\/tr>\n<tr class=\"row-26\">\n\t<td class=\"column-1\">claraboia<\/td>\n<\/tr>\n<tr class=\"row-27\">\n\t<td class=\"column-1\">closet<\/td>\n<\/tr>\n<tr class=\"row-28\">\n\t<td class=\"column-1\">colch\u00e3o<\/td>\n<\/tr>\n<tr class=\"row-29\">\n\t<td class=\"column-1\">c\u00f4moda<\/td>\n<\/tr>\n<tr class=\"row-30\">\n\t<td class=\"column-1\">c\u00f4modo<\/td>\n<\/tr>\n<tr class=\"row-31\">\n\t<td class=\"column-1\">copa<\/td>\n<\/tr>\n<tr class=\"row-32\">\n\t<td class=\"column-1\">corredor<\/td>\n<\/tr>\n<tr class=\"row-33\">\n\t<td class=\"column-1\">cortina<\/td>\n<\/tr>\n<tr class=\"row-34\">\n\t<td class=\"column-1\">coxim<\/td>\n<\/tr>\n<tr class=\"row-35\">\n\t<td class=\"column-1\">cozinha<\/td>\n<\/tr>\n<tr class=\"row-36\">\n\t<td class=\"column-1\">criado-mudo<\/td>\n<\/tr>\n<tr class=\"row-37\">\n\t<td class=\"column-1\">cristaleira<\/td>\n<\/tr>\n<tr class=\"row-38\">\n\t<td class=\"column-1\">cumeeira<\/td>\n<\/tr>\n<tr class=\"row-39\">\n\t<td class=\"column-1\">deque<\/td>\n<\/tr>\n<tr class=\"row-40\">\n\t<td class=\"column-1\">despensa<\/td>\n<\/tr>\n<tr class=\"row-41\">\n\t<td class=\"column-1\">div\u00e3<\/td>\n<\/tr>\n<tr class=\"row-42\">\n\t<td class=\"column-1\">edredom<\/td>\n<\/tr>\n<tr class=\"row-43\">\n\t<td class=\"column-1\">escabelo<\/td>\n<\/tr>\n<tr class=\"row-44\">\n\t<td class=\"column-1\">escrivaninha<\/td>\n<\/tr>\n<tr class=\"row-45\">\n\t<td class=\"column-1\">espregui\u00e7adeira<\/td>\n<\/tr>\n<tr class=\"row-46\">\n\t<td class=\"column-1\">estante<\/td>\n<\/tr>\n<tr class=\"row-47\">\n\t<td class=\"column-1\">estofado<\/td>\n<\/tr>\n<tr class=\"row-48\">\n\t<td class=\"column-1\">\u00e9tag\u00e8re<\/td>\n<\/tr>\n<tr class=\"row-49\">\n\t<td class=\"column-1\">gabinete<\/td>\n<\/tr>\n<tr class=\"row-50\">\n\t<td class=\"column-1\">guarda-comida<\/td>\n<\/tr>\n<tr class=\"row-51\">\n\t<td class=\"column-1\">guarda-lou\u00e7a<\/td>\n<\/tr>\n<tr class=\"row-52\">\n\t<td class=\"column-1\">guarda-roupa<\/td>\n<\/tr>\n<tr class=\"row-53\">\n\t<td class=\"column-1\">hall<\/td>\n<\/tr>\n<tr class=\"row-54\">\n\t<td class=\"column-1\">janela<\/td>\n<\/tr>\n<tr class=\"row-55\">\n\t<td class=\"column-1\">jardim<\/td>\n<\/tr>\n<tr class=\"row-56\">\n\t<td class=\"column-1\">jirau<\/td>\n<\/tr>\n<tr class=\"row-57\">\n\t<td class=\"column-1\">ladrilho<\/td>\n<\/tr>\n<tr class=\"row-58\">\n\t<td class=\"column-1\">leito<\/td>\n<\/tr>\n<tr class=\"row-59\">\n\t<td class=\"column-1\">lustre<\/td>\n<\/tr>\n<tr class=\"row-60\">\n\t<td class=\"column-1\">marquesa<\/td>\n<\/tr>\n<tr class=\"row-61\">\n\t<td class=\"column-1\">mesinha-de-cebtro<\/td>\n<\/tr>\n<tr class=\"row-62\">\n\t<td class=\"column-1\">penteadeira<\/td>\n<\/tr>\n<tr class=\"row-63\">\n\t<td class=\"column-1\">persiana<\/td>\n<\/tr>\n<tr class=\"row-64\">\n\t<td class=\"column-1\">poltrona<\/td>\n<\/tr>\n<tr class=\"row-65\">\n\t<td class=\"column-1\">por\u00e3o<\/td>\n<\/tr>\n<tr class=\"row-66\">\n\t<td class=\"column-1\">porta<\/td>\n<\/tr>\n<tr class=\"row-67\">\n\t<td class=\"column-1\">prateleira<\/td>\n<\/tr>\n<tr class=\"row-68\">\n\t<td class=\"column-1\">pufe<\/td>\n<\/tr>\n<tr class=\"row-69\">\n\t<td class=\"column-1\">quarto<\/td>\n<\/tr>\n<tr class=\"row-70\">\n\t<td class=\"column-1\">quebra-luz<\/td>\n<\/tr>\n<tr class=\"row-71\">\n\t<td class=\"column-1\">roupeiro<\/td>\n<\/tr>\n<tr class=\"row-72\">\n\t<td class=\"column-1\">sagu\u00e3o<\/td>\n<\/tr>\n<tr class=\"row-73\">\n\t<td class=\"column-1\">sala<\/td>\n<\/tr>\n<tr class=\"row-74\">\n\t<td class=\"column-1\">seteira<\/td>\n<\/tr>\n<tr class=\"row-75\">\n\t<td class=\"column-1\">sof\u00e1<\/td>\n<\/tr>\n<tr class=\"row-76\">\n\t<td class=\"column-1\">sof\u00e1-cama<\/td>\n<\/tr>\n<tr class=\"row-77\">\n\t<td class=\"column-1\">soleira<\/td>\n<\/tr>\n<tr class=\"row-78\">\n\t<td class=\"column-1\">somi\u00ea<\/td>\n<\/tr>\n<tr class=\"row-79\">\n\t<td class=\"column-1\">s\u00f3t\u00e3o<\/td>\n<\/tr>\n<tr class=\"row-80\">\n\t<td class=\"column-1\">suped\u00e2neo<\/td>\n<\/tr>\n<tr class=\"row-81\">\n\t<td class=\"column-1\">tamborete<\/td>\n<\/tr>\n<tr class=\"row-82\">\n\t<td class=\"column-1\">telhado<\/td>\n<\/tr>\n<tr class=\"row-83\">\n\t<td class=\"column-1\">teto<\/td>\n<\/tr>\n<tr class=\"row-84\">\n\t<td class=\"column-1\">treli\u00e7a<\/td>\n<\/tr>\n<tr class=\"row-85\">\n\t<td class=\"column-1\">ucharia<\/td>\n<\/tr>\n<tr class=\"row-86\">\n\t<td class=\"column-1\">umbral<\/td>\n<\/tr>\n<tr class=\"row-87\">\n\t<td class=\"column-1\">varanda<\/td>\n<\/tr>\n<tr class=\"row-88\">\n\t<td class=\"column-1\">veneziana<\/td>\n<\/tr>\n<tr class=\"row-89\">\n\t<td class=\"column-1\">vest\u00edbulo<\/td>\n<\/tr>\n<\/tbody>\n<\/table>\n<!-- #tablepress-668 from cache -->\n","protected":false},"excerpt":{"rendered":"","protected":false},"author":1,"featured_media":0,"parent":11286,"menu_order":0,"comment_status":"closed","ping_status":"closed","template":"full-width.php","meta":{"footnotes":""},"class_list":["post-11731","page","type-page","status-publish","hentry"],"_links":{"self":[{"href":"https:\/\/cluny.com.br\/index.php?rest_route=\/wp\/v2\/pages\/11731","targetHints":{"allow":["GET"]}}],"collection":[{"href":"https:\/\/cluny.com.br\/index.php?rest_route=\/wp\/v2\/pages"}],"about":[{"href":"https:\/\/cluny.com.br\/index.php?rest_route=\/wp\/v2\/types\/page"}],"author":[{"embeddable":true,"href":"https:\/\/cluny.com.br\/index.php?rest_route=\/wp\/v2\/users\/1"}],"replies":[{"embeddable":true,"href":"https:\/\/cluny.com.br\/index.php?rest_route=%2Fwp%2Fv2%2Fcomments&post=11731"}],"version-history":[{"count":3,"href":"https:\/\/cluny.com.br\/index.php?rest_route=\/wp\/v2\/pages\/11731\/revisions"}],"predecessor-version":[{"id":12326,"href":"https:\/\/cluny.com.br\/index.php?rest_route=\/wp\/v2\/pages\/11731\/revisions\/12326"}],"up":[{"embeddable":true,"href":"https:\/\/cluny.com.br\/index.php?rest_route=\/wp\/v2\/pages\/11286"}],"wp:attachment":[{"href":"https:\/\/cluny.com.br\/index.php?rest_route=%2Fwp%2Fv2%2Fmedia&parent=11731"}],"curies":[{"name":"wp","href":"https:\/\/api.w.org\/{rel}","templated":true}]}}