{"id":11659,"date":"2016-01-03T14:39:28","date_gmt":"2016-01-03T14:39:28","guid":{"rendered":"http:\/\/www.cluny.com.br\/?page_id=11659"},"modified":"2016-04-05T20:38:04","modified_gmt":"2016-04-05T20:38:04","slug":"morte-caixao-tumulo-cemiterio","status":"publish","type":"page","link":"https:\/\/cluny.com.br\/?page_id=11659","title":{"rendered":"Morte &#8211; Caix\u00e3o &#8211; T\u00famulo &#8211; Cemit\u00e9rio"},"content":{"rendered":"\n<table id=\"tablepress-665\" class=\"tablepress tablepress-id-665\">\n<tbody class=\"row-striping row-hover\">\n<tr class=\"row-1\">\n\t<td class=\"column-1\">ata\u00fade<\/td>\n<\/tr>\n<tr class=\"row-2\">\n\t<td class=\"column-1\">caix\u00e3o<\/td>\n<\/tr>\n<tr class=\"row-3\">\n\t<td class=\"column-1\">campa<\/td>\n<\/tr>\n<tr class=\"row-4\">\n\t<td class=\"column-1\">campo santo<\/td>\n<\/tr>\n<tr class=\"row-5\">\n\t<td class=\"column-1\">carneiro<\/td>\n<\/tr>\n<tr class=\"row-6\">\n\t<td class=\"column-1\">catacumba<\/td>\n<\/tr>\n<tr class=\"row-7\">\n\t<td class=\"column-1\">catafalco<\/td>\n<\/tr>\n<tr class=\"row-8\">\n\t<td class=\"column-1\">cemit\u00e9rio<\/td>\n<\/tr>\n<tr class=\"row-9\">\n\t<td class=\"column-1\">cenot\u00e1fio<\/td>\n<\/tr>\n<tr class=\"row-10\">\n\t<td class=\"column-1\">cova<\/td>\n<\/tr>\n<tr class=\"row-11\">\n\t<td class=\"column-1\">cripta<\/td>\n<\/tr>\n<tr class=\"row-12\">\n\t<td class=\"column-1\">esquife<\/td>\n<\/tr>\n<tr class=\"row-13\">\n\t<td class=\"column-1\">essa<\/td>\n<\/tr>\n<tr class=\"row-14\">\n\t<td class=\"column-1\">f\u00e9retro<\/td>\n<\/tr>\n<tr class=\"row-15\">\n\t<td class=\"column-1\">jazigo<\/td>\n<\/tr>\n<tr class=\"row-16\">\n\t<td class=\"column-1\">l\u00e1pide<\/td>\n<\/tr>\n<tr class=\"row-17\">\n\t<td class=\"column-1\">mausol\u00e9u<\/td>\n<\/tr>\n<tr class=\"row-18\">\n\t<td class=\"column-1\">mortalha<\/td>\n<\/tr>\n<tr class=\"row-19\">\n\t<td class=\"column-1\">morte<\/td>\n<\/tr>\n<tr class=\"row-20\">\n\t<td class=\"column-1\">necrologia<\/td>\n<\/tr>\n<tr class=\"row-21\">\n\t<td class=\"column-1\">necrol\u00f3gio<\/td>\n<\/tr>\n<tr class=\"row-22\">\n\t<td class=\"column-1\">necr\u00f3pole<\/td>\n<\/tr>\n<tr class=\"row-23\">\n\t<td class=\"column-1\">\u00f3bito \/ obitu\u00e1rio<\/td>\n<\/tr>\n<tr class=\"row-24\">\n\t<td class=\"column-1\">oss\u00e1rio, ossu\u00e1rio<\/td>\n<\/tr>\n<tr class=\"row-25\">\n\t<td class=\"column-1\">passamento<\/td>\n<\/tr>\n<tr class=\"row-26\">\n\t<td class=\"column-1\">sepulcro<\/td>\n<\/tr>\n<tr class=\"row-27\">\n\t<td class=\"column-1\">sepultura<\/td>\n<\/tr>\n<tr class=\"row-28\">\n\t<td class=\"column-1\">sud\u00e1rio<\/td>\n<\/tr>\n<tr class=\"row-29\">\n\t<td class=\"column-1\">tumba<\/td>\n<\/tr>\n<tr class=\"row-30\">\n\t<td class=\"column-1\">t\u00famulo<\/td>\n<\/tr>\n<tr class=\"row-31\">\n\t<td class=\"column-1\">urna<\/td>\n<\/tr>\n<\/tbody>\n<\/table>\n<!-- #tablepress-665 from cache -->\n","protected":false},"excerpt":{"rendered":"","protected":false},"author":1,"featured_media":0,"parent":11286,"menu_order":0,"comment_status":"closed","ping_status":"closed","template":"full-width.php","meta":{"footnotes":""},"class_list":["post-11659","page","type-page","status-publish","hentry"],"_links":{"self":[{"href":"https:\/\/cluny.com.br\/index.php?rest_route=\/wp\/v2\/pages\/11659","targetHints":{"allow":["GET"]}}],"collection":[{"href":"https:\/\/cluny.com.br\/index.php?rest_route=\/wp\/v2\/pages"}],"about":[{"href":"https:\/\/cluny.com.br\/index.php?rest_route=\/wp\/v2\/types\/page"}],"author":[{"embeddable":true,"href":"https:\/\/cluny.com.br\/index.php?rest_route=\/wp\/v2\/users\/1"}],"replies":[{"embeddable":true,"href":"https:\/\/cluny.com.br\/index.php?rest_route=%2Fwp%2Fv2%2Fcomments&post=11659"}],"version-history":[{"count":1,"href":"https:\/\/cluny.com.br\/index.php?rest_route=\/wp\/v2\/pages\/11659\/revisions"}],"predecessor-version":[{"id":11660,"href":"https:\/\/cluny.com.br\/index.php?rest_route=\/wp\/v2\/pages\/11659\/revisions\/11660"}],"up":[{"embeddable":true,"href":"https:\/\/cluny.com.br\/index.php?rest_route=\/wp\/v2\/pages\/11286"}],"wp:attachment":[{"href":"https:\/\/cluny.com.br\/index.php?rest_route=%2Fwp%2Fv2%2Fmedia&parent=11659"}],"curies":[{"name":"wp","href":"https:\/\/api.w.org\/{rel}","templated":true}]}}