{"id":11603,"date":"2015-12-31T20:05:39","date_gmt":"2015-12-31T20:05:39","guid":{"rendered":"http:\/\/www.cluny.com.br\/?page_id=11603"},"modified":"2016-04-05T20:32:11","modified_gmt":"2016-04-05T20:32:11","slug":"bando-conjunto-grupo-coletivos","status":"publish","type":"page","link":"https:\/\/cluny.com.br\/?page_id=11603","title":{"rendered":"Bando &#8211; Conjunto- Grupo &#8211; Coletivos"},"content":{"rendered":"\n<table id=\"tablepress-662\" class=\"tablepress tablepress-id-662\">\n<tbody class=\"row-striping row-hover\">\n<tr class=\"row-1\">\n\t<td class=\"column-1\">acervo (bens de um patrim\u00f4nio; obras)<\/td>\n<\/tr>\n<tr class=\"row-2\">\n\t<td class=\"column-1\">alcateia (lobos; animais ferozes)<\/td>\n<\/tr>\n<tr class=\"row-3\">\n\t<td class=\"column-1\">antologia (textos)<\/td>\n<\/tr>\n<tr class=\"row-4\">\n\t<td class=\"column-1\">arquip\u00e9lago (ilhas)<\/td>\n<\/tr>\n<tr class=\"row-5\">\n\t<td class=\"column-1\">bando (pessoas, animais)<\/td>\n<\/tr>\n<tr class=\"row-6\">\n\t<td class=\"column-1\">biblioteca (livros)<\/td>\n<\/tr>\n<tr class=\"row-7\">\n\t<td class=\"column-1\">buqu\u00ea (flores)<\/td>\n<\/tr>\n<tr class=\"row-8\">\n\t<td class=\"column-1\">cacho (frutas pr\u00f3ximas)<\/td>\n<\/tr>\n<tr class=\"row-9\">\n\t<td class=\"column-1\">c\u00e1fila (camelos)<\/td>\n<\/tr>\n<tr class=\"row-10\">\n\t<td class=\"column-1\">cambada (pessoas de m\u00e1 \u00edndole)<\/td>\n<\/tr>\n<tr class=\"row-11\">\n\t<td class=\"column-1\">capela (macacos)<\/td>\n<\/tr>\n<tr class=\"row-12\">\n\t<td class=\"column-1\">caravana (viajantes em uma mesma viagem)<\/td>\n<\/tr>\n<tr class=\"row-13\">\n\t<td class=\"column-1\">cardume (peixes)<\/td>\n<\/tr>\n<tr class=\"row-14\">\n\t<td class=\"column-1\">caterva (vadios, desordeiros)<\/td>\n<\/tr>\n<tr class=\"row-15\">\n\t<td class=\"column-1\">choldra (bandidos)<\/td>\n<\/tr>\n<tr class=\"row-16\">\n\t<td class=\"column-1\">chusma (pessoas de classe baixa)<\/td>\n<\/tr>\n<tr class=\"row-17\">\n\t<td class=\"column-1\">cole\u00e7\u00e3o (objetos, obras)<\/td>\n<\/tr>\n<tr class=\"row-18\">\n\t<td class=\"column-1\">comboio (animais de carga; ve\u00edculos de transporte)<\/td>\n<\/tr>\n<tr class=\"row-19\">\n\t<td class=\"column-1\">conjunto<\/td>\n<\/tr>\n<tr class=\"row-20\">\n\t<td class=\"column-1\">constela\u00e7\u00e3o (estrelas)<\/td>\n<\/tr>\n<tr class=\"row-21\">\n\t<td class=\"column-1\">corja (indiv\u00edduos grosseiros, de m\u00e1 \u00edndole)<\/td>\n<\/tr>\n<tr class=\"row-22\">\n\t<td class=\"column-1\">coro (cantores)<\/td>\n<\/tr>\n<tr class=\"row-23\">\n\t<td class=\"column-1\">discoteca (discos)<\/td>\n<\/tr>\n<tr class=\"row-24\">\n\t<td class=\"column-1\">enxame (abelhas, vespas)<\/td>\n<\/tr>\n<tr class=\"row-25\">\n\t<td class=\"column-1\">esc\u00f3ria (pessoas de classe baixa)<\/td>\n<\/tr>\n<tr class=\"row-26\">\n\t<td class=\"column-1\">esquadra (navios de guerra)<\/td>\n<\/tr>\n<tr class=\"row-27\">\n\t<td class=\"column-1\">esquadrilha (avi\u00f5es de guerra)<\/td>\n<\/tr>\n<tr class=\"row-28\">\n\t<td class=\"column-1\">falange (anjos, entidades espirituais)<\/td>\n<\/tr>\n<tr class=\"row-29\">\n\t<td class=\"column-1\">far\u00e2ndola  (pessoas de classe baixa; maltrapilhos)<\/td>\n<\/tr>\n<tr class=\"row-30\">\n\t<td class=\"column-1\">frota (navios mercantes ou pesqueiros; ve\u00edculos)<\/td>\n<\/tr>\n<tr class=\"row-31\">\n\t<td class=\"column-1\">grupo<\/td>\n<\/tr>\n<tr class=\"row-32\">\n\t<td class=\"column-1\">hemeroteca (jornais, revistas)<\/td>\n<\/tr>\n<tr class=\"row-33\">\n\t<td class=\"column-1\">horda (bandidos, desordeiros, etc)<\/td>\n<\/tr>\n<tr class=\"row-34\">\n\t<td class=\"column-1\">junta (m\u00e9dicos, bois)<\/td>\n<\/tr>\n<tr class=\"row-35\">\n\t<td class=\"column-1\">legi\u00e3o (soldados, dem\u00f4nios)<\/td>\n<\/tr>\n<tr class=\"row-36\">\n\t<td class=\"column-1\">leva (pessoas, escravos, imigrantes)<\/td>\n<\/tr>\n<tr class=\"row-37\">\n\t<td class=\"column-1\">magote (pessoas, coisas)<\/td>\n<\/tr>\n<tr class=\"row-38\">\n\t<td class=\"column-1\">malta (desordeiros, vagabundos, etc)<\/td>\n<\/tr>\n<tr class=\"row-39\">\n\t<td class=\"column-1\">manada (bois, b\u00fafalos, elefantes)<\/td>\n<\/tr>\n<tr class=\"row-40\">\n\t<td class=\"column-1\">matilha (c\u00e3es de ca\u00e7a)<\/td>\n<\/tr>\n<tr class=\"row-41\">\n\t<td class=\"column-1\">molho (chaves)<\/td>\n<\/tr>\n<tr class=\"row-42\">\n\t<td class=\"column-1\">multid\u00e3o<\/td>\n<\/tr>\n<tr class=\"row-43\">\n\t<td class=\"column-1\">nuvem (insetos)<\/td>\n<\/tr>\n<tr class=\"row-44\">\n\t<td class=\"column-1\">penca (frutas pr\u00f3ximas)<\/td>\n<\/tr>\n<tr class=\"row-45\">\n\t<td class=\"column-1\">pinacoteca (quadros)<\/td>\n<\/tr>\n<tr class=\"row-46\">\n\t<td class=\"column-1\">plebe (pessoas de classe baixa)<\/td>\n<\/tr>\n<tr class=\"row-47\">\n\t<td class=\"column-1\">pl\u00eaiade (pessoas ilustres)<\/td>\n<\/tr>\n<tr class=\"row-48\">\n\t<td class=\"column-1\">populacho  (pessoas de classe baixa)<\/td>\n<\/tr>\n<tr class=\"row-49\">\n\t<td class=\"column-1\">quadrilha (ladr\u00f5es, malfeitores)<\/td>\n<\/tr>\n<tr class=\"row-50\">\n\t<td class=\"column-1\">ral\u00e9 (pessoas de classe baixa)<\/td>\n<\/tr>\n<tr class=\"row-51\">\n\t<td class=\"column-1\">rebanho (ovelhas, cabras)<\/td>\n<\/tr>\n<tr class=\"row-52\">\n\t<td class=\"column-1\">r\u00e9cua (bestas de carga; indiv\u00edduos desprez\u00edveis)<\/td>\n<\/tr>\n<tr class=\"row-53\">\n\t<td class=\"column-1\">r\u00e9stia (cebolas, alhos)<\/td>\n<\/tr>\n<tr class=\"row-54\">\n\t<td class=\"column-1\">seleta (textos)<\/td>\n<\/tr>\n<tr class=\"row-55\">\n\t<td class=\"column-1\">s\u00facia (desordeiros, ladr\u00f5es)<\/td>\n<\/tr>\n<tr class=\"row-56\">\n\t<td class=\"column-1\">time (jogadores)<\/td>\n<\/tr>\n<tr class=\"row-57\">\n\t<td class=\"column-1\">tribo (\u00edndios)<\/td>\n<\/tr>\n<tr class=\"row-58\">\n\t<td class=\"column-1\">tropa (soldados, mulas de carga)<\/td>\n<\/tr>\n<tr class=\"row-59\">\n\t<td class=\"column-1\">turba  (pessoas de classe baixa)<\/td>\n<\/tr>\n<tr class=\"row-60\">\n\t<td class=\"column-1\">turma<\/td>\n<\/tr>\n<tr class=\"row-61\">\n\t<td class=\"column-1\">vara (porcos)<\/td>\n<\/tr>\n<tr class=\"row-62\">\n\t<td class=\"column-1\">vulgo  (pessoas de classe baixa)<\/td>\n<\/tr>\n<\/tbody>\n<\/table>\n<!-- #tablepress-662 from cache -->\n","protected":false},"excerpt":{"rendered":"","protected":false},"author":1,"featured_media":0,"parent":11286,"menu_order":0,"comment_status":"closed","ping_status":"closed","template":"full-width.php","meta":{"footnotes":""},"class_list":["post-11603","page","type-page","status-publish","hentry"],"_links":{"self":[{"href":"https:\/\/cluny.com.br\/index.php?rest_route=\/wp\/v2\/pages\/11603","targetHints":{"allow":["GET"]}}],"collection":[{"href":"https:\/\/cluny.com.br\/index.php?rest_route=\/wp\/v2\/pages"}],"about":[{"href":"https:\/\/cluny.com.br\/index.php?rest_route=\/wp\/v2\/types\/page"}],"author":[{"embeddable":true,"href":"https:\/\/cluny.com.br\/index.php?rest_route=\/wp\/v2\/users\/1"}],"replies":[{"embeddable":true,"href":"https:\/\/cluny.com.br\/index.php?rest_route=%2Fwp%2Fv2%2Fcomments&post=11603"}],"version-history":[{"count":1,"href":"https:\/\/cluny.com.br\/index.php?rest_route=\/wp\/v2\/pages\/11603\/revisions"}],"predecessor-version":[{"id":11604,"href":"https:\/\/cluny.com.br\/index.php?rest_route=\/wp\/v2\/pages\/11603\/revisions\/11604"}],"up":[{"embeddable":true,"href":"https:\/\/cluny.com.br\/index.php?rest_route=\/wp\/v2\/pages\/11286"}],"wp:attachment":[{"href":"https:\/\/cluny.com.br\/index.php?rest_route=%2Fwp%2Fv2%2Fmedia&parent=11603"}],"curies":[{"name":"wp","href":"https:\/\/api.w.org\/{rel}","templated":true}]}}