{"id":11549,"date":"2015-12-29T14:59:18","date_gmt":"2015-12-29T14:59:18","guid":{"rendered":"http:\/\/www.cluny.com.br\/?page_id=11549"},"modified":"2016-04-05T20:38:44","modified_gmt":"2016-04-05T20:38:44","slug":"musica-instrumentos-generos-e-estilos-de-danca","status":"publish","type":"page","link":"https:\/\/cluny.com.br\/?page_id=11549","title":{"rendered":"M\u00fasica: Instrumentos \/ G\u00eaneros e Estilos de Dan\u00e7a"},"content":{"rendered":"\n<table id=\"tablepress-656\" class=\"tablepress tablepress-id-656\">\n<tbody class=\"row-striping row-hover\">\n<tr class=\"row-1\">\n\t<td class=\"column-1\"><strong>INSTRUMENTOS MUSICAIS<\/strong><\/td>\n<\/tr>\n<tr class=\"row-2\">\n\t<td class=\"column-1\"><\/td>\n<\/tr>\n<tr class=\"row-3\">\n\t<td class=\"column-1\">acorde\u00e3o; acordeom<\/td>\n<\/tr>\n<tr class=\"row-4\">\n\t<td class=\"column-1\">adufe; adufo<\/td>\n<\/tr>\n<tr class=\"row-5\">\n\t<td class=\"column-1\">afox\u00e9<\/td>\n<\/tr>\n<tr class=\"row-6\">\n\t<td class=\"column-1\">agog\u00f4<\/td>\n<\/tr>\n<tr class=\"row-7\">\n\t<td class=\"column-1\">ala\u00fade<\/td>\n<\/tr>\n<tr class=\"row-8\">\n\t<td class=\"column-1\">atabaque<\/td>\n<\/tr>\n<tr class=\"row-9\">\n\t<td class=\"column-1\">balalaica<\/td>\n<\/tr>\n<tr class=\"row-10\">\n\t<td class=\"column-1\">bandolim<\/td>\n<\/tr>\n<tr class=\"row-11\">\n\t<td class=\"column-1\">bandoneon<\/td>\n<\/tr>\n<tr class=\"row-12\">\n\t<td class=\"column-1\">banjo<\/td>\n<\/tr>\n<tr class=\"row-13\">\n\t<td class=\"column-1\">baqueta<\/td>\n<\/tr>\n<tr class=\"row-14\">\n\t<td class=\"column-1\">bateria<\/td>\n<\/tr>\n<tr class=\"row-15\">\n\t<td class=\"column-1\">batuta<\/td>\n<\/tr>\n<tr class=\"row-16\">\n\t<td class=\"column-1\">berimbau<\/td>\n<\/tr>\n<tr class=\"row-17\">\n\t<td class=\"column-1\">bong\u00f4<\/td>\n<\/tr>\n<tr class=\"row-18\">\n\t<td class=\"column-1\">bouzouki<\/td>\n<\/tr>\n<tr class=\"row-19\">\n\t<td class=\"column-1\">bumbo<\/td>\n<\/tr>\n<tr class=\"row-20\">\n\t<td class=\"column-1\">castanhola<\/td>\n<\/tr>\n<tr class=\"row-21\">\n\t<td class=\"column-1\">cavaquinho<\/td>\n<\/tr>\n<tr class=\"row-22\">\n\t<td class=\"column-1\">chocalho<\/td>\n<\/tr>\n<tr class=\"row-23\">\n\t<td class=\"column-1\">c\u00edmbalo<\/td>\n<\/tr>\n<tr class=\"row-24\">\n\t<td class=\"column-1\">c\u00edtara<\/td>\n<\/tr>\n<tr class=\"row-25\">\n\t<td class=\"column-1\">clarim<\/td>\n<\/tr>\n<tr class=\"row-26\">\n\t<td class=\"column-1\">clarinete<\/td>\n<\/tr>\n<tr class=\"row-27\">\n\t<td class=\"column-1\">clavic\u00f3rdio<\/td>\n<\/tr>\n<tr class=\"row-28\">\n\t<td class=\"column-1\">concertina<\/td>\n<\/tr>\n<tr class=\"row-29\">\n\t<td class=\"column-1\">contrabaixo<\/td>\n<\/tr>\n<tr class=\"row-30\">\n\t<td class=\"column-1\">cravo<\/td>\n<\/tr>\n<tr class=\"row-31\">\n\t<td class=\"column-1\">cu\u00edca<\/td>\n<\/tr>\n<tr class=\"row-32\">\n\t<td class=\"column-1\">didjeridu<\/td>\n<\/tr>\n<tr class=\"row-33\">\n\t<td class=\"column-1\">fagote<\/td>\n<\/tr>\n<tr class=\"row-34\">\n\t<td class=\"column-1\">flauta<\/td>\n<\/tr>\n<tr class=\"row-35\">\n\t<td class=\"column-1\">gaita<\/td>\n<\/tr>\n<tr class=\"row-36\">\n\t<td class=\"column-1\">ganz\u00e1<\/td>\n<\/tr>\n<tr class=\"row-37\">\n\t<td class=\"column-1\">gongo<\/td>\n<\/tr>\n<tr class=\"row-38\">\n\t<td class=\"column-1\">guitarra<\/td>\n<\/tr>\n<tr class=\"row-39\">\n\t<td class=\"column-1\">harm\u00f4nica<\/td>\n<\/tr>\n<tr class=\"row-40\">\n\t<td class=\"column-1\">harpa<\/td>\n<\/tr>\n<tr class=\"row-41\">\n\t<td class=\"column-1\">lira<\/td>\n<\/tr>\n<tr class=\"row-42\">\n\t<td class=\"column-1\">lutier; luthier<\/td>\n<\/tr>\n<tr class=\"row-43\">\n\t<td class=\"column-1\">maraca; marac\u00e1<\/td>\n<\/tr>\n<tr class=\"row-44\">\n\t<td class=\"column-1\">marimba<\/td>\n<\/tr>\n<tr class=\"row-45\">\n\t<td class=\"column-1\">matraca<\/td>\n<\/tr>\n<tr class=\"row-46\">\n\t<td class=\"column-1\">obo\u00e9<\/td>\n<\/tr>\n<tr class=\"row-47\">\n\t<td class=\"column-1\">ocarina<\/td>\n<\/tr>\n<tr class=\"row-48\">\n\t<td class=\"column-1\">\u00f3rg\u00e3o<\/td>\n<\/tr>\n<tr class=\"row-49\">\n\t<td class=\"column-1\">pandeiro<\/td>\n<\/tr>\n<tr class=\"row-50\">\n\t<td class=\"column-1\">piano<\/td>\n<\/tr>\n<tr class=\"row-51\">\n\t<td class=\"column-1\">p\u00edfano; p\u00edfaro<\/td>\n<\/tr>\n<tr class=\"row-52\">\n\t<td class=\"column-1\">pratos<\/td>\n<\/tr>\n<tr class=\"row-53\">\n\t<td class=\"column-1\">rabeca<\/td>\n<\/tr>\n<tr class=\"row-54\">\n\t<td class=\"column-1\">reco-reco<\/td>\n<\/tr>\n<tr class=\"row-55\">\n\t<td class=\"column-1\">salt\u00e9rio<\/td>\n<\/tr>\n<tr class=\"row-56\">\n\t<td class=\"column-1\">sanfona<\/td>\n<\/tr>\n<tr class=\"row-57\">\n\t<td class=\"column-1\">saxofone<\/td>\n<\/tr>\n<tr class=\"row-58\">\n\t<td class=\"column-1\">sinos tubulares; carrilh\u00e3o<\/td>\n<\/tr>\n<tr class=\"row-59\">\n\t<td class=\"column-1\">surdo<\/td>\n<\/tr>\n<tr class=\"row-60\">\n\t<td class=\"column-1\">tambor<\/td>\n<\/tr>\n<tr class=\"row-61\">\n\t<td class=\"column-1\">tarol<\/td>\n<\/tr>\n<tr class=\"row-62\">\n\t<td class=\"column-1\">t\u00edmbale; t\u00edmpano<\/td>\n<\/tr>\n<tr class=\"row-63\">\n\t<td class=\"column-1\">tri\u00e2ngulo<\/td>\n<\/tr>\n<tr class=\"row-64\">\n\t<td class=\"column-1\">trombone<\/td>\n<\/tr>\n<tr class=\"row-65\">\n\t<td class=\"column-1\">trompa<\/td>\n<\/tr>\n<tr class=\"row-66\">\n\t<td class=\"column-1\">trompete<\/td>\n<\/tr>\n<tr class=\"row-67\">\n\t<td class=\"column-1\">tuba<\/td>\n<\/tr>\n<tr class=\"row-68\">\n\t<td class=\"column-1\">viola<\/td>\n<\/tr>\n<tr class=\"row-69\">\n\t<td class=\"column-1\">viola de gamba<\/td>\n<\/tr>\n<tr class=\"row-70\">\n\t<td class=\"column-1\">violino<\/td>\n<\/tr>\n<tr class=\"row-71\">\n\t<td class=\"column-1\">violoncelo<\/td>\n<\/tr>\n<tr class=\"row-72\">\n\t<td class=\"column-1\">xilofone<\/td>\n<\/tr>\n<tr class=\"row-73\">\n\t<td class=\"column-1\">zabumba<\/td>\n<\/tr>\n<tr class=\"row-74\">\n\t<td class=\"column-1\"><\/td>\n<\/tr>\n<tr class=\"row-75\">\n\t<td class=\"column-1\"><\/td>\n<\/tr>\n<tr class=\"row-76\">\n\t<td class=\"column-1\"><strong>G\u00caNEROS MUSICAIS &amp; ESTILOS DE DAN\u00c7A<\/strong><\/td>\n<\/tr>\n<tr class=\"row-77\">\n\t<td class=\"column-1\"><\/td>\n<\/tr>\n<tr class=\"row-78\">\n\t<td class=\"column-1\">ad\u00e1gio<\/td>\n<\/tr>\n<tr class=\"row-79\">\n\t<td class=\"column-1\">arabic music<\/td>\n<\/tr>\n<tr class=\"row-80\">\n\t<td class=\"column-1\">\u00e1ria<\/td>\n<\/tr>\n<tr class=\"row-81\">\n\t<td class=\"column-1\">ax\u00e9<\/td>\n<\/tr>\n<tr class=\"row-82\">\n\t<td class=\"column-1\">badinerie<\/td>\n<\/tr>\n<tr class=\"row-83\">\n\t<td class=\"column-1\">bai\u00e3o<\/td>\n<\/tr>\n<tr class=\"row-84\">\n\t<td class=\"column-1\">balada<\/td>\n<\/tr>\n<tr class=\"row-85\">\n\t<td class=\"column-1\">bal\u00e9; ballet<\/td>\n<\/tr>\n<tr class=\"row-86\">\n\t<td class=\"column-1\">batucada<\/td>\n<\/tr>\n<tr class=\"row-87\">\n\t<td class=\"column-1\">batuque<\/td>\n<\/tr>\n<tr class=\"row-88\">\n\t<td class=\"column-1\">bebop<\/td>\n<\/tr>\n<tr class=\"row-89\">\n\t<td class=\"column-1\">big band<\/td>\n<\/tr>\n<tr class=\"row-90\">\n\t<td class=\"column-1\">blues<\/td>\n<\/tr>\n<tr class=\"row-91\">\n\t<td class=\"column-1\">bolero<\/td>\n<\/tr>\n<tr class=\"row-92\">\n\t<td class=\"column-1\">bossa nova<\/td>\n<\/tr>\n<tr class=\"row-93\">\n\t<td class=\"column-1\">bourr\u00e9e<\/td>\n<\/tr>\n<tr class=\"row-94\">\n\t<td class=\"column-1\">calipso<\/td>\n<\/tr>\n<tr class=\"row-95\">\n\t<td class=\"column-1\">can\u00e7\u00e3o<\/td>\n<\/tr>\n<tr class=\"row-96\">\n\t<td class=\"column-1\">can\u00e7\u00e3o de ninar (lullaby)<\/td>\n<\/tr>\n<tr class=\"row-97\">\n\t<td class=\"column-1\">canon<\/td>\n<\/tr>\n<tr class=\"row-98\">\n\t<td class=\"column-1\">cantata<\/td>\n<\/tr>\n<tr class=\"row-99\">\n\t<td class=\"column-1\">cantiga<\/td>\n<\/tr>\n<tr class=\"row-100\">\n\t<td class=\"column-1\">canto gregoriano<\/td>\n<\/tr>\n<tr class=\"row-101\">\n\t<td class=\"column-1\">capricho (capriccio)<\/td>\n<\/tr>\n<tr class=\"row-102\">\n\t<td class=\"column-1\">cha-cha-cha<\/td>\n<\/tr>\n<tr class=\"row-103\">\n\t<td class=\"column-1\">chacona<\/td>\n<\/tr>\n<tr class=\"row-104\">\n\t<td class=\"column-1\">charleston<\/td>\n<\/tr>\n<tr class=\"row-105\">\n\t<td class=\"column-1\">chorinho<\/td>\n<\/tr>\n<tr class=\"row-106\">\n\t<td class=\"column-1\">concerto<\/td>\n<\/tr>\n<tr class=\"row-107\">\n\t<td class=\"column-1\">conga<\/td>\n<\/tr>\n<tr class=\"row-108\">\n\t<td class=\"column-1\">country music<\/td>\n<\/tr>\n<tr class=\"row-109\">\n\t<td class=\"column-1\">cueca<\/td>\n<\/tr>\n<tr class=\"row-110\">\n\t<td class=\"column-1\">dance music<\/td>\n<\/tr>\n<tr class=\"row-111\">\n\t<td class=\"column-1\">disco<\/td>\n<\/tr>\n<tr class=\"row-112\">\n\t<td class=\"column-1\">easy listening<\/td>\n<\/tr>\n<tr class=\"row-113\">\n\t<td class=\"column-1\">electronic music<\/td>\n<\/tr>\n<tr class=\"row-114\">\n\t<td class=\"column-1\">elevator music<\/td>\n<\/tr>\n<tr class=\"row-115\">\n\t<td class=\"column-1\">fado<\/td>\n<\/tr>\n<tr class=\"row-116\">\n\t<td class=\"column-1\">fandango<\/td>\n<\/tr>\n<tr class=\"row-117\">\n\t<td class=\"column-1\">fantasia<\/td>\n<\/tr>\n<tr class=\"row-118\">\n\t<td class=\"column-1\">flamenco<\/td>\n<\/tr>\n<tr class=\"row-119\">\n\t<td class=\"column-1\">folk music<\/td>\n<\/tr>\n<tr class=\"row-120\">\n\t<td class=\"column-1\">forr\u00f3<\/td>\n<\/tr>\n<tr class=\"row-121\">\n\t<td class=\"column-1\">fox-trot<\/td>\n<\/tr>\n<tr class=\"row-122\">\n\t<td class=\"column-1\">frevo<\/td>\n<\/tr>\n<tr class=\"row-123\">\n\t<td class=\"column-1\">fuga<\/td>\n<\/tr>\n<tr class=\"row-124\">\n\t<td class=\"column-1\">funk<\/td>\n<\/tr>\n<tr class=\"row-125\">\n\t<td class=\"column-1\">gavota<\/td>\n<\/tr>\n<tr class=\"row-126\">\n\t<td class=\"column-1\">gospel<\/td>\n<\/tr>\n<tr class=\"row-127\">\n\t<td class=\"column-1\">grunge<\/td>\n<\/tr>\n<tr class=\"row-128\">\n\t<td class=\"column-1\">guar\u00e2nia<\/td>\n<\/tr>\n<tr class=\"row-129\">\n\t<td class=\"column-1\">habanera<\/td>\n<\/tr>\n<tr class=\"row-130\">\n\t<td class=\"column-1\">hino religioso<\/td>\n<\/tr>\n<tr class=\"row-131\">\n\t<td class=\"column-1\">hip hop (m\u00fasica rap)<\/td>\n<\/tr>\n<tr class=\"row-132\">\n\t<td class=\"column-1\">jazz<\/td>\n<\/tr>\n<tr class=\"row-133\">\n\t<td class=\"column-1\">lambada<\/td>\n<\/tr>\n<tr class=\"row-134\">\n\t<td class=\"column-1\">madrigal<\/td>\n<\/tr>\n<tr class=\"row-135\">\n\t<td class=\"column-1\">mambo<\/td>\n<\/tr>\n<tr class=\"row-136\">\n\t<td class=\"column-1\">maracatu<\/td>\n<\/tr>\n<tr class=\"row-137\">\n\t<td class=\"column-1\">marcha militar<\/td>\n<\/tr>\n<tr class=\"row-138\">\n\t<td class=\"column-1\">marchinha<\/td>\n<\/tr>\n<tr class=\"row-139\">\n\t<td class=\"column-1\">maxixe<\/td>\n<\/tr>\n<tr class=\"row-140\">\n\t<td class=\"column-1\">mazurca<\/td>\n<\/tr>\n<tr class=\"row-141\">\n\t<td class=\"column-1\">merengue<\/td>\n<\/tr>\n<tr class=\"row-142\">\n\t<td class=\"column-1\">milonga<\/td>\n<\/tr>\n<tr class=\"row-143\">\n\t<td class=\"column-1\">minueto<\/td>\n<\/tr>\n<tr class=\"row-144\">\n\t<td class=\"column-1\">modinha<\/td>\n<\/tr>\n<tr class=\"row-145\">\n\t<td class=\"column-1\">moteto<\/td>\n<\/tr>\n<tr class=\"row-146\">\n\t<td class=\"column-1\">MPB<\/td>\n<\/tr>\n<tr class=\"row-147\">\n\t<td class=\"column-1\">m\u00fasica celta<\/td>\n<\/tr>\n<tr class=\"row-148\">\n\t<td class=\"column-1\">m\u00fasica de c\u00e2mara<\/td>\n<\/tr>\n<tr class=\"row-149\">\n\t<td class=\"column-1\">m\u00fasica de medita\u00e7\u00e3o<\/td>\n<\/tr>\n<tr class=\"row-150\">\n\t<td class=\"column-1\">m\u00fasica instrumental<\/td>\n<\/tr>\n<tr class=\"row-151\">\n\t<td class=\"column-1\">m\u00fasica medieval<\/td>\n<\/tr>\n<tr class=\"row-152\">\n\t<td class=\"column-1\">m\u00fasica natalina<\/td>\n<\/tr>\n<tr class=\"row-153\">\n\t<td class=\"column-1\">m\u00fasica renascentista<\/td>\n<\/tr>\n<tr class=\"row-154\">\n\t<td class=\"column-1\">m\u00fasica trovadoresca<\/td>\n<\/tr>\n<tr class=\"row-155\">\n\t<td class=\"column-1\">new age<\/td>\n<\/tr>\n<tr class=\"row-156\">\n\t<td class=\"column-1\">noturno<\/td>\n<\/tr>\n<tr class=\"row-157\">\n\t<td class=\"column-1\">\u00f3pera<\/td>\n<\/tr>\n<tr class=\"row-158\">\n\t<td class=\"column-1\">opereta<\/td>\n<\/tr>\n<tr class=\"row-159\">\n\t<td class=\"column-1\">orat\u00f3rio<\/td>\n<\/tr>\n<tr class=\"row-160\">\n\t<td class=\"column-1\">pagode<\/td>\n<\/tr>\n<tr class=\"row-161\">\n\t<td class=\"column-1\">partita<\/td>\n<\/tr>\n<tr class=\"row-162\">\n\t<td class=\"column-1\">pavana<\/td>\n<\/tr>\n<tr class=\"row-163\">\n\t<td class=\"column-1\">poema sinf\u00f4nico<\/td>\n<\/tr>\n<tr class=\"row-164\">\n\t<td class=\"column-1\">polca<\/td>\n<\/tr>\n<tr class=\"row-165\">\n\t<td class=\"column-1\">polonaise<\/td>\n<\/tr>\n<tr class=\"row-166\">\n\t<td class=\"column-1\">prel\u00fadio<\/td>\n<\/tr>\n<tr class=\"row-167\">\n\t<td class=\"column-1\">puladinho<\/td>\n<\/tr>\n<tr class=\"row-168\">\n\t<td class=\"column-1\">punk music<\/td>\n<\/tr>\n<tr class=\"row-169\">\n\t<td class=\"column-1\">quadrilha<\/td>\n<\/tr>\n<tr class=\"row-170\">\n\t<td class=\"column-1\">quarteto de cordas<\/td>\n<\/tr>\n<tr class=\"row-171\">\n\t<td class=\"column-1\">ragtime<\/td>\n<\/tr>\n<tr class=\"row-172\">\n\t<td class=\"column-1\">rap<\/td>\n<\/tr>\n<tr class=\"row-173\">\n\t<td class=\"column-1\">raps\u00f3dia<\/td>\n<\/tr>\n<tr class=\"row-174\">\n\t<td class=\"column-1\">reggae<\/td>\n<\/tr>\n<tr class=\"row-175\">\n\t<td class=\"column-1\">requiem<\/td>\n<\/tr>\n<tr class=\"row-176\">\n\t<td class=\"column-1\">rhythm and blues (R&amp;B)<\/td>\n<\/tr>\n<tr class=\"row-177\">\n\t<td class=\"column-1\">rock and roll; rock <\/td>\n<\/tr>\n<tr class=\"row-178\">\n\t<td class=\"column-1\">rond\u00f3<\/td>\n<\/tr>\n<tr class=\"row-179\">\n\t<td class=\"column-1\">rumba<\/td>\n<\/tr>\n<tr class=\"row-180\">\n\t<td class=\"column-1\">salsa<\/td>\n<\/tr>\n<tr class=\"row-181\">\n\t<td class=\"column-1\">samba<\/td>\n<\/tr>\n<tr class=\"row-182\">\n\t<td class=\"column-1\">samba de partido alto<\/td>\n<\/tr>\n<tr class=\"row-183\">\n\t<td class=\"column-1\">samba de raiz<\/td>\n<\/tr>\n<tr class=\"row-184\">\n\t<td class=\"column-1\">samba-can\u00e7\u00e3o<\/td>\n<\/tr>\n<tr class=\"row-185\">\n\t<td class=\"column-1\">samba-enredo<\/td>\n<\/tr>\n<tr class=\"row-186\">\n\t<td class=\"column-1\">sarabanda<\/td>\n<\/tr>\n<tr class=\"row-187\">\n\t<td class=\"column-1\">scherzo<\/td>\n<\/tr>\n<tr class=\"row-188\">\n\t<td class=\"column-1\">serenata<\/td>\n<\/tr>\n<tr class=\"row-189\">\n\t<td class=\"column-1\">sertaneja<\/td>\n<\/tr>\n<tr class=\"row-190\">\n\t<td class=\"column-1\">sinfonia<\/td>\n<\/tr>\n<tr class=\"row-191\">\n\t<td class=\"column-1\">sonata<\/td>\n<\/tr>\n<tr class=\"row-192\">\n\t<td class=\"column-1\">soul music<\/td>\n<\/tr>\n<tr class=\"row-193\">\n\t<td class=\"column-1\">spiritual; negro spiritual<\/td>\n<\/tr>\n<tr class=\"row-194\">\n\t<td class=\"column-1\">su\u00edte<\/td>\n<\/tr>\n<tr class=\"row-195\">\n\t<td class=\"column-1\">tango<\/td>\n<\/tr>\n<tr class=\"row-196\">\n\t<td class=\"column-1\">techno<\/td>\n<\/tr>\n<tr class=\"row-197\">\n\t<td class=\"column-1\">tocata<\/td>\n<\/tr>\n<tr class=\"row-198\">\n\t<td class=\"column-1\">valsa<\/td>\n<\/tr>\n<tr class=\"row-199\">\n\t<td class=\"column-1\">varia\u00e7\u00e3o<\/td>\n<\/tr>\n<tr class=\"row-200\">\n\t<td class=\"column-1\">vira<\/td>\n<\/tr>\n<tr class=\"row-201\">\n\t<td class=\"column-1\">world music<\/td>\n<\/tr>\n<tr class=\"row-202\">\n\t<td class=\"column-1\">xaxado<\/td>\n<\/tr>\n<tr class=\"row-203\">\n\t<td class=\"column-1\">xote (schottische)<\/td>\n<\/tr>\n<\/tbody>\n<\/table>\n<!-- #tablepress-656 from cache -->\n","protected":false},"excerpt":{"rendered":"","protected":false},"author":1,"featured_media":0,"parent":11286,"menu_order":0,"comment_status":"closed","ping_status":"closed","template":"full-width.php","meta":{"footnotes":""},"class_list":["post-11549","page","type-page","status-publish","hentry"],"_links":{"self":[{"href":"https:\/\/cluny.com.br\/index.php?rest_route=\/wp\/v2\/pages\/11549","targetHints":{"allow":["GET"]}}],"collection":[{"href":"https:\/\/cluny.com.br\/index.php?rest_route=\/wp\/v2\/pages"}],"about":[{"href":"https:\/\/cluny.com.br\/index.php?rest_route=\/wp\/v2\/types\/page"}],"author":[{"embeddable":true,"href":"https:\/\/cluny.com.br\/index.php?rest_route=\/wp\/v2\/users\/1"}],"replies":[{"embeddable":true,"href":"https:\/\/cluny.com.br\/index.php?rest_route=%2Fwp%2Fv2%2Fcomments&post=11549"}],"version-history":[{"count":1,"href":"https:\/\/cluny.com.br\/index.php?rest_route=\/wp\/v2\/pages\/11549\/revisions"}],"predecessor-version":[{"id":11550,"href":"https:\/\/cluny.com.br\/index.php?rest_route=\/wp\/v2\/pages\/11549\/revisions\/11550"}],"up":[{"embeddable":true,"href":"https:\/\/cluny.com.br\/index.php?rest_route=\/wp\/v2\/pages\/11286"}],"wp:attachment":[{"href":"https:\/\/cluny.com.br\/index.php?rest_route=%2Fwp%2Fv2%2Fmedia&parent=11549"}],"curies":[{"name":"wp","href":"https:\/\/api.w.org\/{rel}","templated":true}]}}