{"id":11379,"date":"2015-12-13T20:47:44","date_gmt":"2015-12-13T20:47:44","guid":{"rendered":"http:\/\/www.cluny.com.br\/?page_id=11379"},"modified":"2020-07-14T12:31:17","modified_gmt":"2020-07-14T15:31:17","slug":"palavras-de-linguas-asiaticas","status":"publish","type":"page","link":"https:\/\/cluny.com.br\/?page_id=11379","title":{"rendered":"Palavras de L\u00ednguas Asi\u00e1ticas e do Pac\u00edfico"},"content":{"rendered":"\n<table id=\"tablepress-647\" class=\"tablepress tablepress-id-647\">\n<tbody class=\"row-striping row-hover\">\n<tr class=\"row-1\">\n\t<td class=\"column-1\"><strong>Chin\u00eas<\/strong><em><\/td>\n<\/tr>\n<tr class=\"row-2\">\n\t<td class=\"column-1\">ch\u00e1<\/td>\n<\/tr>\n<tr class=\"row-3\">\n\t<td class=\"column-1\">ch\u00e1vena<\/td>\n<\/tr>\n<tr class=\"row-4\">\n\t<td class=\"column-1\">nanquim<\/td>\n<\/tr>\n<tr class=\"row-5\">\n\t<td class=\"column-1\"><\/td>\n<\/tr>\n<tr class=\"row-6\">\n\t<td class=\"column-1\"><strong>Havaiano<\/strong><\/td>\n<\/tr>\n<tr class=\"row-7\">\n\t<td class=\"column-1\">ukelele<\/td>\n<\/tr>\n<tr class=\"row-8\">\n\t<td class=\"column-1\"><\/td>\n<\/tr>\n<tr class=\"row-9\">\n\t<td class=\"column-1\"><strong>Hebraico<\/strong><\/em><\/td>\n<\/tr>\n<tr class=\"row-10\">\n\t<td class=\"column-1\">aleluia<\/td>\n<\/tr>\n<tr class=\"row-11\">\n\t<td class=\"column-1\">kibutz<\/td>\n<\/tr>\n<tr class=\"row-12\">\n\t<td class=\"column-1\">P\u00e1scoa<\/td>\n<\/tr>\n<tr class=\"row-13\">\n\t<td class=\"column-1\">quip\u00e1<\/td>\n<\/tr>\n<tr class=\"row-14\">\n\t<td class=\"column-1\">s\u00e1bado<\/td>\n<\/tr>\n<tr class=\"row-15\">\n\t<td class=\"column-1\"><\/td>\n<\/tr>\n<tr class=\"row-16\">\n\t<td class=\"column-1\"><strong>Japon\u00eas<\/strong><em><\/td>\n<\/tr>\n<tr class=\"row-17\">\n\t<td class=\"column-1\">biombo<\/td>\n<\/tr>\n<tr class=\"row-18\">\n\t<td class=\"column-1\">bonsai<\/td>\n<\/tr>\n<tr class=\"row-19\">\n\t<td class=\"column-1\">caqui<\/td>\n<\/tr>\n<tr class=\"row-20\">\n\t<td class=\"column-1\">caraoqu\u00ea<\/td>\n<\/tr>\n<tr class=\"row-21\">\n\t<td class=\"column-1\">carat\u00ea<\/td>\n<\/tr>\n<tr class=\"row-22\">\n\t<td class=\"column-1\">decassegui<\/td>\n<\/tr>\n<tr class=\"row-23\">\n\t<td class=\"column-1\">gueixa<\/td>\n<\/tr>\n<tr class=\"row-24\">\n\t<td class=\"column-1\">ikebana<\/td>\n<\/tr>\n<tr class=\"row-25\">\n\t<td class=\"column-1\">jiu-jitsu<\/td>\n<\/tr>\n<tr class=\"row-26\">\n\t<td class=\"column-1\">jud\u00f4<\/td>\n<\/tr>\n<tr class=\"row-27\">\n\t<td class=\"column-1\">kamikaze<\/td>\n<\/tr>\n<tr class=\"row-28\">\n\t<td class=\"column-1\">mang\u00e1<\/td>\n<\/tr>\n<tr class=\"row-29\">\n\t<td class=\"column-1\">nissei<\/td>\n<\/tr>\n<tr class=\"row-30\">\n\t<td class=\"column-1\">quimono<\/td>\n<\/tr>\n<tr class=\"row-31\">\n\t<td class=\"column-1\">saqu\u00ea; sak\u00ea<\/td>\n<\/tr>\n<tr class=\"row-32\">\n\t<td class=\"column-1\">samurai<\/td>\n<\/tr>\n<tr class=\"row-33\">\n\t<td class=\"column-1\">sansei<\/td>\n<\/tr>\n<tr class=\"row-34\">\n\t<td class=\"column-1\">sashimi<\/td>\n<\/tr>\n<tr class=\"row-35\">\n\t<td class=\"column-1\">shiatsu<\/td>\n<\/tr>\n<tr class=\"row-36\">\n\t<td class=\"column-1\">shoyu<\/td>\n<\/tr>\n<tr class=\"row-37\">\n\t<td class=\"column-1\">sushi<\/td>\n<\/tr>\n<tr class=\"row-38\">\n\t<td class=\"column-1\">tatame<\/td>\n<\/tr>\n<tr class=\"row-39\">\n\t<td class=\"column-1\">x\u00f3gum<\/td>\n<\/tr>\n<tr class=\"row-40\">\n\t<td class=\"column-1\">zen<\/td>\n<\/tr>\n<tr class=\"row-41\">\n\t<td class=\"column-1\"><\/td>\n<\/tr>\n<tr class=\"row-42\">\n\t<td class=\"column-1\"><strong>Persa<\/strong><\/em><\/td>\n<\/tr>\n<tr class=\"row-43\">\n\t<td class=\"column-1\">bazar<\/td>\n<\/tr>\n<tr class=\"row-44\">\n\t<td class=\"column-1\">caravana<\/td>\n<\/tr>\n<tr class=\"row-45\">\n\t<td class=\"column-1\">turbante<\/td>\n<\/tr>\n<tr class=\"row-46\">\n\t<td class=\"column-1\"><\/td>\n<\/tr>\n<tr class=\"row-47\">\n\t<td class=\"column-1\"><strong>T\u00e2mil<\/strong><\/td>\n<\/tr>\n<tr class=\"row-48\">\n\t<td class=\"column-1\">catamar\u00e3<\/td>\n<\/tr>\n<tr class=\"row-49\">\n\t<td class=\"column-1\"><\/td>\n<\/tr>\n<tr class=\"row-50\">\n\t<td class=\"column-1\"><strong>Tongan\u00eas<\/strong><\/td>\n<\/tr>\n<tr class=\"row-51\">\n\t<td class=\"column-1\">tabu<\/td>\n<\/tr>\n<tr class=\"row-52\">\n\t<td class=\"column-1\"><\/td>\n<\/tr>\n<tr class=\"row-53\">\n\t<td class=\"column-1\"><strong>Turco<\/strong><em><\/td>\n<\/tr>\n<tr class=\"row-54\">\n\t<td class=\"column-1\">div\u00e3<\/td>\n<\/tr>\n<tr class=\"row-55\">\n\t<td class=\"column-1\">quiosque<\/td>\n<\/tr>\n<\/tbody>\n<\/table>\n<!-- #tablepress-647 from cache -->\n","protected":false},"excerpt":{"rendered":"","protected":false},"author":1,"featured_media":22573,"parent":11283,"menu_order":0,"comment_status":"closed","ping_status":"closed","template":"full-width.php","meta":{"footnotes":""},"class_list":["post-11379","page","type-page","status-publish","has-post-thumbnail","hentry"],"_links":{"self":[{"href":"https:\/\/cluny.com.br\/index.php?rest_route=\/wp\/v2\/pages\/11379","targetHints":{"allow":["GET"]}}],"collection":[{"href":"https:\/\/cluny.com.br\/index.php?rest_route=\/wp\/v2\/pages"}],"about":[{"href":"https:\/\/cluny.com.br\/index.php?rest_route=\/wp\/v2\/types\/page"}],"author":[{"embeddable":true,"href":"https:\/\/cluny.com.br\/index.php?rest_route=\/wp\/v2\/users\/1"}],"replies":[{"embeddable":true,"href":"https:\/\/cluny.com.br\/index.php?rest_route=%2Fwp%2Fv2%2Fcomments&post=11379"}],"version-history":[{"count":4,"href":"https:\/\/cluny.com.br\/index.php?rest_route=\/wp\/v2\/pages\/11379\/revisions"}],"predecessor-version":[{"id":22574,"href":"https:\/\/cluny.com.br\/index.php?rest_route=\/wp\/v2\/pages\/11379\/revisions\/22574"}],"up":[{"embeddable":true,"href":"https:\/\/cluny.com.br\/index.php?rest_route=\/wp\/v2\/pages\/11283"}],"wp:featuredmedia":[{"embeddable":true,"href":"https:\/\/cluny.com.br\/index.php?rest_route=\/wp\/v2\/media\/22573"}],"wp:attachment":[{"href":"https:\/\/cluny.com.br\/index.php?rest_route=%2Fwp%2Fv2%2Fmedia&parent=11379"}],"curies":[{"name":"wp","href":"https:\/\/api.w.org\/{rel}","templated":true}]}}