{"id":11286,"date":"2015-12-12T13:48:39","date_gmt":"2015-12-12T13:48:39","guid":{"rendered":"http:\/\/www.cluny.com.br\/?page_id=11286"},"modified":"2016-04-26T13:58:08","modified_gmt":"2016-04-26T13:58:08","slug":"vocabularios-tematicos","status":"publish","type":"page","link":"https:\/\/cluny.com.br\/?page_id=11286","title":{"rendered":"Vocabul\u00e1rios tem\u00e1ticos"},"content":{"rendered":"<p><strong>TEMAS:<\/strong><\/p>\n<ul>\n<li><strong><a href=\"http:\/\/www.cluny.com.br\/?page_id=11467\">alimentos &#8211; refei\u00e7\u00f5es &#8211; culin\u00e1ria &amp; gastronomia<\/a><\/strong><\/li>\n<li><strong><a href=\"http:\/\/www.cluny.com.br\/?page_id=11481\">armas<\/a><\/strong><\/li>\n<li><strong><a href=\"http:\/\/www.cluny.com.br\/?page_id=11590\">\u00e1rvores &amp;\u00a0plantas diversas \/\u00a0termos bot\u00e2nicos<\/a><\/strong><\/li>\n<li><strong><a href=\"http:\/\/www.cluny.com.br\/?page_id=11598\">bagagem &#8211; caixas &#8211; vasilhas &#8211; recipientes<\/a><\/strong><\/li>\n<li><strong><a href=\"http:\/\/www.cluny.com.br\/?page_id=11603\">bando &#8211; conjunto &#8211; grupo &#8211; coletivos<\/a><\/strong><\/li>\n<li><strong><a href=\"http:\/\/www.cluny.com.br\/?page_id=11653\">bebidas alco\u00f3licas<\/a><\/strong><\/li>\n<li><strong><a href=\"http:\/\/www.cluny.com.br\/?page_id=12329\">casa &#8211; habita\u00e7\u00e3o &#8211; moradia &#8211; resid\u00eancia<\/a><\/strong><\/li>\n<li><a href=\"http:\/\/www.cluny.com.br\/?page_id=11731\"><strong>casa (c\u00f4modos &#8211; m\u00f3veis\u00a0&#8211; pe\u00e7as)<\/strong><\/a><\/li>\n<li><strong><a href=\"http:\/\/www.cluny.com.br\/?page_id=11573\">cultura popular &amp; folclore do Brasil<\/a><\/strong><\/li>\n<li><strong><a href=\"http:\/\/www.cluny.com.br\/?page_id=11580\">cultura, costumes, folclore\u00a0&amp; tradi\u00e7\u00f5es \u00a0de outros povos &#8211; \u00a0mitologia<\/a><\/strong><\/li>\n<li><strong><a href=\"http:\/\/www.cluny.com.br\/?page_id=11665\">esportes &#8211; jogos &#8211;\u00a0brinquedos &amp; brincadeiras<\/a><\/strong><\/li>\n<li><strong><a href=\"http:\/\/www.cluny.com.br\/?page_id=11723\">ferramentas &#8211; instrumentos &#8211; pe\u00e7as &#8211; objetos em geral<\/a><\/strong><\/li>\n<li><strong><a href=\"http:\/\/www.cluny.com.br\/?page_id=11659\">morte &#8211; caix\u00e3o &#8211; t\u00famulo &#8211; cemit\u00e9rio<\/a><\/strong><\/li>\n<li><strong><a href=\"http:\/\/www.cluny.com.br\/?page_id=11549\">m\u00fasica: instrumentos \/ g\u00eaneros musicais e estilos de dan\u00e7a<\/a><\/strong><\/li>\n<li><strong><a href=\"http:\/\/www.cluny.com.br\/?page_id=11560\">natureza &#8211; clima &#8211; geografia<\/a><\/strong><\/li>\n<li><strong><a href=\"http:\/\/www.cluny.com.br\/?page_id=11485\">navios &amp; embarca\u00e7\u00f5es \/\u00a0termos n\u00e1uticos<\/a><\/strong><\/li>\n<li><strong><a href=\"http:\/\/www.cluny.com.br\/?page_id=11532\">ve\u00edculos modernos &amp; antigos\u00a0<\/a><\/strong><\/li>\n<li><strong><a href=\"http:\/\/www.cluny.com.br\/?page_id=11525\">vestu\u00e1rio &#8211; \u00a0cal\u00e7ados &#8211; tecidos &#8211; objetos pessoais<\/a>\u00a0<\/strong><\/li>\n<\/ul>\n","protected":false},"excerpt":{"rendered":"<p>TEMAS: alimentos &#8211; refei\u00e7\u00f5es &#8211; culin\u00e1ria &amp; gastronomia armas \u00e1rvores &amp;\u00a0plantas diversas \/\u00a0termos bot\u00e2nicos bagagem &#8211; caixas &#8211; vasilhas &#8211;&hellip;<\/p>\n","protected":false},"author":1,"featured_media":0,"parent":49,"menu_order":0,"comment_status":"closed","ping_status":"closed","template":"full-width.php","meta":{"footnotes":""},"class_list":["post-11286","page","type-page","status-publish","hentry"],"_links":{"self":[{"href":"https:\/\/cluny.com.br\/index.php?rest_route=\/wp\/v2\/pages\/11286","targetHints":{"allow":["GET"]}}],"collection":[{"href":"https:\/\/cluny.com.br\/index.php?rest_route=\/wp\/v2\/pages"}],"about":[{"href":"https:\/\/cluny.com.br\/index.php?rest_route=\/wp\/v2\/types\/page"}],"author":[{"embeddable":true,"href":"https:\/\/cluny.com.br\/index.php?rest_route=\/wp\/v2\/users\/1"}],"replies":[{"embeddable":true,"href":"https:\/\/cluny.com.br\/index.php?rest_route=%2Fwp%2Fv2%2Fcomments&post=11286"}],"version-history":[{"count":32,"href":"https:\/\/cluny.com.br\/index.php?rest_route=\/wp\/v2\/pages\/11286\/revisions"}],"predecessor-version":[{"id":12333,"href":"https:\/\/cluny.com.br\/index.php?rest_route=\/wp\/v2\/pages\/11286\/revisions\/12333"}],"up":[{"embeddable":true,"href":"https:\/\/cluny.com.br\/index.php?rest_route=\/wp\/v2\/pages\/49"}],"wp:attachment":[{"href":"https:\/\/cluny.com.br\/index.php?rest_route=%2Fwp%2Fv2%2Fmedia&parent=11286"}],"curies":[{"name":"wp","href":"https:\/\/api.w.org\/{rel}","templated":true}]}}