{"id":104,"date":"2014-08-02T17:11:13","date_gmt":"2014-08-02T17:11:13","guid":{"rendered":"http:\/\/clunymma.wordpress.com\/?page_id=104"},"modified":"2017-05-24T21:13:55","modified_gmt":"2017-05-24T21:13:55","slug":"cronologia-de-4000-aprox-a-2001-a-c","status":"publish","type":"page","link":"https:\/\/cluny.com.br\/?page_id=104","title":{"rendered":"Cronologia de 3500 (aprox.) a 2001 a.C."},"content":{"rendered":"\n<table id=\"tablepress-16\" class=\"tablepress tablepress-id-16\">\n<thead>\n<tr class=\"row-1\">\n\t<th class=\"column-1\">Per\u00edodo (a.C.)<\/th><th class=\"column-2\">Tema<\/th><th class=\"column-3\">Evento<\/th>\n<\/tr>\n<\/thead>\n<tbody class=\"row-striping row-hover\">\n<tr class=\"row-2\">\n\t<td class=\"column-1\">c. 3500 a 2350<\/td><td class=\"column-2\">Mesopot\u00e2mia<\/td><td class=\"column-3\"><strong>Civiliza\u00e7\u00e3o Sumeriana<\/strong>: considerada a mais antiga da Hist\u00f3ria. Os sum\u00e9rios habitavam a parte sul da Mesopot\u00e2mia e se organizavam, politicamente, em cidades-estado: Ur, Uruk, Kish, Nippur, Lagash, Eridu entre outras. Entre os mais importantes feitos a eles atribu\u00eddos est\u00e3o a <strong>inven\u00e7\u00e3o da roda<\/strong> (acredita-se que no 4\u00ba milenio a.C.). e a <strong>cria\u00e7\u00e3o dos caracteres cuneiformes<\/strong>, s\u00edmbolos em formato de cunha que se constituem na mais remota forma de escrita conhecida.<\/td>\n<\/tr>\n<tr class=\"row-3\">\n\t<td class=\"column-1\"><\/td><td class=\"column-2\"><\/td><td class=\"column-3\"><em>Foi exatamente a <strong>inven\u00e7\u00e3o da escrita<\/strong> o fato que marcou a passagem da chamada <strong>Pr\u00e9-Hist\u00f3ria<\/strong> para a <strong>Hist\u00f3ria<\/strong>.<\/em><\/td>\n<\/tr>\n<tr class=\"row-4\">\n\t<td class=\"column-1\"><\/td><td class=\"column-2\"><\/td><td class=\"column-3\"><em>A <strong>Mesopot\u00e2mia<\/strong> (palavra grega que significa entre rios - meso  potamos) era uma regi\u00e3o situada  entre os rios Tigre e Eufrates,  constitu\u00edda por tr\u00eas partes: <strong>Ass\u00edria<\/strong> ao norte; <strong>Ac\u00e1dia<\/strong> ao centro e  <strong>Sum\u00e9ria<\/strong> ao sul. Por n\u00e3o possuir defesas naturais, toda a Mesopot\u00e2mia era muito vulner\u00e1vel \u00e0s invas\u00f5es externas. No per\u00edodo compreendido entre o quarto mil\u00eanio a.C. at\u00e9 o ano de 539 a.C., quando os persas conquistaram o Imp\u00e9rio Babil\u00f4nico, a Mesopot\u00e2mia assistiu \u00e0 ascens\u00e3o e queda de muitas civiliza\u00e7\u00f5es: <strong>sum\u00e9rios<\/strong>, <strong>ac\u00e1dios<\/strong>, <strong>amoritas<\/strong> (antigos babil\u00f4nicos), <strong>cassitas<\/strong>, <strong>ass\u00edrios<\/strong> e <strong>caldeus<\/strong> (neo-babil\u00f4nicos). Tamb\u00e9m foi invadida por muitos outros povos, como os <strong>guti<\/strong>, os <strong>elamitas<\/strong>, os <strong>hititas<\/strong>, etc. <\/em><\/td>\n<\/tr>\n<tr class=\"row-5\">\n\t<td class=\"column-1\"><\/td><td class=\"column-2\"><\/td><td class=\"column-3\"><em>Os principais per\u00edodos da hist\u00f3ria da Mesopot\u00e2mia s\u00e3o: <strong>civiliza\u00e7\u00e3o sumeriana<\/strong> (c. 3500 a 2350 a.C.); <strong>imp\u00e9rio acadiano<\/strong> (c. 2350 a 2150 a.C.); <strong>dom\u00ednio dos guti<\/strong> (c. 2150 a.C.); <strong>per\u00edodo neo-sumeriano<\/strong> (c. 2100 a 2000 a.C.); <strong>primeiro imp\u00e9rio babil\u00f4nico<\/strong> (c. 2000 a 1600 a.C.); <strong>invas\u00e3o dos hititas<\/strong> (c. 1595 a.C.); <strong>dinastia cassita<\/strong> (c. 1595 a 1155 a.C.); <strong>imp\u00e9rio ass\u00edrio<\/strong> (c. 912 a 612 a.C.); <strong>segundo imp\u00e9rio babil\u00f4nico <\/strong>(c. 612 a 539 a.C.). A partir de 539 a.C., os persas assumem o controle de toda a Mesopot\u00e2mia.<\/em><\/td>\n<\/tr>\n<tr class=\"row-6\">\n\t<td class=\"column-1\">c. 3300 a 1700<\/td><td class=\"column-2\">\u00cdndia<\/td><td class=\"column-3\"><strong>Civiliza\u00e7\u00e3o do Vale do Indo<\/strong> (ou civiliza\u00e7\u00e3o Harappeana):  floresceu na regi\u00e3o pr\u00f3xima ao rio Indo, onde se localiza o atual Paquist\u00e3o e o oeste da \u00cdndia. Uma das mais antigas e desenvolvidas civiliza\u00e7\u00f5es da Antiguidade.<\/td>\n<\/tr>\n<tr class=\"row-7\">\n\t<td class=\"column-1\">c. 3100<\/td><td class=\"column-2\">Antigo Egito<\/td><td class=\"column-3\"><strong>Men\u00e9s<\/strong> (ou Narmer), rei do Alto Egito (sul),  conquista o reino rival do Baixo Egito (norte), localizado no delta do rio Nilo, criando um estado \u00fanico e centralizado. Esta fase da hist\u00f3ria eg\u00edpcia \u00e9 denominada <strong>Per\u00edodo Arcaico <strong>ou <\/strong>Tinita<\/strong>, pois a capital ficava em T\u00ednis. Durou at\u00e9 cerca de 2700 a.C.. Men\u00e9s \u00e9 considerado o <strong>primeiro fara\u00f3 do Egito<\/strong>, segundo a lista de <strong>Maneton<\/strong>.<\/td>\n<\/tr>\n<tr class=\"row-8\">\n\t<td class=\"column-1\"><\/td><td class=\"column-2\"><\/td><td class=\"column-3\"><em>A civiliza\u00e7\u00e3o do Antigo Egito se desenvolveu ao longo do rio Nilo durante cerca de tr\u00eas mil\u00eanios, estendendo-se de 3000 a.C., aproximadamente, at\u00e9 o ano 30 a.C., quando a regi\u00e3o se tornou  prov\u00edncia romana.<\/em><\/td>\n<\/tr>\n<tr class=\"row-9\">\n\t<td class=\"column-1\"><\/td><td class=\"column-2\"><\/td><td class=\"column-3\"><em><strong>Maneton<\/strong> era um sacerdote que viveu durante o per\u00edodo Ptolomaico (s\u00e9culo III a.C.) e escreveu uma Hist\u00f3ria do Egito (Aegyptiaca), contendo uma lista dos fara\u00f3s (reis eg\u00edpcios) divididos em 30 dinastias. Essa cronologia ainda \u00e9 adotada at\u00e9 hoje como uma refer\u00eancia b\u00e1sica. Deve-se ressaltar, contudo, que as datas, principalmente, as das dinastias mais antigas s\u00e3o aproximadas, havendo muitas diverg\u00eancias entre os historiadores e arque\u00f3logos dedicados ao assunto (egipt\u00f3logos).<\/em><\/td>\n<\/tr>\n<tr class=\"row-10\">\n\t<td class=\"column-1\">c. 3000 a 2500<\/td><td class=\"column-2\">China<\/td><td class=\"column-3\">Per\u00edodo em que teriam sido escritos os primeiros textos do \"<strong>I Ching<\/strong>\" ou \"Livro das Muta\u00e7\u00f5es\", um livro cl\u00e1ssico da civiliza\u00e7\u00e3o chinesa que pode ser considerado tanto um livro filos\u00f3fico como um or\u00e1culo.<\/td>\n<\/tr>\n<tr class=\"row-11\">\n\t<td class=\"column-1\">c. 3000<\/td><td class=\"column-2\">China<\/td><td class=\"column-3\">Nesta \u00e9poca a <strong>seda<\/strong> j\u00e1 \u00e9 produzida. Inicialmente, apenas para as vestimentas reais. Pouco a pouco, come\u00e7a a se espalhar por outras camadas da sociedade.<\/td>\n<\/tr>\n<tr class=\"row-12\">\n\t<td class=\"column-1\"><\/td><td class=\"column-2\"><\/td><td class=\"column-3\"><em>Segundo a  tradi\u00e7\u00e3o, o bicho-da-seda e o processo de fabrica\u00e7\u00e3o da seda teriam sido descobertos  pela lend\u00e1ria imperatriz Xi Ling-Shi, quando estava investigando o motivo pelo qual as amoreiras do pal\u00e1cio estavam sendo danificadas.<\/em><\/td>\n<\/tr>\n<tr class=\"row-13\">\n\t<td class=\"column-1\">c. 2700 a 539<\/td><td class=\"column-2\">P\u00e9rsia<\/td><td class=\"column-3\">Civiliza\u00e7\u00e3o elamita ocupa grande parte da regi\u00e3o que depois faria parte do Imp\u00e9rio Persa (atualmente, Ir\u00e3).<\/td>\n<\/tr>\n<tr class=\"row-14\">\n\t<td class=\"column-1\">c. 2686 a 2181<\/td><td class=\"column-2\">Antigo Egito<\/td><td class=\"column-3\"><strong>Antigo Imp\u00e9rio<\/strong>: per\u00edodo caracterizado pela constru\u00e7\u00e3o das grandes pir\u00e2mides, erigidas para serem t\u00famulos dos fara\u00f3s. Muitas vezes, este per\u00edodo \u00e9 denominado <strong>Era das Pir\u00e2mides<\/strong>. A capital se localizava em M\u00eanfis. Estende-se da III dinastia at\u00e9 a VI dinastia. As famosas pir\u00e2mides de <strong>Giz\u00e9<\/strong> (Que\u00f3ps, Qu\u00e9fren e Miquerinos) foram constru\u00eddas na IV dinastia. Na VI dinastia ocorre o reinado de <strong>Pepi II<\/strong>, o mais longo do Egito e de toda a hist\u00f3ria mundial: 94 anos!<\/td>\n<\/tr>\n<tr class=\"row-15\">\n\t<td class=\"column-1\"><\/td><td class=\"column-2\"><\/td><td class=\"column-3\"><em>Giz\u00e9 \u00e9 uma cidade  hoje localizada nos arredores do Cairo, sendo famosa porque l\u00e1  se encontram, al\u00e9m das tr\u00eas grandes pir\u00e2mides mencionadas, a Esfinge e outros monumentos do Antigo Egito.<\/em><\/td>\n<\/tr>\n<tr class=\"row-16\">\n\t<td class=\"column-1\">c. 2668 a 2649<\/td><td class=\"column-2\">Antigo Egito<\/td><td class=\"column-3\">Reinado de <strong>Djoser<\/strong>, segundo fara\u00f3 da III dinastia. Ordenou a constru\u00e7\u00e3o da pir\u00e2mide de Degraus, em Saqquara, que \u00e9 a mais antiga pir\u00e2mide conhecida.<\/td>\n<\/tr>\n<tr class=\"row-17\">\n\t<td class=\"column-1\">c. 2613 a 2589<\/td><td class=\"column-2\">Antigo Egito<\/td><td class=\"column-3\">Reinado de <strong>Seneferu<\/strong> (Snefru), fundador da IV dinastia.  Foi respons\u00e1vel pela conclus\u00e3o da pir\u00e2mide de Huni (Huni foi o \u00faltimo fara\u00f3 da III dinastia) em Meidum e constru\u00e7\u00e3o de duas outras pir\u00e2mides: a pir\u00e2mide Romboidal (Bent Pyramid) e a pir\u00e2mide Vermelha, ambas em Dahshur.<\/td>\n<\/tr>\n<tr class=\"row-18\">\n\t<td class=\"column-1\"><\/td><td class=\"column-2\"><\/td><td class=\"column-3\"><em>A Pir\u00e2mide Romboidal \u00e9 considerada uma transi\u00e7\u00e3o entre a pir\u00e2mide em degraus e a \"verdadeira\" pir\u00e2mide de lados lisos. A Pir\u00e2mide Vermelha \u00e9 a terceira maior pir\u00e2mide do Egito, ap\u00f3s a de Que\u00f3ps e a de Qu\u00e9fren, sendo a primeira pir\u00e2mide de lados lisos (verdadeira).<\/em><\/td>\n<\/tr>\n<tr class=\"row-19\">\n\t<td class=\"column-1\">c. 2600 a 1100<br \/>\n<\/td><td class=\"column-2\">Civ. Cretense<br \/>\n<\/td><td class=\"column-3\">Neste per\u00edodo se desenvolve uma pr\u00f3spera civiliza\u00e7\u00e3o tendo como centro a ilha de Creta no mar Egeu, por isso tamb\u00e9m  conhecida como civiliza\u00e7\u00e3o egeia. Outra denomina\u00e7\u00e3o utilizada \u00e9 civiliza\u00e7\u00e3o minoica, por ser Minos o t\u00edtulo dado ao rei de Creta. O apogeu desta civiliza\u00e7\u00e3o ocorreu entre 1700 a 1400 a.C.<\/td>\n<\/tr>\n<tr class=\"row-20\">\n\t<td class=\"column-1\"><\/td><td class=\"column-2\"><\/td><td class=\"column-3\"><em>Os cretenses possu\u00edam dois sistemas de escrita: a linear A (ainda n\u00e3o decifrada) e a linear B. Suas cidades principais eram <strong>Cnossos<\/strong> e <strong>Fa\u00edstos<\/strong>. Durante seu apogeu, constru\u00edram grandes pal\u00e1cios como o de Cnossos que deu origem \u00e0 lenda do Labirinto habitado pelo terr\u00edvel monstro <strong>Minotauro<\/strong>. Entre as principais atividades econ\u00f4micas dos cretenses estavam a navega\u00e7\u00e3o, a metalurgia, o com\u00e9rcio de azeite, vinhos e cer\u00e2mica. Fundaram col\u00f4nias na Gr\u00e9cia continental  e na \u00c1sia Menor.  Em 1450 a.C., uma enorme erup\u00e7\u00e3o vulc\u00e2nica na\u00a0<strong>Ilha de Santorini<\/strong>\u00a0causou um gigantesco maremoto que destruiu portos e navios cretenses. Foi o in\u00edcio da decad\u00eancia da civiliza\u00e7\u00e3o de Creta.<\/em><\/td>\n<\/tr>\n<tr class=\"row-21\">\n\t<td class=\"column-1\">c. 2589 a 2566<\/td><td class=\"column-2\">Antigo Egito<\/td><td class=\"column-3\">Reinado de <strong>Qu\u00e9ops<\/strong> (Khufu), fara\u00f3 da IV dinastia, filho de Seneferu. Construiu a maior pir\u00e2mide do Egito, \u00fanica das <strong>Sete Maravilhas do Mundo Antigo<\/strong> ainda existente.<\/td>\n<\/tr>\n<tr class=\"row-22\">\n\t<td class=\"column-1\"><\/td><td class=\"column-2\"><\/td><td class=\"column-3\"><a href=\"http:\/\/www.cluny.com.br\/?page_id=9776\">As Sete Maravilhas do Mundo Antigo<\/a>  eram obras arquitet\u00f4nicas monumentais. Acredita-se que a lista tenha surgido na Gr\u00e9cia em torno do s\u00e9culo II a.C., mas n\u00e3o se sabe ao certo quem a teria organizado. Dos monumentos escolhidos, apenas essa <strong>Pir\u00e2mide de Qu\u00e9ops<\/strong> (tamb\u00e9m conhecida como Grande Pir\u00e2mide de Giz\u00e9) se mant\u00e9m de p\u00e9; as outras obras foram destru\u00eddas pela a\u00e7\u00e3o do tempo ou do homem. S\u00e3o elas: os <strong>Jardins Suspensos da Babil\u00f4nia<\/strong>; a <strong>Est\u00e1tua de Zeus em Ol\u00edmpia<\/strong>; o <strong>Colosso de Rodes <\/strong>(gigantesca est\u00e1tua do deus grego Helios localizada na ilha de Rodes); o <strong>Templo de \u00c1rtemis em \u00c9feso<\/strong>; o <strong>Mausol\u00e9u de Halicarnasso<\/strong> (t\u00famulo do rei Mausolo) e o <strong>Farol de Alexandria<\/strong>.<\/em><\/td>\n<\/tr>\n<tr class=\"row-23\">\n\t<td class=\"column-1\">c. 2558 a 2552<\/td><td class=\"column-2\">Antigo Egito<\/td><td class=\"column-3\">Reinado de <strong>Qu\u00e9fren<\/strong> (Khafra), fara\u00f3 da IV dinastia, provavelmente irm\u00e3o de Qu\u00e9ops. Teria tido que aguardar o reinado de seu irm\u00e3o mais velho, Djedefra, para ent\u00e3o subir ao trono. Construiu a segunda maior pir\u00e2mide de Giz\u00e9 bem como a famosa Esfinge.<\/td>\n<\/tr>\n<tr class=\"row-24\">\n\t<td class=\"column-1\">c. 2532 a 2503<\/td><td class=\"column-2\">Antigo Egito<\/td><td class=\"column-3\">Reinado de <strong>Miquerinos<\/strong> (Menkaura), fara\u00f3 da IV dinastia. Teria sido filho de Qu\u00e9ops. Construiu a terceira e menor das pir\u00e2mides de Giz\u00e9.<\/td>\n<\/tr>\n<tr class=\"row-25\">\n\t<td class=\"column-1\">c. 2498 a 2345<\/td><td class=\"column-2\">Antigo Egito<\/td><td class=\"column-3\">V dinastia eg\u00edpcia iniciada pelo fara\u00f3 <strong>Userkaf<\/strong> que  contruiu a pir\u00e2mide que leva seu nome. A partir desta dinastia, come\u00e7a a ocorrer um enfraquecimento da autoridade do fara\u00f3 e uma ascens\u00e3o gradativa do poder dos governadores locais, os nomarcas.<\/td>\n<\/tr>\n<tr class=\"row-26\">\n\t<td class=\"column-1\">c. 2350<\/td><td class=\"column-2\">Mesopot\u00e2mia<\/td><td class=\"column-3\">Os ac\u00e1dios, tribos semitas vindas da S\u00edria, penetram em territ\u00f3rios dos sum\u00e9rios e, pouco a pouco, conquistam as suas cidades-estado. Fundam v\u00e1rias outras cidades, sendo a principal Acad.<\/td>\n<\/tr>\n<tr class=\"row-27\">\n\t<td class=\"column-1\">c. 2345 a 2181<\/td><td class=\"column-2\">Antigo Egito<\/td><td class=\"column-3\">VI dinastia: \u00faltima do Antigo Imp\u00e9rio. Composta por onze fara\u00f3s dos quais o mais famoso, pela extens\u00e3o do seu reinado, foi Pepi II.<\/td>\n<\/tr>\n<tr class=\"row-28\">\n\t<td class=\"column-1\">c. 2334 a 2279<\/td><td class=\"column-2\">Mesopot\u00e2mia<\/td><td class=\"column-3\">Reinado de <strong>Sarg\u00e3o, o Grande<\/strong> (tamb\u00e9m conhecido como Sarg\u00e3o I). Unificou sum\u00e9rios e ac\u00e1dios formando um grande imp\u00e9rio tendo como capital a cidade de Acad. O Imp\u00e9rio Acadiano cobria, al\u00e9m da Mesopot\u00e2mia, grande parte do Oriente M\u00e9dio e da Anat\u00f3lia (atual Turquia) .<\/td>\n<\/tr>\n<tr class=\"row-29\">\n\t<td class=\"column-1\">c. 2278 a 2184<\/td><td class=\"column-2\">Antigo Egito<\/td><td class=\"column-3\">Reinado de <strong>Pepi II<\/strong>, fara\u00f3 da VI dinastia. Assume o trono com 6 anos de idade e reina por 94 anos. Foi o mais extenso governo do Egito e da hist\u00f3ria mundial.<\/td>\n<\/tr>\n<tr class=\"row-30\">\n\t<td class=\"column-1\"><\/td><td class=\"column-2\"><\/td><td class=\"column-3\"><em>Alguns  estudiosos consideram que  a longa dura\u00e7\u00e3o desse reinado tenha sido um dos fatores que levaram ao decl\u00ednio do Antigo Imp\u00e9rio, j\u00e1 que a idade avan\u00e7ada do fara\u00f3 n\u00e3o permitia que ele comandasse expedi\u00e7\u00f5es militares de defesa do territ\u00f3rio ou de conquista (obs.:no Antigo Egito, somente o fara\u00f3 podia ser o comandante do ex\u00e9rcito).<\/em><\/td>\n<\/tr>\n<tr class=\"row-31\">\n\t<td class=\"column-1\">c. 2184 a 2181<\/td><td class=\"column-2\">Antigo Egito<\/td><td class=\"column-3\">Reinado de <strong>Nit\u00f3cris<\/strong>, a primeira mulher oficialmente fara\u00f3 reinante, contudo sua exist\u00eancia n\u00e3o \u00e9 totalmente comprovada.<\/td>\n<\/tr>\n<tr class=\"row-32\">\n\t<td class=\"column-1\">c. 2181 a 2040<\/td><td class=\"column-2\">Antigo Egito<\/td><td class=\"column-3\"><strong>Primeiro Per\u00edodo Intermedi\u00e1rio<\/strong>: \u00e9poca de transi\u00e7\u00e3o entre o fim do Antigo Imp\u00e9rio e o in\u00edcio do M\u00e9dio Imp\u00e9rio, marcado por  guerras civis entre os nomarcas (governadores das prov\u00edncias) e revolu\u00e7\u00f5es sociais devido \u00e0 crise financeira proveniente das m\u00e1s colheitas e dos altos gastos com a constru\u00e7\u00e3o das pir\u00e2mides. Inexist\u00eancia de um governo central; muitos reis com reinados sobrepostos. Em alguns momentos, o Egito ficou dividido em dois ou at\u00e9 tr\u00eas reinos: Baixo, M\u00e9dio e Alto Egito. Este per\u00edodo intermedi\u00e1rio estendeu-se da VII dinastia at\u00e9 o in\u00edcio da XI.<\/td>\n<\/tr>\n<tr class=\"row-33\">\n\t<td class=\"column-1\">c. 2150<\/td><td class=\"column-2\">Mesopot\u00e2mia<\/td><td class=\"column-3\">Os <strong>guti<\/strong>, um povo procedente das montanhas Zagros (atualmente norte do Iraque e Ir\u00e3), invade o Imp\u00e9rio Acadiano e assume o poder na regi\u00e3o.<\/td>\n<\/tr>\n<tr class=\"row-34\">\n\t<td class=\"column-1\">c. 2100 a 2000<\/td><td class=\"column-2\">Mesopot\u00e2mia<\/td><td class=\"column-3\"><strong>Per\u00edodo Neo-Sumeriano<\/strong> (tamb\u00e9m conhecido como Renascimento Sumeriano ou  Terceira Dinastia de Ur): uma dinastia proveniente da cidade de Ur expulsa os guti e restabelece a unidade sum\u00e9rio-acadiana.<\/td>\n<\/tr>\n<tr class=\"row-35\">\n\t<td class=\"column-1\">c. 2070 a 1600<\/td><td class=\"column-2\">China<\/td><td class=\"column-3\"><strong>Dinastia Xia<\/strong>: parece ter sido a primeira dinastia hist\u00f3rica chinesa, pois at\u00e9 ent\u00e3o os relatos se referem a reis legend\u00e1rios.<\/td>\n<\/tr>\n<tr class=\"row-36\">\n\t<td class=\"column-1\">c. 2060 a 2010 a.C.<\/td><td class=\"column-2\">Antigo Egito<\/td><td class=\"column-3\">Reinado de <strong>Mentuhotep II<\/strong>, quinto fara\u00f3 da XI dinastia, que consegue reunificar  o pa\u00eds depois de cerca de 200 anos de anarquia pol\u00edtica. Tem in\u00edcio o per\u00edodo chamado de <strong>M\u00e9dio Imp\u00e9rio<\/strong> (c. 2040 a 1802 a.C.).<\/td>\n<\/tr>\n<\/tbody>\n<\/table>\n<!-- #tablepress-16 from cache -->\n<p>&nbsp;<\/p>\n<p>&nbsp;<\/p>\n<p style=\"text-align: right;\">\n","protected":false},"excerpt":{"rendered":"<p>&nbsp; &nbsp;<\/p>\n","protected":false},"author":1,"featured_media":5325,"parent":45,"menu_order":1,"comment_status":"closed","ping_status":"closed","template":"full-width.php","meta":{"footnotes":""},"class_list":["post-104","page","type-page","status-publish","has-post-thumbnail","hentry"],"_links":{"self":[{"href":"https:\/\/cluny.com.br\/index.php?rest_route=\/wp\/v2\/pages\/104","targetHints":{"allow":["GET"]}}],"collection":[{"href":"https:\/\/cluny.com.br\/index.php?rest_route=\/wp\/v2\/pages"}],"about":[{"href":"https:\/\/cluny.com.br\/index.php?rest_route=\/wp\/v2\/types\/page"}],"author":[{"embeddable":true,"href":"https:\/\/cluny.com.br\/index.php?rest_route=\/wp\/v2\/users\/1"}],"replies":[{"embeddable":true,"href":"https:\/\/cluny.com.br\/index.php?rest_route=%2Fwp%2Fv2%2Fcomments&post=104"}],"version-history":[{"count":6,"href":"https:\/\/cluny.com.br\/index.php?rest_route=\/wp\/v2\/pages\/104\/revisions"}],"predecessor-version":[{"id":14478,"href":"https:\/\/cluny.com.br\/index.php?rest_route=\/wp\/v2\/pages\/104\/revisions\/14478"}],"up":[{"embeddable":true,"href":"https:\/\/cluny.com.br\/index.php?rest_route=\/wp\/v2\/pages\/45"}],"wp:featuredmedia":[{"embeddable":true,"href":"https:\/\/cluny.com.br\/index.php?rest_route=\/wp\/v2\/media\/5325"}],"wp:attachment":[{"href":"https:\/\/cluny.com.br\/index.php?rest_route=%2Fwp%2Fv2%2Fmedia&parent=104"}],"curies":[{"name":"wp","href":"https:\/\/api.w.org\/{rel}","templated":true}]}}